{"id":45,"date":"2020-06-10T13:14:03","date_gmt":"2020-06-10T16:14:03","guid":{"rendered":"https:\/\/www.ufmg.br\/sustentabilidade\/?page_id=45"},"modified":"2025-10-01T10:33:52","modified_gmt":"2025-10-01T13:33:52","slug":"apresentacao","status":"publish","type":"page","link":"https:\/\/www.ufmg.br\/sustentabilidade\/apresentacao\/","title":{"rendered":"Apresenta\u00e7\u00e3o"},"content":{"rendered":"<div class=\"body\">\n<div class=\"body\">\n<p data-start=\"562\" data-end=\"997\">Na UFMG, as atividades de ensino, pesquisa e extens\u00e3o s\u00e3o indissoci\u00e1veis. Mas \u00e9 justamente a diversidade de \u00e1reas que comp\u00f5em essa tr\u00edade que d\u00e1 forma a uma universidade viva e em constante transforma\u00e7\u00e3o. Nesse prisma, as a\u00e7\u00f5es voltadas \u00e0 sustentabilidade ganham m\u00faltiplas express\u00f5es: est\u00e3o nos laborat\u00f3rios e nas salas de aula, nas decis\u00f5es administrativas, na preserva\u00e7\u00e3o de seus espa\u00e7os verdes, no modo como se pensa o futuro comum.<\/p>\n<p data-start=\"999\" data-end=\"1433\">Tendo energia, \u00e1gua e meio ambiente como suas tr\u00eas frentes principais, a iniciativa concentra seus esfor\u00e7os a partir de uma perspectiva integrada. Buscando promover o uso racional de recursos, investir em fontes alternativas, melhorar sistemas de abastecimento e reduzir impactos ambientais, caminhamos junto com o cuidado com os res\u00edduos s\u00f3lidos e o fortalecimento da educa\u00e7\u00e3o ambiental, dentro e fora dos muros da Universidade.<\/p>\n<p data-start=\"1435\" data-end=\"1905\">Com uma das maiores \u00e1reas verdes entre as universidades brasileiras, a UFMG reconhece que preservar esse patrim\u00f4nio vai al\u00e9m da conserva\u00e7\u00e3o ecol\u00f3gica. \u00c9 tamb\u00e9m um compromisso com a forma\u00e7\u00e3o de uma consci\u00eancia cr\u00edtica e coletiva sobre os modos de vida que queremos sustentar. Essa responsabilidade est\u00e1 inscrita em seu Plano de Desenvolvimento Institucional (PDI) 2018\u20132023, que reafirma a sustentabilidade como eixo estrat\u00e9gico para o presente e o futuro da institui\u00e7\u00e3o.<\/p>\n<p data-start=\"1907\" data-end=\"2068\">Conhe\u00e7a o <a class=\"\" href=\"#\" rel=\"noopener\" data-start=\"1917\" data-end=\"1976\">Plano de Desenvolvimento Institucional (PDI) 2018\u20132023<\/a> e saiba mais sobre as a\u00e7\u00f5es e diretrizes que orientam a agenda de sustentabilidade da UFMG.<\/p>\n<\/div>\n<\/div>\n<p><iframe loading=\"lazy\" title=\"UFMG desenvolve a\u00e7\u00f5es permanentes para a gest\u00e3o da sustentabilidade em seus campi.\" width=\"500\" height=\"281\" src=\"https:\/\/www.youtube.com\/embed\/g6JFoR8ADxc?feature=oembed\" frameborder=\"0\" allow=\"accelerometer; autoplay; clipboard-write; encrypted-media; gyroscope; picture-in-picture; web-share\" referrerpolicy=\"strict-origin-when-cross-origin\" allowfullscreen><\/iframe><\/p>\n\n\n<figure class=\"wp-block-gallery has-nested-images columns-default is-cropped wp-block-gallery-1 is-layout-flex wp-block-gallery-is-layout-flex\">\n<figure class=\"wp-block-image size-large\"><img loading=\"lazy\" decoding=\"async\" width=\"768\" height=\"1024\" data-id=\"2066\" src=\"https:\/\/www.ufmg.br\/sustentabilidade\/wp-content\/uploads\/2025\/09\/WhatsApp-Image-2025-09-10-at-11.16.47-1-768x1024.jpeg\" alt=\"\" class=\"wp-image-2066\" srcset=\"https:\/\/www.ufmg.br\/sustentabilidade\/wp-content\/uploads\/2025\/09\/WhatsApp-Image-2025-09-10-at-11.16.47-1-768x1024.jpeg 768w, https:\/\/www.ufmg.br\/sustentabilidade\/wp-content\/uploads\/2025\/09\/WhatsApp-Image-2025-09-10-at-11.16.47-1-225x300.jpeg 225w, https:\/\/www.ufmg.br\/sustentabilidade\/wp-content\/uploads\/2025\/09\/WhatsApp-Image-2025-09-10-at-11.16.47-1-1152x1536.jpeg 1152w, https:\/\/www.ufmg.br\/sustentabilidade\/wp-content\/uploads\/2025\/09\/WhatsApp-Image-2025-09-10-at-11.16.47-1-1536x2048.jpeg 1536w, https:\/\/www.ufmg.br\/sustentabilidade\/wp-content\/uploads\/2025\/09\/WhatsApp-Image-2025-09-10-at-11.16.47-1-scaled.jpeg 1920w\" sizes=\"(max-width: 768px) 100vw, 768px\" \/><\/figure>\n\n\n\n<figure class=\"wp-block-image size-large\"><img loading=\"lazy\" decoding=\"async\" width=\"1024\" height=\"767\" data-id=\"2065\" src=\"https:\/\/www.ufmg.br\/sustentabilidade\/wp-content\/uploads\/2025\/09\/40937300984_6f21e61bbe_o-1024x767.jpg\" alt=\"\" class=\"wp-image-2065\" srcset=\"https:\/\/www.ufmg.br\/sustentabilidade\/wp-content\/uploads\/2025\/09\/40937300984_6f21e61bbe_o-1024x767.jpg 1024w, https:\/\/www.ufmg.br\/sustentabilidade\/wp-content\/uploads\/2025\/09\/40937300984_6f21e61bbe_o-300x225.jpg 300w, https:\/\/www.ufmg.br\/sustentabilidade\/wp-content\/uploads\/2025\/09\/40937300984_6f21e61bbe_o-768x576.jpg 768w, https:\/\/www.ufmg.br\/sustentabilidade\/wp-content\/uploads\/2025\/09\/40937300984_6f21e61bbe_o-1536x1151.jpg 1536w, https:\/\/www.ufmg.br\/sustentabilidade\/wp-content\/uploads\/2025\/09\/40937300984_6f21e61bbe_o-2048x1535.jpg 2048w\" sizes=\"(max-width: 1024px) 100vw, 1024px\" \/><\/figure>\n\n\n\n<figure class=\"wp-block-image size-large\"><img loading=\"lazy\" decoding=\"async\" width=\"682\" height=\"1024\" data-id=\"2056\" src=\"https:\/\/www.ufmg.br\/sustentabilidade\/wp-content\/uploads\/2025\/09\/54066791015_26a653915b_o-682x1024.jpg\" alt=\"\" class=\"wp-image-2056\" srcset=\"https:\/\/www.ufmg.br\/sustentabilidade\/wp-content\/uploads\/2025\/09\/54066791015_26a653915b_o-682x1024.jpg 682w, https:\/\/www.ufmg.br\/sustentabilidade\/wp-content\/uploads\/2025\/09\/54066791015_26a653915b_o-200x300.jpg 200w, https:\/\/www.ufmg.br\/sustentabilidade\/wp-content\/uploads\/2025\/09\/54066791015_26a653915b_o-768x1154.jpg 768w, https:\/\/www.ufmg.br\/sustentabilidade\/wp-content\/uploads\/2025\/09\/54066791015_26a653915b_o-1022x1536.jpg 1022w, https:\/\/www.ufmg.br\/sustentabilidade\/wp-content\/uploads\/2025\/09\/54066791015_26a653915b_o-1363x2048.jpg 1363w, https:\/\/www.ufmg.br\/sustentabilidade\/wp-content\/uploads\/2025\/09\/54066791015_26a653915b_o-scaled.jpg 1704w\" sizes=\"(max-width: 682px) 100vw, 682px\" \/><figcaption class=\"wp-element-caption\">All Rights Reserved Reyner Araujo<\/figcaption><\/figure>\n\n\n\n<figure class=\"wp-block-image size-large\"><img loading=\"lazy\" decoding=\"async\" width=\"768\" height=\"1024\" data-id=\"2068\" src=\"https:\/\/www.ufmg.br\/sustentabilidade\/wp-content\/uploads\/2025\/09\/WhatsApp-Image-2025-09-10-at-11.16.46-2-768x1024.jpeg\" alt=\"\" class=\"wp-image-2068\" srcset=\"https:\/\/www.ufmg.br\/sustentabilidade\/wp-content\/uploads\/2025\/09\/WhatsApp-Image-2025-09-10-at-11.16.46-2-768x1024.jpeg 768w, https:\/\/www.ufmg.br\/sustentabilidade\/wp-content\/uploads\/2025\/09\/WhatsApp-Image-2025-09-10-at-11.16.46-2-225x300.jpeg 225w, https:\/\/www.ufmg.br\/sustentabilidade\/wp-content\/uploads\/2025\/09\/WhatsApp-Image-2025-09-10-at-11.16.46-2-1152x1536.jpeg 1152w, https:\/\/www.ufmg.br\/sustentabilidade\/wp-content\/uploads\/2025\/09\/WhatsApp-Image-2025-09-10-at-11.16.46-2-1536x2048.jpeg 1536w, https:\/\/www.ufmg.br\/sustentabilidade\/wp-content\/uploads\/2025\/09\/WhatsApp-Image-2025-09-10-at-11.16.46-2-scaled.jpeg 1920w\" sizes=\"(max-width: 768px) 100vw, 768px\" \/><\/figure>\n\n\n\n<figure class=\"wp-block-image size-large\"><img loading=\"lazy\" decoding=\"async\" width=\"1024\" height=\"672\" data-id=\"2061\" src=\"https:\/\/www.ufmg.br\/sustentabilidade\/wp-content\/uploads\/2025\/09\/54543571169_dbcc8b773b_o-1024x672.jpg\" alt=\"\" class=\"wp-image-2061\" srcset=\"https:\/\/www.ufmg.br\/sustentabilidade\/wp-content\/uploads\/2025\/09\/54543571169_dbcc8b773b_o-1024x672.jpg 1024w, https:\/\/www.ufmg.br\/sustentabilidade\/wp-content\/uploads\/2025\/09\/54543571169_dbcc8b773b_o-300x197.jpg 300w, https:\/\/www.ufmg.br\/sustentabilidade\/wp-content\/uploads\/2025\/09\/54543571169_dbcc8b773b_o-768x504.jpg 768w, https:\/\/www.ufmg.br\/sustentabilidade\/wp-content\/uploads\/2025\/09\/54543571169_dbcc8b773b_o-1536x1008.jpg 1536w, https:\/\/www.ufmg.br\/sustentabilidade\/wp-content\/uploads\/2025\/09\/54543571169_dbcc8b773b_o-2048x1344.jpg 2048w\" sizes=\"(max-width: 1024px) 100vw, 1024px\" \/><\/figure>\n\n\n\n<figure class=\"wp-block-image size-large\"><img loading=\"lazy\" decoding=\"async\" width=\"1024\" height=\"749\" data-id=\"2060\" src=\"https:\/\/www.ufmg.br\/sustentabilidade\/wp-content\/uploads\/2025\/09\/54773942135_0c2eaa9a58_o-1024x749.jpg\" alt=\"\" class=\"wp-image-2060\" srcset=\"https:\/\/www.ufmg.br\/sustentabilidade\/wp-content\/uploads\/2025\/09\/54773942135_0c2eaa9a58_o-1024x749.jpg 1024w, https:\/\/www.ufmg.br\/sustentabilidade\/wp-content\/uploads\/2025\/09\/54773942135_0c2eaa9a58_o-300x220.jpg 300w, https:\/\/www.ufmg.br\/sustentabilidade\/wp-content\/uploads\/2025\/09\/54773942135_0c2eaa9a58_o-768x562.jpg 768w, https:\/\/www.ufmg.br\/sustentabilidade\/wp-content\/uploads\/2025\/09\/54773942135_0c2eaa9a58_o-1536x1124.jpg 1536w, https:\/\/www.ufmg.br\/sustentabilidade\/wp-content\/uploads\/2025\/09\/54773942135_0c2eaa9a58_o-2048x1498.jpg 2048w\" sizes=\"(max-width: 1024px) 100vw, 1024px\" \/><\/figure>\n\n\n\n<figure class=\"wp-block-image size-large\"><img loading=\"lazy\" decoding=\"async\" width=\"1024\" height=\"687\" data-id=\"2058\" src=\"https:\/\/www.ufmg.br\/sustentabilidade\/wp-content\/uploads\/2025\/09\/AREA-VERDE-CAMPUS-3-FOTO-FOCA-LISBOA-1024x687.jpg\" alt=\"\" class=\"wp-image-2058\" srcset=\"https:\/\/www.ufmg.br\/sustentabilidade\/wp-content\/uploads\/2025\/09\/AREA-VERDE-CAMPUS-3-FOTO-FOCA-LISBOA-1024x687.jpg 1024w, https:\/\/www.ufmg.br\/sustentabilidade\/wp-content\/uploads\/2025\/09\/AREA-VERDE-CAMPUS-3-FOTO-FOCA-LISBOA-300x201.jpg 300w, https:\/\/www.ufmg.br\/sustentabilidade\/wp-content\/uploads\/2025\/09\/AREA-VERDE-CAMPUS-3-FOTO-FOCA-LISBOA-768x516.jpg 768w, https:\/\/www.ufmg.br\/sustentabilidade\/wp-content\/uploads\/2025\/09\/AREA-VERDE-CAMPUS-3-FOTO-FOCA-LISBOA-1536x1031.jpg 1536w, https:\/\/www.ufmg.br\/sustentabilidade\/wp-content\/uploads\/2025\/09\/AREA-VERDE-CAMPUS-3-FOTO-FOCA-LISBOA-2048x1375.jpg 2048w\" sizes=\"(max-width: 1024px) 100vw, 1024px\" \/><\/figure>\n\n\n\n<figure class=\"wp-block-image size-large\"><img loading=\"lazy\" decoding=\"async\" width=\"1024\" height=\"685\" data-id=\"2059\" src=\"https:\/\/www.ufmg.br\/sustentabilidade\/wp-content\/uploads\/2025\/09\/CAMINHADAS-DE-VERAO-ESTACAO-ECOLOGICA-FOTOS-AUGUSTO-LACERDA-24-01-12-50-1024x685.jpg\" alt=\"\" class=\"wp-image-2059\" srcset=\"https:\/\/www.ufmg.br\/sustentabilidade\/wp-content\/uploads\/2025\/09\/CAMINHADAS-DE-VERAO-ESTACAO-ECOLOGICA-FOTOS-AUGUSTO-LACERDA-24-01-12-50-1024x685.jpg 1024w, https:\/\/www.ufmg.br\/sustentabilidade\/wp-content\/uploads\/2025\/09\/CAMINHADAS-DE-VERAO-ESTACAO-ECOLOGICA-FOTOS-AUGUSTO-LACERDA-24-01-12-50-300x201.jpg 300w, https:\/\/www.ufmg.br\/sustentabilidade\/wp-content\/uploads\/2025\/09\/CAMINHADAS-DE-VERAO-ESTACAO-ECOLOGICA-FOTOS-AUGUSTO-LACERDA-24-01-12-50-768x514.jpg 768w, https:\/\/www.ufmg.br\/sustentabilidade\/wp-content\/uploads\/2025\/09\/CAMINHADAS-DE-VERAO-ESTACAO-ECOLOGICA-FOTOS-AUGUSTO-LACERDA-24-01-12-50-1536x1028.jpg 1536w, https:\/\/www.ufmg.br\/sustentabilidade\/wp-content\/uploads\/2025\/09\/CAMINHADAS-DE-VERAO-ESTACAO-ECOLOGICA-FOTOS-AUGUSTO-LACERDA-24-01-12-50-2048x1371.jpg 2048w\" sizes=\"(max-width: 1024px) 100vw, 1024px\" \/><\/figure>\n\n\n\n<figure class=\"wp-block-image size-large\"><img loading=\"lazy\" decoding=\"async\" width=\"1024\" height=\"681\" data-id=\"2064\" src=\"https:\/\/www.ufmg.br\/sustentabilidade\/wp-content\/uploads\/2025\/09\/DOMINGO-NO-CAMPUS-08-11-15-FOTO-JULIANA-BRAGA-1-1024x681.jpg\" alt=\"\" class=\"wp-image-2064\" srcset=\"https:\/\/www.ufmg.br\/sustentabilidade\/wp-content\/uploads\/2025\/09\/DOMINGO-NO-CAMPUS-08-11-15-FOTO-JULIANA-BRAGA-1-1024x681.jpg 1024w, https:\/\/www.ufmg.br\/sustentabilidade\/wp-content\/uploads\/2025\/09\/DOMINGO-NO-CAMPUS-08-11-15-FOTO-JULIANA-BRAGA-1-300x200.jpg 300w, https:\/\/www.ufmg.br\/sustentabilidade\/wp-content\/uploads\/2025\/09\/DOMINGO-NO-CAMPUS-08-11-15-FOTO-JULIANA-BRAGA-1-768x511.jpg 768w, https:\/\/www.ufmg.br\/sustentabilidade\/wp-content\/uploads\/2025\/09\/DOMINGO-NO-CAMPUS-08-11-15-FOTO-JULIANA-BRAGA-1-1536x1022.jpg 1536w, https:\/\/www.ufmg.br\/sustentabilidade\/wp-content\/uploads\/2025\/09\/DOMINGO-NO-CAMPUS-08-11-15-FOTO-JULIANA-BRAGA-1-2048x1363.jpg 2048w\" sizes=\"(max-width: 1024px) 100vw, 1024px\" \/><\/figure>\n\n\n\n<figure class=\"wp-block-image size-large\"><img loading=\"lazy\" decoding=\"async\" width=\"1024\" height=\"687\" data-id=\"2063\" src=\"https:\/\/www.ufmg.br\/sustentabilidade\/wp-content\/uploads\/2025\/09\/ESTACAO-ECOLOGICA-FOTO-FOCA-LISBOA-1024x687.jpg\" alt=\"\" class=\"wp-image-2063\" srcset=\"https:\/\/www.ufmg.br\/sustentabilidade\/wp-content\/uploads\/2025\/09\/ESTACAO-ECOLOGICA-FOTO-FOCA-LISBOA-1024x687.jpg 1024w, https:\/\/www.ufmg.br\/sustentabilidade\/wp-content\/uploads\/2025\/09\/ESTACAO-ECOLOGICA-FOTO-FOCA-LISBOA-300x201.jpg 300w, https:\/\/www.ufmg.br\/sustentabilidade\/wp-content\/uploads\/2025\/09\/ESTACAO-ECOLOGICA-FOTO-FOCA-LISBOA-768x516.jpg 768w, https:\/\/www.ufmg.br\/sustentabilidade\/wp-content\/uploads\/2025\/09\/ESTACAO-ECOLOGICA-FOTO-FOCA-LISBOA-1536x1031.jpg 1536w, https:\/\/www.ufmg.br\/sustentabilidade\/wp-content\/uploads\/2025\/09\/ESTACAO-ECOLOGICA-FOTO-FOCA-LISBOA-2048x1375.jpg 2048w\" sizes=\"(max-width: 1024px) 100vw, 1024px\" \/><\/figure>\n<\/figure>\n","protected":false},"excerpt":{"rendered":"<p>Na UFMG, as atividades de ensino, pesquisa e extens\u00e3o s\u00e3o indissoci\u00e1veis. Mas \u00e9 justamente a diversidade de \u00e1reas que comp\u00f5em essa tr\u00edade que d\u00e1 forma a uma universidade viva e em constante transforma\u00e7\u00e3o. Nesse prisma, as a\u00e7\u00f5es voltadas \u00e0 sustentabilidade ganham m\u00faltiplas express\u00f5es: est\u00e3o nos laborat\u00f3rios e nas salas de aula, nas decis\u00f5es administrativas, na [&hellip;]<\/p>\n","protected":false},"author":1,"featured_media":0,"parent":0,"menu_order":0,"comment_status":"closed","ping_status":"closed","template":"","meta":{"_acf_changed":false,"footnotes":""},"class_list":["post-45","page","type-page","status-publish","hentry"],"acf":[],"_links":{"self":[{"href":"https:\/\/www.ufmg.br\/sustentabilidade\/wp-json\/wp\/v2\/pages\/45"}],"collection":[{"href":"https:\/\/www.ufmg.br\/sustentabilidade\/wp-json\/wp\/v2\/pages"}],"about":[{"href":"https:\/\/www.ufmg.br\/sustentabilidade\/wp-json\/wp\/v2\/types\/page"}],"author":[{"embeddable":true,"href":"https:\/\/www.ufmg.br\/sustentabilidade\/wp-json\/wp\/v2\/users\/1"}],"replies":[{"embeddable":true,"href":"https:\/\/www.ufmg.br\/sustentabilidade\/wp-json\/wp\/v2\/comments?post=45"}],"version-history":[{"count":85,"href":"https:\/\/www.ufmg.br\/sustentabilidade\/wp-json\/wp\/v2\/pages\/45\/revisions"}],"predecessor-version":[{"id":2075,"href":"https:\/\/www.ufmg.br\/sustentabilidade\/wp-json\/wp\/v2\/pages\/45\/revisions\/2075"}],"wp:attachment":[{"href":"https:\/\/www.ufmg.br\/sustentabilidade\/wp-json\/wp\/v2\/media?parent=45"}],"curies":[{"name":"wp","href":"https:\/\/api.w.org\/{rel}","templated":true}]}}