{"id":460,"date":"2020-12-29T05:43:28","date_gmt":"2020-12-29T08:43:28","guid":{"rendered":"https:\/\/www.ufmg.br\/sustentabilidade\/?page_id=460"},"modified":"2021-01-19T18:22:53","modified_gmt":"2021-01-19T21:22:53","slug":"campanhas","status":"publish","type":"page","link":"https:\/\/www.ufmg.br\/sustentabilidade\/educacao-ambiental\/campanhas\/","title":{"rendered":"Campanhas"},"content":{"rendered":"<div>\n<p style=\"text-align: justify;\"><span style=\"font-family: verdana, geneva, sans-serif; font-size: 12pt;\">Confira as campanhas de educa\u00e7\u00e3o ambiental j\u00e1 realizadas na UFMG.<\/span><\/p>\n<p style=\"text-align: justify;\"><span style=\"font-family: verdana, geneva, sans-serif;\"><style>#sp-ea-157 .spcollapsing { height: 0; overflow: hidden; transition-property: height;transition-duration: 500ms;}#sp-ea-157.sp-easy-accordion>.sp-ea-single {margin-bottom: 10px; border: 1px solid #e2e2e2; }#sp-ea-157.sp-easy-accordion>.sp-ea-single>.ea-header a {color: #444;}#sp-ea-157.sp-easy-accordion>.sp-ea-single>.sp-collapse>.ea-body {background: #fff; color: #444;}#sp-ea-157.sp-easy-accordion>.sp-ea-single {background: #eee;}#sp-ea-157.sp-easy-accordion>.sp-ea-single>.ea-header a .ea-expand-icon { float: left; color: #444;font-size: 16px;}<\/style><div id=\"sp_easy_accordion-1776557504\">\n<div id=\"sp-ea-157\" class=\"sp-ea-one sp-easy-accordion\" data-ex-icon=\"minus\" data-col-icon=\"plus\" data-ea-active=\"ea-click\" data-ea-mode=\"vertical\" data-preloader=\"\" data-scroll-active-item=\"\" data-offset-to-scroll=\"0\">\n\t<!-- Start accordion card div. -->\n\t<div class=\"ea-card  sp-ea-single\">\n\t\t<!-- Start accordion header. -->\n\t\t<h3 class=\"ea-header\">\n\t\t\t<!-- Add anchor tag for header. -->\n\t\t\t<a class=\"collapsed\" id=\"ea-header-1570\" data-sptoggle=\"spcollapse\" data-sptarget=\"#collapse1570\" aria-controls=\"collapse1570\" href=\"#\"  aria-expanded=\"false\" tabindex=\"0\">\n\t\t\t<i class=\"ea-expand-icon ea-icon-expand-plus\"><\/i> Nossa Parte\t\t\t<\/a> <!-- Close anchor tag for header. -->\n\t\t<\/h3>\t<!-- Close header tag. -->\n\t\t<!-- Start collapsible content div. -->\n\t\t<div class=\"sp-collapse spcollapse spcollapse\" id=\"collapse1570\" data-parent=\"#sp-ea-157\" role=\"region\" aria-labelledby=\"ea-header-1570\">  <!-- Content div. -->\n\t\t\t<div class=\"ea-body\">\n\t\t\t<div class=\"textwidget\">\n<p style=\"text-align: justify\"><span style=\"font-family: verdana, geneva, sans-serif;font-size: 12pt\">Nossa Parte. A sua, a minha, a do poder p\u00fablico, das institui\u00e7\u00f5es p\u00fablicas, dos agentes p\u00fablicos. A parte que cabe, sobretudo, ao cidad\u00e3o.<\/span><\/p>\n<p style=\"text-align: justify\"><span style=\"font-family: verdana, geneva, sans-serif;font-size: 12pt\">Mais do que uma campanha pelo uso racional de recursos, naturais ou capitais, a campanha Nossa Parte \u00e9 um convite \u00e0 reflex\u00e3o sobre a import\u00e2ncia de nos envolvermos com o fortalecimento de uma cultura de compromisso com o que \u00e9 p\u00fablico, com o que \u00e9 nosso. Nosso para usufruir, nosso para cuidar.<\/span><\/p>\n<p style=\"text-align: justify\"><span style=\"font-family: verdana, geneva, sans-serif;font-size: 12pt\">Em um cen\u00e1rio de escassez h\u00eddrica, as primeiras a\u00e7\u00f5es buscam mobilizar a comunidade universit\u00e1ria na redu\u00e7\u00e3o do consumo de \u00e1gua e energia el\u00e9trica. No per\u00edodo de 2010 a 2014, a UFMG reduziu em 5% o consumo m\u00e9dio anual de \u00e1gua, mesmo com crescimento do n\u00famero de alunos e funcion\u00e1rios, provocado pela amplia\u00e7\u00e3o da oferta de cursos. Essa redu\u00e7\u00e3o chegou a 30% (fevereiro e mar\u00e7o de 2015) em compara\u00e7\u00e3o com os mesmos meses no citado per\u00edodo.<\/span><\/p>\n<p style=\"text-align: justify\"><span style=\"font-family: verdana, geneva, sans-serif;font-size: 12pt\">Reduzir o consumo de energia el\u00e9trica ainda \u00e9 um desafio. Renova\u00e7\u00e3o dos sistemas e trocas de equipamentos t\u00eam alcan\u00e7ado redu\u00e7\u00f5es pontuais, ainda de impacto modesto, em um cen\u00e1rio de crescente demanda por energia el\u00e9trica. Investimentos em tecnologias mais eficientes continuar\u00e3o sendo feitos pela UFMG para racionalizar o consumo de \u00e1gua e energia, mas a tecnologia, isoladamente, n\u00e3o produzir\u00e1 os efeitos desejados. Ela precisa vir acompanhada de uma nova consci\u00eancia. E aqui entra a Nossa Parte.<\/span><\/p>\n<p style=\"text-align: justify\"><iframe loading=\"lazy\" src=\"\/\/www.youtube.com\/embed\/PsDeS9bCga0\" width=\"560\" height=\"314\" allowfullscreen=\"allowfullscreen\"><\/iframe><\/p>\n<p style=\"text-align: justify\"><span style=\"font-family: verdana, geneva, sans-serif;font-size: 12pt\">Aqui voc\u00ea encontra <a href=\"https:\/\/www.ufmg.br\/nossaparte\/ideias\/\"> ideias<\/a> e <a href=\"https:\/\/www.ufmg.br\/nossaparte\/blog\/\"> not\u00edcias<\/a>\u00a0sobre redu\u00e7\u00e3o do consumo de recursos, sustentabilidade e inova\u00e7\u00e3o. Todo o material da campanha est\u00e1 dispon\u00edvel. <a href=\"https:\/\/www.ufmg.br\/nossaparte\/compartilhe\/\">Compartilhe! <\/a><\/span><\/p>\n<\/div>\n\t\t\t<\/div> <!-- Close content div. -->\n\t\t<\/div> <!-- Close collapse div. -->\n\t<\/div> <!-- Close card div. -->\n\t\t<!-- Start accordion card div. -->\n\t<div class=\"ea-card  sp-ea-single\">\n\t\t<!-- Start accordion header. -->\n\t\t<h3 class=\"ea-header\">\n\t\t\t<!-- Add anchor tag for header. -->\n\t\t\t<a class=\"collapsed\" id=\"ea-header-1571\" data-sptoggle=\"spcollapse\" data-sptarget=\"#collapse1571\" aria-controls=\"collapse1571\" href=\"#\"  aria-expanded=\"false\" tabindex=\"0\">\n\t\t\t<i class=\"ea-expand-icon ea-icon-expand-plus\"><\/i> Bocados de Gentileza\t\t\t<\/a> <!-- Close anchor tag for header. -->\n\t\t<\/h3>\t<!-- Close header tag. -->\n\t\t<!-- Start collapsible content div. -->\n\t\t<div class=\"sp-collapse spcollapse spcollapse\" id=\"collapse1571\" data-parent=\"#sp-ea-157\" role=\"region\" aria-labelledby=\"ea-header-1571\">  <!-- Content div. -->\n\t\t\t<div class=\"ea-body\">\n\t\t\t<p style=\"text-align: justify\"><span style=\"font-family: verdana, geneva, sans-serif;font-size: 12pt\">Por acreditar em uma UFMG ainda melhor, foi lan\u00e7ada em 2011 a campanha <a href=\"https:\/\/www.ufmg.br\/bocadosdegentileza?fbclid=IwAR1LyQOfx53RsNyE28YN93IKBO5Uvjo0-ZOwE-a1kYG5BTgEFe4XXkALaY0\" target=\"_blank\" rel=\"noopener\">Bocados de Gentileza<\/a>, uma a\u00e7\u00e3o constante de conscientiza\u00e7\u00e3o, que busca incentivar pequena<span class=\"text_exposed_show\">s mudan\u00e7as de atitudes e h\u00e1bitos entre os membros da comunidade universit\u00e1ria.<\/span><\/span><\/p>\n<p style=\"text-align: justify\"><span class=\"text_exposed_show\" style=\"font-family: verdana, geneva, sans-serif;font-size: 12pt\">Contamos com voc\u00ea: repense seus h\u00e1bitos, colabore com ideias e participe das a\u00e7\u00f5es da campanha. Pratique gentileza!<\/span><\/p>\n\t\t\t<\/div> <!-- Close content div. -->\n\t\t<\/div> <!-- Close collapse div. -->\n\t<\/div> <!-- Close card div. -->\n\t\t<!-- Start accordion card div. -->\n\t<div class=\"ea-card  sp-ea-single\">\n\t\t<!-- Start accordion header. -->\n\t\t<h3 class=\"ea-header\">\n\t\t\t<!-- Add anchor tag for header. -->\n\t\t\t<a class=\"collapsed\" id=\"ea-header-1572\" data-sptoggle=\"spcollapse\" data-sptarget=\"#collapse1572\" aria-controls=\"collapse1572\" href=\"#\"  aria-expanded=\"false\" tabindex=\"0\">\n\t\t\t<i class=\"ea-expand-icon ea-icon-expand-plus\"><\/i> Economia de \u00c1gua - DGA\t\t\t<\/a> <!-- Close anchor tag for header. -->\n\t\t<\/h3>\t<!-- Close header tag. -->\n\t\t<!-- Start collapsible content div. -->\n\t\t<div class=\"sp-collapse spcollapse spcollapse\" id=\"collapse1572\" data-parent=\"#sp-ea-157\" role=\"region\" aria-labelledby=\"ea-header-1572\">  <!-- Content div. -->\n\t\t\t<div class=\"ea-body\">\n\t\t\t<p><a href=\"https:\/\/www.ufmg.br\/sustentabilidade\/wp-content\/uploads\/2021\/01\/Economia-de-\u00c1gua-Restaurantes-scaled.jpg\"><img loading=\"lazy\" decoding=\"async\" class=\"alignnone size-large wp-image-612\" src=\"https:\/\/www.ufmg.br\/sustentabilidade\/wp-content\/uploads\/2021\/01\/Economia-de-\u00c1gua-Restaurantes-722x1024.jpg\" alt=\"\" width=\"722\" height=\"1024\" srcset=\"https:\/\/www.ufmg.br\/sustentabilidade\/wp-content\/uploads\/2021\/01\/Economia-de-\u00c1gua-Restaurantes-722x1024.jpg 722w, https:\/\/www.ufmg.br\/sustentabilidade\/wp-content\/uploads\/2021\/01\/Economia-de-\u00c1gua-Restaurantes-212x300.jpg 212w, https:\/\/www.ufmg.br\/sustentabilidade\/wp-content\/uploads\/2021\/01\/Economia-de-\u00c1gua-Restaurantes-768x1089.jpg 768w, https:\/\/www.ufmg.br\/sustentabilidade\/wp-content\/uploads\/2021\/01\/Economia-de-\u00c1gua-Restaurantes-1083x1536.jpg 1083w, https:\/\/www.ufmg.br\/sustentabilidade\/wp-content\/uploads\/2021\/01\/Economia-de-\u00c1gua-Restaurantes-1444x2048.jpg 1444w, https:\/\/www.ufmg.br\/sustentabilidade\/wp-content\/uploads\/2021\/01\/Economia-de-\u00c1gua-Restaurantes-scaled.jpg 1805w\" sizes=\"(max-width: 722px) 100vw, 722px\" \/><\/a><\/p>\n<p><a href=\"https:\/\/www.ufmg.br\/sustentabilidade\/wp-content\/uploads\/2021\/01\/Economia-de-\u00c1gua-Mais-scaled.jpg\"><img loading=\"lazy\" decoding=\"async\" class=\"alignnone size-large wp-image-611\" src=\"https:\/\/www.ufmg.br\/sustentabilidade\/wp-content\/uploads\/2021\/01\/Economia-de-\u00c1gua-Mais-722x1024.jpg\" alt=\"\" width=\"722\" height=\"1024\" srcset=\"https:\/\/www.ufmg.br\/sustentabilidade\/wp-content\/uploads\/2021\/01\/Economia-de-\u00c1gua-Mais-722x1024.jpg 722w, https:\/\/www.ufmg.br\/sustentabilidade\/wp-content\/uploads\/2021\/01\/Economia-de-\u00c1gua-Mais-212x300.jpg 212w, https:\/\/www.ufmg.br\/sustentabilidade\/wp-content\/uploads\/2021\/01\/Economia-de-\u00c1gua-Mais-768x1089.jpg 768w, https:\/\/www.ufmg.br\/sustentabilidade\/wp-content\/uploads\/2021\/01\/Economia-de-\u00c1gua-Mais-1083x1536.jpg 1083w, https:\/\/www.ufmg.br\/sustentabilidade\/wp-content\/uploads\/2021\/01\/Economia-de-\u00c1gua-Mais-1444x2048.jpg 1444w, https:\/\/www.ufmg.br\/sustentabilidade\/wp-content\/uploads\/2021\/01\/Economia-de-\u00c1gua-Mais-scaled.jpg 1805w\" sizes=\"(max-width: 722px) 100vw, 722px\" \/><\/a><\/p>\n<p><a href=\"https:\/\/www.ufmg.br\/sustentabilidade\/wp-content\/uploads\/2021\/01\/Economia-de-\u00c1gua-Laborat\u00f3rios-scaled.jpg\"><img loading=\"lazy\" decoding=\"async\" class=\"alignnone size-large wp-image-610\" src=\"https:\/\/www.ufmg.br\/sustentabilidade\/wp-content\/uploads\/2021\/01\/Economia-de-\u00c1gua-Laborat\u00f3rios-724x1024.jpg\" alt=\"\" width=\"724\" height=\"1024\" srcset=\"https:\/\/www.ufmg.br\/sustentabilidade\/wp-content\/uploads\/2021\/01\/Economia-de-\u00c1gua-Laborat\u00f3rios-724x1024.jpg 724w, https:\/\/www.ufmg.br\/sustentabilidade\/wp-content\/uploads\/2021\/01\/Economia-de-\u00c1gua-Laborat\u00f3rios-212x300.jpg 212w, https:\/\/www.ufmg.br\/sustentabilidade\/wp-content\/uploads\/2021\/01\/Economia-de-\u00c1gua-Laborat\u00f3rios-768x1086.jpg 768w, https:\/\/www.ufmg.br\/sustentabilidade\/wp-content\/uploads\/2021\/01\/Economia-de-\u00c1gua-Laborat\u00f3rios-1086x1536.jpg 1086w, https:\/\/www.ufmg.br\/sustentabilidade\/wp-content\/uploads\/2021\/01\/Economia-de-\u00c1gua-Laborat\u00f3rios-1448x2048.jpg 1448w, https:\/\/www.ufmg.br\/sustentabilidade\/wp-content\/uploads\/2021\/01\/Economia-de-\u00c1gua-Laborat\u00f3rios-scaled.jpg 1810w\" sizes=\"(max-width: 724px) 100vw, 724px\" \/><\/a><\/p>\n<p><a href=\"https:\/\/www.ufmg.br\/sustentabilidade\/wp-content\/uploads\/2021\/01\/Economia-de-\u00c1gua-Geral-scaled.jpg\"><img loading=\"lazy\" decoding=\"async\" class=\"alignnone size-large wp-image-609\" src=\"https:\/\/www.ufmg.br\/sustentabilidade\/wp-content\/uploads\/2021\/01\/Economia-de-\u00c1gua-Geral-724x1024.jpg\" alt=\"\" width=\"724\" height=\"1024\" srcset=\"https:\/\/www.ufmg.br\/sustentabilidade\/wp-content\/uploads\/2021\/01\/Economia-de-\u00c1gua-Geral-724x1024.jpg 724w, https:\/\/www.ufmg.br\/sustentabilidade\/wp-content\/uploads\/2021\/01\/Economia-de-\u00c1gua-Geral-212x300.jpg 212w, https:\/\/www.ufmg.br\/sustentabilidade\/wp-content\/uploads\/2021\/01\/Economia-de-\u00c1gua-Geral-768x1086.jpg 768w, https:\/\/www.ufmg.br\/sustentabilidade\/wp-content\/uploads\/2021\/01\/Economia-de-\u00c1gua-Geral-1086x1536.jpg 1086w, https:\/\/www.ufmg.br\/sustentabilidade\/wp-content\/uploads\/2021\/01\/Economia-de-\u00c1gua-Geral-1448x2048.jpg 1448w, https:\/\/www.ufmg.br\/sustentabilidade\/wp-content\/uploads\/2021\/01\/Economia-de-\u00c1gua-Geral-scaled.jpg 1810w\" sizes=\"(max-width: 724px) 100vw, 724px\" \/><\/a><\/p>\n\t\t\t<\/div> <!-- Close content div. -->\n\t\t<\/div> <!-- Close collapse div. -->\n\t<\/div> <!-- Close card div. -->\n\t\t<!-- Start accordion card div. -->\n\t<div class=\"ea-card  sp-ea-single\">\n\t\t<!-- Start accordion header. -->\n\t\t<h3 class=\"ea-header\">\n\t\t\t<!-- Add anchor tag for header. -->\n\t\t\t<a class=\"collapsed\" id=\"ea-header-1573\" data-sptoggle=\"spcollapse\" data-sptarget=\"#collapse1573\" aria-controls=\"collapse1573\" href=\"#\"  aria-expanded=\"false\" tabindex=\"0\">\n\t\t\t<i class=\"ea-expand-icon ea-icon-expand-plus\"><\/i> Adote novos h\u00e1bitos\t\t\t<\/a> <!-- Close anchor tag for header. -->\n\t\t<\/h3>\t<!-- Close header tag. -->\n\t\t<!-- Start collapsible content div. -->\n\t\t<div class=\"sp-collapse spcollapse spcollapse\" id=\"collapse1573\" data-parent=\"#sp-ea-157\" role=\"region\" aria-labelledby=\"ea-header-1573\">  <!-- Content div. -->\n\t\t\t<div class=\"ea-body\">\n\t\t\t<p><span style=\"font-family: verdana, geneva, sans-serif\">A campanha de redu\u00e7\u00e3o de energia \u201cAdote novos H\u00e1bitos\u201d faz parte da a\u00e7\u00e3o institucional UFMG Sustent\u00e1vel, que visa \u00e0 promo\u00e7\u00e3o da sustentabilidade nas a\u00e7\u00f5es cotidianas. Assim as pe\u00e7as radiof\u00f4nicas buscam trazer informa\u00e7\u00f5es e causar mudan\u00e7as nas atitudes da comunidade de Belo Horizonte e na UFMG, tanto na esfera administrativa quanto nas pr\u00e1ticas de ensino, pesquisa e extens\u00e3o.<\/span><\/p>\n<hr \/>\n<p><strong><span style=\"font-family: verdana, geneva, sans-serif\">Pe\u00e7as gr\u00e1ficas<\/span><\/strong><\/p>\n<table style=\"border-collapse: collapse;width: 100%\">\n<tbody>\n<tr>\n<td style=\"width: 33.3333%\"><img loading=\"lazy\" decoding=\"async\" src=\"https:\/\/www.ufmg.br\/sustentabilidade\/wp-content\/uploads\/2020\/07\/Card-avulso_Arcondicionado-1.png\" alt=\"\" width=\"200\" height=\"200\" \/><\/td>\n<td style=\"width: 33.3333%\"><img loading=\"lazy\" decoding=\"async\" src=\"https:\/\/www.ufmg.br\/sustentabilidade\/wp-content\/uploads\/2020\/07\/Card-avulso_Lampadas-1.png\" alt=\"\" width=\"200\" height=\"200\" \/><\/td>\n<td style=\"width: 33.3333%\"><img loading=\"lazy\" decoding=\"async\" src=\"https:\/\/www.ufmg.br\/sustentabilidade\/wp-content\/uploads\/2020\/07\/Card-avuslo_Elevador-escada.png\" alt=\"\" width=\"200\" height=\"200\" \/><\/td>\n<\/tr>\n<tr>\n<td style=\"width: 33.3333%\"><img loading=\"lazy\" decoding=\"async\" src=\"https:\/\/www.ufmg.br\/sustentabilidade\/wp-content\/uploads\/2020\/07\/Card-avulso_Saiu-por-ultimo.png\" alt=\"\" width=\"200\" height=\"200\" \/><\/td>\n<td style=\"width: 33.3333%\"><img loading=\"lazy\" decoding=\"async\" src=\"https:\/\/www.ufmg.br\/sustentabilidade\/wp-content\/uploads\/2020\/07\/Card-avulso_Monitor.png\" alt=\"\" width=\"200\" height=\"200\" \/><\/td>\n<td style=\"width: 33.3333%\"><img loading=\"lazy\" decoding=\"async\" src=\"https:\/\/www.ufmg.br\/sustentabilidade\/wp-content\/uploads\/2020\/07\/Card-avulso_Computador.png\" alt=\"\" width=\"200\" height=\"200\" \/><\/td>\n<\/tr>\n<tr>\n<td style=\"width: 33.3333%\"><img loading=\"lazy\" decoding=\"async\" src=\"https:\/\/www.ufmg.br\/sustentabilidade\/wp-content\/uploads\/2020\/07\/Card-avulso_Arcondicionado.png\" alt=\"\" width=\"200\" height=\"200\" \/><\/td>\n<td style=\"width: 33.3333%\"><img loading=\"lazy\" decoding=\"async\" src=\"https:\/\/www.ufmg.br\/sustentabilidade\/wp-content\/uploads\/2020\/07\/Card-avulso_Lampadas.png\" alt=\"\" width=\"200\" height=\"200\" \/><\/td>\n<td style=\"width: 33.3333%\"><\/td>\n<\/tr>\n<\/tbody>\n<\/table>\n<p><img loading=\"lazy\" decoding=\"async\" class=\"aligncenter\" src=\"https:\/\/www.ufmg.br\/sustentabilidade\/wp-content\/uploads\/2020\/07\/Cartaz_A5_elevador-escada.jpg\" alt=\"\" width=\"200\" height=\"283\" \/><\/p>\n<table style=\"border-collapse: collapse;width: 100%\">\n<tbody>\n<tr>\n<td style=\"width: 50%\"><img loading=\"lazy\" decoding=\"async\" class=\"aligncenter\" src=\"https:\/\/www.ufmg.br\/sustentabilidade\/wp-content\/uploads\/2020\/07\/Card-carrossel_1-1.png\" alt=\"\" width=\"200\" height=\"200\" \/><\/td>\n<td style=\"width: 50%\"><img loading=\"lazy\" decoding=\"async\" class=\"aligncenter\" src=\"https:\/\/www.ufmg.br\/sustentabilidade\/wp-content\/uploads\/2020\/07\/Card-carrossel_1.png\" alt=\"\" width=\"200\" height=\"200\" \/><\/td>\n<\/tr>\n<tr>\n<td style=\"width: 50%\"><img loading=\"lazy\" decoding=\"async\" class=\"aligncenter\" src=\"https:\/\/www.ufmg.br\/sustentabilidade\/wp-content\/uploads\/2020\/07\/Card-carrossel_2-1.png\" alt=\"\" width=\"200\" height=\"200\" \/><\/td>\n<td style=\"width: 50%\"><img loading=\"lazy\" decoding=\"async\" class=\"aligncenter\" src=\"https:\/\/www.ufmg.br\/sustentabilidade\/wp-content\/uploads\/2020\/07\/Card-carrossel_2.png\" alt=\"\" width=\"200\" height=\"200\" \/><\/td>\n<\/tr>\n<\/tbody>\n<\/table>\n<hr \/>\n<p><strong><span style=\"font-family: verdana, geneva, sans-serif\">Spots - R\u00e1dio UFMG Educativa<\/span><\/strong><\/p>\n<p><span style=\"font-family: verdana, geneva, sans-serif\">Narrativas ficcionais, radiodrama e ambienta\u00e7\u00e3o sonora, demonstram maus h\u00e1bitos cotidianos. Efeitos sonoros em momentos estrat\u00e9gicos deixa a abordagem suave, divertida e bem humorada.<\/span><\/p>\n<p><span style=\"font-family: verdana, geneva, sans-serif\">As pe\u00e7as radiof\u00f4nicas trazem informa\u00e7\u00f5es sobre como pequenas mudan\u00e7as podem ter um grande impacto na sociedade e no mundo.<\/span><span style=\"font-family: verdana, geneva, sans-serif\">\u00a0<\/span><\/p>\n<table style=\"border-collapse: collapse;width: 100%\">\n<tbody>\n<tr>\n<td style=\"width: 50%\"><span style=\"font-family: verdana, geneva, sans-serif\">Monitor:<\/span><\/p>\n<p><audio src=\"https:\/\/www.ufmg.br\/sustentabilidade\/wp-content\/uploads\/2022\/07\/Spot-UFMG-Sustent\u00e1vel-Campanha-de-Energia-Monitor.mp3\" controls=\"controls\"><\/audio><\/td>\n<td style=\"width: 50%\"><span style=\"font-family: verdana, geneva, sans-serif\">Luz:<\/span><\/p>\n<p><audio src=\"https:\/\/www.ufmg.br\/sustentabilidade\/wp-content\/uploads\/2022\/07\/Spot-UFMG-Sustent\u00e1vel-Campanha-de-Energia-Luz.mp3\" controls=\"controls\"><\/audio><\/td>\n<\/tr>\n<tr>\n<td style=\"width: 50%\"><span style=\"font-family: verdana, geneva, sans-serif\">Luz 02:<\/span><\/p>\n<p><audio src=\"https:\/\/www.ufmg.br\/sustentabilidade\/wp-content\/uploads\/2022\/07\/Spot-UFMG-Sustent\u00e1vel-Campanha-de-Energia-Luz-02.mp3\" controls=\"controls\"><\/audio><\/td>\n<td style=\"width: 50%\"><span style=\"font-family: verdana, geneva, sans-serif\">Elevador:<\/span><\/p>\n<p><audio src=\"https:\/\/www.ufmg.br\/sustentabilidade\/wp-content\/uploads\/2022\/07\/Spot-UFMG-Sustent\u00e1vel-Campanha-de-Energia-Elevador.mp3\" controls=\"controls\"><\/audio><\/td>\n<\/tr>\n<tr>\n<td style=\"width: 50%\"><span style=\"font-family: verdana, geneva, sans-serif\">Ar Condicionado:<\/span><\/p>\n<p><audio src=\"https:\/\/www.ufmg.br\/sustentabilidade\/wp-content\/uploads\/2022\/07\/Spot-UFMG-Sustent\u00e1vel-Campanha-de-Energia-Ar-Condicionado.mp3\" controls=\"controls\"><\/audio><\/td>\n<td style=\"width: 50%\"><\/td>\n<\/tr>\n<\/tbody>\n<\/table>\n<hr \/>\n<p><strong><span style=\"font-family: verdana, geneva, sans-serif\">Anima\u00e7\u00f5es - Redes Sociais UFMG<\/span><\/strong><\/p>\n<p><span style=\"font-family: verdana, geneva, sans-serif\">Objetos inanimados ganham vida com o \"poder\" da UFMG Sustent\u00e1vel.\u00a0<\/span><\/p>\n<p><span style=\"font-family: verdana, geneva, sans-serif\">Personagens interessantes e cativantes ajudam a comunidade acad\u00eamica a adotar novos h\u00e1bitos. Uma abordagem suave, divertida e bem humorada.\u00a0<\/span><\/p>\n<table style=\"border-collapse: collapse;width: 100%\">\n<tbody>\n<tr>\n<td style=\"width: 50%\"><span style=\"font-family: verdana, geneva, sans-serif\">Caneca:<\/span><\/p>\n<p><video controls=\"controls\" width=\"300\" height=\"150\"><source src=\"https:\/\/www.ufmg.br\/sustentabilidade\/wp-content\/uploads\/2022\/07\/UFMG-Sustent\u00e1vel-Camp-Energ-Caneca.mp4\" type=\"video\/mp4\" \/><\/video><\/td>\n<td style=\"width: 50%\"><span style=\"font-family: verdana, geneva, sans-serif\">Saboneteira:<\/span><\/p>\n<p><video controls=\"controls\" width=\"300\" height=\"150\"><source src=\"https:\/\/www.ufmg.br\/sustentabilidade\/wp-content\/uploads\/2022\/07\/UFMG-Sustent\u00e1vel-Camp-Energ-Saboneteira.mp4\" type=\"video\/mp4\" \/><\/video><\/td>\n<\/tr>\n<tr>\n<td style=\"width: 50%\"><span style=\"font-family: verdana, geneva, sans-serif\">Lixeira:<\/span><\/p>\n<p><span style=\"font-family: verdana, geneva, sans-serif\"><video controls=\"controls\" width=\"300\" height=\"150\"><source src=\"https:\/\/www.ufmg.br\/sustentabilidade\/wp-content\/uploads\/2022\/07\/UFMG-Sustent\u00e1vel-Camp-Energ-Elevador.mp4\" type=\"video\/mp4\" \/><\/video><\/span><\/td>\n<td style=\"width: 50%\"><\/td>\n<\/tr>\n<\/tbody>\n<\/table>\n\t\t\t<\/div> <!-- Close content div. -->\n\t\t<\/div> <!-- Close collapse div. -->\n\t<\/div> <!-- Close card div. -->\n\t<\/div>\n<\/div>\n<\/span><\/p>\n<p>&nbsp;<\/p>\n<\/div>\n","protected":false},"excerpt":{"rendered":"<p>Confira as campanhas de educa\u00e7\u00e3o ambiental j\u00e1 realizadas na UFMG. &nbsp;<\/p>\n","protected":false},"author":1,"featured_media":0,"parent":160,"menu_order":0,"comment_status":"closed","ping_status":"closed","template":"","meta":{"_acf_changed":false,"footnotes":""},"class_list":["post-460","page","type-page","status-publish","hentry"],"acf":[],"_links":{"self":[{"href":"https:\/\/www.ufmg.br\/sustentabilidade\/wp-json\/wp\/v2\/pages\/460"}],"collection":[{"href":"https:\/\/www.ufmg.br\/sustentabilidade\/wp-json\/wp\/v2\/pages"}],"about":[{"href":"https:\/\/www.ufmg.br\/sustentabilidade\/wp-json\/wp\/v2\/types\/page"}],"author":[{"embeddable":true,"href":"https:\/\/www.ufmg.br\/sustentabilidade\/wp-json\/wp\/v2\/users\/1"}],"replies":[{"embeddable":true,"href":"https:\/\/www.ufmg.br\/sustentabilidade\/wp-json\/wp\/v2\/comments?post=460"}],"version-history":[{"count":13,"href":"https:\/\/www.ufmg.br\/sustentabilidade\/wp-json\/wp\/v2\/pages\/460\/revisions"}],"predecessor-version":[{"id":951,"href":"https:\/\/www.ufmg.br\/sustentabilidade\/wp-json\/wp\/v2\/pages\/460\/revisions\/951"}],"up":[{"embeddable":true,"href":"https:\/\/www.ufmg.br\/sustentabilidade\/wp-json\/wp\/v2\/pages\/160"}],"wp:attachment":[{"href":"https:\/\/www.ufmg.br\/sustentabilidade\/wp-json\/wp\/v2\/media?parent=460"}],"curies":[{"name":"wp","href":"https:\/\/api.w.org\/{rel}","templated":true}]}}