{"id":52,"date":"2020-06-10T13:26:58","date_gmt":"2020-06-10T16:26:58","guid":{"rendered":"https:\/\/www.ufmg.br\/sustentabilidade\/?page_id=52"},"modified":"2025-10-01T10:34:14","modified_gmt":"2025-10-01T13:34:14","slug":"departamento","status":"publish","type":"page","link":"https:\/\/www.ufmg.br\/sustentabilidade\/gestao\/departamento\/","title":{"rendered":"Departamento de Gest\u00e3o Ambiental da UFMG"},"content":{"rendered":"<p style=\"text-align: justify;\"><span style=\"font-family: verdana, geneva, sans-serif; font-size: 12pt;\">O Departamento de Gest\u00e3o Ambiental (DGA), ligado \u00e0 Pr\u00f3-Reitoria de Administra\u00e7\u00e3o (PRA), foi concebido para centralizar e articular as quest\u00f5es ambientais da Universidade, at\u00e9 ent\u00e3o desenvolvidas de modo relativamente isolado, em divis\u00f5es e se\u00e7\u00f5es de departamentos distintos.<\/span><\/p>\n<p style=\"text-align: justify;\"><span style=\"font-family: verdana, geneva, sans-serif; font-size: 12pt;\">Assim, o Reitorado do per\u00edodo 2010\/2013, por meio da Portaria n\u00ba 112 de 2010, cria o DGA, dentro do organograma institucional da PRA, sendo este composto atualmente por quatro divis\u00f5es: Divis\u00e3o de Gest\u00e3o de Res\u00edduos (DGR), Divis\u00e3o de Infraestrutura Sanit\u00e1ria (DISA), Divis\u00e3o de \u00c1reas Verdes (DAV) e Divis\u00e3o de Efici\u00eancia Energ\u00e9tica (DEE).<\/span><\/p>\n<p style=\"text-align: justify;\"><span style=\"font-family: verdana, geneva, sans-serif; font-size: 12pt;\">O DGA possui atua\u00e7\u00e3o bastante abrangente e multidisciplinar, envolvendo quest\u00f5es de gerenciamento integrado dos diversos res\u00edduos gerados pela UFMG; os processos de regulariza\u00e7\u00e3o ambiental perante os \u00f3rg\u00e3os p\u00fablicos competentes; quest\u00f5es de infraestrutura sanit\u00e1ria como drenagem pluvial, abastecimento de \u00e1gua e esgotamento sanit\u00e1rio; gest\u00e3o de fauna e educa\u00e7\u00e3o ambiental. Al\u00e9m disso, integra a Comiss\u00e3o Permanente de Gest\u00e3o Energ\u00e9tica, H\u00eddrica e Ambiental (CPGEHA) da UFMG.<\/span><\/p>\n<p style=\"text-align: center;\"><img loading=\"lazy\" decoding=\"async\" class=\"size-full wp-image-330 aligncenter\" src=\"https:\/\/www.ufmg.br\/sustentabilidade\/wp-content\/uploads\/2020\/12\/foto-DGA-e1609193957766.png\" alt=\"\" width=\"816\" height=\"544\" srcset=\"https:\/\/www.ufmg.br\/sustentabilidade\/wp-content\/uploads\/2020\/12\/foto-DGA-e1609193957766.png 816w, https:\/\/www.ufmg.br\/sustentabilidade\/wp-content\/uploads\/2020\/12\/foto-DGA-e1609193957766-300x200.png 300w, https:\/\/www.ufmg.br\/sustentabilidade\/wp-content\/uploads\/2020\/12\/foto-DGA-e1609193957766-768x512.png 768w\" sizes=\"(max-width: 816px) 100vw, 816px\" \/><span style=\"font-size: 10pt; font-family: verdana, geneva, sans-serif;\"><em>Sede do Departamento de Gest\u00e3o Ambiental no campus Pampulha da UFMG. Fonte: DIR\/DGA\/PRA<\/em><\/span><\/p>\n<pre><strong><span style=\"font-family: verdana, geneva, sans-serif; font-size: 12pt;\">\r\nInforma\u00e7\u00f5es e solicita\u00e7\u00f5es:\r\n<\/span><\/strong><span style=\"font-family: verdana, geneva, sans-serif; font-size: 12pt;\">Telefone: (31) 3409-3849\r\nE-mail: dir@dga.ufmg.br<\/span>\r\n<span style=\"font-family: verdana, geneva, sans-serif; font-size: 12pt;\">Acesse o perfil do DGA no <a href=\"https:\/\/pt-br.facebook.com\/DGA.UFMG\/\" target=\"_blank\" rel=\"noopener noreferrer\">Facebook<\/a>.<\/span><\/pre>\n","protected":false},"excerpt":{"rendered":"<p>O Departamento de Gest\u00e3o Ambiental (DGA), ligado \u00e0 Pr\u00f3-Reitoria de Administra\u00e7\u00e3o (PRA), foi concebido para centralizar e articular as quest\u00f5es ambientais da Universidade, at\u00e9 ent\u00e3o desenvolvidas de modo relativamente isolado, em divis\u00f5es e se\u00e7\u00f5es de departamentos distintos. Assim, o Reitorado do per\u00edodo 2010\/2013, por meio da Portaria n\u00ba 112 de 2010, cria o DGA, dentro [&hellip;]<\/p>\n","protected":false},"author":1,"featured_media":0,"parent":54,"menu_order":0,"comment_status":"closed","ping_status":"closed","template":"","meta":{"_acf_changed":false,"footnotes":""},"class_list":["post-52","page","type-page","status-publish","hentry"],"acf":[],"_links":{"self":[{"href":"https:\/\/www.ufmg.br\/sustentabilidade\/wp-json\/wp\/v2\/pages\/52"}],"collection":[{"href":"https:\/\/www.ufmg.br\/sustentabilidade\/wp-json\/wp\/v2\/pages"}],"about":[{"href":"https:\/\/www.ufmg.br\/sustentabilidade\/wp-json\/wp\/v2\/types\/page"}],"author":[{"embeddable":true,"href":"https:\/\/www.ufmg.br\/sustentabilidade\/wp-json\/wp\/v2\/users\/1"}],"replies":[{"embeddable":true,"href":"https:\/\/www.ufmg.br\/sustentabilidade\/wp-json\/wp\/v2\/comments?post=52"}],"version-history":[{"count":55,"href":"https:\/\/www.ufmg.br\/sustentabilidade\/wp-json\/wp\/v2\/pages\/52\/revisions"}],"predecessor-version":[{"id":984,"href":"https:\/\/www.ufmg.br\/sustentabilidade\/wp-json\/wp\/v2\/pages\/52\/revisions\/984"}],"up":[{"embeddable":true,"href":"https:\/\/www.ufmg.br\/sustentabilidade\/wp-json\/wp\/v2\/pages\/54"}],"wp:attachment":[{"href":"https:\/\/www.ufmg.br\/sustentabilidade\/wp-json\/wp\/v2\/media?parent=52"}],"curies":[{"name":"wp","href":"https:\/\/api.w.org\/{rel}","templated":true}]}}