{"id":60,"date":"2020-06-10T13:28:10","date_gmt":"2020-06-10T16:28:10","guid":{"rendered":"https:\/\/www.ufmg.br\/sustentabilidade\/?page_id=60"},"modified":"2025-09-10T09:21:14","modified_gmt":"2025-09-10T12:21:14","slug":"hidrica","status":"publish","type":"page","link":"https:\/\/www.ufmg.br\/sustentabilidade\/gestao\/hidrica\/","title":{"rendered":"H\u00eddrica"},"content":{"rendered":"\n<p><span style=\"font-family: verdana, geneva, sans-serif; font-size: 12pt;\"><strong>ABASTECIMENTO PRINCIPAL<\/strong><\/span><\/p>\n\n\n\n<p>O abastecimento de \u00e1gua da UFMG \u00e9 realizado pela Companhia de Saneamento de Minas Gerais (COPASA) e atende ao campus Pampulha, campus Sa\u00fade, unidades centralizadas em Belo Horizonte, campus Montes Claros \u2013 que abriga o Instituto de Ci\u00eancias Agr\u00e1rias \u2013, al\u00e9m das unidades isoladas, como a Fazenda Experimental Professor H\u00e9lio Barbosa, em Igarap\u00e9, e a Casa da Gl\u00f3ria, em Diamantina.<\/p>\n\n\n\n<p>O campus Pampulha \u00e9 o principal consumidor de \u00e1gua da UFMG, respondendo por mais de 67,74% da demanda total da Universidade. Em 2024, os cinco maiores consumidores foram, nesta ordem, o Instituto de Ci\u00eancias Exatas (ICEx), a Escola de Engenharia (EE), a Funda\u00e7\u00e3o Mendes Pimentel (FUMP), o Instituto de Ci\u00eancias Biol\u00f3gicas (ICB) e a Escola de Veterin\u00e1ria.<\/p>\n\n\n\n<p>Entre os mais de 60 consumidores atualmente monitorados, essas unidades concentram 31% do consumo total da UFMG e cerca de 45% do consumo espec\u00edfico do campus Pampulha, o que evidencia sua relev\u00e2ncia para o planejamento de a\u00e7\u00f5es de uso racional da \u00e1gua.<\/p>\n\n\n\n<p>Confira, no gr\u00e1fico a seguir, a evolu\u00e7\u00e3o do consumo anual de \u00e1gua da UFMG no per\u00edodo de 2017 a 2024:<\/p>\n\n\n\n<p class=\"has-text-align-center\"><strong>Consumo anual de \u00e1gua na UFMG \u2013 2017 a 2024<\/strong><\/p>\n\n\n\n<figure class=\"wp-block-image\"><img loading=\"lazy\" decoding=\"async\" width=\"873\" height=\"501\" src=\"https:\/\/www.ufmg.br\/sustentabilidade\/wp-content\/uploads\/2025\/09\/image.png\" alt=\"\" class=\"wp-image-2034\" srcset=\"https:\/\/www.ufmg.br\/sustentabilidade\/wp-content\/uploads\/2025\/09\/image.png 873w, https:\/\/www.ufmg.br\/sustentabilidade\/wp-content\/uploads\/2025\/09\/image-300x172.png 300w, https:\/\/www.ufmg.br\/sustentabilidade\/wp-content\/uploads\/2025\/09\/image-768x441.png 768w\" sizes=\"(max-width: 873px) 100vw, 873px\" \/><\/figure>\n\n\n\n<p>O acompanhamento do consumo de \u00e1gua por unidade \u00e9 essencial para o planejamento e a implementa\u00e7\u00e3o de a\u00e7\u00f5es de uso racional da \u00e1gua. Esses dados subsidiam iniciativas de redu\u00e7\u00e3o de perdas, moderniza\u00e7\u00e3o de sistemas hidr\u00e1ulicos e conscientiza\u00e7\u00e3o da comunidade acad\u00eamica, contribuindo para uma gest\u00e3o mais eficiente e sustent\u00e1vel dos recursos h\u00eddricos da UFMG e para a redu\u00e7\u00e3o das despesas associadas.<\/p>\n\n\n\n<p>Confira tamb\u00e9m, no gr\u00e1fico a seguir, a evolu\u00e7\u00e3o da despesa anual com o consumo de \u00e1gua para o mesmo per\u00edodo:<\/p>\n\n\n\n<p class=\"has-text-align-center\"><strong>Despesa anual com o consumo de \u00e1gua na UFMG \u2013 2017 a 2024<\/strong><\/p>\n\n\n\n<figure class=\"wp-block-image\"><img loading=\"lazy\" decoding=\"async\" width=\"1601\" height=\"1004\" src=\"https:\/\/www.ufmg.br\/sustentabilidade\/wp-content\/uploads\/2025\/09\/sdsdsvsfdv.png\" alt=\"\" class=\"wp-image-2036\" srcset=\"https:\/\/www.ufmg.br\/sustentabilidade\/wp-content\/uploads\/2025\/09\/sdsdsvsfdv.png 1601w, https:\/\/www.ufmg.br\/sustentabilidade\/wp-content\/uploads\/2025\/09\/sdsdsvsfdv-300x188.png 300w, https:\/\/www.ufmg.br\/sustentabilidade\/wp-content\/uploads\/2025\/09\/sdsdsvsfdv-1024x642.png 1024w, https:\/\/www.ufmg.br\/sustentabilidade\/wp-content\/uploads\/2025\/09\/sdsdsvsfdv-768x482.png 768w, https:\/\/www.ufmg.br\/sustentabilidade\/wp-content\/uploads\/2025\/09\/sdsdsvsfdv-1536x963.png 1536w\" sizes=\"(max-width: 1601px) 100vw, 1601px\" \/><\/figure>\n\n\n\n<p>As despesas com o abastecimento de \u00e1gua na UFMG totalizaram aproximadamente R$ 7,7 milh\u00f5es em 2024. Desse montante, o campus Pampulha respondeu por 55,2%, seguido pelo campus Sa\u00fade (36,39%), pelas unidades localizadas no centro de Belo Horizonte (4,67%), pelo campus Montes Claros (2,86%) e pelas demais unidades isoladas (0,81%).<\/p>\n\n\n\n<p>Observa-se, portanto, que mais de 91% das despesas concentram-se nos campi Pampulha e Sa\u00fade, evidenciando a necessidade de prioriza\u00e7\u00e3o dessas \u00e1reas nas a\u00e7\u00f5es de efici\u00eancia h\u00eddrica, renegocia\u00e7\u00e3o tarif\u00e1ria e moderniza\u00e7\u00e3o de sistemas hidr\u00e1ulicos, visando redu\u00e7\u00e3o de custos e maior sustentabilidade no uso do recurso.<\/p>\n\n\n\n<p>A gest\u00e3o do consumo de \u00e1gua das unidades acad\u00eamicas e administrativas da UFMG \u00e9 uma das atribui\u00e7\u00f5es delegadas pela Pr\u00f3-Reitoria de Administra\u00e7\u00e3o (PRA) ao Departamento de Gest\u00e3o Ambiental (DGA). O objetivo \u00e9 promover o uso racional da \u00e1gua nos diversos fins da Universidade, como consumo humano, atividades laboratoriais, irriga\u00e7\u00e3o de jardins, limpeza predial e lavagem de ve\u00edculos da frota oficial.<\/p>\n\n\n\n<p>A\u00e7\u00f5es j\u00e1 realizadas:<\/p>\n\n\n\n<p>\u2022 Implanta\u00e7\u00e3o de dispositivos economizadores de \u00e1gua nos pr\u00e9dios mais recentes da Universidade realizada pelo Departamento de Manuten\u00e7\u00e3o e Opera\u00e7\u00e3o da Infraestrutura (DEMAI), tais como:<\/p>\n\n\n\n<p>\u2003\u2013 Descargas sanit\u00e1rias com duplo comando (urina\/fezes);<\/p>\n\n\n\n<p>\u2003\u2013 Torneiras com acionamento manual por press\u00e3o;<\/p>\n\n\n\n<p>\u2003\u2013 V\u00e1lvulas de controle de vaz\u00e3o nos lavat\u00f3rios;<\/p>\n\n\n\n<p>\u2003\u2013 Mict\u00f3rios masculinos com descarga por sensor de presen\u00e7a;<\/p>\n\n\n\n<p>\u2022 Monitoramento e corre\u00e7\u00e3o de anomalias no consumo, realizado de forma conjunta DEMAI e DGA, a partir das leituras de hidr\u00f4metros de todas as edifica\u00e7\u00f5es do <em>campus <\/em>Pampulha. Sempre que identificadas varia\u00e7\u00f5es anormais ou vazamentos, as equipes de manuten\u00e7\u00e3o s\u00e3o acionadas para interven\u00e7\u00e3o imediata.<\/p>\n\n\n\n<p>\u2022 Uso complementar de \u00e1gua subterr\u00e2nea, proveniente de po\u00e7os tubulares regularmente outorgados, destinada principalmente \u00e0 irriga\u00e7\u00e3o paisag\u00edstica e a usos laboratoriais espec\u00edficos, reduzindo a depend\u00eancia do abastecimento p\u00fablico.<\/p>\n\n\n\n<p>Al\u00e9m das a\u00e7\u00f5es estruturais e de monitoramento, a UFMG considera fundamental a realiza\u00e7\u00e3o de campanhas permanentes de conscientiza\u00e7\u00e3o, incentivando a comunidade acad\u00eamica a colaborar na redu\u00e7\u00e3o do consumo de \u00e1gua. Diversas campanhas j\u00e1 foram realizadas e novas iniciativas ser\u00e3o divulgadas oportunamente \u2014 acompanhe e participe!<\/p>\n","protected":false},"excerpt":{"rendered":"<p>ABASTECIMENTO PRINCIPAL O abastecimento de \u00e1gua da UFMG \u00e9 realizado pela Companhia de Saneamento de Minas Gerais (COPASA) e atende ao campus Pampulha, campus Sa\u00fade, unidades centralizadas em Belo Horizonte, campus Montes Claros \u2013 que abriga o Instituto de Ci\u00eancias Agr\u00e1rias \u2013, al\u00e9m das unidades isoladas, como a Fazenda Experimental Professor H\u00e9lio Barbosa, em Igarap\u00e9, [&hellip;]<\/p>\n","protected":false},"author":1,"featured_media":0,"parent":54,"menu_order":2,"comment_status":"closed","ping_status":"closed","template":"","meta":{"_acf_changed":false,"footnotes":""},"class_list":["post-60","page","type-page","status-publish","hentry"],"acf":[],"_links":{"self":[{"href":"https:\/\/www.ufmg.br\/sustentabilidade\/wp-json\/wp\/v2\/pages\/60"}],"collection":[{"href":"https:\/\/www.ufmg.br\/sustentabilidade\/wp-json\/wp\/v2\/pages"}],"about":[{"href":"https:\/\/www.ufmg.br\/sustentabilidade\/wp-json\/wp\/v2\/types\/page"}],"author":[{"embeddable":true,"href":"https:\/\/www.ufmg.br\/sustentabilidade\/wp-json\/wp\/v2\/users\/1"}],"replies":[{"embeddable":true,"href":"https:\/\/www.ufmg.br\/sustentabilidade\/wp-json\/wp\/v2\/comments?post=60"}],"version-history":[{"count":54,"href":"https:\/\/www.ufmg.br\/sustentabilidade\/wp-json\/wp\/v2\/pages\/60\/revisions"}],"predecessor-version":[{"id":2038,"href":"https:\/\/www.ufmg.br\/sustentabilidade\/wp-json\/wp\/v2\/pages\/60\/revisions\/2038"}],"up":[{"embeddable":true,"href":"https:\/\/www.ufmg.br\/sustentabilidade\/wp-json\/wp\/v2\/pages\/54"}],"wp:attachment":[{"href":"https:\/\/www.ufmg.br\/sustentabilidade\/wp-json\/wp\/v2\/media?parent=60"}],"curies":[{"name":"wp","href":"https:\/\/api.w.org\/{rel}","templated":true}]}}