{"id":835,"date":"2021-01-18T05:44:23","date_gmt":"2021-01-18T07:44:23","guid":{"rendered":"https:\/\/www.ufmg.br\/sustentabilidade\/?page_id=835"},"modified":"2021-03-02T09:14:21","modified_gmt":"2021-03-02T12:14:21","slug":"projetos","status":"publish","type":"page","link":"https:\/\/www.ufmg.br\/sustentabilidade\/projetos\/","title":{"rendered":"Projetos"},"content":{"rendered":"<p style=\"text-align: justify;\"><span style=\"font-family: verdana, geneva, sans-serif; font-size: 12pt;\">As Institui\u00e7\u00f5es de Ensino Superior (IES) precisam refletir sobre o papel desempenhado em rela\u00e7\u00e3o a seus alinhamentos institucionais e estrat\u00e9gicos para o desenvolvimento sustent\u00e1vel. <\/span><\/p>\n<p style=\"text-align: justify;\"><span style=\"font-family: verdana, geneva, sans-serif; font-size: 12pt;\">Nesse sentido, inclui-se a elabora\u00e7\u00e3o de pol\u00edticas, o desenvolvimento de projetos e a implementa\u00e7\u00e3o de pr\u00e1ticas que visem conduzir as atividades institucionais de forma ambientalmente sadia, socialmente justa e economicamente vi\u00e1vel.\u00a0<\/span><\/p>\n<p style=\"text-align: justify;\"><span style=\"font-family: verdana, geneva, sans-serif; font-size: 12pt;\">A ado\u00e7\u00e3o de pr\u00e1ticas sustent\u00e1veis contribui para a redu\u00e7\u00e3o de despesas al\u00e9m de promover a sustentabilidade; por isso, a UFMG tem mobilizado esfor\u00e7os em busca de a\u00e7\u00f5es concretas para a redu\u00e7\u00e3o de despesa com \u00e1gua, energia e res\u00edduos em seus campi e Unidades. <\/span><\/p>\n<p style=\"text-align: justify;\"><span style=\"font-family: verdana, geneva, sans-serif; font-size: 12pt;\">Conhe\u00e7a os projetos em andamento na Universidade relacionados com a tem\u00e1tica de sustentabilidade ambiental, h\u00eddrica e energ\u00e9tica na UFMG. <\/span><\/p>\n","protected":false},"excerpt":{"rendered":"<p>As Institui\u00e7\u00f5es de Ensino Superior (IES) precisam refletir sobre o papel desempenhado em rela\u00e7\u00e3o a seus alinhamentos institucionais e estrat\u00e9gicos para o desenvolvimento sustent\u00e1vel. Nesse sentido, inclui-se a elabora\u00e7\u00e3o de pol\u00edticas, o desenvolvimento de projetos e a implementa\u00e7\u00e3o de pr\u00e1ticas que visem conduzir as atividades institucionais de forma ambientalmente sadia, socialmente justa e economicamente vi\u00e1vel.\u00a0 [&hellip;]<\/p>\n","protected":false},"author":1,"featured_media":0,"parent":0,"menu_order":0,"comment_status":"closed","ping_status":"closed","template":"","meta":{"_acf_changed":false,"footnotes":""},"class_list":["post-835","page","type-page","status-publish","hentry"],"acf":[],"_links":{"self":[{"href":"https:\/\/www.ufmg.br\/sustentabilidade\/wp-json\/wp\/v2\/pages\/835"}],"collection":[{"href":"https:\/\/www.ufmg.br\/sustentabilidade\/wp-json\/wp\/v2\/pages"}],"about":[{"href":"https:\/\/www.ufmg.br\/sustentabilidade\/wp-json\/wp\/v2\/types\/page"}],"author":[{"embeddable":true,"href":"https:\/\/www.ufmg.br\/sustentabilidade\/wp-json\/wp\/v2\/users\/1"}],"replies":[{"embeddable":true,"href":"https:\/\/www.ufmg.br\/sustentabilidade\/wp-json\/wp\/v2\/comments?post=835"}],"version-history":[{"count":41,"href":"https:\/\/www.ufmg.br\/sustentabilidade\/wp-json\/wp\/v2\/pages\/835\/revisions"}],"predecessor-version":[{"id":1050,"href":"https:\/\/www.ufmg.br\/sustentabilidade\/wp-json\/wp\/v2\/pages\/835\/revisions\/1050"}],"wp:attachment":[{"href":"https:\/\/www.ufmg.br\/sustentabilidade\/wp-json\/wp\/v2\/media?parent=835"}],"curies":[{"name":"wp","href":"https:\/\/api.w.org\/{rel}","templated":true}]}}