{"id":94,"date":"2020-06-10T13:51:54","date_gmt":"2020-06-10T16:51:54","guid":{"rendered":"https:\/\/www.ufmg.br\/sustentabilidade\/?page_id=94"},"modified":"2025-09-10T09:28:57","modified_gmt":"2025-09-10T12:28:57","slug":"energetica","status":"publish","type":"page","link":"https:\/\/www.ufmg.br\/sustentabilidade\/gestao\/energetica\/","title":{"rendered":"Energ\u00e9tica"},"content":{"rendered":"<p>O fornecimento de energia el\u00e9trica \u00e0 UFMG \u00e9 realizado pela CEMIG Distribui\u00e7\u00e3o S.A., com a qual a Universidade firmou contrato ap\u00f3s licita\u00e7\u00e3o por inexigibilidade, dentro do ambiente de contrata\u00e7\u00e3o regulada \u2013 ACR.<\/p>\n<p>Lembrando que a UFMG n\u00e3o se resume ao Campus Pampulha \u2013 abrangendo tamb\u00e9m as unidades Campus Sa\u00fade, Campus ICA e Unidades Isoladas \u2013 a conta de eletricidade \u00e9 um dos maiores compromissos da institui\u00e7\u00e3o.<\/p>\n<p>No ano de 2017, as despesas com energia el\u00e9trica totalizaram aproximadamente R$ 17,5 milh\u00f5es nos diversos <em>campi<\/em>, atingindo R$ 19,3 milh\u00f5es em 2018, a despeito da redu\u00e7\u00e3o de consumo, e chegando a R$ 21,4 milh\u00f5es em 2019. Durante a pandemia, os montantes se reduziram, voltando a superar os valores de 2019 a partir de 2023, a despeito da redu\u00e7\u00e3o de consumo. Isto aponta para a import\u00e2ncia em se trabalhar incessantemente na eficientiza\u00e7\u00e3o energ\u00e9tica como forma de diminui\u00e7\u00e3o de despesas e de uma opera\u00e7\u00e3o sustent\u00e1vel da UFMG.<\/p>\n<p>Com o in\u00edcio das atividades remotas em mar\u00e7o de 2020, devido \u00e0 pandemia de covid-19, houve uma queda de 26,3% no gasto com energia el\u00e9trica, o que gerou uma redu\u00e7\u00e3o de despesas da ordem de R$16 milh\u00f5es. Indentificou-se forte influ\u00eancia do teletrabalho e do ensino \u00e0 dist\u00e2ncia sobre o consumo entre 2020 e 2022, que provocou uma queda de quase 30% no montante de energia consumida na UFMG.<\/p>\n<p>Com o retorno das atividades presenciais a partir de 2023, o consumo de energia el\u00e9trica na UFMG vem aumentado e se estabilizou pouco acima de 30,5 GWh anuais, um patamar inferior ao per\u00edodo pr\u00e9-pandemia.<\/p>\n<p>Isto aponta para a import\u00e2ncia em se trabalhar incessantemente na eficientiza\u00e7\u00e3o energ\u00e9tica como forma de diminui\u00e7\u00e3o de despesas e de uma opera\u00e7\u00e3o sustent\u00e1vel da UFMG.<\/p>\n<p>\u00a0<\/p>\n\n\n<figure class=\"wp-block-image\"><img loading=\"lazy\" decoding=\"async\" width=\"1556\" height=\"984\" src=\"https:\/\/www.ufmg.br\/sustentabilidade\/wp-content\/uploads\/2025\/09\/1.png\" alt=\"\" class=\"wp-image-2040\" srcset=\"https:\/\/www.ufmg.br\/sustentabilidade\/wp-content\/uploads\/2025\/09\/1.png 1556w, https:\/\/www.ufmg.br\/sustentabilidade\/wp-content\/uploads\/2025\/09\/1-300x190.png 300w, https:\/\/www.ufmg.br\/sustentabilidade\/wp-content\/uploads\/2025\/09\/1-1024x648.png 1024w, https:\/\/www.ufmg.br\/sustentabilidade\/wp-content\/uploads\/2025\/09\/1-768x486.png 768w, https:\/\/www.ufmg.br\/sustentabilidade\/wp-content\/uploads\/2025\/09\/1-1536x971.png 1536w\" sizes=\"(max-width: 1556px) 100vw, 1556px\" \/><figcaption class=\"wp-element-caption\">Fonte: DEFE\/DGA\/PRA, 2025. <\/figcaption><\/figure>\n\n\n\n<figure class=\"wp-block-image\"><img loading=\"lazy\" decoding=\"async\" width=\"1556\" height=\"958\" src=\"https:\/\/www.ufmg.br\/sustentabilidade\/wp-content\/uploads\/2025\/09\/2.png\" alt=\"\" class=\"wp-image-2041\" srcset=\"https:\/\/www.ufmg.br\/sustentabilidade\/wp-content\/uploads\/2025\/09\/2.png 1556w, https:\/\/www.ufmg.br\/sustentabilidade\/wp-content\/uploads\/2025\/09\/2-300x185.png 300w, https:\/\/www.ufmg.br\/sustentabilidade\/wp-content\/uploads\/2025\/09\/2-1024x630.png 1024w, https:\/\/www.ufmg.br\/sustentabilidade\/wp-content\/uploads\/2025\/09\/2-768x473.png 768w, https:\/\/www.ufmg.br\/sustentabilidade\/wp-content\/uploads\/2025\/09\/2-1536x946.png 1536w\" sizes=\"(max-width: 1556px) 100vw, 1556px\" \/><figcaption class=\"wp-element-caption\">Fonte: DEFE\/DGA\/PRA, 2025. <\/figcaption><\/figure>\n\n\n\n<p>Ao final de 2019 foi firmado o Projeto O\u00e1sis de Pesquisa e Desenvolvimento Institucional. O Projeto concentra as iniciativas de aprimoramento de gest\u00e3o energ\u00e9tica do Campus Pampulha. Neste sentido, ele tem como meta a implementa\u00e7\u00e3o de novas tecnologias conjugadas com produ\u00e7\u00e3o cient\u00edfica, redu\u00e7\u00e3o de custos e sustentabilidade energ\u00e9tica do Campus.<\/p>\n\n\n\n<p>Em paralelo, foi criada dentro da PRA a Divis\u00e3o de Efici\u00eancia Energ\u00e9tica &#8211; DEFE. Vinculada ao Departamento de Gest\u00e3o Ambiental, a DEFE tem como objetivos:<\/p>\n\n\n\n<ul class=\"wp-block-list\">\n<li>Elaborar um modelo de consumo de energia el\u00e9trica para a UFMG, possibilitando simular o impacto de altera\u00e7\u00f5es de configura\u00e7\u00e3o energ\u00e9tica e padr\u00f5es de consumo;<\/li>\n\n\n\n<li>Elaborar e implementar mecanismos de controle de consumo;<\/li>\n\n\n\n<li>Estudar e propor o emprego de fontes alternativas de energia dentro da UFMG, bem como assessorar a gest\u00e3o de projetos de pesquisa correlatos;<\/li>\n\n\n\n<li>Assessorar as unidades em suas a\u00e7\u00f5es de efici\u00eancia energ\u00e9tica;<\/li>\n\n\n\n<li>Identificar oportunidades de redu\u00e7\u00e3o de despesas com energia el\u00e9trica;<\/li>\n<\/ul>\n\n\n\n<p>Ademais, a cria\u00e7\u00e3o da DEFE aponta na adequa\u00e7\u00e3o da UFMG ao Art. 4\u00ba do Decreto n\u00ba 8.540\/2015, o qual disp\u00f5e:<\/p>\n\n\n\n<p><em>\u201cArt. 4\u00ba Em rela\u00e7\u00e3o aos contratos e \u00e0s contas de energia el\u00e9trica, a administra\u00e7\u00e3o p\u00fablica federal direta, aut\u00e1rquica e fundacional dever\u00e1:<\/em><\/p>\n\n\n\n<p><em>I &#8211; analisar a adequa\u00e7\u00e3o da demanda contratada e do enquadramento tarif\u00e1rio e proceder \u00e0s altera\u00e7\u00f5es contratuais necess\u00e1rias para reduzir as despesas com energia;<\/em><\/p>\n\n\n\n<p><em>II &#8211; manter controle permanente do consumo, da demanda contratada e da tarifa\u00e7\u00e3o horo-sazonal, caso aplic\u00e1vel;<\/em><\/p>\n\n\n\n<p><em>III &#8211; analisar, nos casos de fornecimento em baixa tens\u00e3o, a viabilidade de migra\u00e7\u00e3o para a m\u00e9dia tens\u00e3o;<\/em><\/p>\n\n\n\n<p><em>IV &#8211; implementar a\u00e7\u00f5es com o objetivo de reduzir o consumo de energia, especialmente no hor\u00e1rio de ponta definido pela respectiva distribuidora; e<\/em><\/p>\n\n\n\n<p><em>V &#8211; reduzir o consumo de energia reativa para manter o fator de pot\u00eancia igual ou superior a noventa e dois cent\u00e9simos.\u201d<\/em><\/p>\n\n\n\n<p>A escassez h\u00eddrica e o risco de desabastecimento el\u00e9trico no segundo semestre de 2021 levou \u00e0 cria\u00e7\u00e3o da Comiss\u00e3o Interna de Conserva\u00e7\u00e3o de Energia, para assessorar a Administra\u00e7\u00e3o na ado\u00e7\u00e3o de medidas para redu\u00e7\u00e3o do consumo de energia el\u00e9trica. A campanha para conserva\u00e7\u00e3o de energia foi lan\u00e7ada ao final do primeiro semestre de 2022 e seus resultados est\u00e3o sendo monitorados pela Divis\u00e3o de Efici\u00eancia Energ\u00e9tica.<\/p>\n\n\n\n<p>Confira a seguir algumas expectativas e realiza\u00e7\u00f5es de ordem t\u00e9cnica, as quais ser\u00e3o acompanhadas da respectiva produ\u00e7\u00e3o cient\u00edfica.<\/p>\n\n\n\n<p><strong>Gera\u00e7\u00e3o Distribu\u00edda de Energia<\/strong><\/p>\n\n\n\n<p>Uma das formas de se buscar a sustentabilidade energ\u00e9tica na UFMG \u00e9 atrav\u00e9s da gera\u00e7\u00e3o pr\u00f3pria de energia. O modelo tradicional de gera\u00e7\u00e3o\/consumo de energia segue a gera\u00e7\u00e3o centralizada, no qual grandes fontes geradoras (ex: usinas hidrel\u00e9tricas) s\u00e3o instaladas em locais distantes dos grandes centros.<\/p>\n\n\n\n<p>O novo paradigma parte de fontes de menor pot\u00eancia instaladas junto \u00e0s unidades consumidoras. Em geral, a energia prov\u00e9m de fontes renov\u00e1veis de energia (ex: solar e e\u00f3lica) ou com alta efici\u00eancia energ\u00e9tica (ex: microturbinas CHP).<\/p>\n\n\n\n<p>Esta mudan\u00e7a permite maior autonomia dos consumidores, al\u00e9m de reduzir as perdas na transmiss\u00e3o de energia e melhorar a qualidade da energia consumida. Em um n\u00edvel mais avan\u00e7ado, a gera\u00e7\u00e3o distribu\u00edda permite que o consumidor se desligue da rede da distribuidora de energia e opere de modo independente.<\/p>\n\n\n\n<p><strong>Energia Solar Fotovoltaica<\/strong><\/p>\n\n\n\n<p>Em franca expans\u00e3o na \u00faltima d\u00e9cada, a energia solar fotovoltaica tem puxado a expans\u00e3o da gera\u00e7\u00e3o distribu\u00edda, principalmente junto aos pequenos e m\u00e9dios consumidores. Com aumento de volume, os pre\u00e7os tamb\u00e9m t\u00eam ficado mais acess\u00edveis. Considerando os custos de instala\u00e7\u00e3o e da energia consumida, os paybacks dificilmente ultrapassam seis anos, tornando-se um excelente investimento.<\/p>\n\n\n\n<p>Ao final de 2021, haviam duas usinas solares em funcionamento dentro da UFMG: uma na Escola de Engenharia, vinculada ao Laborat\u00f3rio Tesla, e outra na Faculdade de Medicina, alimentando a Biblioteca Jos\u00e9 Baeta Viana.<\/p>\n\n\n\n<p>O Minist\u00e9rio da Educa\u00e7\u00e3o destinou ao final de 2019 \u00e0s Institui\u00e7\u00f5es de Ensino Superior (IFES) verbas para a instala\u00e7\u00e3o de energia solar fotovoltaica. O valor destinado \u00e0 UFMG foi de cerca de R$ 2,5 milh\u00f5es. Este montante foi utilizado para a constru\u00e7\u00e3o de tr\u00eas usinas fotovoltaicas nos CADs, permitindo que eles se tornem autossuficientes em energia e, al\u00e9m disso, ajudem a gerar energia para outras unidades da UFMG. Foram 500 kWp de pot\u00eancia instalada em pain\u00e9is fotovoltaicos, respondendo hoje por cerca de 1,5% da energia consumida pela UFMG.<\/p>\n\n\n\n<p><strong>Microturbinas operando em Cogera\u00e7\u00e3o<\/strong><\/p>\n\n\n\n<p>As microturbinas operando em cogera\u00e7\u00e3o s\u00e3o equipamentos que funcionam com base na queima de combust\u00edvel (ex: biog\u00e1s, g\u00e1s natural, biomassa, \u00f3leo combust\u00edvel, etc) e produzem energia el\u00e9trica e calor. Ao aproveitar tamb\u00e9m o calor gerado, a efici\u00eancia energ\u00e9tica fica pr\u00f3xima de 90%. Assim, para sua utiliza\u00e7\u00e3o plena, faz-se necess\u00e1ria sua instala\u00e7\u00e3o em unidades com alta demanda t\u00e9rmica, seja de calor ou frio, tais como chillers ou caldeiras.<\/p>\n\n\n\n<p>Est\u00e1 sendo conclu\u00edda no segundo semestre de 2025 a instala\u00e7\u00e3o no Centro de Treinamento Esportivo &#8211; CTE de 130 kW em microturbinas de cogera\u00e7\u00e3o a g\u00e1s natural, em substitui\u00e7\u00e3o \u00e0 caldeira a g\u00e1s existente, o que permitir\u00e1 a gera\u00e7\u00e3o de energia el\u00e9trica em paralelo com o aquecimento da piscina a partir do calor gerado pela queima do g\u00e1s. O excedente de energia el\u00e9trica n\u00e3o utilizado pelo CTE ser\u00e1 direcionado a outras instala\u00e7\u00f5es da UFMG.&nbsp;<\/p>\n\n\n\n<p><strong>Armazenadores de Energia<\/strong><\/p>\n\n\n\n<p>Os armazenadores de energia s\u00e3o pe\u00e7as importantes para a gest\u00e3o eficiente dos recursos energ\u00e9ticos. Levando em conta a intermit\u00eancia de algumas fontes (ex: solar), estes equipamentos permitem o funcionamento dos consumidores mesmo em per\u00edodos sem gera\u00e7\u00e3o.<\/p>\n\n\n\n<p>Ademais, os armazenadores tamb\u00e9m permitem maximizar o retorno dos investimentos em gera\u00e7\u00e3o, uma vez que permite guardar a energia gerada para sua utiliza\u00e7\u00e3o no per\u00edodo do dia chamado \u201cHor\u00e1rio de Ponta\u201d, no qual o seu custo supera em quatro vezes aquele do restante do dia.<\/p>\n\n\n\n<p>Ao longo dos \u00faltimos anos a regulamenta\u00e7\u00e3o do uso destes equipamentos vem sendo discutida e espera-se que, em breve, seja consolidada. Enquanto isso, encontra-se em instala\u00e7\u00e3o 1,5 kVA em sistemas de armazenamento de energia em baterias &#8211; SAEB\u2019s. Estes sistemas, com previs\u00e3o de entrada em 2022 no Campus Pampulha, integram o Projeto de P&amp;D CEMIG\/ANEEL\/UFMG \u201cD0722-An\u00e1lise de Arranjo T\u00e9cnico e Comercial baseado em uma Planta Piloto de Sistema Distribu\u00eddo de Armazenamento de Energia em Alimentador Cr\u00edtico da Rede de Distribui\u00e7\u00e3o de 13,8 kV\u201d.<\/p>\n\n\n\n<p>Est\u00e1 previsto, para o segundo semestre de 2025, o in\u00edcio da instala\u00e7\u00e3o de SAEB no Centro de Atividades Did\u00e1ticas 3 &#8211; CAD 3. Este equipamento, em paralelo com a usina fotovoltaica local, permitir\u00e1 a opera\u00e7\u00e3o do CAD 3 ilhado, ou seja, desligado da rede da distribuidora de energia. Este arranjo permitir\u00e1 um avan\u00e7o significativo das pesquisas na \u00e1rea de minirredes de energia.<\/p>\n\n\n\n<p><strong>Minirredes de Energia<\/strong><\/p>\n\n\n\n<p>As minirredes podem ser definidas como a integra\u00e7\u00e3o de gera\u00e7\u00e3o distribu\u00edda, sistemas de armazenamento de energia e cargas em um sistema capaz de operar conectado \u00e0 rede de energia e tamb\u00e9m, caso necess\u00e1rio, isoladamente da concession\u00e1ria.<\/p>\n\n\n\n<p>Neste sentido, a expectativa \u00e9 que o sistema de energia da UFMG avance paulatinamente para o conceito de microrrede, \u00e0 medida que forem implementados os recursos de gera\u00e7\u00e3o distribu\u00edda, armazenamento e gest\u00e3o da rede interna de energia, o que se espera que seja alcan\u00e7ado no CAD 3 ao longo do ano de 2026.<\/p>\n\n\n\n<p><strong>Migra\u00e7\u00e3o ao Mercado Livre de Energia<\/strong><\/p>\n\n\n\n<p>O ambiente de contrata\u00e7\u00e3o livre de energia &#8211; ACL permite que os consumidores contratem o fornecimento de energia el\u00e9trica diretamente com os fornecedores em contratos negociados livremente. Os estudos conduzidos pela UFMG apontam para uma economia entre 25% e 35% no custo da energia.<\/p>\n\n\n\n<p>No segundo semestre de 2025 ser\u00e1 contratada empresa para a migra\u00e7\u00e3o de 20% do consumo da UFMG ao mercado livre de energia, o que permitir\u00e1 uma economia global de 5% nas despesas com energia el\u00e9trica da universidade.<\/p>\n\n\n\n<p><strong>Gest\u00e3o dos Contratos de Demanda de Energia<\/strong><\/p>\n\n\n\n<p>A UFMG det\u00e9m contratos de uso do sistema da CEMIG-D, o que garante a disponibilidade de infraestrutura para o seu atendimento, o que n\u00e3o deve ser confundido com o fornecimento de energia el\u00e9trica propriamente dito. A DEFE tem realizado estudos e adequado os contratos de demanda buscando a redu\u00e7\u00e3o constante dos custos operacionais com energia el\u00e9trica. Neste sentido, j\u00e1 foram realizados ajustes em mais de uma dezena de contratos, proporcionando uma redu\u00e7\u00e3o de custos que superaram 1%, sem a necessidade de realiza\u00e7\u00e3o de investimentos, simplesmente com ajustes administrativos. Os estudos iniciais da DEFE apontam que as a\u00e7\u00f5es de adequa\u00e7\u00e3o dos contratos de demanda para um potencial de redu\u00e7\u00e3o de at\u00e9 6% nas despesas com energia.<\/p>\n\n\n\n<p><strong>Participa\u00e7\u00e3o em Chamadas P\u00fablicas de Efici\u00eancia Energ\u00e9tica<\/strong><\/p>\n\n\n\n<p>As chamadas p\u00fablicas de efici\u00eancia energ\u00e9tica s\u00e3o editais promovidos pelas distribuidoras de energia que promovem o financiamento de projetos de eficientiza\u00e7\u00e3o de energia. A UFMG est\u00e1, neste segundo semestre de 2025, finalizando a contrata\u00e7\u00e3o de empresa para a instala\u00e7\u00e3o de usina fotovoltaica e de moderniza\u00e7\u00e3o da ilumina\u00e7\u00e3o do Laborat\u00f3rio de Aquacultura, dentro de acordo firmado com a CEMIG, a qual cobrir\u00e1 a maior parte dos custos da interven\u00e7\u00e3o.A UFMG est\u00e1 participando tamb\u00e9m do Projeto Minas LED II para a substitui\u00e7\u00e3o de ilumina\u00e7\u00e3o p\u00fablica ainda em vapor de s\u00f3dio do Campus Pampulha por lumin\u00e1ria LED, mais eficientes.<\/p>\n\n\n\n<p><strong>Moderniza\u00e7\u00e3o da Ilumina\u00e7\u00e3o<\/strong><\/p>\n\n\n\n<p>A UFMG tem investido na moderniza\u00e7\u00e3o da ilumina\u00e7\u00e3o p\u00fablica da UFMG. Desde o in\u00edcio da d\u00e9cada, todas as l\u00e2mpadas adquiridas s\u00e3o em LED. A troca tem sido realizada \u00e0 medida que as l\u00e2mpadas fluorescentes v\u00e3o se queimando. A l\u00e2mpada LED proporciona uma economia de at\u00e9 35% frente a uma equivalente fluorescente.<\/p>\n\n\n\n<p>Na ilumina\u00e7\u00e3o p\u00fablica, por exemplo, a troca de lumin\u00e1rias realizada at\u00e9 o momento j\u00e1 gerou a redu\u00e7\u00e3o de 40% no consumo de energia com ilumina\u00e7\u00e3o de vias do Campus Pampulha.<\/p>\n","protected":false},"excerpt":{"rendered":"<p>O fornecimento de energia el\u00e9trica \u00e0 UFMG \u00e9 realizado pela CEMIG Distribui\u00e7\u00e3o S.A., com a qual a Universidade firmou contrato ap\u00f3s licita\u00e7\u00e3o por inexigibilidade, dentro do ambiente de contrata\u00e7\u00e3o regulada \u2013 ACR. Lembrando que a UFMG n\u00e3o se resume ao Campus Pampulha \u2013 abrangendo tamb\u00e9m as unidades Campus Sa\u00fade, Campus ICA e Unidades Isoladas \u2013 [&hellip;]<\/p>\n","protected":false},"author":1,"featured_media":0,"parent":54,"menu_order":1,"comment_status":"closed","ping_status":"closed","template":"","meta":{"_acf_changed":false,"footnotes":""},"class_list":["post-94","page","type-page","status-publish","hentry"],"acf":[],"_links":{"self":[{"href":"https:\/\/www.ufmg.br\/sustentabilidade\/wp-json\/wp\/v2\/pages\/94"}],"collection":[{"href":"https:\/\/www.ufmg.br\/sustentabilidade\/wp-json\/wp\/v2\/pages"}],"about":[{"href":"https:\/\/www.ufmg.br\/sustentabilidade\/wp-json\/wp\/v2\/types\/page"}],"author":[{"embeddable":true,"href":"https:\/\/www.ufmg.br\/sustentabilidade\/wp-json\/wp\/v2\/users\/1"}],"replies":[{"embeddable":true,"href":"https:\/\/www.ufmg.br\/sustentabilidade\/wp-json\/wp\/v2\/comments?post=94"}],"version-history":[{"count":42,"href":"https:\/\/www.ufmg.br\/sustentabilidade\/wp-json\/wp\/v2\/pages\/94\/revisions"}],"predecessor-version":[{"id":2042,"href":"https:\/\/www.ufmg.br\/sustentabilidade\/wp-json\/wp\/v2\/pages\/94\/revisions\/2042"}],"up":[{"embeddable":true,"href":"https:\/\/www.ufmg.br\/sustentabilidade\/wp-json\/wp\/v2\/pages\/54"}],"wp:attachment":[{"href":"https:\/\/www.ufmg.br\/sustentabilidade\/wp-json\/wp\/v2\/media?parent=94"}],"curies":[{"name":"wp","href":"https:\/\/api.w.org\/{rel}","templated":true}]}}