{"id":111,"date":"2024-08-02T12:26:15","date_gmt":"2024-08-02T15:26:15","guid":{"rendered":"https:\/\/www.ufmg.br\/template\/?page_id=111"},"modified":"2025-09-24T17:25:40","modified_gmt":"2025-09-24T20:25:40","slug":"contato","status":"publish","type":"page","link":"https:\/\/www.ufmg.br\/ufmgacolhedora\/contato\/","title":{"rendered":"Contato"},"content":{"rendered":"\n<p>Uma UFMG acolhedora se faz com a participa\u00e7\u00e3o de todo mundo.<\/p>\n\n\n\n<p>Envie suas d\u00favidas, opini\u00f5es, sugest\u00f5es e posicionamentos para o email:<br><br><\/p>\n\n\n\n<h2 class=\"wp-block-heading has-text-align-left\"><strong>ufmg.acolhedora@gmail.com<\/strong><\/h2>\n\n\n\n<p><\/p>\n\n\n\n<p><\/p>\n","protected":false},"excerpt":{"rendered":"<p>Uma UFMG acolhedora se faz com a participa\u00e7\u00e3o de todo mundo. Envie suas d\u00favidas, opini\u00f5es, sugest\u00f5es e posicionamentos para o email: ufmg.acolhedora@gmail.com<\/p>\n","protected":false},"author":1,"featured_media":0,"parent":0,"menu_order":0,"comment_status":"closed","ping_status":"closed","template":"","meta":{"_acf_changed":false,"footnotes":""},"class_list":["post-111","page","type-page","status-publish","hentry"],"acf":[],"_links":{"self":[{"href":"https:\/\/www.ufmg.br\/ufmgacolhedora\/wp-json\/wp\/v2\/pages\/111"}],"collection":[{"href":"https:\/\/www.ufmg.br\/ufmgacolhedora\/wp-json\/wp\/v2\/pages"}],"about":[{"href":"https:\/\/www.ufmg.br\/ufmgacolhedora\/wp-json\/wp\/v2\/types\/page"}],"author":[{"embeddable":true,"href":"https:\/\/www.ufmg.br\/ufmgacolhedora\/wp-json\/wp\/v2\/users\/1"}],"replies":[{"embeddable":true,"href":"https:\/\/www.ufmg.br\/ufmgacolhedora\/wp-json\/wp\/v2\/comments?post=111"}],"version-history":[{"count":5,"href":"https:\/\/www.ufmg.br\/ufmgacolhedora\/wp-json\/wp\/v2\/pages\/111\/revisions"}],"predecessor-version":[{"id":297,"href":"https:\/\/www.ufmg.br\/ufmgacolhedora\/wp-json\/wp\/v2\/pages\/111\/revisions\/297"}],"wp:attachment":[{"href":"https:\/\/www.ufmg.br\/ufmgacolhedora\/wp-json\/wp\/v2\/media?parent=111"}],"curies":[{"name":"wp","href":"https:\/\/api.w.org\/{rel}","templated":true}]}}