{"id":311,"date":"2025-09-24T18:09:40","date_gmt":"2025-09-24T21:09:40","guid":{"rendered":"https:\/\/www.ufmg.br\/ufmgacolhedora\/?page_id=311"},"modified":"2025-09-24T18:09:40","modified_gmt":"2025-09-24T21:09:40","slug":"eleicao","status":"publish","type":"page","link":"https:\/\/www.ufmg.br\/ufmgacolhedora\/eleicao\/","title":{"rendered":"Elei\u00e7\u00e3o"},"content":{"rendered":"\n<p>No dia 21 de outubro de 2025, a comunidade universit\u00e1ria da UFMG ir\u00e1 \u00e0s urnas. \u00c9 o primeiro turno do processo de indica\u00e7\u00e3o de nomes dos futuros dirigentes, Reitor(a) e Vice-reitor(a), para compor a lista tr\u00edplice que o Col\u00e9gio Eleitoral da Universidade \u2013 composto pelo Conselho Universit\u00e1rio, pelo Conselho de Ensino, Pesquisa e Extens\u00e3o e pelo Conselho de Curadores \u2013 elabora a fim de subsidiar a escolha do Presidente da Rep\u00fablica, a quem cabe a nomea\u00e7\u00e3o do(a) Reitor(a) da UFMG.<\/p>\n\n\n\n<p>Podem votar servidores docentes e t\u00e9cnico-administrativos em educa\u00e7\u00e3o, estudantes de gradua\u00e7\u00e3o e de p\u00f3s-gradua\u00e7\u00e3o e os maiores de 16 anos da Escola de Educa\u00e7\u00e3o B\u00e1sica e Profissional completados at\u00e9 o primeiro dia da realiza\u00e7\u00e3o da consulta, inclusive.<\/p>\n\n\n\n<p>Para ter acesso a todas as informa\u00e7\u00f5es, acesse <a href=\"https:\/\/www.ufmg.br\/consulta2025\/\" data-type=\"link\" data-id=\"https:\/\/www.ufmg.br\/consulta2025\/\">https:\/\/www.ufmg.br\/consulta2025\/<\/a><\/p>\n","protected":false},"excerpt":{"rendered":"<p>No dia 21 de outubro de 2025, a comunidade universit\u00e1ria da UFMG ir\u00e1 \u00e0s urnas. \u00c9 o primeiro turno do processo de indica\u00e7\u00e3o de nomes dos futuros dirigentes, Reitor(a) e [&hellip;]<\/p>\n","protected":false},"author":3,"featured_media":0,"parent":0,"menu_order":0,"comment_status":"closed","ping_status":"closed","template":"","meta":{"_acf_changed":false,"footnotes":""},"class_list":["post-311","page","type-page","status-publish","hentry"],"acf":[],"_links":{"self":[{"href":"https:\/\/www.ufmg.br\/ufmgacolhedora\/wp-json\/wp\/v2\/pages\/311"}],"collection":[{"href":"https:\/\/www.ufmg.br\/ufmgacolhedora\/wp-json\/wp\/v2\/pages"}],"about":[{"href":"https:\/\/www.ufmg.br\/ufmgacolhedora\/wp-json\/wp\/v2\/types\/page"}],"author":[{"embeddable":true,"href":"https:\/\/www.ufmg.br\/ufmgacolhedora\/wp-json\/wp\/v2\/users\/3"}],"replies":[{"embeddable":true,"href":"https:\/\/www.ufmg.br\/ufmgacolhedora\/wp-json\/wp\/v2\/comments?post=311"}],"version-history":[{"count":1,"href":"https:\/\/www.ufmg.br\/ufmgacolhedora\/wp-json\/wp\/v2\/pages\/311\/revisions"}],"predecessor-version":[{"id":312,"href":"https:\/\/www.ufmg.br\/ufmgacolhedora\/wp-json\/wp\/v2\/pages\/311\/revisions\/312"}],"wp:attachment":[{"href":"https:\/\/www.ufmg.br\/ufmgacolhedora\/wp-json\/wp\/v2\/media?parent=311"}],"curies":[{"name":"wp","href":"https:\/\/api.w.org\/{rel}","templated":true}]}}