{"id":83,"date":"2024-08-02T09:37:52","date_gmt":"2024-08-02T12:37:52","guid":{"rendered":"https:\/\/www.ufmg.br\/template\/?page_id=83"},"modified":"2025-09-24T13:30:11","modified_gmt":"2025-09-24T16:30:11","slug":"quemsomos","status":"publish","type":"page","link":"https:\/\/www.ufmg.br\/ufmgacolhedora\/quemsomos\/","title":{"rendered":"Quem somos"},"content":{"rendered":"\n<div class=\"wp-block-media-text is-stacked-on-mobile is-vertically-aligned-top\"><figure class=\"wp-block-media-text__media\"><img loading=\"lazy\" decoding=\"async\" width=\"999\" height=\"1024\" src=\"https:\/\/www.ufmg.br\/ufmgacolhedora\/wp-content\/uploads\/2025\/09\/ALESSANDRO-FERNANDES-E-ALAMANDA-KFOURY-FOTOS-JEBS-LIMA-11-09-25-7-e1758584469390-999x1024.jpg\" alt=\"\" class=\"wp-image-183 size-full\" srcset=\"https:\/\/www.ufmg.br\/ufmgacolhedora\/wp-content\/uploads\/2025\/09\/ALESSANDRO-FERNANDES-E-ALAMANDA-KFOURY-FOTOS-JEBS-LIMA-11-09-25-7-e1758584469390-999x1024.jpg 999w, https:\/\/www.ufmg.br\/ufmgacolhedora\/wp-content\/uploads\/2025\/09\/ALESSANDRO-FERNANDES-E-ALAMANDA-KFOURY-FOTOS-JEBS-LIMA-11-09-25-7-e1758584469390-293x300.jpg 293w, https:\/\/www.ufmg.br\/ufmgacolhedora\/wp-content\/uploads\/2025\/09\/ALESSANDRO-FERNANDES-E-ALAMANDA-KFOURY-FOTOS-JEBS-LIMA-11-09-25-7-e1758584469390-768x787.jpg 768w, https:\/\/www.ufmg.br\/ufmgacolhedora\/wp-content\/uploads\/2025\/09\/ALESSANDRO-FERNANDES-E-ALAMANDA-KFOURY-FOTOS-JEBS-LIMA-11-09-25-7-e1758584469390.jpg 1415w\" sizes=\"(max-width: 999px) 100vw, 999px\" \/><\/figure><div class=\"wp-block-media-text__content\">\n<p>Professor Titular do Departamento de Engenharia El\u00e9trica da UFMG, <strong>Alessandro Fernandes Moreira <\/strong>exerce o cargo de Vice-Reitor da institui\u00e7\u00e3o desde 2018, tendo se dedicado \u00e0 gest\u00e3o administrativa da universidade e atuando em pautas estrat\u00e9gicas como assist\u00eancia estudantil, sa\u00fade mental, sustentabilidade e transi\u00e7\u00e3o energ\u00e9tica.<\/p>\n\n\n\n<p>Graduado e Mestre em Engenharia El\u00e9trica pela Universidade Federal de Minas Gerais, Alessandro Fernandes Moreira concluiu seu Ph.D. em Engenharia El\u00e9trica pela University of Wisconsin-Madison.&nbsp;<\/p>\n<\/div><\/div>\n\n\n\n<p>Em sua trajet\u00f3ria acad\u00eamica, ocupou cargos de lideran\u00e7a importantes, como a Coordena\u00e7\u00e3o do Curso de Gradua\u00e7\u00e3o em Engenharia El\u00e9trica (2002-2010), a Vice-Diretoria (2010-2014) e a Diretoria (2014-2018) da Escola de Engenharia da UFMG. Al\u00e9m disso, coordenou e participou de diversos projetos de pesquisa e extens\u00e3o, como o Projeto Alberto Santos Dumont e o conv\u00eanio com a University of California-Berkeley.<\/p>\n\n\n\n<p>Alessandro tamb\u00e9m atuou em conselhos de relev\u00e2ncia nacional, como diretor da Sociedade Mineira de Engenheiros (SME) e membro do Col\u00e9gio Estadual de Institui\u00e7\u00f5es de Ensino do CREA-Minas. Na UFMG, preside a Comiss\u00e3o Permanente de Sa\u00fade Mental e o Comit\u00ea Gestor da Fazenda Modelo de Pedro Leopoldo. Ele tamb\u00e9m coordena o Programa de Inova\u00e7\u00e3o para Educa\u00e7\u00e3o em Engenharia &#8211; ENG200, refletindo seu compromisso com a inova\u00e7\u00e3o e o empreendedorismo na \u00e1rea.<\/p>\n\n\n\n<p>Movido pela vontade de promover o bem-estar e o desenvolvimento na comunidade universit\u00e1ria, Alessandro acredita que a integra\u00e7\u00e3o entre ensino, pesquisa, extens\u00e3o e inova\u00e7\u00e3o \u00e9 capaz de ser o propulsor para uma universidade mais inclusiva, sustent\u00e1vel e preparada para os desafios do futuro.<\/p>\n\n\n\n<hr class=\"wp-block-separator has-alpha-channel-opacity is-style-dots\"\/>\n\n\n\n<div class=\"wp-block-media-text is-stacked-on-mobile is-vertically-aligned-top\"><figure class=\"wp-block-media-text__media\"><img loading=\"lazy\" decoding=\"async\" width=\"1022\" height=\"1009\" src=\"https:\/\/www.ufmg.br\/ufmgacolhedora\/wp-content\/uploads\/2025\/09\/ALESSANDRO-FERNANDES-E-ALAMANDA-KFOURY-FOTOS-JEBS-LIMA-11-09-25-29-e1758584670442-edited.jpg\" alt=\"\" class=\"wp-image-267 size-full\" srcset=\"https:\/\/www.ufmg.br\/ufmgacolhedora\/wp-content\/uploads\/2025\/09\/ALESSANDRO-FERNANDES-E-ALAMANDA-KFOURY-FOTOS-JEBS-LIMA-11-09-25-29-e1758584670442-edited.jpg 1022w, https:\/\/www.ufmg.br\/ufmgacolhedora\/wp-content\/uploads\/2025\/09\/ALESSANDRO-FERNANDES-E-ALAMANDA-KFOURY-FOTOS-JEBS-LIMA-11-09-25-29-e1758584670442-edited-300x296.jpg 300w, https:\/\/www.ufmg.br\/ufmgacolhedora\/wp-content\/uploads\/2025\/09\/ALESSANDRO-FERNANDES-E-ALAMANDA-KFOURY-FOTOS-JEBS-LIMA-11-09-25-29-e1758584670442-edited-768x758.jpg 768w\" sizes=\"(max-width: 1022px) 100vw, 1022px\" \/><\/figure><div class=\"wp-block-media-text__content\">\n<p><strong>Alamanda Kfouri Pereira<\/strong>, Professora Titular da Faculdade de Medicina da UFMG, exerce o cargo de Diretora da unidade desde 2022. Antes disso, foi vice-diretora de 2018 a 2022, dedicando-se \u00e0 gest\u00e3o administrativa e a pautas estrat\u00e9gicas nas \u00e1reas de ensino, pesquisa e extens\u00e3o.<\/p>\n\n\n\n<p>Graduada em Medicina, possui Resid\u00eancia em Ginecologia e Obstetr\u00edcia e concluiu seu Mestrado e Doutorado em Perinatologia (Obstetr\u00edcia e Medicina Fetal), realizados no Programa de P\u00f3s Gradua\u00e7\u00e3o em Sa\u00fade da Mulher na UFMG.&nbsp;<\/p>\n\n\n\n<p><\/p>\n<\/div><\/div>\n\n\n\n<div class=\"wp-block-group\"><div class=\"wp-block-group__inner-container is-layout-constrained wp-block-group-is-layout-constrained\">\n<div class=\"wp-block-group is-vertical is-layout-flex wp-container-core-group-is-layout-1 wp-block-group-is-layout-flex\">\n<p>Em sua trajet\u00f3ria acad\u00eamica, ocupou importantes cargos de lideran\u00e7a, como Sub-Chefe do Departamento de Ginecologia e Obstetr\u00edcia (2010-2012), Coordenadora do Curso de Medicina (2012-2016) e Sub-Coordenadora do Programa de P\u00f3s-Gradua\u00e7\u00e3o em Sa\u00fade da Mulher (2008-2012). Tamb\u00e9m coordenou e participou de diversos projetos de pesquisa e extens\u00e3o, incluindo o Programa Multidisciplinar de Estudos sobre o Parto Seguro e iniciativas ligadas ao Centro de Medicina Fetal do HC-UFMG.<\/p>\n\n\n\n<p>Alamanda atuou em comiss\u00f5es de relev\u00e2ncia na institui\u00e7\u00e3o, como a Comiss\u00e3o Permanente de Avalia\u00e7\u00e3o (CPA) e a Comiss\u00e3o de Revalida\u00e7\u00e3o de Diplomas Estrangeiros. Na Faculdade de Medicina, ela \u00e9 professora efetiva do Departamento de Ginecologia e Obstetr\u00edcia (GOB) desde 1996 e atua como preceptora de residentes em Ginecologia, Obstetr\u00edcia e Medicina Fetal no HC-UFMG desde 1990.<\/p>\n\n\n\n<p>Movida pela vontade de promover o bem-estar e o desenvolvimento na comunidade universit\u00e1ria, Alamanda acredita que a integra\u00e7\u00e3o entre ensino, pesquisa, extens\u00e3o e inova\u00e7\u00e3o \u00e9 o motor para uma universidade mais inclusiva, sustent\u00e1vel e preparada para os desafios do futuro.<\/p>\n<\/div>\n<\/div><\/div>\n","protected":false},"excerpt":{"rendered":"<p>Professor Titular do Departamento de Engenharia El\u00e9trica da UFMG, Alessandro Fernandes Moreira exerce o cargo de Vice-Reitor da institui\u00e7\u00e3o desde 2018, tendo se dedicado \u00e0 gest\u00e3o administrativa da universidade e [&hellip;]<\/p>\n","protected":false},"author":1,"featured_media":182,"parent":0,"menu_order":0,"comment_status":"closed","ping_status":"closed","template":"","meta":{"_acf_changed":false,"footnotes":""},"class_list":["post-83","page","type-page","status-publish","has-post-thumbnail","hentry"],"acf":[],"_links":{"self":[{"href":"https:\/\/www.ufmg.br\/ufmgacolhedora\/wp-json\/wp\/v2\/pages\/83"}],"collection":[{"href":"https:\/\/www.ufmg.br\/ufmgacolhedora\/wp-json\/wp\/v2\/pages"}],"about":[{"href":"https:\/\/www.ufmg.br\/ufmgacolhedora\/wp-json\/wp\/v2\/types\/page"}],"author":[{"embeddable":true,"href":"https:\/\/www.ufmg.br\/ufmgacolhedora\/wp-json\/wp\/v2\/users\/1"}],"replies":[{"embeddable":true,"href":"https:\/\/www.ufmg.br\/ufmgacolhedora\/wp-json\/wp\/v2\/comments?post=83"}],"version-history":[{"count":6,"href":"https:\/\/www.ufmg.br\/ufmgacolhedora\/wp-json\/wp\/v2\/pages\/83\/revisions"}],"predecessor-version":[{"id":270,"href":"https:\/\/www.ufmg.br\/ufmgacolhedora\/wp-json\/wp\/v2\/pages\/83\/revisions\/270"}],"wp:featuredmedia":[{"embeddable":true,"href":"https:\/\/www.ufmg.br\/ufmgacolhedora\/wp-json\/wp\/v2\/media\/182"}],"wp:attachment":[{"href":"https:\/\/www.ufmg.br\/ufmgacolhedora\/wp-json\/wp\/v2\/media?parent=83"}],"curies":[{"name":"wp","href":"https:\/\/api.w.org\/{rel}","templated":true}]}}