{"id":228,"date":"2021-05-30T15:14:43","date_gmt":"2021-05-30T18:14:43","guid":{"rendered":"https:\/\/www.ufmg.br\/ufmgjovem\/2021\/?page_id=228"},"modified":"2021-05-30T15:14:43","modified_gmt":"2021-05-30T18:14:43","slug":"mostra-educacao-e-saude","status":"publish","type":"page","link":"https:\/\/www.ufmg.br\/ufmgjovem\/2021\/mostra-educacao-e-saude\/","title":{"rendered":"Mostra Educa\u00e7\u00e3o e Sa\u00fade"},"content":{"rendered":"","protected":false},"excerpt":{"rendered":"","protected":false},"author":1,"featured_media":0,"parent":0,"menu_order":0,"comment_status":"closed","ping_status":"closed","template":"","meta":{"spay_email":""},"_links":{"self":[{"href":"https:\/\/www.ufmg.br\/ufmgjovem\/2021\/wp-json\/wp\/v2\/pages\/228"}],"collection":[{"href":"https:\/\/www.ufmg.br\/ufmgjovem\/2021\/wp-json\/wp\/v2\/pages"}],"about":[{"href":"https:\/\/www.ufmg.br\/ufmgjovem\/2021\/wp-json\/wp\/v2\/types\/page"}],"author":[{"embeddable":true,"href":"https:\/\/www.ufmg.br\/ufmgjovem\/2021\/wp-json\/wp\/v2\/users\/1"}],"replies":[{"embeddable":true,"href":"https:\/\/www.ufmg.br\/ufmgjovem\/2021\/wp-json\/wp\/v2\/comments?post=228"}],"version-history":[{"count":1,"href":"https:\/\/www.ufmg.br\/ufmgjovem\/2021\/wp-json\/wp\/v2\/pages\/228\/revisions"}],"predecessor-version":[{"id":229,"href":"https:\/\/www.ufmg.br\/ufmgjovem\/2021\/wp-json\/wp\/v2\/pages\/228\/revisions\/229"}],"wp:attachment":[{"href":"https:\/\/www.ufmg.br\/ufmgjovem\/2021\/wp-json\/wp\/v2\/media?parent=228"}],"curies":[{"name":"wp","href":"https:\/\/api.w.org\/{rel}","templated":true}]}}