{"id":230,"date":"2021-05-30T15:15:33","date_gmt":"2021-05-30T18:15:33","guid":{"rendered":"https:\/\/www.ufmg.br\/ufmgjovem\/2021\/?page_id=230"},"modified":"2021-09-09T08:51:34","modified_gmt":"2021-09-09T11:51:34","slug":"desafio","status":"publish","type":"page","link":"https:\/\/www.ufmg.br\/ufmgjovem\/2021\/desafio\/","title":{"rendered":"Desafio"},"content":{"rendered":"<p align=\"justify\">Como seria a vida na Terra se ela parasse de girar? Ou se a Lua n\u00e3o aparecesse durante a noite? Como seria se n\u00e3o existissem doen\u00e7as, viol\u00eancia ou pobreza? E como seria se nenhum animal estivesse em extin\u00e7\u00e3o?<\/p>\n<p align=\"justify\">\u201c<b>Como seria a vida na Terra se\u2026\u201d <\/b>\u00e9 o tema do Desafio da 22\u00aa UFMG Jovem! Os participantes usaram a criatividade e expressaram suas ideias em forma de <a href=\"https:\/\/www.ufmg.br\/ufmgjovem\/2021\/desafio\/textos-do-desafio\/\" target=\"_blank\" rel=\"noopener\"><b>texto<\/b><\/a>,<b> <\/b><a href=\"https:\/\/www.ufmg.br\/ufmgjovem\/2021\/desafio\/desenhos\/\" target=\"_blank\" rel=\"noopener\"><b>desenho<\/b><\/a>,<b> <\/b><a href=\"https:\/\/www.ufmg.br\/ufmgjovem\/2021\/desafio\/desafio-em-video\/\" target=\"_blank\" rel=\"noopener\"><b>v\u00eddeo <\/b><\/a>ou<b> <a href=\"https:\/\/www.ufmg.br\/ufmgjovem\/2021\/desafio\/audio\/\" target=\"_blank\" rel=\"noopener\">\u00e1udio<\/a>.<\/b><\/p>\n","protected":false},"excerpt":{"rendered":"<p>Como seria a vida na Terra se ela parasse de [&hellip;]<\/p>\n","protected":false},"author":1,"featured_media":0,"parent":0,"menu_order":0,"comment_status":"closed","ping_status":"closed","template":"","meta":{"spay_email":""},"_links":{"self":[{"href":"https:\/\/www.ufmg.br\/ufmgjovem\/2021\/wp-json\/wp\/v2\/pages\/230"}],"collection":[{"href":"https:\/\/www.ufmg.br\/ufmgjovem\/2021\/wp-json\/wp\/v2\/pages"}],"about":[{"href":"https:\/\/www.ufmg.br\/ufmgjovem\/2021\/wp-json\/wp\/v2\/types\/page"}],"author":[{"embeddable":true,"href":"https:\/\/www.ufmg.br\/ufmgjovem\/2021\/wp-json\/wp\/v2\/users\/1"}],"replies":[{"embeddable":true,"href":"https:\/\/www.ufmg.br\/ufmgjovem\/2021\/wp-json\/wp\/v2\/comments?post=230"}],"version-history":[{"count":5,"href":"https:\/\/www.ufmg.br\/ufmgjovem\/2021\/wp-json\/wp\/v2\/pages\/230\/revisions"}],"predecessor-version":[{"id":955,"href":"https:\/\/www.ufmg.br\/ufmgjovem\/2021\/wp-json\/wp\/v2\/pages\/230\/revisions\/955"}],"wp:attachment":[{"href":"https:\/\/www.ufmg.br\/ufmgjovem\/2021\/wp-json\/wp\/v2\/media?parent=230"}],"curies":[{"name":"wp","href":"https:\/\/api.w.org\/{rel}","templated":true}]}}