{"id":241,"date":"2021-05-30T15:24:12","date_gmt":"2021-05-30T18:24:12","guid":{"rendered":"https:\/\/www.ufmg.br\/ufmgjovem\/2021\/?page_id=241"},"modified":"2021-09-09T08:49:32","modified_gmt":"2021-09-09T11:49:32","slug":"exploraufmg-jovem","status":"publish","type":"page","link":"https:\/\/www.ufmg.br\/ufmgjovem\/2021\/exploraufmg-jovem\/","title":{"rendered":"#ExploraUFMG"},"content":{"rendered":"<p><strong>Como participar?<\/strong><\/p>\n<p><a href=\"https:\/\/www.ufmg.br\/ufmgjovem\/2021\/exploraufmg-jovem\/videos-do-explora\/\" target=\"_blank\" rel=\"noopener\">Acesse os v\u00eddeos<\/a> e conhe\u00e7a alguns lugares da UFMG, <em>campus<\/em> Belo Horizonte, <em>campus<\/em> Tiradentes e <em>campus<\/em> Montes Claros, que recebem estudantes e profissionais da educa\u00e7\u00e3o b\u00e1sica para oficinas, cursos, di\u00e1logos sobre ci\u00eancias, atividades online e muito mais!<\/p>\n<p><strong>Assista a mesa-redonda de lan\u00e7amento do Explora 2021<\/strong><\/p>\n<p><iframe loading=\"lazy\" title=\"YouTube video player\" src=\"https:\/\/www.youtube.com\/embed\/gJZbxv13wVY\" width=\"560\" height=\"315\" frameborder=\"0\" allowfullscreen=\"allowfullscreen\"><\/iframe><\/p>\n<p><strong>Professoras participantes:<\/strong><\/p>\n<p><strong>Nilma Soares da Silva<\/strong> &#8211; Professora da Faculdade de Educa\u00e7\u00e3o da UFMG e coordenadora da Comiss\u00e3o para Discuss\u00e3o e Elabora\u00e7\u00e3o das Pol\u00edticas de Forma\u00e7\u00e3o Inicial e Continuada de Professores da Educa\u00e7\u00e3o B\u00e1sica da UFMG<\/p>\n<p><strong>Verona Segantini<\/strong> &#8211; Coordenadora do Campus Cultural da UFMG em Tiradentes<\/p>\n<p><strong>R\u00fabia Santos Fonseca<\/strong> &#8211; Coordenadora do Herb\u00e1rio do Norte Mineiro no Campus da UFMG em Montes Claros<\/p>\n<p>&nbsp;<\/p>\n","protected":false},"excerpt":{"rendered":"<p>Como participar? Acesse os v\u00eddeos e conhe\u00e7a alguns lugares da [&hellip;]<\/p>\n","protected":false},"author":1,"featured_media":0,"parent":0,"menu_order":0,"comment_status":"closed","ping_status":"closed","template":"","meta":{"spay_email":""},"_links":{"self":[{"href":"https:\/\/www.ufmg.br\/ufmgjovem\/2021\/wp-json\/wp\/v2\/pages\/241"}],"collection":[{"href":"https:\/\/www.ufmg.br\/ufmgjovem\/2021\/wp-json\/wp\/v2\/pages"}],"about":[{"href":"https:\/\/www.ufmg.br\/ufmgjovem\/2021\/wp-json\/wp\/v2\/types\/page"}],"author":[{"embeddable":true,"href":"https:\/\/www.ufmg.br\/ufmgjovem\/2021\/wp-json\/wp\/v2\/users\/1"}],"replies":[{"embeddable":true,"href":"https:\/\/www.ufmg.br\/ufmgjovem\/2021\/wp-json\/wp\/v2\/comments?post=241"}],"version-history":[{"count":16,"href":"https:\/\/www.ufmg.br\/ufmgjovem\/2021\/wp-json\/wp\/v2\/pages\/241\/revisions"}],"predecessor-version":[{"id":954,"href":"https:\/\/www.ufmg.br\/ufmgjovem\/2021\/wp-json\/wp\/v2\/pages\/241\/revisions\/954"}],"wp:attachment":[{"href":"https:\/\/www.ufmg.br\/ufmgjovem\/2021\/wp-json\/wp\/v2\/media?parent=241"}],"curies":[{"name":"wp","href":"https:\/\/api.w.org\/{rel}","templated":true}]}}