{"id":695,"date":"2021-09-01T17:18:12","date_gmt":"2021-09-01T20:18:12","guid":{"rendered":"https:\/\/www.ufmg.br\/ufmgjovem\/2021\/?page_id=695"},"modified":"2021-09-08T21:14:49","modified_gmt":"2021-09-09T00:14:49","slug":"trabalhos-mostra-educacao-e-saude","status":"publish","type":"page","link":"https:\/\/www.ufmg.br\/ufmgjovem\/2021\/trabalhos-mostra-educacao-e-saude\/","title":{"rendered":"Trabalhos Mostra Educa\u00e7\u00e3o e Sa\u00fade"},"content":{"rendered":"<h2>Ensino Fundamental<\/h2>\n<table dir=\"ltr\" border=\"1\" cellspacing=\"0\" cellpadding=\"0\">\n<colgroup>\n<col width=\"355\" \/>\n<col width=\"355\" \/>\n<col width=\"112\" \/><\/colgroup>\n<tbody>\n<tr style=\"background-color: #757575;\">\n<td data-sheets-value=\"{&quot;1&quot;:2,&quot;2&quot;:&quot;TRABALHO&quot;}\"><span style=\"color: #ffffff;\"><strong>TRABALHO<\/strong><\/span><\/td>\n<td data-sheets-value=\"{&quot;1&quot;:2,&quot;2&quot;:&quot;ESCOLA&quot;}\"><span style=\"color: #ffffff;\"><strong>ESCOLA<\/strong><\/span><\/td>\n<td data-sheets-value=\"{&quot;1&quot;:2,&quot;2&quot;:&quot;CIDADE&quot;}\"><span style=\"color: #ffffff;\"><strong>CIDADE<\/strong><\/span><\/td>\n<\/tr>\n<tr>\n<td data-sheets-value=\"{&quot;1&quot;:2,&quot;2&quot;:&quot;A autonomia de estudantes na produ\u00e7\u00e3o e divulga\u00e7\u00e3o de conte\u00fado cient\u00edfico&quot;}\" data-sheets-formula=\"=HIPERLINK(R[0]C[3];R[0]C[-2])\" data-sheets-hyperlink=\"https:\/\/youtu.be\/_cCqS48-dPQ\"><a class=\"in-cell-link\" href=\"https:\/\/youtu.be\/_cCqS48-dPQ\" target=\"_blank\" rel=\"noopener\">A autonomia de estudantes na produ\u00e7\u00e3o e divulga\u00e7\u00e3o de conte\u00fado cient\u00edfico<\/a><\/td>\n<td data-sheets-value=\"{&quot;1&quot;:2,&quot;2&quot;:&quot;Escola Estadual Professora Francisca Malheiros&quot;}\">Escola Estadual Professora Francisca Malheiros<\/td>\n<td data-sheets-value=\"{&quot;1&quot;:2,&quot;2&quot;:&quot;Belo Horizonte&quot;}\">Belo Horizonte<\/td>\n<\/tr>\n<tr>\n<td data-sheets-value=\"{&quot;1&quot;:2,&quot;2&quot;:&quot;Guia de elabora\u00e7\u00e3o de uma olimp\u00edada interdisciplinar sobre o corpo humano&quot;}\" data-sheets-formula=\"=HIPERLINK(R[0]C[3];R[0]C[-2])\" data-sheets-hyperlink=\"https:\/\/www.youtube.com\/watch?v=txcKvJLLQ9M\"><a class=\"in-cell-link\" href=\"https:\/\/www.youtube.com\/watch?v=txcKvJLLQ9M\" target=\"_blank\" rel=\"noopener\">Guia de elabora\u00e7\u00e3o de uma olimp\u00edada interdisciplinar sobre o corpo humano<\/a><\/td>\n<td data-sheets-value=\"{&quot;1&quot;:2,&quot;2&quot;:&quot;Escola Municipal Levindo Mariano&quot;}\">Escola Municipal Levindo Mariano<\/td>\n<td data-sheets-value=\"{&quot;1&quot;:2,&quot;2&quot;:&quot;Ipatinga&quot;}\">Ipatinga<\/td>\n<\/tr>\n<tr>\n<td data-sheets-value=\"{&quot;1&quot;:2,&quot;2&quot;:&quot;Observar, experimentar e sentir: por uma experi\u00eancia que nos toque&quot;}\" data-sheets-formula=\"=HIPERLINK(R[0]C[3];R[0]C[-2])\" data-sheets-hyperlink=\"https:\/\/youtu.be\/QNMCBA43eN0\"><a class=\"in-cell-link\" href=\"https:\/\/youtu.be\/QNMCBA43eN0\" target=\"_blank\" rel=\"noopener\">Observar, experimentar e sentir: por uma experi\u00eancia que nos toque<\/a><\/td>\n<td data-sheets-value=\"{&quot;1&quot;:2,&quot;2&quot;:&quot;Escola Municipal Francisca de Paula&quot;}\">Escola Municipal Francisca de Paula<\/td>\n<td data-sheets-value=\"{&quot;1&quot;:2,&quot;2&quot;:&quot;Belo Horizonte&quot;}\">Belo Horizonte<\/td>\n<\/tr>\n<tr>\n<td data-sheets-value=\"{&quot;1&quot;:2,&quot;2&quot;:&quot;Uma sequ\u00eancia de ensino sobre o tema gerador parasitoses e a produ\u00e7\u00e3o de v\u00eddeos&quot;}\" data-sheets-formula=\"=HIPERLINK(R[0]C[3];R[0]C[-2])\" data-sheets-hyperlink=\"https:\/\/youtu.be\/TO-BaAwgkSY\"><a class=\"in-cell-link\" href=\"https:\/\/youtu.be\/TO-BaAwgkSY\" target=\"_blank\" rel=\"noopener\">Uma sequ\u00eancia de ensino sobre o tema gerador parasitoses e a produ\u00e7\u00e3o de v\u00eddeos<\/a><\/td>\n<td data-sheets-value=\"{&quot;1&quot;:2,&quot;2&quot;:&quot;Escola Municipal Jos\u00e9 Elias da Costa&quot;}\">Escola Municipal Jos\u00e9 Elias da Costa<\/td>\n<td data-sheets-value=\"{&quot;1&quot;:2,&quot;2&quot;:&quot;Pedro Leopoldo&quot;}\">Pedro Leopoldo<\/td>\n<\/tr>\n<\/tbody>\n<\/table>\n<h2>Ensino M\u00e9dio<\/h2>\n<table dir=\"ltr\" border=\"1\" cellspacing=\"0\" cellpadding=\"0\">\n<colgroup>\n<col width=\"355\" \/>\n<col width=\"355\" \/>\n<col width=\"112\" \/><\/colgroup>\n<tbody>\n<tr style=\"background-color: #757575;\">\n<td data-sheets-value=\"{&quot;1&quot;:2,&quot;2&quot;:&quot;TRABALHO&quot;}\"><span style=\"color: #ffffff;\"><strong>TRABALHO<\/strong><\/span><\/td>\n<td data-sheets-value=\"{&quot;1&quot;:2,&quot;2&quot;:&quot;ESCOLA&quot;}\"><span style=\"color: #ffffff;\"><strong>ESCOLA<\/strong><\/span><\/td>\n<td data-sheets-value=\"{&quot;1&quot;:2,&quot;2&quot;:&quot;CIDADE&quot;}\"><span style=\"color: #ffffff;\"><strong>CIDADE<\/strong><\/span><\/td>\n<\/tr>\n<tr>\n<td data-sheets-value=\"{&quot;1&quot;:2,&quot;2&quot;:&quot;A receita perfeita&quot;}\" data-sheets-formula=\"=HIPERLINK(R[0]C[3];R[0]C[-2])\" data-sheets-hyperlink=\"https:\/\/youtu.be\/_94cLT5UIJo\"><a class=\"in-cell-link\" href=\"https:\/\/youtu.be\/_94cLT5UIJo\" target=\"_blank\" rel=\"noopener\">A receita perfeita<\/a><\/td>\n<td data-sheets-value=\"{&quot;1&quot;:2,&quot;2&quot;:&quot;Funda\u00e7\u00e3o de Ensino de Contagem (Unidade Cruzeiro do Sul)&quot;}\">Funda\u00e7\u00e3o de Ensino de Contagem (Unidade Cruzeiro do Sul)<\/td>\n<td data-sheets-value=\"{&quot;1&quot;:2,&quot;2&quot;:&quot;Contagem&quot;}\">Contagem<\/td>\n<\/tr>\n<tr>\n<td data-sheets-value=\"{&quot;1&quot;:2,&quot;2&quot;:&quot;A respira\u00e7\u00e3o celular e funcionalidade das biomol\u00e9culas envolvidas no corpo humano&quot;}\" data-sheets-formula=\"=HIPERLINK(R[0]C[3];R[0]C[-2])\" data-sheets-hyperlink=\"https:\/\/youtu.be\/DC4kNf1iB8E\"><a class=\"in-cell-link\" href=\"https:\/\/youtu.be\/DC4kNf1iB8E\" target=\"_blank\" rel=\"noopener\">A respira\u00e7\u00e3o celular e funcionalidade das biomol\u00e9culas envolvidas no corpo humano<\/a><\/td>\n<td data-sheets-value=\"{&quot;1&quot;:2,&quot;2&quot;:&quot;Col\u00e9gio Tiradentes da PMMG&quot;}\">Col\u00e9gio Tiradentes da PMMG<\/td>\n<td data-sheets-value=\"{&quot;1&quot;:2,&quot;2&quot;:&quot;Belo Horizonte&quot;}\">Belo Horizonte<\/td>\n<\/tr>\n<tr>\n<td data-sheets-value=\"{&quot;1&quot;:2,&quot;2&quot;:&quot;As transexualidades e as a\u00e7\u00f5es de uma escola p\u00fablica em Sete Lagoas&quot;}\" data-sheets-formula=\"=HIPERLINK(R[0]C[3];R[0]C[-2])\" data-sheets-hyperlink=\"https:\/\/youtu.be\/MsWzGr6mrGo\"><a class=\"in-cell-link\" href=\"https:\/\/youtu.be\/MsWzGr6mrGo\" target=\"_blank\" rel=\"noopener\">As transexualidades e as a\u00e7\u00f5es de uma escola p\u00fablica em Sete Lagoas<\/a><\/td>\n<td data-sheets-value=\"{&quot;1&quot;:2,&quot;2&quot;:&quot;Escola Estadual Prefeito Zico Paiva&quot;}\">Escola Estadual Prefeito Zico Paiva<\/td>\n<td data-sheets-value=\"{&quot;1&quot;:2,&quot;2&quot;:&quot;Sete Lagoas&quot;}\">Sete Lagoas<\/td>\n<\/tr>\n<tr>\n<td data-sheets-value=\"{&quot;1&quot;:2,&quot;2&quot;:&quot;Criando uma ferramenta para auxiliar na aprendizagem do tema respira\u00e7\u00e3o celular&quot;}\" data-sheets-formula=\"=HIPERLINK(R[0]C[3];R[0]C[-2])\" data-sheets-hyperlink=\"https:\/\/youtu.be\/f69etYaTN_k\"><a class=\"in-cell-link\" href=\"https:\/\/youtu.be\/f69etYaTN_k\" target=\"_blank\" rel=\"noopener\">Criando uma ferramenta para auxiliar na aprendizagem do tema respira\u00e7\u00e3o celular<\/a><\/td>\n<td data-sheets-value=\"{&quot;1&quot;:2,&quot;2&quot;:&quot;Escola Estadual Professor Jo\u00e3o Fernandino J\u00fanior&quot;}\">Escola Estadual Professor Jo\u00e3o Fernandino J\u00fanior<\/td>\n<td data-sheets-value=\"{&quot;1&quot;:2,&quot;2&quot;:&quot;Sete Lagoas&quot;}\">Sete Lagoas<\/td>\n<\/tr>\n<tr>\n<td data-sheets-value=\"{&quot;1&quot;:2,&quot;2&quot;:&quot;Estimativa populacional para compreens\u00e3o do fen\u00f4meno de extin\u00e7\u00e3o&quot;}\" data-sheets-formula=\"=HIPERLINK(R[0]C[3];R[0]C[-2])\" data-sheets-hyperlink=\"https:\/\/youtu.be\/EIVWyK-BYv8\"><a class=\"in-cell-link\" href=\"https:\/\/youtu.be\/EIVWyK-BYv8\" target=\"_blank\" rel=\"noopener\">Estimativa populacional para compreens\u00e3o do fen\u00f4meno de extin\u00e7\u00e3o<\/a><\/td>\n<td data-sheets-value=\"{&quot;1&quot;:2,&quot;2&quot;:&quot;Escola Estadual Francisco Menezes Filho&quot;}\">Escola Estadual Francisco Menezes Filho<\/td>\n<td data-sheets-value=\"{&quot;1&quot;:2,&quot;2&quot;:&quot;Belo Horizonte&quot;}\">Belo Horizonte<\/td>\n<\/tr>\n<tr>\n<td data-sheets-value=\"{&quot;1&quot;:2,&quot;2&quot;:&quot;Gravidez precoce e IST\u2019s: Um olhar sobre eventos complexos&quot;}\" data-sheets-formula=\"=HIPERLINK(R[0]C[3];R[0]C[-2])\" data-sheets-hyperlink=\"https:\/\/youtu.be\/3PrFRj0KAwE\"><a class=\"in-cell-link\" href=\"https:\/\/youtu.be\/3PrFRj0KAwE\" target=\"_blank\" rel=\"noopener\">Gravidez precoce e IST\u2019s: Um olhar sobre eventos complexos<\/a><\/td>\n<td data-sheets-value=\"{&quot;1&quot;:2,&quot;2&quot;:&quot;Escola Estadual Dr Pedro Paulo Neto&quot;}\">Escola Estadual Dr Pedro Paulo Neto<\/td>\n<td data-sheets-value=\"{&quot;1&quot;:2,&quot;2&quot;:&quot;Divino&quot;}\">Divino<\/td>\n<\/tr>\n<tr>\n<td data-sheets-value=\"{&quot;1&quot;:2,&quot;2&quot;:&quot;Identifica\u00e7\u00e3o do cronotipo e sua interfer\u00eancia no desempenho cognitivo&quot;}\" data-sheets-formula=\"=HIPERLINK(R[0]C[3];R[0]C[-2])\" data-sheets-hyperlink=\"https:\/\/www.youtube.com\/watch?v=F6_a2Li6BEw\"><a class=\"in-cell-link\" href=\"https:\/\/www.youtube.com\/watch?v=F6_a2Li6BEw\" target=\"_blank\" rel=\"noopener\">Identifica\u00e7\u00e3o do cronotipo e sua interfer\u00eancia no desempenho cognitivo<\/a><\/td>\n<td data-sheets-value=\"{&quot;1&quot;:2,&quot;2&quot;:&quot;Col\u00e9gio Padr\u00e3o&quot;}\">Col\u00e9gio Padr\u00e3o<\/td>\n<td data-sheets-value=\"{&quot;1&quot;:2,&quot;2&quot;:&quot;Tr\u00eas Cora\u00e7\u00f5es&quot;}\">Tr\u00eas Cora\u00e7\u00f5es<\/td>\n<\/tr>\n<tr>\n<td data-sheets-value=\"{&quot;1&quot;:2,&quot;2&quot;:&quot;Imunidade: Uma hist\u00f3ria em quadrinhos (HQ) para falar de vacina anti Covid 19&quot;}\" data-sheets-formula=\"=HIPERLINK(R[0]C[3];R[0]C[-2])\" data-sheets-hyperlink=\"https:\/\/youtu.be\/ZdTCtcJJOis\"><a class=\"in-cell-link\" href=\"https:\/\/youtu.be\/ZdTCtcJJOis\" target=\"_blank\" rel=\"noopener\">Imunidade: Uma hist\u00f3ria em quadrinhos (HQ) para falar de vacina anti Covid 19<\/a><\/td>\n<td data-sheets-value=\"{&quot;1&quot;:2,&quot;2&quot;:&quot;Escola Estadual Professora Dilma Quadros&quot;}\">Escola Estadual Professora Dilma Quadros<\/td>\n<td data-sheets-value=\"{&quot;1&quot;:2,&quot;2&quot;:&quot;Montes Claros&quot;}\">Montes Claros<\/td>\n<\/tr>\n<tr>\n<td data-sheets-value=\"{&quot;1&quot;:2,&quot;2&quot;:&quot;IMUNO BATLLE: um jogo educativo resultado do protagonismo estudantil&quot;}\" data-sheets-formula=\"=HIPERLINK(R[0]C[3];R[0]C[-2])\" data-sheets-hyperlink=\"https:\/\/youtu.be\/IOdlEMbRgOI\"><a class=\"in-cell-link\" href=\"https:\/\/youtu.be\/IOdlEMbRgOI\" target=\"_blank\" rel=\"noopener\">IMUNO BATLLE: um jogo educativo resultado do protagonismo estudantil<\/a><\/td>\n<td data-sheets-value=\"{&quot;1&quot;:2,&quot;2&quot;:&quot;Escola Estadual Monsenhor Horta&quot;}\">Escola Estadual Monsenhor Horta<\/td>\n<td data-sheets-value=\"{&quot;1&quot;:2,&quot;2&quot;:&quot;Conselheiro Lafaiete&quot;}\">Conselheiro Lafaiete<\/td>\n<\/tr>\n<tr>\n<td data-sheets-value=\"{&quot;1&quot;:2,&quot;2&quot;:&quot;Investigando a digest\u00e3o em n\u00edvel biomolecular e sua rela\u00e7\u00e3o com o sistema imune&quot;}\" data-sheets-formula=\"=HIPERLINK(R[0]C[3];R[0]C[-2])\" data-sheets-hyperlink=\"https:\/\/www.youtube.com\/watch?v=VySidsQyIig\"><a class=\"in-cell-link\" href=\"https:\/\/www.youtube.com\/watch?v=VySidsQyIig\" target=\"_blank\" rel=\"noopener\">Investigando a digest\u00e3o em n\u00edvel biomolecular e sua rela\u00e7\u00e3o com o sistema imune<\/a><\/td>\n<td data-sheets-value=\"{&quot;1&quot;:2,&quot;2&quot;:&quot;Instituto de Educa\u00e7\u00e3o de Minas Gerais&quot;}\">Instituto de Educa\u00e7\u00e3o de Minas Gerais<\/td>\n<td data-sheets-value=\"{&quot;1&quot;:2,&quot;2&quot;:&quot;Belo Horizonte&quot;}\">Belo Horizonte<\/td>\n<\/tr>\n<tr>\n<td data-sheets-value=\"{&quot;1&quot;:2,&quot;2&quot;:&quot;Mapa conceitual dos diferentes tipos de mat\u00e9ria org\u00e2nica na compostagem&quot;}\" data-sheets-formula=\"=HIPERLINK(R[0]C[3];R[0]C[-2])\" data-sheets-hyperlink=\"https:\/\/youtu.be\/3mmSbyBRllI\"><a class=\"in-cell-link\" href=\"https:\/\/youtu.be\/3mmSbyBRllI\" target=\"_blank\" rel=\"noopener\">Mapa conceitual dos diferentes tipos de mat\u00e9ria org\u00e2nica na compostagem<\/a><\/td>\n<td data-sheets-value=\"{&quot;1&quot;:2,&quot;2&quot;:&quot;Escola Estadual Laudieme Vaz de Melo&quot;}\">Escola Estadual Laudieme Vaz de Melo<\/td>\n<td data-sheets-value=\"{&quot;1&quot;:2,&quot;2&quot;:&quot;Belo Horizonte&quot;}\">Belo Horizonte<\/td>\n<\/tr>\n<tr>\n<td data-sheets-value=\"{&quot;1&quot;:2,&quot;2&quot;:&quot;Produ\u00e7\u00e3o de uma anima\u00e7\u00e3o interativa para o estudo do Novo Coronav\u00edrus&quot;}\" data-sheets-formula=\"=HIPERLINK(R[0]C[3];R[0]C[-2])\" data-sheets-hyperlink=\"https:\/\/www.youtube.com\/watch?v=midxyY4KXfU\"><a class=\"in-cell-link\" href=\"https:\/\/www.youtube.com\/watch?v=midxyY4KXfU\" target=\"_blank\" rel=\"noopener\">Produ\u00e7\u00e3o de uma anima\u00e7\u00e3o interativa para o estudo do Novo Coronav\u00edrus<\/a><\/td>\n<td data-sheets-value=\"{&quot;1&quot;:2,&quot;2&quot;:&quot;Escola Estadual Professor Bolivar de Freitas&quot;}\">Escola Estadual Professor Bolivar de Freitas<\/td>\n<td data-sheets-value=\"{&quot;1&quot;:2,&quot;2&quot;:&quot;Belo Horizonte&quot;}\">Belo Horizonte<\/td>\n<\/tr>\n<tr>\n<td data-sheets-value=\"{&quot;1&quot;:2,&quot;2&quot;:&quot;Proposta de aula pr\u00e1tica: a\u00e7\u00e3o enzim\u00e1tica da bromelina e ptialina&quot;}\" data-sheets-formula=\"=HIPERLINK(R[0]C[3];R[0]C[-2])\" data-sheets-hyperlink=\"https:\/\/youtu.be\/skIYFA5RgXo\"><a class=\"in-cell-link\" href=\"https:\/\/youtu.be\/skIYFA5RgXo\" target=\"_blank\" rel=\"noopener\">Proposta de aula pr\u00e1tica: a\u00e7\u00e3o enzim\u00e1tica da bromelina e ptialina<\/a><\/td>\n<td data-sheets-value=\"{&quot;1&quot;:2,&quot;2&quot;:&quot;Escola Estadual Padre Ant\u00f4nio Vieira&quot;}\">Escola Estadual Padre Ant\u00f4nio Vieira<\/td>\n<td data-sheets-value=\"{&quot;1&quot;:2,&quot;2&quot;:&quot;Santos Dumont&quot;}\">Santos Dumont<\/td>\n<\/tr>\n<tr>\n<td data-sheets-value=\"{&quot;1&quot;:2,&quot;2&quot;:&quot;Sequ\u00eancia did\u00e1tica sobre respira\u00e7\u00e3o celular&quot;}\" data-sheets-formula=\"=HIPERLINK(R[0]C[3];R[0]C[-2])\" data-sheets-hyperlink=\"https:\/\/youtu.be\/bLGy6q6CC6A\"><a class=\"in-cell-link\" href=\"https:\/\/youtu.be\/bLGy6q6CC6A\" target=\"_blank\" rel=\"noopener\">Sequ\u00eancia did\u00e1tica sobre respira\u00e7\u00e3o celular<\/a><\/td>\n<td data-sheets-value=\"{&quot;1&quot;:2,&quot;2&quot;:&quot;CIEP 456 Professor Marcos Costa Reis Dutra&quot;}\">CIEP 456 Professor Marcos Costa Reis Dutra<\/td>\n<td data-sheets-value=\"{&quot;1&quot;:2,&quot;2&quot;:&quot;Tr\u00eas Rios&quot;}\">Tr\u00eas Rios<\/td>\n<\/tr>\n<tr>\n<td data-sheets-value=\"{&quot;1&quot;:2,&quot;2&quot;:&quot;Tratamento de \u00e1gua e estudo de enteroparasitoses: divulgando sa\u00fade no Instagram&quot;}\" data-sheets-formula=\"=HIPERLINK(R[0]C[3];R[0]C[-2])\" data-sheets-hyperlink=\"https:\/\/youtu.be\/dLeC9_X2_Hc\"><a class=\"in-cell-link\" href=\"https:\/\/youtu.be\/dLeC9_X2_Hc\" target=\"_blank\" rel=\"noopener\">Tratamento de \u00e1gua e estudo de enteroparasitoses: divulgando sa\u00fade no Instagram<\/a><\/td>\n<td data-sheets-value=\"{&quot;1&quot;:2,&quot;2&quot;:&quot;Estadual Padre Vicente Carvalho&quot;}\">Estadual Padre Vicente Carvalho<\/td>\n<td data-sheets-value=\"{&quot;1&quot;:2,&quot;2&quot;:&quot;Presidente Bernardes&quot;}\">Presidente Bernardes<\/td>\n<\/tr>\n<tr>\n<td data-sheets-value=\"{&quot;1&quot;:2,&quot;2&quot;:&quot;Unidade did\u00e1tica para estudar influ\u00eancia da temperatura na atividade enzim\u00e1tica&quot;}\" data-sheets-formula=\"=HIPERLINK(R[0]C[3];R[0]C[-2])\" data-sheets-hyperlink=\"https:\/\/youtu.be\/b31EsPpnMZg\"><a class=\"in-cell-link\" href=\"https:\/\/youtu.be\/b31EsPpnMZg\" target=\"_blank\" rel=\"noopener\">Unidade did\u00e1tica para estudar influ\u00eancia da temperatura na atividade enzim\u00e1tica<\/a><\/td>\n<td data-sheets-value=\"{&quot;1&quot;:2,&quot;2&quot;:&quot;Escola Estadual Prefeito Ant\u00f4nio Arruda&quot;}\">Escola Estadual Prefeito Ant\u00f4nio Arruda<\/td>\n<td data-sheets-value=\"{&quot;1&quot;:2,&quot;2&quot;:&quot;Guiricema&quot;}\">Guiricema<\/td>\n<\/tr>\n<tr>\n<td data-sheets-value=\"{&quot;1&quot;:2,&quot;2&quot;:&quot;Voc\u00ea no combate ao Aedes aegypti&quot;}\" data-sheets-formula=\"=HIPERLINK(R[0]C[3];R[0]C[-2])\" data-sheets-hyperlink=\"https:\/\/youtu.be\/ZB26B2WhsfA\"><a class=\"in-cell-link\" href=\"https:\/\/youtu.be\/ZB26B2WhsfA\" target=\"_blank\" rel=\"noopener\">Voc\u00ea no combate ao Aedes aegypti<\/a><\/td>\n<td data-sheets-value=\"{&quot;1&quot;:2,&quot;2&quot;:&quot;Centro Interescolar de Cultura, Arte, Linguagens e Tecnologias (CICALT)&quot;}\">Centro Interescolar de Cultura, Arte, Linguagens e Tecnologias (CICALT)<\/td>\n<td data-sheets-value=\"{&quot;1&quot;:2,&quot;2&quot;:&quot;Belo Horizonte&quot;}\">Belo Horizonte<\/td>\n<\/tr>\n<\/tbody>\n<\/table>\n","protected":false},"excerpt":{"rendered":"<p>Ensino Fundamental TRABALHO ESCOLA CIDADE A autonomia de estudantes na [&hellip;]<\/p>\n","protected":false},"author":1,"featured_media":0,"parent":0,"menu_order":0,"comment_status":"closed","ping_status":"closed","template":"","meta":{"spay_email":""},"_links":{"self":[{"href":"https:\/\/www.ufmg.br\/ufmgjovem\/2021\/wp-json\/wp\/v2\/pages\/695"}],"collection":[{"href":"https:\/\/www.ufmg.br\/ufmgjovem\/2021\/wp-json\/wp\/v2\/pages"}],"about":[{"href":"https:\/\/www.ufmg.br\/ufmgjovem\/2021\/wp-json\/wp\/v2\/types\/page"}],"author":[{"embeddable":true,"href":"https:\/\/www.ufmg.br\/ufmgjovem\/2021\/wp-json\/wp\/v2\/users\/1"}],"replies":[{"embeddable":true,"href":"https:\/\/www.ufmg.br\/ufmgjovem\/2021\/wp-json\/wp\/v2\/comments?post=695"}],"version-history":[{"count":5,"href":"https:\/\/www.ufmg.br\/ufmgjovem\/2021\/wp-json\/wp\/v2\/pages\/695\/revisions"}],"predecessor-version":[{"id":942,"href":"https:\/\/www.ufmg.br\/ufmgjovem\/2021\/wp-json\/wp\/v2\/pages\/695\/revisions\/942"}],"wp:attachment":[{"href":"https:\/\/www.ufmg.br\/ufmgjovem\/2021\/wp-json\/wp\/v2\/media?parent=695"}],"curies":[{"name":"wp","href":"https:\/\/api.w.org\/{rel}","templated":true}]}}