{"id":971,"date":"2021-09-13T10:17:48","date_gmt":"2021-09-13T13:17:48","guid":{"rendered":"https:\/\/www.ufmg.br\/ufmgjovem\/2021\/?page_id=971"},"modified":"2021-10-25T18:36:01","modified_gmt":"2021-10-25T21:36:01","slug":"trabalhos-premiados","status":"publish","type":"page","link":"https:\/\/www.ufmg.br\/ufmgjovem\/2021\/feira-da-educacao-basica\/trabalhos-premiados\/","title":{"rendered":"Trabalhos Premiados &#8211; 22a Feira da Educa\u00e7\u00e3o B\u00e1sica"},"content":{"rendered":"<h2>Educa\u00e7\u00e3o Infantil<\/h2>\n<p><a href=\"https:\/\/www.youtube.com\/watch?v=o7ljrHcRyLk\" target=\"_blank\" rel=\"noopener\">\u201cInf\u00e2ncias e di\u00e1logos na transforma\u00e7\u00e3o do contexto escolar\u201d<\/a><br \/>\nEscola Municipal de Educa\u00e7\u00e3o Infantil Engenho Nogueira<br \/>\nBelo Horizonte<br \/>\nProfa Larissa Borges Rocha<\/p>\n<h2>Ensino Fundamental<\/h2>\n<h3>Destaque da \u00c1rea Ci\u00eancias Agr\u00e1rias, Ci\u00eancias Exatas e da Terra e Engenharias<\/h3>\n<p><a href=\"https:\/\/youtu.be\/97z1Qn4V16Y\" target=\"_blank\" rel=\"noopener\">\u201cUm plano para salvar o planeta: Rob\u00f4 Natubot e o lixo pl\u00e1stico\u201d<\/a><br \/>\nCentro Pedag\u00f3gico da UFMG<br \/>\nBelo Horizonte<br \/>\nProfa Isabelle Constance Maciel<\/p>\n<h3>Destaque da \u00c1rea Ci\u00eancias Biol\u00f3gicas e Ci\u00eancias da Sa\u00fade<\/h3>\n<p><a href=\"https:\/\/www.youtube.com\/watch?v=SXJpAKICRwQ\" target=\"_blank\" rel=\"noopener\">\u201cMacroalgas em cativeiro: poss\u00edvel recurso para melhora da qualidade do ar\u201d<\/a><br \/>\nEscola de Educa\u00e7\u00e3o B\u00e1sica da Universidade Federal de Uberl\u00e2ndia<br \/>\nUberl\u00e2ndia<br \/>\nProfa Aline Carrijo de Oliveira<\/p>\n<h3>Destaque da \u00c1rea Ci\u00eancias Humanas, Ci\u00eancias Sociais Aplicadas e Lingu\u00edstica, Letras e Artes<\/h3>\n<p><a href=\"https:\/\/youtu.be\/k2z8v61Jei4\" target=\"_blank\" rel=\"noopener\">\u201cYvy Mar\u00e3 E\u2019 Y- outros tempos poss\u00edveis: arte e cultura ind\u00edgena na sala de aula\u201d<\/a><br \/>\nEscola Municipal Dom Orione<br \/>\nBelo Horizonte<br \/>\nProfa Patr\u00edcia Martins Campos<\/p>\n<h3>3.\u00ba Lugar &#8211; Ensino Fundamental<\/h3>\n<p><a href=\"https:\/\/youtu.be\/Od4sYQGGzis\" target=\"_blank\" rel=\"noopener\">\u201cA Escola do Parque e os Jovens Descobridores\u201d<\/a><br \/>\nEscola Municipal L\u00eddia Ang\u00e9lica<br \/>\nBelo Horizonte<br \/>\nProf.a Adriane Aparecida dos Santos<\/p>\n<h3>2.\u00ba Lugar &#8211; Ensino Fundamental<\/h3>\n<p><a href=\"https:\/\/youtu.be\/inX9nVa0a7k\" target=\"_blank\" rel=\"noopener\">\u201cLiteratura e Educa\u00e7\u00e3o Antirracista\u201d<\/a><br \/>\nCentro Pedag\u00f3gico da UFMG<br \/>\nBelo Horizonte<br \/>\nProfa Renata Amaral<\/p>\n<h3>1.\u00ba Lugar &#8211; Ensino Fundamental<\/h3>\n<p><a href=\"https:\/\/youtu.be\/25eHxQLpLjg\" target=\"_blank\" rel=\"noopener\">\u201cA Voz da EMIP: O Jornal Estudantil da Escola Municipal IsraelPinheiro\u201d<\/a><br \/>\nEscola Municipal Israel Pinheiro<br \/>\nBelo Horizonte<br \/>\nProfa Amanda Guerra Valad\u00e3o<\/p>\n<h2>Ensino M\u00e9dio<\/h2>\n<h3>Destaque da \u00c1rea Ci\u00eancias Agr\u00e1rias, Ci\u00eancias Exatas e da Terra e Engenharias<\/h3>\n<p><a href=\"https:\/\/youtu.be\/YJI4PH2cnhY\" target=\"_blank\" rel=\"noopener\">\u201cProte\u00e7\u00e3o ao meio ambiente: reutiliza\u00e7\u00e3o de fezes e pl\u00e1stico\u201d<\/a><br \/>\nEscola Estadual Celso Machado<br \/>\nBelo Horizonte<br \/>\nProf. Norberto Akio Kawakami<\/p>\n<h3>Destaque da \u00c1rea Ci\u00eancias Biol\u00f3gicas e Ci\u00eancias da Sa\u00fade<\/h3>\n<p><a href=\"https:\/\/youtu.be\/-D7kyaeFGus\" target=\"_blank\" rel=\"noopener\">\u201cComo deve ser feito o descarte dos medicamentos e de suas embalagens?\u201d<\/a><br \/>\nEscola Estadual Doutor Arthur Bernardes<br \/>\nSete Lagoas<br \/>\nProfa Aline Miranda da Silva<\/p>\n<h3>Destaque da \u00c1rea Ci\u00eancias Humanas, Ci\u00eancias Sociais Aplicadas e Lingu\u00edstica, Letras e Artes<\/h3>\n<p><a href=\"https:\/\/www.youtube.com\/watch?v=CNQaTG_pI98&amp;ab_channel=GEPIT2021\" target=\"_blank\" rel=\"noopener\">\u201cPossibilidades e interven\u00e7\u00e3o para o combate \u00e0 pobreza menstrual: MapMyNeed\u201d<\/a><br \/>\nEscola de Educa\u00e7\u00e3o B\u00e1sica da Universidade Federal de Uberl\u00e2ndia<br \/>\nUberl\u00e2ndia<br \/>\nProf. Pedro Henrique Pereira Gon\u00e7alves<\/p>\n<h3>3.\u00ba Lugar &#8211; Ensino M\u00e9dio<\/h3>\n<p><a href=\"https:\/\/www.youtube.com\/watch?v=dxx5Dcn_GKc\" target=\"_blank\" rel=\"noopener\">\u201cO desafio de produzir articula\u00e7\u00f5es entre escola e servi\u00e7os de sa\u00fade mental\u201d<\/a><br \/>\nFunda\u00e7\u00e3o de Ensino de Contagem (Unidade Inconfidentes)<br \/>\nContagem<br \/>\nProf.a M\u00f4nica Garcia Pontes<\/p>\n<h3>2.\u00ba Lugar &#8211; Ensino M\u00e9dio<\/h3>\n<p><a href=\"https:\/\/youtu.be\/ZPgZsj1Dy30\" target=\"_blank\" rel=\"noopener\">\u201cA influ\u00eancia da infraestrutura na atividade f\u00edsica de lazer\u201d<\/a><br \/>\nCol\u00e9gio Militar de Belo Horizonte<br \/>\nBelo Horizonte<br \/>\nProf. Luciano Antonacci Condess a<\/p>\n<h3>1.\u00ba Lugar &#8211; Ensino M\u00e9dio<\/h3>\n<p><a href=\"https:\/\/www.youtube.com\/watch?v=mWgC8vkzL-A\" target=\"_blank\" rel=\"noopener\">\u201cMOVI.SE: a m\u00fasica como ferramenta de bem-estar\u201d<\/a><br \/>\nCol\u00e9gio Santa Maria Minas (Unidade Betim)<br \/>\nBetim<br \/>\nProf. Daniel de Moraes Lima<\/p>\n","protected":false},"excerpt":{"rendered":"<p>Educa\u00e7\u00e3o Infantil \u201cInf\u00e2ncias e di\u00e1logos na transforma\u00e7\u00e3o do contexto escolar\u201d [&hellip;]<\/p>\n","protected":false},"author":1,"featured_media":0,"parent":222,"menu_order":0,"comment_status":"closed","ping_status":"closed","template":"","meta":{"spay_email":""},"_links":{"self":[{"href":"https:\/\/www.ufmg.br\/ufmgjovem\/2021\/wp-json\/wp\/v2\/pages\/971"}],"collection":[{"href":"https:\/\/www.ufmg.br\/ufmgjovem\/2021\/wp-json\/wp\/v2\/pages"}],"about":[{"href":"https:\/\/www.ufmg.br\/ufmgjovem\/2021\/wp-json\/wp\/v2\/types\/page"}],"author":[{"embeddable":true,"href":"https:\/\/www.ufmg.br\/ufmgjovem\/2021\/wp-json\/wp\/v2\/users\/1"}],"replies":[{"embeddable":true,"href":"https:\/\/www.ufmg.br\/ufmgjovem\/2021\/wp-json\/wp\/v2\/comments?post=971"}],"version-history":[{"count":5,"href":"https:\/\/www.ufmg.br\/ufmgjovem\/2021\/wp-json\/wp\/v2\/pages\/971\/revisions"}],"predecessor-version":[{"id":991,"href":"https:\/\/www.ufmg.br\/ufmgjovem\/2021\/wp-json\/wp\/v2\/pages\/971\/revisions\/991"}],"up":[{"embeddable":true,"href":"https:\/\/www.ufmg.br\/ufmgjovem\/2021\/wp-json\/wp\/v2\/pages\/222"}],"wp:attachment":[{"href":"https:\/\/www.ufmg.br\/ufmgjovem\/2021\/wp-json\/wp\/v2\/media?parent=971"}],"curies":[{"name":"wp","href":"https:\/\/api.w.org\/{rel}","templated":true}]}}