{"id":973,"date":"2021-09-13T10:22:44","date_gmt":"2021-09-13T13:22:44","guid":{"rendered":"https:\/\/www.ufmg.br\/ufmgjovem\/2021\/?page_id=973"},"modified":"2021-09-13T10:35:44","modified_gmt":"2021-09-13T13:35:44","slug":"trabalhos-premiados","status":"publish","type":"page","link":"https:\/\/www.ufmg.br\/ufmgjovem\/2021\/mostra-educacao-e-saude\/trabalhos-premiados\/","title":{"rendered":"Trabalhos Premiados &#8211; 2a Mostra Educa\u00e7\u00e3o e Sa\u00fade"},"content":{"rendered":"<h2>Ensino Fundamental<\/h2>\n<h3>3.\u00ba Lugar &#8211; Ensino Fundamental<\/h3>\n<p><a href=\"https:\/\/youtu.be\/QNMCBA43eN0\" target=\"_blank\" rel=\"noopener\">\u201cObservar, experimentar e sentir: por uma experi\u00eancia que nos toque\u201d<\/a><br \/>\nEscola Municipal Francisca de Paula<br \/>\nBelo Horizonte<br \/>\nProfa Akemi Miqueline Takahashi<\/p>\n<h3>2.\u00ba Lugar &#8211; Ensino Fundamental<\/h3>\n<p><a href=\"https:\/\/youtu.be\/TO-BaAwgkSY\" target=\"_blank\" rel=\"noopener\">\u201cUma sequ\u00eancia de ensino sobre o tema gerador parasitoses e a produ\u00e7\u00e3o de v\u00eddeos\u201d<\/a><br \/>\nEscola Municipal Jos\u00e9 Elias da Costa<br \/>\nPedro Leopoldo<br \/>\nProfa Jana\u00edna Ferreira Hudson Borges<\/p>\n<h3>1.\u00ba Lugar &#8211; Ensino Fundamental<\/h3>\n<p><a href=\"https:\/\/youtu.be\/_cCqS48-dPQ\" target=\"_blank\" rel=\"noopener\">\u201cA autonomia de estudantes na produ\u00e7\u00e3o e divulga\u00e7\u00e3o de conte\u00fado cient\u00edfico\u201d<\/a><br \/>\nEscola Estadual Professora Francisca Malheiros<br \/>\nBelo Horizonte<br \/>\nProf. S\u00e9rgio Geraldo Torquato de Oliveira<\/p>\n<h2>Ensino M\u00e9dio<\/h2>\n<h3>Destaque<\/h3>\n<p><a href=\"https:\/\/youtu.be\/dLeC9_X2_Hc\" target=\"_blank\" rel=\"noopener\">\u201cTratamento de \u00e1gua e estudo de enteroparasitoses: divulgando sa\u00fade no Instagram\u201d<\/a><br \/>\nEscola Estadual Padre Vicente Carvalho<br \/>\nPresidente Bernardes<br \/>\nProfa Is\u00e2ngela Rodrigues Bastos<\/p>\n<h3>4.\u00ba Lugar &#8211; Ensino M\u00e9dio<\/h3>\n<p><a href=\"https:\/\/youtu.be\/DC4kNf1iB8E\" target=\"_blank\" rel=\"noopener\">\u201cA respira\u00e7\u00e3o celular e funcionalidade das biomol\u00e9culas envolvidas no corpo humano\u201d<\/a><br \/>\nCol\u00e9gio Tiradentes da PMMG<br \/>\nBelo Horizonte<br \/>\nProfa Luciana de Pinho Tavares Sousa<\/p>\n<h3>3.\u00ba Lugar &#8211; Ensino M\u00e9dio<\/h3>\n<p><a href=\"https:\/\/youtu.be\/ZB26B2WhsfA\" target=\"_blank\" rel=\"noopener\">\u201cVoc\u00ea no combate ao Aedes aegypti\u201d<\/a><br \/>\nCentro Interescolar de Cultura, Arte, Linguagens e Tecnologias (CICALT)<br \/>\nBelo Horizonte<br \/>\nProf. Jer\u00f4nimo Agostinho Freire<\/p>\n<h3>2.\u00ba Lugar &#8211; Ensino M\u00e9dio<\/h3>\n<p><a href=\"https:\/\/youtu.be\/_94cLT5UIJo\" target=\"_blank\" rel=\"noopener\">\u201cA receita perfeita\u201d<\/a><br \/>\nFunda\u00e7\u00e3o de Ensino de Contagem (Unidade Cruzeiro do Sul)<br \/>\nContagem<br \/>\nProf.a Fl\u00e1via Rodrigues<\/p>\n<h3>1.\u00ba Lugar &#8211; Ensino M\u00e9dio<\/h3>\n<p><a href=\"https:\/\/youtu.be\/b31EsPpnMZg\" target=\"_blank\" rel=\"noopener\">\u201cUnidade did\u00e1tica para estudar influ\u00eancia da temperatura na atividade enzim\u00e1tica\u201d<\/a><br \/>\nEscola Estadual Prefeito Ant\u00f4nio Arruda<br \/>\nGuiricema<br \/>\nProf.a \u00c9rica da Silva de Faria<\/p>\n","protected":false},"excerpt":{"rendered":"<p>Ensino Fundamental 3.\u00ba Lugar &#8211; Ensino Fundamental \u201cObservar, experimentar e [&hellip;]<\/p>\n","protected":false},"author":1,"featured_media":0,"parent":228,"menu_order":0,"comment_status":"closed","ping_status":"closed","template":"","meta":{"spay_email":""},"_links":{"self":[{"href":"https:\/\/www.ufmg.br\/ufmgjovem\/2021\/wp-json\/wp\/v2\/pages\/973"}],"collection":[{"href":"https:\/\/www.ufmg.br\/ufmgjovem\/2021\/wp-json\/wp\/v2\/pages"}],"about":[{"href":"https:\/\/www.ufmg.br\/ufmgjovem\/2021\/wp-json\/wp\/v2\/types\/page"}],"author":[{"embeddable":true,"href":"https:\/\/www.ufmg.br\/ufmgjovem\/2021\/wp-json\/wp\/v2\/users\/1"}],"replies":[{"embeddable":true,"href":"https:\/\/www.ufmg.br\/ufmgjovem\/2021\/wp-json\/wp\/v2\/comments?post=973"}],"version-history":[{"count":4,"href":"https:\/\/www.ufmg.br\/ufmgjovem\/2021\/wp-json\/wp\/v2\/pages\/973\/revisions"}],"predecessor-version":[{"id":983,"href":"https:\/\/www.ufmg.br\/ufmgjovem\/2021\/wp-json\/wp\/v2\/pages\/973\/revisions\/983"}],"up":[{"embeddable":true,"href":"https:\/\/www.ufmg.br\/ufmgjovem\/2021\/wp-json\/wp\/v2\/pages\/228"}],"wp:attachment":[{"href":"https:\/\/www.ufmg.br\/ufmgjovem\/2021\/wp-json\/wp\/v2\/media?parent=973"}],"curies":[{"name":"wp","href":"https:\/\/api.w.org\/{rel}","templated":true}]}}