{"id":2377,"date":"2024-10-07T10:46:30","date_gmt":"2024-10-07T13:46:30","guid":{"rendered":"https:\/\/www.ufmg.br\/ufmgjovem\/?page_id=2377"},"modified":"2024-10-07T11:10:31","modified_gmt":"2024-10-07T14:10:31","slug":"videos-e-audios","status":"publish","type":"page","link":"https:\/\/www.ufmg.br\/ufmgjovem\/videos-e-audios\/","title":{"rendered":"V\u00eddeos e \u00e1udios"},"content":{"rendered":"<p>Kailanny Let\u00edcia Vit\u00f3ria do Carmo Silva, Escola Estadual Maur\u00edlio Albanese Novaes, Ensino M\u00e9dio\/T\u00e9cnico<\/p>\n<p><iframe loading=\"lazy\" src=\"\/\/www.youtube.com\/embed\/tNTh6tywNus?feature=shared\" width=\"560\" height=\"314\" allowfullscreen=\"allowfullscreen\"><\/iframe><\/p>\n<p>Gabrielly Victoria Barbosa dos Santos, Emanoele Santos da Silva, Maria Gabriella Farias Viera, Escola Estadual Coronel Am\u00e9rico Teixeira Guimar\u00e3e, Ensino M\u00e9dio\/T\u00e9cnico<\/p>\n<p><iframe loading=\"lazy\" src=\"\/\/www.youtube.com\/embed\/P1rJLYlePjQ\" width=\"560\" height=\"314\" allowfullscreen=\"allowfullscreen\"><\/iframe><\/p>\n<p>Mariana Monteiro de Melo, Institudo Educacional Saramenha, Anos iniciais do Ensino Fundamental<\/p>\n<p><iframe loading=\"lazy\" src=\"\/\/www.youtube.com\/embed\/ONarTDoUwjA\" width=\"560\" height=\"314\" allowfullscreen=\"allowfullscreen\"><\/iframe><\/p>\n<p><span data-sheets-root=\"1\">Marcelle Catarine Gon\u00e7alves Ferreira, Escola Municipal M\u00e1rio Diniz Pontes, Anos iniciais do Ensino Fundamental<\/span><\/p>\n<p><iframe loading=\"lazy\" src=\"\/\/www.youtube.com\/embed\/8jL_X71QsQY\" width=\"560\" height=\"314\" allowfullscreen=\"allowfullscreen\"><\/iframe><\/p>\n<p>Anna Karolyne Silva de Paula, Anne Mirele Silva Luz, J\u00e9ssica Carla Ferreira da Silva, Jo\u00e3o Lucas Ferreira Patr\u00edcio, Maria Clara Quint\u00e3o Marcos, Miguel Coelho Eug\u00eanio, Escola Nossa Senhora do Sagrado Cora\u00e7\u00e3o, Ensino M\u00e9dio\/T\u00e9cnico<\/p>\n<p><iframe loading=\"lazy\" src=\"\/\/www.youtube.com\/embed\/ec4aXt_OP-U?feature=shared\" width=\"560\" height=\"314\" allowfullscreen=\"allowfullscreen\"><\/iframe><\/p>\n<p>Ana Luiza Pereira Lima, Escola Municipal Val\u00e9rio Ferreira Palhares, Anos finais do Ensino Fundamental<\/p>\n<p><iframe loading=\"lazy\" src=\"\/\/www.youtube.com\/embed\/zJ0Sje5vSJU?feature=shared\" width=\"560\" height=\"314\" allowfullscreen=\"allowfullscreen\"><\/iframe><\/p>\n<p>Enzo Gabriel, Gael Paulo, Luana Sophia, Maya Machado, Lu\u00edsa Rosenberg, Miguel Silva, Th\u00e9o Rocha, Theo Anchieta, Alice Galdino, Alice Grasinoli, Alice V\u00edtoria, Catarina Alves, Helena Gon\u00e7alves, Jo\u00e3o Pedro, Marina Horta, Liz Gomes, Matheus Guimar\u00e3es, Miguel Cerqueira, Paulo Marcos, Pedro Amaral, Rosa Maria, Teresa Coelho, Escola Municipal Paulo Mendes Campos CEI Imaculada, Educa\u00e7\u00e3o Infantil<\/p>\n<p><iframe loading=\"lazy\" src=\"\/\/www.youtube.com\/embed\/NZpNyRUZETg?si=BWEDrQN_4J3jeAbS\" width=\"560\" height=\"314\" allowfullscreen=\"allowfullscreen\"><\/iframe><\/p>\n<p>Eduardo Rodrigues Amaral dos Santos, Emanuelly Pimenta Nogueira, Isabela Rodrigues Amaral, Jos\u00e9 Dimitry Soares da Costa, Kauany Aparecida Santos da Silva, Larissa Vit\u00f3ria Camargos, Marielly Christina Pereira da Silva, Nilson Gon\u00e7alves da Silva J\u00fanior, Yasmin Aparecida Silveira Rosa, Escola Estadual &#8220;Deir\u00f3 Eun\u00e1pio Borges&#8221;, Ensino M\u00e9dio\/T\u00e9cnico<\/p>\n<p><iframe loading=\"lazy\" src=\"\/\/www.youtube.com\/embed\/Rm8tC4qIlrk\" width=\"560\" height=\"314\" allowfullscreen=\"allowfullscreen\"><\/iframe><\/p>\n<p>Rubens Clemente Pereira Neto, Jo\u00e3o Victor Junio de Sousa Gomes, Jo\u00e3o Vitor Lopes do Amaral, J\u00falia Vit\u00f3ria Lopes do Amaral, E.E Clara Chaves, Anos iniciais do Ensino Fundamental<\/p>\n<p><iframe loading=\"lazy\" src=\"\/\/www.youtube.com\/embed\/85VFYS57TFY\" width=\"560\" height=\"314\" allowfullscreen=\"allowfullscreen\"><\/iframe><\/p>\n<p>Guilherme Marques Pinheiro, Escola Estadual Joaquim Jos\u00e9 de Assun\u00e7\u00e3o, Anos finais do Ensino Fundamental<\/p>\n<p><iframe loading=\"lazy\" src=\"\/\/www.youtube.com\/embed\/uLQQPAbeA3c\" width=\"560\" height=\"314\" allowfullscreen=\"allowfullscreen\"><\/iframe><\/p>\n<p>Gabriel Freitas Santos, Centro Pedag\u00f3gico &#8211; CP\/UFMG, Anos iniciais do Ensino Fundamental<\/p>\n<p><iframe loading=\"lazy\" src=\"\/\/www.youtube.com\/embed\/yJ2kJj4UE1w\" width=\"560\" height=\"314\" allowfullscreen=\"allowfullscreen\"><\/iframe><\/p>\n<p>Let\u00edcia Sales Dos Reis, Centro Pedag\u00f3gico &#8211; UFMG, Anos finais do Ensino Fundamental<\/p>\n<p><iframe loading=\"lazy\" src=\"\/\/www.youtube.com\/embed\/ljk_qrBrwK0?si=3Ono4f3_CNQo144G\" width=\"560\" height=\"314\" allowfullscreen=\"allowfullscreen\"><\/iframe><\/p>\n<p>Beatriz da Silveira Rodrigues Cardoso, Centro Pedag\u00f3gico da UFMG, Anos finais do Ensino Fundamental<\/p>\n<p><a href=\"https:\/\/www.youtube.com\/shorts\/Oi1K8sdyKuU\">https:\/\/www.youtube.com\/shorts\/Oi1K8sdyKuU<\/a><\/p>\n<p>Nathany Helena Freitas da Silva, UFMG-CP, Anos finais do Ensino Fundamental<\/p>\n<p><a href=\"https:\/\/drive.google.com\/file\/d\/1OOdVfrqFq1cwImGry_52mAx7RJkuJsKM\/view?usp=sharing\">https:\/\/drive.google.com\/file\/d\/1OOdVfrqFq1cwImGry_52mAx7RJkuJsKM\/view?usp=sharing<\/a><\/p>\n","protected":false},"excerpt":{"rendered":"<p>Kailanny Let\u00edcia Vit\u00f3ria do Carmo Silva, Escola Estadual Maur\u00edlio Albanese [&hellip;]<\/p>\n","protected":false},"author":2,"featured_media":0,"parent":0,"menu_order":0,"comment_status":"closed","ping_status":"closed","template":"","meta":{"_acf_changed":false,"spay_email":"","footnotes":""},"acf":[],"_links":{"self":[{"href":"https:\/\/www.ufmg.br\/ufmgjovem\/wp-json\/wp\/v2\/pages\/2377"}],"collection":[{"href":"https:\/\/www.ufmg.br\/ufmgjovem\/wp-json\/wp\/v2\/pages"}],"about":[{"href":"https:\/\/www.ufmg.br\/ufmgjovem\/wp-json\/wp\/v2\/types\/page"}],"author":[{"embeddable":true,"href":"https:\/\/www.ufmg.br\/ufmgjovem\/wp-json\/wp\/v2\/users\/2"}],"replies":[{"embeddable":true,"href":"https:\/\/www.ufmg.br\/ufmgjovem\/wp-json\/wp\/v2\/comments?post=2377"}],"version-history":[{"count":4,"href":"https:\/\/www.ufmg.br\/ufmgjovem\/wp-json\/wp\/v2\/pages\/2377\/revisions"}],"predecessor-version":[{"id":2381,"href":"https:\/\/www.ufmg.br\/ufmgjovem\/wp-json\/wp\/v2\/pages\/2377\/revisions\/2381"}],"wp:attachment":[{"href":"https:\/\/www.ufmg.br\/ufmgjovem\/wp-json\/wp\/v2\/media?parent=2377"}],"curies":[{"name":"wp","href":"https:\/\/api.w.org\/{rel}","templated":true}]}}