{"id":241,"date":"2021-05-30T15:24:12","date_gmt":"2021-05-30T18:24:12","guid":{"rendered":"https:\/\/www.ufmg.br\/ufmgjove\/?page_id=241"},"modified":"2025-04-29T15:58:09","modified_gmt":"2025-04-29T18:58:09","slug":"exploraufmg-jovem","status":"publish","type":"page","link":"https:\/\/www.ufmg.br\/ufmgjovem\/exploraufmg-jovem\/","title":{"rendered":"#ExploraUFMG"},"content":{"rendered":"<p>Os museus e espa\u00e7os culturais da UFMG receber\u00e3o estudantes e professores da Educa\u00e7\u00e3o B\u00e1sica por meio de atividades de Extens\u00e3o. Os espa\u00e7os, roteiros e hor\u00e1rios dispon\u00edveis, bem como as informa\u00e7\u00f5es para a inscri\u00e7\u00e3o das escolas podem ser consultados na chamada do #ExploraUFMG.<\/p>\n<p>&nbsp;<\/p>\n","protected":false},"excerpt":{"rendered":"<p>Os museus e espa\u00e7os culturais da UFMG receber\u00e3o estudantes e [&hellip;]<\/p>\n","protected":false},"author":1,"featured_media":0,"parent":0,"menu_order":0,"comment_status":"closed","ping_status":"closed","template":"","meta":{"_acf_changed":false,"spay_email":"","footnotes":""},"acf":[],"_links":{"self":[{"href":"https:\/\/www.ufmg.br\/ufmgjovem\/wp-json\/wp\/v2\/pages\/241"}],"collection":[{"href":"https:\/\/www.ufmg.br\/ufmgjovem\/wp-json\/wp\/v2\/pages"}],"about":[{"href":"https:\/\/www.ufmg.br\/ufmgjovem\/wp-json\/wp\/v2\/types\/page"}],"author":[{"embeddable":true,"href":"https:\/\/www.ufmg.br\/ufmgjovem\/wp-json\/wp\/v2\/users\/1"}],"replies":[{"embeddable":true,"href":"https:\/\/www.ufmg.br\/ufmgjovem\/wp-json\/wp\/v2\/comments?post=241"}],"version-history":[{"count":31,"href":"https:\/\/www.ufmg.br\/ufmgjovem\/wp-json\/wp\/v2\/pages\/241\/revisions"}],"predecessor-version":[{"id":2472,"href":"https:\/\/www.ufmg.br\/ufmgjovem\/wp-json\/wp\/v2\/pages\/241\/revisions\/2472"}],"wp:attachment":[{"href":"https:\/\/www.ufmg.br\/ufmgjovem\/wp-json\/wp\/v2\/media?parent=241"}],"curies":[{"name":"wp","href":"https:\/\/api.w.org\/{rel}","templated":true}]}}