{"id":2448,"date":"2025-04-24T14:09:17","date_gmt":"2025-04-24T17:09:17","guid":{"rendered":"https:\/\/www.ufmg.br\/ufmgjovem\/?page_id=2448"},"modified":"2026-03-17T11:26:18","modified_gmt":"2026-03-17T14:26:18","slug":"perguntas-frequentes-feira-da-educacao-basica","status":"publish","type":"page","link":"https:\/\/www.ufmg.br\/ufmgjovem\/perguntas-frequentes-feira-da-educacao-basica\/","title":{"rendered":"Perguntas Frequentes"},"content":{"rendered":"<div id=\"model-response-message-contentr_d5ac5a2383b0e8a9\" class=\"markdown markdown-main-panel enable-updated-hr-color\" dir=\"ltr\" aria-live=\"polite\" aria-busy=\"false\">\n<h3 data-path-to-node=\"3\">1. O que \u00e9 a UFMG Jovem?<\/h3>\n<p id=\"p-rc_01f98e874ded912a-36\" data-path-to-node=\"4\"><span data-path-to-node=\"4,1\"><span class=\"citation-115\">\u00c9 um evento que promove di\u00e1logos e interc\u00e2mbios entre a UFMG e a Educa\u00e7\u00e3o B\u00e1sica de Minas Gerais<\/span><\/span><span data-path-to-node=\"4,3\">. <\/span><span data-path-to-node=\"4,5\"><span class=\"citation-114\">O objetivo \u00e9 estimular o protagonismo estudantil, o pensamento cr\u00edtico e a criatividade<\/span><\/span><span data-path-to-node=\"4,7\">. <\/span><span data-path-to-node=\"4,9\"><span class=\"citation-113\">O tema de 2026 \u00e9 <\/span><b data-path-to-node=\"4,9\" data-index-in-node=\"17\"><span class=\"citation-113\">&#8220;Ci\u00eancia para a soberania: inclus\u00e3o e protagonismo estudantil&#8221;<\/span><\/b><\/span><span data-path-to-node=\"4,11\">. <\/span><span data-path-to-node=\"4,13\"><span class=\"citation-112\">O evento ocorrer\u00e1 nos dias <\/span><b data-path-to-node=\"4,13\" data-index-in-node=\"27\"><span class=\"citation-112\">1 e 2 de outubro de 2026<\/span><\/b><span class=\"citation-112\">, no campus Pampulha<\/span><\/span><span data-path-to-node=\"4,15\">.<\/span><\/p>\n<h3 data-path-to-node=\"5\">2. Quem pode participar?<\/h3>\n<p id=\"p-rc_01f98e874ded912a-37\" data-path-to-node=\"6\"><span data-path-to-node=\"6,1\"><span class=\"citation-111\">Professores e estudantes da <\/span><b data-path-to-node=\"6,1\" data-index-in-node=\"28\"><span class=\"citation-111\">Educa\u00e7\u00e3o Infantil, Ensino Fundamental e Ensino M\u00e9dio<\/span><\/b><span class=\"citation-111\"> (incluindo EJA e Ensino T\u00e9cnico) de escolas p\u00fablicas e privadas de <\/span><b data-path-to-node=\"6,1\" data-index-in-node=\"148\"><span class=\"citation-111\">Minas Gerais<\/span><\/b><\/span><span data-path-to-node=\"6,3\">. <\/span><span data-path-to-node=\"6,5\"><span class=\"citation-110\">Al\u00e9m da Feira da Educa\u00e7\u00e3o B\u00e1sica, o evento abriga o <\/span><i data-path-to-node=\"6,5\" data-index-in-node=\"52\"><span class=\"citation-110\">Conversa com Cientistas<\/span><\/i><span class=\"citation-110\"> e o <\/span><i data-path-to-node=\"6,5\" data-index-in-node=\"80\"><span class=\"citation-110\">#ExploraUFMG<\/span><\/i><\/span><span data-path-to-node=\"6,7\">.<\/span><\/p>\n<h3 data-path-to-node=\"7\">3. Como fa\u00e7o para inscrever um trabalho na Feira da Educa\u00e7\u00e3o B\u00e1sica?<\/h3>\n<p id=\"p-rc_01f98e874ded912a-38\" data-path-to-node=\"8\"><span data-path-to-node=\"8,1\"><span class=\"citation-109\">A inscri\u00e7\u00e3o \u00e9 gratuita e deve ser feita pelo professor regente atrav\u00e9s do site <\/span><a class=\"ng-star-inserted\" href=\"https:\/\/www.ufmg.br\/ufmgjovem\/\" target=\"_blank\" rel=\"noopener\" data-hveid=\"0\" data-ved=\"0CAAQ_4QMahgKEwiDv4i2j6eTAxUAAAAAHQAAAAAQmgE\"><span class=\"citation-109\">https:\/\/www.ufmg.br\/ufmgjovem\/<\/span><\/a><\/span><span data-path-to-node=\"8,3\">.<\/span><\/p>\n<ul data-path-to-node=\"9\">\n<li>\n<p id=\"p-rc_01f98e874ded912a-39\" data-path-to-node=\"9,0,1\"><span data-path-to-node=\"9,0,1,0\"><b data-path-to-node=\"9,0,1,0\" data-index-in-node=\"0\"><span class=\"citation-108\">Prazo:<\/span><\/b><span class=\"citation-108\"> De <\/span><b data-path-to-node=\"9,0,1,0\" data-index-in-node=\"10\"><span class=\"citation-108\">1\u00ba de abril a 17 de agosto de 2026<\/span><\/b><span class=\"citation-108\">, at\u00e9 as 18 horas<\/span><\/span><span data-path-to-node=\"9,0,1,2\">.<\/span><\/p>\n<\/li>\n<li>\n<p id=\"p-rc_01f98e874ded912a-40\" data-path-to-node=\"9,1,1\"><span data-path-to-node=\"9,1,1,0\"><b data-path-to-node=\"9,1,1,0\" data-index-in-node=\"0\"><span class=\"citation-107\">Formato:<\/span><\/b><span class=\"citation-107\"> Um formul\u00e1rio de 2000 a 5000 caracteres contendo: T\u00edtulo, Autores, Introdu\u00e7\u00e3o, Metodologia, Resultados\/Discuss\u00e3o, Considera\u00e7\u00f5es Finais e Refer\u00eancias (ABNT)<\/span><\/span><span data-path-to-node=\"9,1,1,2\">.<\/span><\/p>\n<\/li>\n<\/ul>\n<h3 data-path-to-node=\"10\">4. Que tipo de trabalho pode ser inscrito?<\/h3>\n<p id=\"p-rc_01f98e874ded912a-41\" data-path-to-node=\"11\"><span data-path-to-node=\"11,1\"><span class=\"citation-106\">Trabalhos <\/span><b data-path-to-node=\"11,1\" data-index-in-node=\"10\"><span class=\"citation-106\">investigativos e\/ou inventivos<\/span><\/b><span class=\"citation-106\"> de qualquer \u00e1rea do conhecimento, desenvolvidos por estudantes sob orienta\u00e7\u00e3o de professores<\/span><\/span><span data-path-to-node=\"11,3\">. <\/span><span data-path-to-node=\"11,5\"><span class=\"citation-105\">O protagonismo do estudante deve estar expl\u00edcito no texto<\/span><\/span><span data-path-to-node=\"11,7\">. <\/span><span data-path-to-node=\"11,9\"><span class=\"citation-104\">Cada professor pode inscrever at\u00e9 <\/span><b data-path-to-node=\"11,9\" data-index-in-node=\"34\"><span class=\"citation-104\">dois trabalhos<\/span><\/b><span class=\"citation-104\"> como primeiro autor<\/span><\/span><span data-path-to-node=\"11,11\">.<\/span><\/p>\n<h3 data-path-to-node=\"12\">5. Como os trabalhos ser\u00e3o avaliados?<\/h3>\n<ul data-path-to-node=\"13\">\n<li>\n<p id=\"p-rc_01f98e874ded912a-42\" data-path-to-node=\"13,0,1\"><span data-path-to-node=\"13,0,1,0\"><b data-path-to-node=\"13,0,1,0\" data-index-in-node=\"0\"><span class=\"citation-103\">Primeira Etapa (Sele\u00e7\u00e3o):<\/span><\/b><span class=\"citation-103\"> Ser\u00e3o selecionados at\u00e9 <\/span><b data-path-to-node=\"13,0,1,0\" data-index-in-node=\"49\"><span class=\"citation-103\">06 trabalhos da Educa\u00e7\u00e3o Infantil<\/span><\/b><span class=\"citation-103\"> e <\/span><b data-path-to-node=\"13,0,1,0\" data-index-in-node=\"85\"><span class=\"citation-103\">80 trabalhos<\/span><\/b><span class=\"citation-103\"> (35 do Fundamental e 45 do M\u00e9dio)<\/span><\/span><span data-path-to-node=\"13,0,1,2\">. <\/span><span data-path-to-node=\"13,0,1,4\"><span class=\"citation-102\">Os crit\u00e9rios s\u00e3o: Criatividade\/Inova\u00e7\u00e3o, Articula\u00e7\u00e3o (Metodologia\/Resultados), Clareza do texto e Impacto Social (10 pontos cada)<\/span><\/span><span data-path-to-node=\"13,0,1,6\">.<\/span><\/p>\n<\/li>\n<li>\n<p id=\"p-rc_01f98e874ded912a-43\" data-path-to-node=\"13,1,1\"><span data-path-to-node=\"13,1,1,0\"><b data-path-to-node=\"13,1,1,0\" data-index-in-node=\"0\"><span class=\"citation-101\">Segunda Etapa (Presencial):<\/span><\/b><span class=\"citation-101\"> Apresenta\u00e7\u00e3o oral de at\u00e9 20 minutos<\/span><\/span><span data-path-to-node=\"13,1,1,2\">. <\/span><span data-path-to-node=\"13,1,1,4\"><span class=\"citation-100\">Crit\u00e9rios: Comunica\u00e7\u00e3o, Entusiasmo\/Engajamento e Dom\u00ednio do tema (10 pontos cada)<\/span><\/span><span data-path-to-node=\"13,1,1,6\">.<\/span><\/p>\n<\/li>\n<li>\n<p id=\"p-rc_01f98e874ded912a-44\" data-path-to-node=\"13,2,1\"><span data-path-to-node=\"13,2,1,0\"><b data-path-to-node=\"13,2,1,0\" data-index-in-node=\"0\"><span class=\"citation-99\">Cotas:<\/span><\/b><span class=\"citation-99\"> 50% das vagas s\u00e3o reservadas para <\/span><b data-path-to-node=\"13,2,1,0\" data-index-in-node=\"41\"><span class=\"citation-99\">escolas p\u00fablicas<\/span><\/b><\/span><span data-path-to-node=\"13,2,1,2\">.<\/span><\/p>\n<\/li>\n<\/ul>\n<h3 data-path-to-node=\"14\">6. Preciso levar material para a feira?<\/h3>\n<p id=\"p-rc_01f98e874ded912a-45\" data-path-to-node=\"15\"><span data-path-to-node=\"15,0\">Sim. <\/span><span data-path-to-node=\"15,2\"><span class=\"citation-98\">A UFMG fornece um espa\u00e7o de 1m x 1,5m com bancada, <\/span><b data-path-to-node=\"15,2\" data-index-in-node=\"51\"><span class=\"citation-98\">2 cadeiras<\/span><\/b><span class=\"citation-98\"> e um ponto de energia (110V)<\/span><\/span><span data-path-to-node=\"15,4\">.<\/span><\/p>\n<ul data-path-to-node=\"16\">\n<li>\n<p id=\"p-rc_01f98e874ded912a-46\" data-path-to-node=\"16,0,1\"><span data-path-to-node=\"16,0,1,0\"><b data-path-to-node=\"16,0,1,0\" data-index-in-node=\"0\"><span class=\"citation-97\">Obrigat\u00f3rio:<\/span><\/b><span class=\"citation-97\"> Os estudantes devem apresentar o <\/span><b data-path-to-node=\"16,0,1,0\" data-index-in-node=\"46\"><span class=\"citation-97\">Di\u00e1rio de Bordo<\/span><\/b><\/span><span data-path-to-node=\"16,0,1,2\">.<\/span><\/p>\n<\/li>\n<li>\n<p id=\"p-rc_01f98e874ded912a-47\" data-path-to-node=\"16,1,1\"><span data-path-to-node=\"16,1,1,0\"><b data-path-to-node=\"16,1,1,0\" data-index-in-node=\"0\"><span class=\"citation-96\">Recursos:<\/span><\/b><span class=\"citation-96\"> Podem usar maquetes, cartazes e prot\u00f3tipos<\/span><\/span><span data-path-to-node=\"16,1,1,2\">.<\/span><\/p>\n<\/li>\n<li>\n<p id=\"p-rc_01f98e874ded912a-48\" data-path-to-node=\"16,2,1\"><span data-path-to-node=\"16,2,1,0\"><b data-path-to-node=\"16,2,1,0\" data-index-in-node=\"0\"><span class=\"citation-95\">Alimenta\u00e7\u00e3o:<\/span><\/b><span class=\"citation-95\"> A organiza\u00e7\u00e3o fornecer\u00e1 2 lanches e almo\u00e7o para at\u00e9 <\/span><b data-path-to-node=\"16,2,1,0\" data-index-in-node=\"65\"><span class=\"citation-95\">3 estudantes e 1 professor<\/span><\/b><span class=\"citation-95\"> orientador<\/span><\/span><span data-path-to-node=\"16,2,1,2\">.<\/span><\/p>\n<\/li>\n<\/ul>\n<h3 data-path-to-node=\"17\">7. Quem ter\u00e1 direito a certificado?<\/h3>\n<p id=\"p-rc_01f98e874ded912a-49\" data-path-to-node=\"18\"><span data-path-to-node=\"18,1\"><span class=\"citation-94\">Todos os autores indicados no ato da submiss\u00e3o e inscritos na Feira<\/span><\/span><span data-path-to-node=\"18,3\">. <\/span><span data-path-to-node=\"18,5\"><span class=\"citation-93\">Participantes n\u00e3o inscritos ou visitantes n\u00e3o recebem certificado<\/span><\/span><span data-path-to-node=\"18,7\">.<\/span><\/p>\n<h3 data-path-to-node=\"19\">8. H\u00e1 premia\u00e7\u00e3o?<\/h3>\n<p id=\"p-rc_01f98e874ded912a-50\" data-path-to-node=\"20\"><span data-path-to-node=\"20,0\">Sim. <\/span><span data-path-to-node=\"20,2\"><span class=\"citation-92\">Ser\u00e3o premiados <\/span><b data-path-to-node=\"20,2\" data-index-in-node=\"16\"><span class=\"citation-92\">tr\u00eas trabalhos do Ensino M\u00e9dio<\/span><\/b><span class=\"citation-92\"> e <\/span><b data-path-to-node=\"20,2\" data-index-in-node=\"49\"><span class=\"citation-92\">tr\u00eas do Ensino Fundamental<\/span><\/b><\/span><span data-path-to-node=\"20,4\">. <\/span><span data-path-to-node=\"20,6\"><span class=\"citation-91\">Na <\/span><b data-path-to-node=\"20,6\" data-index-in-node=\"3\"><span class=\"citation-91\">Educa\u00e7\u00e3o Infantil<\/span><\/b><span class=\"citation-91\">, todos os trabalhos selecionados para apresenta\u00e7\u00e3o ser\u00e3o premiados<\/span><\/span><span data-path-to-node=\"20,8\">. <\/span><span data-path-to-node=\"20,10\"><span class=\"citation-90\">Em caso de empate, um dos crit\u00e9rios \u00e9 o <\/span><b data-path-to-node=\"20,10\" data-index-in-node=\"40\"><span class=\"citation-90\">menor IDEB<\/span><\/b><span class=\"citation-90\"> da escola<\/span><\/span><span data-path-to-node=\"20,12\">.<\/span><\/p>\n<h3 data-path-to-node=\"21\">9. Posso participar s\u00f3 como visitante?<\/h3>\n<p id=\"p-rc_01f98e874ded912a-51\" data-path-to-node=\"22\"><span data-path-to-node=\"22,0\">Sim! <\/span><span data-path-to-node=\"22,2\"><span class=\"citation-89\">A visita\u00e7\u00e3o \u00e9 aberta, gratuita e n\u00e3o requer inscri\u00e7\u00e3o<\/span><\/span><span data-path-to-node=\"22,4\">. <\/span><span data-path-to-node=\"22,6\"><span class=\"citation-88\">Escolas podem agendar a visita at\u00e9 <\/span><b data-path-to-node=\"22,6\" data-index-in-node=\"35\"><span class=\"citation-88\">28\/09\/2026<\/span><\/b><span class=\"citation-88\"> pelo site para facilitar a organiza\u00e7\u00e3o<\/span><\/span><span data-path-to-node=\"22,8\">.<\/span><\/p>\n<p id=\"p-rc_01f98e874ded912a-52\" data-path-to-node=\"25\"><span data-path-to-node=\"25,0\"><b data-path-to-node=\"25,0\" data-index-in-node=\"0\"><span class=\"citation-87\">Importante:<\/span><\/b><span class=\"citation-87\"> Trabalhos que envolvam pl\u00e1gio, discurso de \u00f3dio ou manuseio de subst\u00e2ncias t\u00f3xicas e pat\u00f3genos ser\u00e3o eliminados<\/span><\/span><span data-path-to-node=\"25,2\">.<\/span><\/p>\n<\/div>\n","protected":false},"excerpt":{"rendered":"<p>1. O que \u00e9 a UFMG Jovem? \u00c9 um evento [&hellip;]<\/p>\n","protected":false},"author":2,"featured_media":0,"parent":0,"menu_order":0,"comment_status":"closed","ping_status":"closed","template":"","meta":{"_acf_changed":false,"spay_email":"","footnotes":""},"acf":[],"_links":{"self":[{"href":"https:\/\/www.ufmg.br\/ufmgjovem\/wp-json\/wp\/v2\/pages\/2448"}],"collection":[{"href":"https:\/\/www.ufmg.br\/ufmgjovem\/wp-json\/wp\/v2\/pages"}],"about":[{"href":"https:\/\/www.ufmg.br\/ufmgjovem\/wp-json\/wp\/v2\/types\/page"}],"author":[{"embeddable":true,"href":"https:\/\/www.ufmg.br\/ufmgjovem\/wp-json\/wp\/v2\/users\/2"}],"replies":[{"embeddable":true,"href":"https:\/\/www.ufmg.br\/ufmgjovem\/wp-json\/wp\/v2\/comments?post=2448"}],"version-history":[{"count":13,"href":"https:\/\/www.ufmg.br\/ufmgjovem\/wp-json\/wp\/v2\/pages\/2448\/revisions"}],"predecessor-version":[{"id":2647,"href":"https:\/\/www.ufmg.br\/ufmgjovem\/wp-json\/wp\/v2\/pages\/2448\/revisions\/2647"}],"wp:attachment":[{"href":"https:\/\/www.ufmg.br\/ufmgjovem\/wp-json\/wp\/v2\/media?parent=2448"}],"curies":[{"name":"wp","href":"https:\/\/api.w.org\/{rel}","templated":true}]}}