{"id":2648,"date":"2026-03-17T11:27:39","date_gmt":"2026-03-17T14:27:39","guid":{"rendered":"https:\/\/www.ufmg.br\/ufmgjovem\/?page_id=2648"},"modified":"2026-03-17T11:27:39","modified_gmt":"2026-03-17T14:27:39","slug":"conversa-com-cientistas-2026","status":"publish","type":"page","link":"https:\/\/www.ufmg.br\/ufmgjovem\/conversa-com-cientistas-2026\/","title":{"rendered":"Conversa Com Cientistas 2026"},"content":{"rendered":"<p>Em breve, publicaremos atualiza\u00e7\u00f5es sobre o evento &#8220;Conversa Com Cientistas&#8221; que ocorrer\u00e1 na 27\u00aa UFMG Jovem.<\/p>\n","protected":false},"excerpt":{"rendered":"<p>Em breve, publicaremos atualiza\u00e7\u00f5es sobre o evento &#8220;Conversa Com Cientistas&#8221; [&hellip;]<\/p>\n","protected":false},"author":2,"featured_media":0,"parent":0,"menu_order":0,"comment_status":"closed","ping_status":"closed","template":"","meta":{"_acf_changed":false,"spay_email":"","footnotes":""},"acf":[],"_links":{"self":[{"href":"https:\/\/www.ufmg.br\/ufmgjovem\/wp-json\/wp\/v2\/pages\/2648"}],"collection":[{"href":"https:\/\/www.ufmg.br\/ufmgjovem\/wp-json\/wp\/v2\/pages"}],"about":[{"href":"https:\/\/www.ufmg.br\/ufmgjovem\/wp-json\/wp\/v2\/types\/page"}],"author":[{"embeddable":true,"href":"https:\/\/www.ufmg.br\/ufmgjovem\/wp-json\/wp\/v2\/users\/2"}],"replies":[{"embeddable":true,"href":"https:\/\/www.ufmg.br\/ufmgjovem\/wp-json\/wp\/v2\/comments?post=2648"}],"version-history":[{"count":1,"href":"https:\/\/www.ufmg.br\/ufmgjovem\/wp-json\/wp\/v2\/pages\/2648\/revisions"}],"predecessor-version":[{"id":2649,"href":"https:\/\/www.ufmg.br\/ufmgjovem\/wp-json\/wp\/v2\/pages\/2648\/revisions\/2649"}],"wp:attachment":[{"href":"https:\/\/www.ufmg.br\/ufmgjovem\/wp-json\/wp\/v2\/media?parent=2648"}],"curies":[{"name":"wp","href":"https:\/\/api.w.org\/{rel}","templated":true}]}}