{"id":360,"date":"2021-06-17T12:06:47","date_gmt":"2021-06-17T15:06:47","guid":{"rendered":"https:\/\/www.ufmg.br\/ufmgjove\/?page_id=360"},"modified":"2021-06-17T14:53:52","modified_gmt":"2021-06-17T17:53:52","slug":"como-participar-explora","status":"publish","type":"page","link":"https:\/\/www.ufmg.br\/ufmgjovem\/exploraufmg-jovem\/como-participar-explora\/","title":{"rendered":"Como participar?"},"content":{"rendered":"<p>Se voc\u00ea participa de um museu, espa\u00e7o de ci\u00eancia ou programa\/projeto de extens\u00e3o da UFMG que recebe visitas de estudantes, professoras e professores da Educa\u00e7\u00e3o B\u00e1sica, inscreva-se no #ExploraUFMG!<\/p>\n<ol>\n<li>Leia atentamente a <a href=\"https:\/\/www.ufmg.br\/ufmgjovem\/wp-content\/uploads\/2021\/06\/chamada_exploraufmg2021-1.pdf\" target=\"_blank\" rel=\"noopener\">chamada p\u00fablica<\/a><\/li>\n<li>Preencha o <a href=\"https:\/\/forms.gle\/tWeDNPAUDTkGttbr6\" target=\"_blank\" rel=\"noopener\">formul\u00e1rio de inscri\u00e7\u00e3o<\/a><\/li>\n<li>N\u00f3s divulgaremos o resultado em breve!<\/li>\n<\/ol>\n","protected":false},"excerpt":{"rendered":"<p>Se voc\u00ea participa de um museu, espa\u00e7o de ci\u00eancia ou [&hellip;]<\/p>\n","protected":false},"author":1,"featured_media":0,"parent":241,"menu_order":0,"comment_status":"closed","ping_status":"closed","template":"","meta":{"_acf_changed":false,"spay_email":"","footnotes":""},"acf":[],"_links":{"self":[{"href":"https:\/\/www.ufmg.br\/ufmgjovem\/wp-json\/wp\/v2\/pages\/360"}],"collection":[{"href":"https:\/\/www.ufmg.br\/ufmgjovem\/wp-json\/wp\/v2\/pages"}],"about":[{"href":"https:\/\/www.ufmg.br\/ufmgjovem\/wp-json\/wp\/v2\/types\/page"}],"author":[{"embeddable":true,"href":"https:\/\/www.ufmg.br\/ufmgjovem\/wp-json\/wp\/v2\/users\/1"}],"replies":[{"embeddable":true,"href":"https:\/\/www.ufmg.br\/ufmgjovem\/wp-json\/wp\/v2\/comments?post=360"}],"version-history":[{"count":6,"href":"https:\/\/www.ufmg.br\/ufmgjovem\/wp-json\/wp\/v2\/pages\/360\/revisions"}],"predecessor-version":[{"id":369,"href":"https:\/\/www.ufmg.br\/ufmgjovem\/wp-json\/wp\/v2\/pages\/360\/revisions\/369"}],"up":[{"embeddable":true,"href":"https:\/\/www.ufmg.br\/ufmgjovem\/wp-json\/wp\/v2\/pages\/241"}],"wp:attachment":[{"href":"https:\/\/www.ufmg.br\/ufmgjovem\/wp-json\/wp\/v2\/media?parent=360"}],"curies":[{"name":"wp","href":"https:\/\/api.w.org\/{rel}","templated":true}]}}