{"id":68,"date":"2020-06-10T13:30:02","date_gmt":"2020-06-10T16:30:02","guid":{"rendered":"http:\/\/150.164.63.214:8888\/incubadora\/orgaos\/\/?page_id=68"},"modified":"2025-04-25T10:14:13","modified_gmt":"2025-04-25T13:14:13","slug":"contato","status":"publish","type":"page","link":"https:\/\/www.ufmg.br\/ufmgjovem\/contato\/","title":{"rendered":"Contato"},"content":{"rendered":"<p>Em caso de d\u00favidas, entre em contato pelos nossos canais de comunica\u00e7\u00e3o ou acesse a se\u00e7\u00e3o de <a href=\"https:\/\/www.ufmg.br\/ufmgjovem\/perguntas-frequentes-feira-da-educacao-basica\/\"><strong data-start=\"255\" data-end=\"285\">Perguntas Frequentes (FAQ)<\/strong><\/a><\/p>\n<p><strong>E-mail para d\u00favidas<br \/>\n<\/strong><a href=\"mailto:ddc-conhecimentoparatodos@proex.ufmg.br\">ddc-conhecimentoparatodos@proex.ufmg.br<\/a><\/p>\n<p><strong>Telefones<\/strong><br \/>\nWhatsApp: <span class=\"NormalTextRun SCXW97305729 BCX0\">(31) <\/span><span class=\"NormalTextRun SCXW97305729 BCX0\">3409 3215<br \/>\nTelefone: (31) 3409 4427<\/p>\n<p><span class=\"TextRun SCXW97305729 BCX0\" lang=\"PT-BR\" xml:lang=\"PT-BR\" data-contrast=\"auto\"><strong>Canal WhatsApp da PROEX<\/strong><br \/>\n<\/span><a class=\"Hyperlink SCXW97305729 BCX0\" href=\"https:\/\/whatsapp.com\/channel\/0029VbAGCc19mrGXzb1pkj3W\" target=\"_blank\" rel=\"noreferrer noopener\"><span class=\"TextRun Underlined SCXW97305729 BCX0\" lang=\"PT-BR\" xml:lang=\"PT-BR\" data-contrast=\"none\">Divulga\u00e7\u00e3o Canal PROEX<\/span><\/a><span class=\"LineBreakBlob BlobObject DragDrop SCXW97305729 BCX0\"><span class=\"SCXW97305729 BCX0\">\u00a0<\/span><br class=\"SCXW97305729 BCX0\" \/><\/span><br \/>\n<\/span><strong>Instagram<br \/>\n<\/strong><a href=\"https:\/\/www.instagram.com\/ufmg.jovem\">@ufmg.jovem<\/a><\/p>\n<p><strong>Sites \u00dateis\u00a0<\/strong><br \/>\n<span class=\"TextRun SCXW97305729 BCX0\" lang=\"PT-BR\" xml:lang=\"PT-BR\" data-contrast=\"auto\"><span class=\"NormalTextRun SCXW97305729 BCX0\">Site da PROEX\/UFMG: <\/span><\/span><a class=\"Hyperlink SCXW97305729 BCX0\" href=\"https:\/\/www.ufmg.br\/proex\/\" target=\"_blank\" rel=\"noreferrer noopener\"><span class=\"TextRun Underlined SCXW97305729 BCX0\" lang=\"PT-BR\" xml:lang=\"PT-BR\" data-contrast=\"none\"><span class=\"NormalTextRun SCXW97305729 BCX0\" data-ccp-charstyle=\"Hyperlink\">https:\/\/www.ufmg.br\/proex\/<\/span><\/span><\/a> <span class=\"LineBreakBlob BlobObject DragDrop SCXW97305729 BCX0\"><span class=\"SCXW97305729 BCX0\">\u00a0<\/span><br class=\"SCXW97305729 BCX0\" \/><\/span><\/p>\n","protected":false},"excerpt":{"rendered":"<p>Em caso de d\u00favidas, entre em contato pelos nossos canais [&hellip;]<\/p>\n","protected":false},"author":1,"featured_media":0,"parent":0,"menu_order":0,"comment_status":"closed","ping_status":"closed","template":"","meta":{"_acf_changed":false,"spay_email":"","footnotes":""},"acf":[],"_links":{"self":[{"href":"https:\/\/www.ufmg.br\/ufmgjovem\/wp-json\/wp\/v2\/pages\/68"}],"collection":[{"href":"https:\/\/www.ufmg.br\/ufmgjovem\/wp-json\/wp\/v2\/pages"}],"about":[{"href":"https:\/\/www.ufmg.br\/ufmgjovem\/wp-json\/wp\/v2\/types\/page"}],"author":[{"embeddable":true,"href":"https:\/\/www.ufmg.br\/ufmgjovem\/wp-json\/wp\/v2\/users\/1"}],"replies":[{"embeddable":true,"href":"https:\/\/www.ufmg.br\/ufmgjovem\/wp-json\/wp\/v2\/comments?post=68"}],"version-history":[{"count":14,"href":"https:\/\/www.ufmg.br\/ufmgjovem\/wp-json\/wp\/v2\/pages\/68\/revisions"}],"predecessor-version":[{"id":2471,"href":"https:\/\/www.ufmg.br\/ufmgjovem\/wp-json\/wp\/v2\/pages\/68\/revisions\/2471"}],"wp:attachment":[{"href":"https:\/\/www.ufmg.br\/ufmgjovem\/wp-json\/wp\/v2\/media?parent=68"}],"curies":[{"name":"wp","href":"https:\/\/api.w.org\/{rel}","templated":true}]}}