{"id":734,"date":"2021-09-01T19:03:51","date_gmt":"2021-09-01T22:03:51","guid":{"rendered":"https:\/\/www.ufmg.br\/ufmgjovem\/?page_id=734"},"modified":"2023-09-13T09:29:34","modified_gmt":"2023-09-13T12:29:34","slug":"textos-do-desafio","status":"publish","type":"page","link":"https:\/\/www.ufmg.br\/ufmgjovem\/desafio\/textos-do-desafio\/","title":{"rendered":"Desafio em Texto"},"content":{"rendered":"<style id=\"bwg-style-0\">      #bwg_container1_0 #bwg_container2_0 .bwg_masonry_thumb_0 {        text-align: center;        display: inline-block;        vertical-align: middle;      \t          width: 100% !important;;      \t        margin: 0;        opacity: 1.00;      }\t\t\t\t\t\t      #bwg_container1_0 #bwg_container2_0 .bwg-container-0.bwg-masonry-thumbnails .bwg-item,      #bwg_container1_0 #bwg_container2_0 .bwg-container-temp0.bwg-masonry-thumbnails .bwg-item {        padding: calc(4px \/ 2);\t\t\t\t      }      #bwg_container1_0 #bwg_container2_0 .bwg-container-0.bwg-masonry-thumbnails .bwg-item0 {      \t        background-color:rgba(0,0,0, 0.30);        border: 0px none #CCCCCC;\t\t\t\topacity: 1.00;        border-radius: 0;      }      #bwg_container1_0 #bwg_container2_0 .bwg-container-0.bwg-masonry-thumbnails .bwg-item1 img {        max-height: none;\t\t\t\t        \tmax-width: calc(250px + (4px + 0px));\t\t\t\t      }\t\t\t\t\t\t\t@media only screen and (min-width: 480px) {\t\t\t\t\t#bwg_container1_0 #bwg_container2_0 .bwg-container-0.bwg-masonry-thumbnails .bwg-item1 img {\t\t\t\t\t\t-webkit-transition: -webkit-transform .3s; transition: transform .3s;\t\t\t\t\t}\t\t\t\t\t#bwg_container1_0 #bwg_container2_0 .bwg-container-0.bwg-masonry-thumbnails .bwg-item1 img:hover {\t\t\t\t\t\t-ms-transform: scale(1.08);\t\t\t\t\t\t-webkit-transform: scale(1.08);\t\t\t\t\t\ttransform: scale(1.08);\t\t\t\t\t}\t\t\t\t\t\t\t\t\t\t\t.bwg-masonry-thumbnails .bwg-zoom-effect .bwg-zoom-effect-overlay {\t\t\t\t\t\t\t\t\t\t\t\t\t\tbackground-color:rgba(0,0,0, 0.3);\t\t\t\t\t\t}\t\t\t\t\t\t.bwg-masonry-thumbnails .bwg-zoom-effect:hover img {\t\t\t\t\t\t\t-ms-transform: scale(1.08);\t\t\t\t\t\t\t-webkit-transform: scale(1.08);\t\t\t\t\t\t\ttransform: scale(1.08);\t\t\t\t\t\t}\t\t\t\t\t\t\t\t\t}\t\t\t\t\t\t\t\t\t#bwg_container1_0 #bwg_container2_0 .bwg-container-0.bwg-masonry-thumbnails .bwg-title1 {\t\t\t\tposition: absolute;\t\t\t\ttop: 0;\t\t\t\tz-index: 100;\t\t\t\twidth: 100%;\t\t\t\theight: 100%;\t\t\t\tdisplay: flex;\t\t\t\tjustify-content: center;\t\t\t\talign-content: center;\t\t\t\tflex-direction: column;\t\t\t\topacity: 0;\t\t\t}\t  \t\t\t#bwg_container1_0 #bwg_container2_0 .bwg-container-0.bwg-masonry-thumbnails .bwg-title2,\t\t\t#bwg_container1_0 #bwg_container2_0 .bwg-container-temp0.bwg-masonry-thumbnails .bwg-title2,\t\t\t#bwg_container1_0 #bwg_container2_0 .bwg-container-0.bwg-masonry-thumbnails .bwg-play-icon2,\t\t\t#bwg_container1_0 #bwg_container2_0 .bwg-container-0.bwg-masonry-thumbnails .bwg-ecommerce2 {\t\t\t\tmax-height: 100%;\t\t\t\tpadding: 2px;\t\t\t\tfont-family: Ubuntu;\t\t\t\tfont-weight: bold;\t\t\t\tfont-size: 16px;\t\t\t\tcolor: #FFFFFF;\t\t\t}\t\t\t#bwg_container1_0 #bwg_container2_0 .bwg-container-0.bwg-masonry-thumbnails .bwg-ecommerce2 {\t\t\t\tcolor: #323A45;\t\t\t}\t  \t#bwg_container1_0 #bwg_container2_0 .bwg_masonry_thumbnails_0 {\t\t\t\tposition: relative;\t\t\t\tbackground-color: rgba(255, 255, 255, 0.00);\t\t\t\tfont-size: 0;\t\t\t\t\t\t\t\t\twidth: 1254px;\t\t\t\t\tmax-width: 100%;\t\t\t\t\t\t\t\t\tmax-width: 100%;\t\t\t\t\t\t\t\t\t\t\t\t\tmargin: 0 auto;\t\t\t\t\t\t\t}\t\t\t\t\t\t\t@media only screen and (max-width: 1290px) {\t\t\t\t\t#bwg_container1_0 #bwg_container2_0 .bwg_masonry_thumbnails_0 {\t\t\t\t\t\twidth: inherit;\t\t\t\t\t}\t\t\t\t}\t\t\t\t\t\t#bwg_container1_0 #bwg_container2_0 .bwg_masonry_thumb_description_0 {        color: #323A45;        line-height: 1.4;        font-size: 16px;        font-family: Ubuntu;        text-align: justify;      }      #bwg_container1_0.bwg_thumbnails_masonry .wd_error p {        color: #323A45;      }      #bwg_container1_0 #bwg_container2_0 .bwg_gal_title_0 {        background-color: rgba(0, 0, 0, 0);        color: #323A45;        display: block;        font-family: Ubuntu;        font-size: 16px;        font-weight: bold;        padding: 2px;        text-shadow: ;        text-align: center;      }      <\/style>    <div id=\"bwg_container1_0\"         class=\"bwg_container bwg_thumbnail bwg_thumbnails_masonry \"         data-right-click-protection=\"0\"         data-bwg=\"0\"         data-scroll=\"0\"         data-gallery-type=\"thumbnails_masonry\"         data-gallery-view-type=\"thumbnails_masonry\"         data-current-url=\"\/ufmgjovem\/wp-json\/wp\/v2\/pages\/734\"         data-lightbox-url=\"https:\/\/www.ufmg.br\/ufmgjovem\/wp-admin\/admin-ajax.php?action=GalleryBox&#038;current_view=0&#038;gallery_id=2&#038;tag=0&#038;theme_id=1&#038;shortcode_id=7&#038;sort_by=order&#038;order_by=asc&#038;current_url=%2Fufmgjovem%2Fwp-json%2Fwp%2Fv2%2Fpages%2F734\"         data-gallery-id=\"2\"         data-popup-width=\"800\"         data-popup-height=\"500\"         data-is-album=\"gallery\"         data-buttons-position=\"bottom\">      <div id=\"bwg_container2_0\">             <div id=\"ajax_loading_0\" class=\"bwg_loading_div_1\">      <div class=\"bwg_loading_div_2\">        <div class=\"bwg_loading_div_3\">          <div id=\"loading_div_0\" class=\"bwg_spider_ajax_loading\">          <\/div>        <\/div>      <\/div>    <\/div>            <form id=\"gal_front_form_0\"              class=\"bwg-hidden\"              method=\"post\"              action=\"#\"              data-current=\"0\"              data-shortcode-id=\"7\"              data-gallery-type=\"thumbnails_masonry\"              data-gallery-id=\"2\"              data-tag=\"0\"              data-album-id=\"0\"              data-theme-id=\"1\"              data-ajax-url=\"https:\/\/www.ufmg.br\/ufmgjovem\/wp-admin\/admin-ajax.php?action=bwg_frontend_data\">          <div id=\"bwg_container3_0\" class=\"bwg-background bwg-background-0\">                <div id=\"bwg_thumbnails_masonry_0\"         data-bwg=\"0\"         data-masonry-type=\"vertical\"         data-resizable-thumbnails=\"1\"         data-max-count=\"5\"         data-thumbnail-width=\"250\"         data-thumbnail-height=\"250\"         data-thumbnail-padding=\"4\"         data-thumbnail-border=\"0\"         data-gallery-id=\"2\"         data-lightbox-url=\"https:\/\/www.ufmg.br\/ufmgjovem\/wp-admin\/admin-ajax.php?action=GalleryBox&#038;current_view=0&#038;gallery_id=2&#038;tag=0&#038;theme_id=1&#038;shortcode_id=7&#038;sort_by=order&#038;order_by=asc&#038;current_url=%2Fufmgjovem%2Fwp-json%2Fwp%2Fv2%2Fpages%2F734\"         class=\"bwg-container-0 bwg_masonry_thumbnails_0 bwg-masonry-thumbnails bwg-masonry-vertical bwg-container bwg-border-box\">              <div class=\"bwg-item\">          <a class=\"bwg-a  bwg_lightbox\"  data-image-id=\"10\" href=\"https:\/\/www.ufmg.br\/ufmgjovem\/wp-content\/uploads\/photo-gallery\/imported_from_media_libray\/Agatha-Kellen-da-Silva-_page-0001.jpg?bwg=1694540854\" data-elementor-open-lightbox=\"no\">            <div class=\"bwg-item0\">              <div class=\"bwg-item1 bwg-zoom-effect\">      \t\t\t\t\t<img decoding=\"async\" class=\"skip-lazy bwg-masonry-thumb bwg_masonry_thumb_0 \"                       data-id=\"10\"                       data-src=\"https:\/\/www.ufmg.br\/ufmgjovem\/wp-content\/uploads\/photo-gallery\/imported_from_media_libray\/thumb\/Agatha-Kellen-da-Silva-_page-0001.jpg?bwg=1694540854\"                       data-width=\"500.00\"                       data-height=\"276.00\"\t\t\t\t\t\t\t\t\t\t   src=\"https:\/\/www.ufmg.br\/ufmgjovem\/wp-content\/uploads\/photo-gallery\/imported_from_media_libray\/thumb\/Agatha-Kellen-da-Silva-_page-0001.jpg?bwg=1694540854\"\t\t\t\t\t\t\t\t\t\t   alt=\"Agatha Kellen da Silva _page-0001\"\t\t\t\t\t\t\t\t\t\t   title=\"Agatha Kellen da Silva _page-0001\" \/>                <div class=\"bwg-zoom-effect-overlay\">                  <div class=\"bwg-title1\"><div class=\"bwg-title2\">Agatha Kellen da Silva _page-0001<\/div><\/div>\t\t\t\t                                            <\/div>              <\/div>            <\/div>                      <\/a>                      <div class=\"bwg-masonry-thumb-description bwg_masonry_thumb_description_0\">              <span>Agatha Kellen da Silva, 15 anos, estudante do 1\u00ba ano da Escola Estadual Bar\u00e3o do Rio Branco, Itajub\u00e1<br \/>Orientation: 1<br \/><\/span>            <\/div>                    <\/div>              <div class=\"bwg-item\">          <a class=\"bwg-a  bwg_lightbox\"  data-image-id=\"11\" href=\"https:\/\/www.ufmg.br\/ufmgjovem\/wp-content\/uploads\/photo-gallery\/imported_from_media_libray\/daniele-dos-reis-scaled.jpg?bwg=1694540854\" data-elementor-open-lightbox=\"no\">            <div class=\"bwg-item0\">              <div class=\"bwg-item1 bwg-zoom-effect\">      \t\t\t\t\t<img decoding=\"async\" class=\"skip-lazy bwg-masonry-thumb bwg_masonry_thumb_0 \"                       data-id=\"11\"                       data-src=\"https:\/\/www.ufmg.br\/ufmgjovem\/wp-content\/uploads\/photo-gallery\/imported_from_media_libray\/thumb\/daniele-dos-reis-scaled.jpg?bwg=1694540854\"                       data-width=\"354.00\"                       data-height=\"500.00\"\t\t\t\t\t\t\t\t\t\t   src=\"https:\/\/www.ufmg.br\/ufmgjovem\/wp-content\/uploads\/photo-gallery\/imported_from_media_libray\/thumb\/daniele-dos-reis-scaled.jpg?bwg=1694540854\"\t\t\t\t\t\t\t\t\t\t   alt=\"daniele-dos-reis\"\t\t\t\t\t\t\t\t\t\t   title=\"daniele-dos-reis\" \/>                <div class=\"bwg-zoom-effect-overlay\">                  <div class=\"bwg-title1\"><div class=\"bwg-title2\">daniele-dos-reis<\/div><\/div>\t\t\t\t                                            <\/div>              <\/div>            <\/div>                      <\/a>                      <div class=\"bwg-masonry-thumb-description bwg_masonry_thumb_description_0\">              <span>Daniele dos Reis Elias, 12 anos, estudante do 7\u00ba ano da Escola Municipal Edith Pimenta da Veiga, Belo Horizonte<br \/><\/span>            <\/div>                    <\/div>              <div class=\"bwg-item\">          <a class=\"bwg-a  bwg_lightbox\"  data-image-id=\"12\" href=\"https:\/\/www.ufmg.br\/ufmgjovem\/wp-content\/uploads\/photo-gallery\/imported_from_media_libray\/JULIA-OLIVEIRA-DA-COSTA_page-0001.jpg?bwg=1694540854\" data-elementor-open-lightbox=\"no\">            <div class=\"bwg-item0\">              <div class=\"bwg-item1 bwg-zoom-effect\">      \t\t\t\t\t<img decoding=\"async\" class=\"skip-lazy bwg-masonry-thumb bwg_masonry_thumb_0 \"                       data-id=\"12\"                       data-src=\"https:\/\/www.ufmg.br\/ufmgjovem\/wp-content\/uploads\/photo-gallery\/imported_from_media_libray\/thumb\/JULIA-OLIVEIRA-DA-COSTA_page-0001.jpg?bwg=1694540854\"                       data-width=\"500.00\"                       data-height=\"180.00\"\t\t\t\t\t\t\t\t\t\t   src=\"https:\/\/www.ufmg.br\/ufmgjovem\/wp-content\/uploads\/photo-gallery\/imported_from_media_libray\/thumb\/JULIA-OLIVEIRA-DA-COSTA_page-0001.jpg?bwg=1694540854\"\t\t\t\t\t\t\t\t\t\t   alt=\"J\u00daLIA OLIVEIRA DA COSTA_page-0001\"\t\t\t\t\t\t\t\t\t\t   title=\"J\u00daLIA OLIVEIRA DA COSTA_page-0001\" \/>                <div class=\"bwg-zoom-effect-overlay\">                  <div class=\"bwg-title1\"><div class=\"bwg-title2\">J\u00daLIA OLIVEIRA DA COSTA_page-0001<\/div><\/div>\t\t\t\t                                            <\/div>              <\/div>            <\/div>                      <\/a>                      <div class=\"bwg-masonry-thumb-description bwg_masonry_thumb_description_0\">              <span>J\u00falia Oliveira da Costa, 15 anos, estudante do 9\u00ba ano da Escola Estadual \"Dona Ant\u00f4nia Valadares, S\u00e3o Jos\u00e9 da Varginha<br \/>Orientation: 1<br \/><\/span>            <\/div>                    <\/div>              <div class=\"bwg-item\">          <a class=\"bwg-a  bwg_lightbox\"  data-image-id=\"13\" href=\"https:\/\/www.ufmg.br\/ufmgjovem\/wp-content\/uploads\/photo-gallery\/imported_from_media_libray\/julia-caroline-scaled.jpg?bwg=1694540854\" data-elementor-open-lightbox=\"no\">            <div class=\"bwg-item0\">              <div class=\"bwg-item1 bwg-zoom-effect\">      \t\t\t\t\t<img decoding=\"async\" class=\"skip-lazy bwg-masonry-thumb bwg_masonry_thumb_0 \"                       data-id=\"13\"                       data-src=\"https:\/\/www.ufmg.br\/ufmgjovem\/wp-content\/uploads\/photo-gallery\/imported_from_media_libray\/thumb\/julia-caroline-scaled.jpg?bwg=1694540854\"                       data-width=\"358.00\"                       data-height=\"500.00\"\t\t\t\t\t\t\t\t\t\t   src=\"https:\/\/www.ufmg.br\/ufmgjovem\/wp-content\/uploads\/photo-gallery\/imported_from_media_libray\/thumb\/julia-caroline-scaled.jpg?bwg=1694540854\"\t\t\t\t\t\t\t\t\t\t   alt=\"j\u00falia-caroline\"\t\t\t\t\t\t\t\t\t\t   title=\"j\u00falia-caroline\" \/>                <div class=\"bwg-zoom-effect-overlay\">                  <div class=\"bwg-title1\"><div class=\"bwg-title2\">j\u00falia-caroline<\/div><\/div>\t\t\t\t                                            <\/div>              <\/div>            <\/div>                      <\/a>                      <div class=\"bwg-masonry-thumb-description bwg_masonry_thumb_description_0\">              <span>Julia Caroline Vilela da Silva, 12 anos, estudante do 7\u00ba ano da Escola Municipal Edith Pimenta da Veiga, Belo Horizonte<br \/><\/span>            <\/div>                    <\/div>              <div class=\"bwg-item\">          <a class=\"bwg-a  bwg_lightbox\"  data-image-id=\"14\" href=\"https:\/\/www.ufmg.br\/ufmgjovem\/wp-content\/uploads\/photo-gallery\/imported_from_media_libray\/julia-vitoria-scaled.jpg?bwg=1694540854\" data-elementor-open-lightbox=\"no\">            <div class=\"bwg-item0\">              <div class=\"bwg-item1 bwg-zoom-effect\">      \t\t\t\t\t<img decoding=\"async\" class=\"skip-lazy bwg-masonry-thumb bwg_masonry_thumb_0 \"                       data-id=\"14\"                       data-src=\"https:\/\/www.ufmg.br\/ufmgjovem\/wp-content\/uploads\/photo-gallery\/imported_from_media_libray\/thumb\/julia-vitoria-scaled.jpg?bwg=1694540854\"                       data-width=\"357.00\"                       data-height=\"500.00\"\t\t\t\t\t\t\t\t\t\t   src=\"https:\/\/www.ufmg.br\/ufmgjovem\/wp-content\/uploads\/photo-gallery\/imported_from_media_libray\/thumb\/julia-vitoria-scaled.jpg?bwg=1694540854\"\t\t\t\t\t\t\t\t\t\t   alt=\"julia-vit\u00f3ria\"\t\t\t\t\t\t\t\t\t\t   title=\"julia-vit\u00f3ria\" \/>                <div class=\"bwg-zoom-effect-overlay\">                  <div class=\"bwg-title1\"><div class=\"bwg-title2\">julia-vit\u00f3ria<\/div><\/div>\t\t\t\t                                            <\/div>              <\/div>            <\/div>                      <\/a>                      <div class=\"bwg-masonry-thumb-description bwg_masonry_thumb_description_0\">              <span>Julia Vit\u00f3ria Inoc\u00eancio Santos, 12 anos, estudante do 7\u00ba ano da Escola Municipal Edith Pimenta da Veiga, Belo Horizonte<br \/><\/span>            <\/div>                    <\/div>              <div class=\"bwg-item\">          <a class=\"bwg-a  bwg_lightbox\"  data-image-id=\"15\" href=\"https:\/\/www.ufmg.br\/ufmgjovem\/wp-content\/uploads\/photo-gallery\/imported_from_media_libray\/Lidiane-Fernandes-Pedroso_page-0001.jpg?bwg=1694540854\" data-elementor-open-lightbox=\"no\">            <div class=\"bwg-item0\">              <div class=\"bwg-item1 bwg-zoom-effect\">      \t\t\t\t\t<img decoding=\"async\" class=\"skip-lazy bwg-masonry-thumb bwg_masonry_thumb_0 \"                       data-id=\"15\"                       data-src=\"https:\/\/www.ufmg.br\/ufmgjovem\/wp-content\/uploads\/photo-gallery\/imported_from_media_libray\/thumb\/Lidiane-Fernandes-Pedroso_page-0001.jpg?bwg=1694540854\"                       data-width=\"500.00\"                       data-height=\"244.00\"\t\t\t\t\t\t\t\t\t\t   src=\"https:\/\/www.ufmg.br\/ufmgjovem\/wp-content\/uploads\/photo-gallery\/imported_from_media_libray\/thumb\/Lidiane-Fernandes-Pedroso_page-0001.jpg?bwg=1694540854\"\t\t\t\t\t\t\t\t\t\t   alt=\"Lidiane Fernandes Pedroso_page-0001\"\t\t\t\t\t\t\t\t\t\t   title=\"Lidiane Fernandes Pedroso_page-0001\" \/>                <div class=\"bwg-zoom-effect-overlay\">                  <div class=\"bwg-title1\"><div class=\"bwg-title2\">Lidiane Fernandes Pedroso_page-0001<\/div><\/div>\t\t\t\t                                            <\/div>              <\/div>            <\/div>                      <\/a>                      <div class=\"bwg-masonry-thumb-description bwg_masonry_thumb_description_0\">              <span>Lidiane Fernandes Pedroso, 18 anos, estudante do 3\u00ba ano da Escola Estadual Bar\u00e3o do Rio Branco, Itajub\u00e1<br \/>Orientation: 1<br \/><\/span>            <\/div>                    <\/div>              <div class=\"bwg-item\">          <a class=\"bwg-a  bwg_lightbox\"  data-image-id=\"16\" href=\"https:\/\/www.ufmg.br\/ufmgjovem\/wp-content\/uploads\/photo-gallery\/imported_from_media_libray\/Luan-Oliveira-Fernandes-scaled.jpg?bwg=1694540854\" data-elementor-open-lightbox=\"no\">            <div class=\"bwg-item0\">              <div class=\"bwg-item1 bwg-zoom-effect\">      \t\t\t\t\t<img decoding=\"async\" class=\"skip-lazy bwg-masonry-thumb bwg_masonry_thumb_0 \"                       data-id=\"16\"                       data-src=\"https:\/\/www.ufmg.br\/ufmgjovem\/wp-content\/uploads\/photo-gallery\/imported_from_media_libray\/thumb\/Luan-Oliveira-Fernandes-scaled.jpg?bwg=1694540854\"                       data-width=\"360.00\"                       data-height=\"500.00\"\t\t\t\t\t\t\t\t\t\t   src=\"https:\/\/www.ufmg.br\/ufmgjovem\/wp-content\/uploads\/photo-gallery\/imported_from_media_libray\/thumb\/Luan-Oliveira-Fernandes-scaled.jpg?bwg=1694540854\"\t\t\t\t\t\t\t\t\t\t   alt=\"Luan Oliveira Fernandes\"\t\t\t\t\t\t\t\t\t\t   title=\"Luan Oliveira Fernandes\" \/>                <div class=\"bwg-zoom-effect-overlay\">                  <div class=\"bwg-title1\"><div class=\"bwg-title2\">Luan Oliveira Fernandes<\/div><\/div>\t\t\t\t                                            <\/div>              <\/div>            <\/div>                      <\/a>                      <div class=\"bwg-masonry-thumb-description bwg_masonry_thumb_description_0\">              <span>Luan Oliveira Fernandes, 12 anos, estudante do 7\u00ba ano da Escola Municipal Edith Pimenta da Veiga, Belo Horizonte<br \/><\/span>            <\/div>                    <\/div>              <div class=\"bwg-item\">          <a class=\"bwg-a  bwg_lightbox\"  data-image-id=\"17\" href=\"https:\/\/www.ufmg.br\/ufmgjovem\/wp-content\/uploads\/photo-gallery\/imported_from_media_libray\/Tiago-Lucas-Borges_page-0001.jpg?bwg=1694540854\" data-elementor-open-lightbox=\"no\">            <div class=\"bwg-item0\">              <div class=\"bwg-item1 bwg-zoom-effect\">      \t\t\t\t\t<img decoding=\"async\" class=\"skip-lazy bwg-masonry-thumb bwg_masonry_thumb_0 \"                       data-id=\"17\"                       data-src=\"https:\/\/www.ufmg.br\/ufmgjovem\/wp-content\/uploads\/photo-gallery\/imported_from_media_libray\/thumb\/Tiago-Lucas-Borges_page-0001.jpg?bwg=1694540854\"                       data-width=\"500.00\"                       data-height=\"194.00\"\t\t\t\t\t\t\t\t\t\t   src=\"https:\/\/www.ufmg.br\/ufmgjovem\/wp-content\/uploads\/photo-gallery\/imported_from_media_libray\/thumb\/Tiago-Lucas-Borges_page-0001.jpg?bwg=1694540854\"\t\t\t\t\t\t\t\t\t\t   alt=\"Tiago Lucas Borges_page-0001\"\t\t\t\t\t\t\t\t\t\t   title=\"Tiago Lucas Borges_page-0001\" \/>                <div class=\"bwg-zoom-effect-overlay\">                  <div class=\"bwg-title1\"><div class=\"bwg-title2\">Tiago Lucas Borges_page-0001<\/div><\/div>\t\t\t\t                                            <\/div>              <\/div>            <\/div>                      <\/a>                      <div class=\"bwg-masonry-thumb-description bwg_masonry_thumb_description_0\">              <span>Tiago Lucas Borges, 16 anos, estudante do 2\u00ba ano do Col\u00e9gio Santa Maria Minas - Unidade Cora\u00e7\u00e3o Eucar\u00edstico, Belo Horizonte - MG<br \/>Orientation: 1<br \/><\/span>            <\/div>                    <\/div>          <\/div>    <style>      \/*pagination styles*\/      #bwg_container1_0 #bwg_container2_0 .tablenav-pages_0 {\t\t\t\ttext-align: center;\t\t\t\tfont-size: 12px;\t\t\t\tfont-family: Ubuntu;\t\t\t\tfont-weight: bold;\t\t\t\tcolor: #666666;\t\t\t\tmargin: 6px 0 4px;\t\t\t\tdisplay: block;      }      @media only screen and (max-width : 320px) {      #bwg_container1_0 #bwg_container2_0 .displaying-num_0 {     \t display: none;      }      }      #bwg_container1_0 #bwg_container2_0 .displaying-num_0 {\t\t\t\tfont-size: 12px;\t\t\t\tfont-family: Ubuntu;\t\t\t\tfont-weight: bold;\t\t\t\tcolor: #666666;\t\t\t\tmargin-right: 10px;\t\t\t\tvertical-align: middle;      }      #bwg_container1_0 #bwg_container2_0 .paging-input_0 {\t\t\t\tfont-size: 12px;\t\t\t\tfont-family: Ubuntu;\t\t\t\tfont-weight: bold;\t\t\t\tcolor: #666666;\t\t\t\tvertical-align: middle;      }      #bwg_container1_0 #bwg_container2_0 .tablenav-pages_0 a.disabled,      #bwg_container1_0 #bwg_container2_0 .tablenav-pages_0 a.disabled:hover,      #bwg_container1_0 #bwg_container2_0 .tablenav-pages_0 a.disabled:focus,\t\t\t#bwg_container1_0 #bwg_container2_0 .tablenav-pages_0 input.bwg_current_page {\t\t\t\tcursor: default;\t\t\t\tcolor: rgba(102, 102, 102, 0.5);      }      #bwg_container1_0 #bwg_container2_0 .tablenav-pages_0 a,      #bwg_container1_0 #bwg_container2_0 .tablenav-pages_0 input.bwg_current_page {\t\t\t\tcursor: pointer;\t\t\t\ttext-align: center;\t\t\t\tfont-size: 12px;\t\t\t\tfont-family: Ubuntu;\t\t\t\tfont-weight: bold;\t\t\t\tcolor: #666666;\t\t\t\ttext-decoration: none;\t\t\t\tpadding: 3px 6px;\t\t\t\tmargin: 0;\t\t\t\tborder-radius: 0;\t\t\t\tborder-style: solid;\t\t\t\tborder-width: 1px;\t\t\t\tborder-color: #E3E3E3;\t\t\t\t\t\t\t\tbackground-color: rgba(255, 255, 255, 1.00);\t\t\t\tbox-shadow: 0;\t\t\t\ttransition: all 0.3s ease 0s;-webkit-transition: all 0.3s ease 0s;      }      <\/style>      <span class=\"bwg_nav_cont_0\">              <div class=\"tablenav-pages_0\">                  <\/div>                <input type=\"hidden\" id=\"page_number_0\" name=\"page_number_0\" value=\"1\" \/>      <script type=\"text\/javascript\">        if( jQuery('.bwg_nav_cont_0').length > 1 ) {          jQuery('.bwg_nav_cont_0').first().remove()        }        function spider_page_0(cur, x, y, load_more) {          if (typeof load_more == \"undefined\") {            var load_more = false;          }          if (jQuery(cur).hasClass('disabled')) {            return false;          }          var items_county_0 = 1;          switch (y) {            case 1:              if (x >= items_county_0) {                document.getElementById('page_number_0').value = items_county_0;              }              else {                document.getElementById('page_number_0').value = x + 1;              }              break;            case 2:              document.getElementById('page_number_0').value = items_county_0;              break;            case -1:              if (x == 1) {                document.getElementById('page_number_0').value = 1;              }              else {                document.getElementById('page_number_0').value = x - 1;              }              break;            case -2:              document.getElementById('page_number_0').value = 1;              break;\t\t\t\t\t\tcase 0:              document.getElementById('page_number_0').value = x;              break;            default:              document.getElementById('page_number_0').value = 1;          }          bwg_ajax('gal_front_form_0', '0', 'bwg_thumbnails_masonry_0', '0', '', 'gallery', 0, '', '', load_more, '', 1);        }                    jQuery('.first-page-0').on('click', function () {              spider_page_0(this, 1, -2, 'numeric');              return false;            });            jQuery('.prev-page-0').on('click', function () {              spider_page_0(this, 1, -1, 'numeric');              return false;            });            jQuery('.next-page-0').on('click', function () {              spider_page_0(this, 1, 1, 'numeric');              return false;            });            jQuery('.last-page-0').on('click', function () {              spider_page_0(this, 1, 2, 'numeric');              return false;            });        \t\t\t\t\/* Change page on input enter. *\/        function bwg_change_page_0( e, that ) {          if (  e.key == 'Enter' ) {            var to_page = parseInt(jQuery(that).val());            var pages_count = jQuery(that).parents(\".pagination-links\").data(\"pages-count\");            var current_url_param = jQuery(that).attr('data-url-info');            if (to_page > pages_count) {              to_page = 1;            }\t \t\t\t\t\t\t\t\t\t\t\t\tspider_page_0(this, to_page, 0, 'numeric');\t\t\t\t\t\t\treturn false;\t\t\t\t\t\t          }          return true;        }        jQuery('.bwg_load_btn_0').on('click', function () {            spider_page_0(this, 1, 1, true);            return false;        });      <\/script>      <\/span>                <\/div>        <\/form>        <style>          #bwg_container1_0 #bwg_container2_0 #spider_popup_overlay_0 {          background-color: #EEEEEE;          opacity: 0.60;          }          <\/style>        <div id=\"bwg_spider_popup_loading_0\" class=\"bwg_spider_popup_loading\"><\/div>        <div id=\"spider_popup_overlay_0\" class=\"spider_popup_overlay\" onclick=\"spider_destroypopup(1000)\"><\/div>        <input type=\"hidden\" id=\"bwg_random_seed_0\" value=\"707926857\">                <\/div>    <\/div>    <script>      if (document.readyState === 'complete') {        if( typeof bwg_main_ready == 'function' ) {          if ( jQuery(\"#bwg_container1_0\").height() ) {            bwg_main_ready(jQuery(\"#bwg_container1_0\"));          }        }      } else {        document.addEventListener('DOMContentLoaded', function() {          if( typeof bwg_main_ready == 'function' ) {            if ( jQuery(\"#bwg_container1_0\").height() ) {             bwg_main_ready(jQuery(\"#bwg_container1_0\"));            }          }        });      }    <\/script>    \n","protected":false},"excerpt":{"rendered":"","protected":false},"author":1,"featured_media":0,"parent":230,"menu_order":2,"comment_status":"closed","ping_status":"closed","template":"","meta":{"_acf_changed":false,"spay_email":"","footnotes":""},"acf":[],"_links":{"self":[{"href":"https:\/\/www.ufmg.br\/ufmgjovem\/wp-json\/wp\/v2\/pages\/734"}],"collection":[{"href":"https:\/\/www.ufmg.br\/ufmgjovem\/wp-json\/wp\/v2\/pages"}],"about":[{"href":"https:\/\/www.ufmg.br\/ufmgjovem\/wp-json\/wp\/v2\/types\/page"}],"author":[{"embeddable":true,"href":"https:\/\/www.ufmg.br\/ufmgjovem\/wp-json\/wp\/v2\/users\/1"}],"replies":[{"embeddable":true,"href":"https:\/\/www.ufmg.br\/ufmgjovem\/wp-json\/wp\/v2\/comments?post=734"}],"version-history":[{"count":11,"href":"https:\/\/www.ufmg.br\/ufmgjovem\/wp-json\/wp\/v2\/pages\/734\/revisions"}],"predecessor-version":[{"id":1965,"href":"https:\/\/www.ufmg.br\/ufmgjovem\/wp-json\/wp\/v2\/pages\/734\/revisions\/1965"}],"up":[{"embeddable":true,"href":"https:\/\/www.ufmg.br\/ufmgjovem\/wp-json\/wp\/v2\/pages\/230"}],"wp:attachment":[{"href":"https:\/\/www.ufmg.br\/ufmgjovem\/wp-json\/wp\/v2\/media?parent=734"}],"curies":[{"name":"wp","href":"https:\/\/api.w.org\/{rel}","templated":true}]}}