{"id":893,"date":"2021-09-08T10:47:09","date_gmt":"2021-09-08T13:47:09","guid":{"rendered":"https:\/\/www.ufmg.br\/ufmgjovem\/video-category\/"},"modified":"2021-09-08T10:47:09","modified_gmt":"2021-09-08T13:47:09","slug":"video-category","status":"publish","type":"page","link":"https:\/\/www.ufmg.br\/ufmgjovem\/video-category\/","title":{"rendered":"Video Category"},"content":{"rendered":"\r\n<div id=\"aiovg-69e8d726714a01\" class=\"aiovg aiovg-categories aiovg-categories-template-grid\">\r\n        \r\n    <div class=\"aiovg-section-categories aiovg-grid aiovg-row\">\r\n                    \r\n            <div class=\"aiovg-item-category aiovg-item-category-28 aiovg-col aiovg-col-3 aiovg-col-xs-2\" data-id=\"28\">\t\t\r\n                \n<div class=\"aiovg-thumbnail\">\n    <a href=\"https:\/\/www.ufmg.br\/ufmgjovem\/video-category\/desafio\/\" class=\"aiovg-responsive-container\" style=\"padding-bottom: 56.25%;\">\n        <img decoding=\"async\" src=\"https:\/\/www.ufmg.br\/ufmgjovem\/wp-content\/plugins\/all-in-one-video-gallery\/public\/assets\/images\/placeholder-image.png\" class=\"aiovg-responsive-element\" alt=\"Desafio\" \/>\n    <\/a>\n    \n    <div class=\"aiovg-caption\">\n        <div class=\"aiovg-title\">\n            <a href=\"https:\/\/www.ufmg.br\/ufmgjovem\/video-category\/desafio\/\" class=\"aiovg-link-title\">\n                Desafio            <\/a>\n        <\/div>        \n\n                    <div class=\"aiovg-count aiovg-flex aiovg-gap-1 aiovg-items-center aiovg-text-muted aiovg-text-small\">\n                <svg xmlns=\"http:\/\/www.w3.org\/2000\/svg\" fill=\"none\" width=\"16\" height=\"16\" viewBox=\"0 0 24 24\" stroke-width=\"1.5\" stroke=\"currentColor\" class=\"aiovg-flex-shrink-0\">\n                    <path stroke-linecap=\"round\" stroke-linejoin=\"round\" d=\"M21 12a9 9 0 1 1-18 0 9 9 0 0 1 18 0Z\" \/>\n                    <path stroke-linecap=\"round\" stroke-linejoin=\"round\" d=\"M15.91 11.672a.375.375 0 0 1 0 .656l-5.603 3.113a.375.375 0 0 1-.557-.328V8.887c0-.286.307-.466.557-.327l5.603 3.112Z\" \/>\n                <\/svg>\n                11 videos            <\/div>\n         \n        \n            <\/div>            \t\t\t\n<\/div>\t\t\r\n            <\/div> \r\n                    \r\n            <div class=\"aiovg-item-category aiovg-item-category-29 aiovg-col aiovg-col-3 aiovg-col-xs-2\" data-id=\"29\">\t\t\r\n                \n<div class=\"aiovg-thumbnail\">\n    <a href=\"https:\/\/www.ufmg.br\/ufmgjovem\/video-category\/desafio-2023\/\" class=\"aiovg-responsive-container\" style=\"padding-bottom: 56.25%;\">\n        <img decoding=\"async\" src=\"https:\/\/www.ufmg.br\/ufmgjovem\/wp-content\/plugins\/all-in-one-video-gallery\/public\/assets\/images\/placeholder-image.png\" class=\"aiovg-responsive-element\" alt=\"Desafio 2023\" \/>\n    <\/a>\n    \n    <div class=\"aiovg-caption\">\n        <div class=\"aiovg-title\">\n            <a href=\"https:\/\/www.ufmg.br\/ufmgjovem\/video-category\/desafio-2023\/\" class=\"aiovg-link-title\">\n                Desafio 2023            <\/a>\n        <\/div>        \n\n                    <div class=\"aiovg-count aiovg-flex aiovg-gap-1 aiovg-items-center aiovg-text-muted aiovg-text-small\">\n                <svg xmlns=\"http:\/\/www.w3.org\/2000\/svg\" fill=\"none\" width=\"16\" height=\"16\" viewBox=\"0 0 24 24\" stroke-width=\"1.5\" stroke=\"currentColor\" class=\"aiovg-flex-shrink-0\">\n                    <path stroke-linecap=\"round\" stroke-linejoin=\"round\" d=\"M21 12a9 9 0 1 1-18 0 9 9 0 0 1 18 0Z\" \/>\n                    <path stroke-linecap=\"round\" stroke-linejoin=\"round\" d=\"M15.91 11.672a.375.375 0 0 1 0 .656l-5.603 3.113a.375.375 0 0 1-.557-.328V8.887c0-.286.307-.466.557-.327l5.603 3.112Z\" \/>\n                <\/svg>\n                3 videos            <\/div>\n         \n        \n            <\/div>            \t\t\t\n<\/div>\t\t\r\n            <\/div> \r\n                    \r\n            <div class=\"aiovg-item-category aiovg-item-category-30 aiovg-col aiovg-col-3 aiovg-col-xs-2\" data-id=\"30\">\t\t\r\n                \n<div class=\"aiovg-thumbnail\">\n    <a href=\"https:\/\/www.ufmg.br\/ufmgjovem\/video-category\/desafio-em-audio-2023\/\" class=\"aiovg-responsive-container\" style=\"padding-bottom: 56.25%;\">\n        <img decoding=\"async\" src=\"https:\/\/www.ufmg.br\/ufmgjovem\/wp-content\/plugins\/all-in-one-video-gallery\/public\/assets\/images\/placeholder-image.png\" class=\"aiovg-responsive-element\" alt=\"Desafio em Audio 2023\" \/>\n    <\/a>\n    \n    <div class=\"aiovg-caption\">\n        <div class=\"aiovg-title\">\n            <a href=\"https:\/\/www.ufmg.br\/ufmgjovem\/video-category\/desafio-em-audio-2023\/\" class=\"aiovg-link-title\">\n                Desafio em Audio 2023            <\/a>\n        <\/div>        \n\n                    <div class=\"aiovg-count aiovg-flex aiovg-gap-1 aiovg-items-center aiovg-text-muted aiovg-text-small\">\n                <svg xmlns=\"http:\/\/www.w3.org\/2000\/svg\" fill=\"none\" width=\"16\" height=\"16\" viewBox=\"0 0 24 24\" stroke-width=\"1.5\" stroke=\"currentColor\" class=\"aiovg-flex-shrink-0\">\n                    <path stroke-linecap=\"round\" stroke-linejoin=\"round\" d=\"M21 12a9 9 0 1 1-18 0 9 9 0 0 1 18 0Z\" \/>\n                    <path stroke-linecap=\"round\" stroke-linejoin=\"round\" d=\"M15.91 11.672a.375.375 0 0 1 0 .656l-5.603 3.113a.375.375 0 0 1-.557-.328V8.887c0-.286.307-.466.557-.327l5.603 3.112Z\" \/>\n                <\/svg>\n                1 video            <\/div>\n         \n        \n            <\/div>            \t\t\t\n<\/div>\t\t\r\n            <\/div> \r\n                    \r\n            <div class=\"aiovg-item-category aiovg-item-category-9 aiovg-col aiovg-col-3 aiovg-col-xs-2\" data-id=\"9\">\t\t\r\n                \n<div class=\"aiovg-thumbnail\">\n    <a href=\"https:\/\/www.ufmg.br\/ufmgjovem\/video-category\/feira-educacao-basica\/\" class=\"aiovg-responsive-container\" style=\"padding-bottom: 56.25%;\">\n        <img decoding=\"async\" src=\"https:\/\/www.ufmg.br\/ufmgjovem\/wp-content\/plugins\/all-in-one-video-gallery\/public\/assets\/images\/placeholder-image.png\" class=\"aiovg-responsive-element\" alt=\"Feira da Educa\u00e7\u00e3o B\u00e1sica\" \/>\n    <\/a>\n    \n    <div class=\"aiovg-caption\">\n        <div class=\"aiovg-title\">\n            <a href=\"https:\/\/www.ufmg.br\/ufmgjovem\/video-category\/feira-educacao-basica\/\" class=\"aiovg-link-title\">\n                Feira da Educa\u00e7\u00e3o B\u00e1sica            <\/a>\n        <\/div>        \n\n                    <div class=\"aiovg-count aiovg-flex aiovg-gap-1 aiovg-items-center aiovg-text-muted aiovg-text-small\">\n                <svg xmlns=\"http:\/\/www.w3.org\/2000\/svg\" fill=\"none\" width=\"16\" height=\"16\" viewBox=\"0 0 24 24\" stroke-width=\"1.5\" stroke=\"currentColor\" class=\"aiovg-flex-shrink-0\">\n                    <path stroke-linecap=\"round\" stroke-linejoin=\"round\" d=\"M21 12a9 9 0 1 1-18 0 9 9 0 0 1 18 0Z\" \/>\n                    <path stroke-linecap=\"round\" stroke-linejoin=\"round\" d=\"M15.91 11.672a.375.375 0 0 1 0 .656l-5.603 3.113a.375.375 0 0 1-.557-.328V8.887c0-.286.307-.466.557-.327l5.603 3.112Z\" \/>\n                <\/svg>\n                131 videos            <\/div>\n         \n        \n            <\/div>            \t\t\t\n<\/div>\t\t\r\n            <\/div> \r\n                    \r\n            <div class=\"aiovg-item-category aiovg-item-category-8 aiovg-col aiovg-col-3 aiovg-col-xs-2\" data-id=\"8\">\t\t\r\n                \n<div class=\"aiovg-thumbnail\">\n    <a href=\"https:\/\/www.ufmg.br\/ufmgjovem\/video-category\/mostra-nacional\/\" class=\"aiovg-responsive-container\" style=\"padding-bottom: 56.25%;\">\n        <img decoding=\"async\" src=\"https:\/\/www.ufmg.br\/ufmgjovem\/wp-content\/plugins\/all-in-one-video-gallery\/public\/assets\/images\/placeholder-image.png\" class=\"aiovg-responsive-element\" alt=\"Mostra Nacional\" \/>\n    <\/a>\n    \n    <div class=\"aiovg-caption\">\n        <div class=\"aiovg-title\">\n            <a href=\"https:\/\/www.ufmg.br\/ufmgjovem\/video-category\/mostra-nacional\/\" class=\"aiovg-link-title\">\n                Mostra Nacional            <\/a>\n        <\/div>        \n\n                    <div class=\"aiovg-count aiovg-flex aiovg-gap-1 aiovg-items-center aiovg-text-muted aiovg-text-small\">\n                <svg xmlns=\"http:\/\/www.w3.org\/2000\/svg\" fill=\"none\" width=\"16\" height=\"16\" viewBox=\"0 0 24 24\" stroke-width=\"1.5\" stroke=\"currentColor\" class=\"aiovg-flex-shrink-0\">\n                    <path stroke-linecap=\"round\" stroke-linejoin=\"round\" d=\"M21 12a9 9 0 1 1-18 0 9 9 0 0 1 18 0Z\" \/>\n                    <path stroke-linecap=\"round\" stroke-linejoin=\"round\" d=\"M15.91 11.672a.375.375 0 0 1 0 .656l-5.603 3.113a.375.375 0 0 1-.557-.328V8.887c0-.286.307-.466.557-.327l5.603 3.112Z\" \/>\n                <\/svg>\n                159 videos            <\/div>\n         \n        \n            <\/div>            \t\t\t\n<\/div>\t\t\r\n            <\/div> \r\n            <\/div>\r\n\r\n    <\/div>\n","protected":false},"excerpt":{"rendered":"","protected":false},"author":1,"featured_media":0,"parent":0,"menu_order":0,"comment_status":"closed","ping_status":"closed","template":"","meta":{"_acf_changed":false,"spay_email":"","footnotes":""},"acf":[],"_links":{"self":[{"href":"https:\/\/www.ufmg.br\/ufmgjovem\/wp-json\/wp\/v2\/pages\/893"}],"collection":[{"href":"https:\/\/www.ufmg.br\/ufmgjovem\/wp-json\/wp\/v2\/pages"}],"about":[{"href":"https:\/\/www.ufmg.br\/ufmgjovem\/wp-json\/wp\/v2\/types\/page"}],"author":[{"embeddable":true,"href":"https:\/\/www.ufmg.br\/ufmgjovem\/wp-json\/wp\/v2\/users\/1"}],"replies":[{"embeddable":true,"href":"https:\/\/www.ufmg.br\/ufmgjovem\/wp-json\/wp\/v2\/comments?post=893"}],"version-history":[{"count":0,"href":"https:\/\/www.ufmg.br\/ufmgjovem\/wp-json\/wp\/v2\/pages\/893\/revisions"}],"wp:attachment":[{"href":"https:\/\/www.ufmg.br\/ufmgjovem\/wp-json\/wp\/v2\/media?parent=893"}],"curies":[{"name":"wp","href":"https:\/\/api.w.org\/{rel}","templated":true}]}}