{"id":206,"date":"2020-05-27T13:15:11","date_gmt":"2020-05-27T16:15:11","guid":{"rendered":"https:\/\/www.ufmg.br\/viverufmg\/?page_id=206"},"modified":"2024-09-16T11:34:08","modified_gmt":"2024-09-16T14:34:08","slug":"acessibilidade","status":"publish","type":"page","link":"https:\/\/www.ufmg.br\/viverufmg\/acessibilidade\/","title":{"rendered":"Acessibilidade e Inclus\u00e3o"},"content":{"rendered":"\n<p>Pessoas com defici\u00eancia podem solicitar ao <a rel=\"noreferrer noopener\" href=\"https:\/\/www.ufmg.br\/nai\/\" data-type=\"URL\" data-id=\"https:\/\/www.ufmg.br\/nai\/\" target=\"_blank\">N\u00facleo de Acessibilidade e Inclus\u00e3o<\/a> (NAI) uma s\u00e9rie de a\u00e7\u00f5es e servi\u00e7os oferecidos para garantir o pleno acesso \u00e0s atividades acad\u00eamicas da UFMG. <\/p>\n\n\n\n<p><\/p>\n\n\n\n<p><\/p>\n\n\n\n<h4>Alguns apoios que estudantes com defici\u00eancia podem solicitar:<\/h4>\n\n\n\n<ul><li>Produ\u00e7\u00f5es de materiais did\u00e1ticos em diversos formatos.<\/li><li>Treinamentos para uso de tecnologias assistivas.<\/li><li>Aux\u00edlios pedag\u00f3gicos diversos.<\/li><li>Monitorias espec\u00edficas em diferentes \u00e1reas do conhecimento.<\/li><li>Tradu\u00e7\u00e3o e interpreta\u00e7\u00e3o de Libras. Inclusive \u00e9 poss\u00edvel solicitar os servi\u00e7os dos int\u00e9rpretes <a href=\"https:\/\/signers.adm.ufmg.br\/interpretes\/\" data-type=\"URL\" data-id=\"https:\/\/signers.adm.ufmg.br\/interpretes\/\" target=\"_blank\" rel=\"noreferrer noopener\">clicando aqui<\/a>.<\/li><li>Treinamentos para movimenta\u00e7\u00e3o por rotas mais acess\u00edveis nos espa\u00e7os da UFMG.<\/li><li>Transporte acess\u00edvel no campus Pampulha para pessoas com defici\u00eancia motora ou mobilidade reduzida.<\/li><\/ul>\n\n\n\n<p><\/p>\n\n\n\n<p class=\"has-text-align-center has-white-color has-black-background-color has-text-color has-background\"><strong>Agende entrevista ou solicite os servi\u00e7os:<br>(31) 3409-3927 \u2013 nai@ufmg.br <\/strong><\/p>\n\n\n\n<p><\/p>\n\n\n\n<h4>Conhe\u00e7a um pouco mais sobre o NAI no v\u00eddeo a seguir:<\/h4>\n\n\n\n<figure class=\"wp-block-embed is-type-video is-provider-youtube wp-block-embed-youtube wp-embed-aspect-16-9 wp-has-aspect-ratio\"><div class=\"wp-block-embed__wrapper\">\n<div class=\"arve aligncenter\" data-mode=\"normal\" data-oembed=\"1\" data-provider=\"youtube\" id=\"arve-youtube-4donihiqxsm69f7a2441c8aa755027485\" style=\"max-width:400px;\" itemscope itemtype=\"http:\/\/schema.org\/VideoObject\">\n<span class=\"arve-inner\">\n<span class=\"arve-embed arve-embed--has-aspect-ratio\">\n<span class=\"arve-ar\" style=\"padding-top:56.200000%\"><\/span>\n<meta itemprop=\"embedURL\" content=\"https:\/\/www.youtube.com\/embed\/4DonihIQXSM?feature=oembed&amp;iv_load_policy=3&amp;modestbranding=1&amp;rel=0&amp;autohide=1&amp;playsinline=0&amp;autoplay=0\">\n<iframe loading=\"lazy\" allow=\"accelerometer; autoplay; clipboard-write; encrypted-media; gyroscope; picture-in-picture\" allowfullscreen class=\"arve-iframe fitvidsignore\" data-arve=\"arve-youtube-4donihiqxsm69f7a2441c8aa755027485\" data-src-no-ap=\"https:\/\/www.youtube.com\/embed\/4DonihIQXSM?feature=oembed&amp;iv_load_policy=3&amp;modestbranding=1&amp;rel=0&amp;autohide=1&amp;playsinline=0&amp;autoplay=0\" frameborder=\"0\" height=\"224.8\" sandbox=\"allow-scripts allow-same-origin allow-presentation allow-popups allow-popups-to-escape-sandbox\" scrolling=\"no\" src=\"https:\/\/www.youtube.com\/embed\/4DonihIQXSM?feature=oembed&#038;iv_load_policy=3&#038;modestbranding=1&#038;rel=0&#038;autohide=1&#038;playsinline=0&#038;autoplay=0\" width=\"400\"><\/iframe>\n\n<\/span>\n\n<\/span>\n\n<\/div>\n\n<\/div><\/figure>\n\n\n\n<p><\/p>\n\n\n\n<p><\/p>\n\n\n\n<p><\/p>\n","protected":false},"excerpt":{"rendered":"<p>Pessoas com defici\u00eancia podem solicitar ao N\u00facleo de Acessibilidade e [&hellip;]<\/p>\n","protected":false},"author":1,"featured_media":0,"parent":0,"menu_order":0,"comment_status":"closed","ping_status":"closed","template":"","meta":[],"_links":{"self":[{"href":"https:\/\/www.ufmg.br\/viverufmg\/wp-json\/wp\/v2\/pages\/206"}],"collection":[{"href":"https:\/\/www.ufmg.br\/viverufmg\/wp-json\/wp\/v2\/pages"}],"about":[{"href":"https:\/\/www.ufmg.br\/viverufmg\/wp-json\/wp\/v2\/types\/page"}],"author":[{"embeddable":true,"href":"https:\/\/www.ufmg.br\/viverufmg\/wp-json\/wp\/v2\/users\/1"}],"replies":[{"embeddable":true,"href":"https:\/\/www.ufmg.br\/viverufmg\/wp-json\/wp\/v2\/comments?post=206"}],"version-history":[{"count":41,"href":"https:\/\/www.ufmg.br\/viverufmg\/wp-json\/wp\/v2\/pages\/206\/revisions"}],"predecessor-version":[{"id":2118,"href":"https:\/\/www.ufmg.br\/viverufmg\/wp-json\/wp\/v2\/pages\/206\/revisions\/2118"}],"wp:attachment":[{"href":"https:\/\/www.ufmg.br\/viverufmg\/wp-json\/wp\/v2\/media?parent=206"}],"curies":[{"name":"wp","href":"https:\/\/api.w.org\/{rel}","templated":true}]}}