{"id":240,"date":"2021-09-01T12:52:59","date_gmt":"2021-09-01T15:52:59","guid":{"rendered":"https:\/\/www.ufmg.br\/viverufmg\/?page_id=240"},"modified":"2026-02-05T10:25:24","modified_gmt":"2026-02-05T13:25:24","slug":"carteira-da-ufmg","status":"publish","type":"page","link":"https:\/\/www.ufmg.br\/viverufmg\/primeiros-passos\/carteira-da-ufmg\/","title":{"rendered":"Carteira da UFMG"},"content":{"rendered":"\n<p>A Pr\u00f3-reitoria de Administra\u00e7\u00e3o (<a href=\"https:\/\/www.ufmg.br\/pra\/\" target=\"_blank\" rel=\"noreferrer noopener\">PRA<\/a>) emite a carteira de identifica\u00e7\u00e3o estudantil. Com ela o usu\u00e1rio poder\u00e1 ter acesso a diversos servi\u00e7os na Universidade, como <a rel=\"noreferrer noopener\" href=\"https:\/\/www.bu.ufmg.br\" data-type=\"URL\" data-id=\"https:\/\/www.bu.ufmg.br\" target=\"_blank\">bibliotecas<\/a>, <a rel=\"noreferrer noopener\" href=\"https:\/\/fump.ufmg.br\/programa-de-alimentacao\/\" data-type=\"URL\" target=\"_blank\">restaurantes universit\u00e1rios<\/a>, <a href=\"https:\/\/www.ufmg.br\/ceu\/app\/site\/home\" data-type=\"URL\" target=\"_blank\" rel=\"noreferrer noopener\">Centro Esportivo Universit\u00e1rio (CEU)<\/a> e a entrada em alguns <a href=\"https:\/\/www.ufmg.br\/a-universidade\/estrutura-organizacional\/unidades-de-ensino-pesquisa-e-extensao\/\" data-type=\"URL\" target=\"_blank\" rel=\"noreferrer noopener\">pr\u00e9dios<\/a> dos campi.<\/p>\n\n\n\n<div class=\"wp-block-image\"><figure class=\"aligncenter size-full is-resized\"><img loading=\"lazy\" src=\"https:\/\/www.ufmg.br\/viverufmg\/wp-content\/uploads\/2023\/03\/Carteirinha.png\" alt=\"\" class=\"wp-image-1588\" width=\"225\" height=\"134\" srcset=\"https:\/\/www.ufmg.br\/viverufmg\/wp-content\/uploads\/2023\/03\/Carteirinha.png 898w, https:\/\/www.ufmg.br\/viverufmg\/wp-content\/uploads\/2023\/03\/Carteirinha-300x179.png 300w, https:\/\/www.ufmg.br\/viverufmg\/wp-content\/uploads\/2023\/03\/Carteirinha-768x458.png 768w\" sizes=\"(max-width: 225px) 100vw, 225px\" \/><\/figure><\/div>\n\n\n\n<p>Escolha abaixo a cidade do seu curso para saber como solicitar sua carteira de identifica\u00e7\u00e3o: <\/p>\n\n\n\n<p><\/p>\n\n\n<div id=\"sp-ea-1689\" class=\"sp-ea-one sp-easy-accordion\" data-ex-icon=\"fa-minus\" data-col-icon=\"fa-plus\"  data-ea-active=\"ea-click\"  data-ea-mode=\"vertical\" data-preloader=\"\"><div class=\"ea-card  sp-ea-single\"><h3 class=\"ea-header\"><a class=\"collapsed\" data-sptoggle=\"spcollapse\" data-sptarget=\"#collapse16890\" href=\"javascript:void(0)\" aria-expanded=\"false\"><i class=\"ea-expand-icon fa fa-plus\"><\/i> Belo Horizonte<\/a><\/h3><div class=\"sp-collapse spcollapse spcollapse\" id=\"collapse16890\" data-parent=\"#sp-ea-1689\"><div class=\"ea-body\"> <p><!-- wp:heading {\"level\":3} --><\/p>\n<h3>Como solicito?<\/h3>\n<p><!-- \/wp:heading --> <!-- wp:paragraph --><\/p>\n<p>Estudantes devem solicitar preferencialmente pelo portal <a href=\"https:\/\/sistemas.ufmg.br\/idp\/login.jsp\">MinhaUFMG<\/a>, para an\u00e1lise e confec\u00e7\u00e3o mais agilizada.<\/p>\n<p><strong>Passo a passo:<\/strong><\/p>\n<p>1. Acesse e fa\u00e7a login no portal MinhaUFMG.<\/p>\n<p>2. No menu \u00e0 esquerda, clique em \u201cMeu Crach\u00e1\u201d.<\/p>\n<p>3. Selecione \u201cClique aqui para acessar ou solicitar seu crach\u00e1\u201d e, em seguida, \u201cNovo Crach\u00e1\u201d.<\/p>\n<p>4 . Anexe uma foto 3\u00d74, apenas do rosto, sem bon\u00e9 e sem \u00f3culos escuros, e finalize a solicita\u00e7\u00e3o.<\/p>\n<p>O estudante receber\u00e1 um e-mail quando o crach\u00e1 estiver dispon\u00edvel para retirada no pr\u00e9dio de sua Unidade. Entretanto, \u00e9 poss\u00edvel conferir no MinhaUFMG atualiza\u00e7\u00f5es sobre a confec\u00e7\u00e3o da carteira.<\/p>\n<h3>Como desbloqueio?<\/h3>\n<p><!-- \/wp:heading --> <!-- wp:paragraph --><\/p>\n<p>Para desbloquear a carteira e liberar sua utiliza\u00e7\u00e3o \u00e9 necess\u00e1rio:<\/p>\n<p><!-- \/wp:paragraph --> <!-- wp:paragraph --><\/p>\n<p>1. Acessar o <a href=\"https:\/\/sistemas.ufmg.br\/\" target=\"_blank\" rel=\"noreferrer noopener\" data-type=\"URL\" data-id=\"https:\/\/sistemas.ufmg.br\/\">minhaUFMG<\/a> e clicar em <a href=\"https:\/\/sistemas.ufmg.br\/siscaef\/home.seam\" target=\"_blank\" rel=\"noreferrer noopener\">Meu Crach\u00e1<\/a><\/p>\n<p><!-- \/wp:paragraph --> <!-- wp:paragraph --><\/p>\n<p>2. Clicar em <em>Clique aqui para acessar seu<\/em> <em>crach\u00e1<\/em><\/p>\n<p><!-- \/wp:paragraph --> <!-- wp:paragraph --><\/p>\n<p>3. Clicar em D<em>esbloquear seu crach\u00e1<\/em> e preencher os n\u00fameros dele no campo dispon\u00edvel<\/p>\n<p><!-- \/wp:paragraph --> <!-- wp:paragraph --><\/p>\n<p>Seu crach\u00e1 estar\u00e1 apto para uso em 24 horas ap\u00f3s o desbloqueio.<\/p>\n<p><!-- \/wp:paragraph --> <!-- wp:paragraph --><\/p>\n<p><!-- \/wp:paragraph --> <!-- wp:heading {\"level\":3} --><\/p>\n<h3>Como solicito a 2\u00aa via em caso de perda?<\/h3>\n<p><!-- \/wp:heading --> <!-- wp:paragraph --><\/p>\n<p>1. Acessar o\u00a0<a href=\"https:\/\/sistemas.ufmg.br\/\" target=\"_blank\" rel=\"noreferrer noopener\">minhaUFMG<\/a>\u00a0e clicar em\u00a0<a href=\"https:\/\/sistemas.ufmg.br\/siscaef\/home.seam\" target=\"_blank\" rel=\"noreferrer noopener\">Meu Crach\u00e1<\/a><\/p>\n<p>2. Clicar em\u00a0<em>Clique aqui para acessar seu<\/em>\u00a0<em>crach\u00e1<\/em><\/p>\n<p>3. Clicar no comando\u00a0<em>Bloquear<\/em>\u00a0e confirmar a opera\u00e7\u00e3o<\/p>\n<p>4. Pagar o boleto (GRU) gerado<\/p>\n<p>5. Anexar comprovante de pagamento e foto 3\u00d74 (caso deseja altera\u00e7\u00e3o)<\/p>\n<p>6. Aguardar e-mail de confirma\u00e7\u00e3o para informar quando e onde retirar<\/p>\n<p><span style=\"color: #000000;\"><strong>Aten\u00e7\u00e3o: <\/strong>Ao solicitar 2\u00b0 via, automaticamente o anterior ser\u00e1 inutiliz\u00e1vel e o processo \u00e9 irrevers\u00edvel.<\/span><\/p>\n<h3>Como solicito a 2\u00aa via em caso de roubo?<\/h3>\n<p>1. Acessar o\u00a0<a href=\"https:\/\/sistemas.ufmg.br\/\" target=\"_blank\" rel=\"noreferrer noopener\">minhaUFMG<\/a>\u00a0e clicar em\u00a0<a href=\"https:\/\/sistemas.ufmg.br\/siscaef\/home.seam\" target=\"_blank\" rel=\"noreferrer noopener\">Meu Crach\u00e1<\/a><\/p>\n<p>2. Clicar em\u00a0<em>Clique aqui para acessar seu<\/em>\u00a0<em>crach\u00e1<\/em><\/p>\n<p>3. Clicar no comando\u00a0<em>Bloquear<\/em>\u00a0e confirmar a opera\u00e7\u00e3o<\/p>\n<p>4. N\u00e3o \u00e9 necess\u00e1rio o pagamento da taxa<\/p>\n<p>5. Anexar o boletim de ocorr\u00eancia<\/p>\n<p>6. Aguardar e-mail de confirma\u00e7\u00e3o para informar quando e onde retirar<\/p>\n<p><span style=\"color: #000000;\"><strong>Aten\u00e7\u00e3o: <\/strong>Ao solicitar 2\u00b0 via, automaticamente o anterior ser\u00e1 inutiliz\u00e1vel e o processo \u00e9 irrevers\u00edvel.<br \/>\n<\/span><\/p>\n<h3>E se n\u00e3o possuo acesso ao minhaUFMG?<\/h3>\n<p>Em casos de\u00a0<strong>impedimento<\/strong>\u00a0para realizar o pedido pelo MinhaUFMG, a carteira pode ser solicitada pelo e-mail\u00a0<a href=\"mailto:cracha@pra.ufmg.br\">cracha@pra.ufmg.br<\/a>, com o envio de\u00a0<strong>todos<\/strong>\u00a0os seguintes dados:<\/p>\n<ul class=\"wp-block-list\">\n<li>Nome completo<\/li>\n<li>N\u00famero de matr\u00edcula UFMG<\/li>\n<li>Foto de um documento oficial de identifica\u00e7\u00e3o<\/li>\n<li>Foto 3\u00d74, apenas do rosto, sem bon\u00e9 e sem \u00f3culos escuros<\/li>\n<\/ul>\n<p><!-- \/wp:image --><\/p>\n <\/div><\/div><\/div><div class=\"ea-card  sp-ea-single\"><h3 class=\"ea-header\"><a class=\"collapsed\" data-sptoggle=\"spcollapse\" data-sptarget=\"#collapse16891\" href=\"javascript:void(0)\" aria-expanded=\"false\"><i class=\"ea-expand-icon fa fa-plus\"><\/i> Montes Claros<\/a><\/h3><div class=\"sp-collapse spcollapse spcollapse\" id=\"collapse16891\" data-parent=\"#sp-ea-1689\"><div class=\"ea-body\"> <h3>Como solicito?<\/h3>\n<p><!-- \/wp:heading --> <!-- wp:paragraph --><\/p>\n<p>Estudantes devem solicitar preferencialmente pelo portal <a href=\"https:\/\/sistemas.ufmg.br\/idp\/login.jsp\">MinhaUFMG<\/a>, para an\u00e1lise e confec\u00e7\u00e3o mais agilizada.<\/p>\n<p><strong>Passo a passo:<\/strong><\/p>\n<p>1. Acesse e fa\u00e7a login no portal MinhaUFMG.<\/p>\n<p>2. No menu \u00e0 esquerda, clique em \u201cMeu Crach\u00e1\u201d.<\/p>\n<p>3. Selecione \u201cClique aqui para acessar ou solicitar seu crach\u00e1\u201d e, em seguida, \u201cNovo Crach\u00e1\u201d.<\/p>\n<p>4 . Anexe uma foto 3\u00d74, apenas do rosto, sem bon\u00e9 e sem \u00f3culos escuros, e finalize a solicita\u00e7\u00e3o.<\/p>\n<p>Ap\u00f3s confer\u00eancia, a PRA, no Campus Pampulha, confeccionar\u00e1 os crach\u00e1s. Assim que a remessa com a sua carteirinha chegar ao campus Montes Claros, entraremos em contato, <strong>via e-mail<\/strong>, com cada solicitante. Os locais de retirada ser\u00e3o nos Colegiados de Gradua\u00e7\u00e3o (CAAD) e P\u00f3s-Gradua\u00e7\u00e3o (anexo do CAAD).<\/p>\n<p><!-- \/wp:paragraph --> <!-- wp:heading {\"level\":3} --><\/p>\n<h3>Como desbloqueio?<\/h3>\n<p><!-- \/wp:heading --> <!-- wp:paragraph --><\/p>\n<p>Para desbloquear a carteira e liberar sua utiliza\u00e7\u00e3o \u00e9 necess\u00e1rio:<\/p>\n<p><!-- \/wp:paragraph --> <!-- wp:paragraph --><\/p>\n<p>1. Acessar o <a href=\"https:\/\/sistemas.ufmg.br\/\" target=\"_blank\" rel=\"noreferrer noopener\" data-type=\"URL\" data-id=\"https:\/\/sistemas.ufmg.br\/\">minhaUFMG<\/a> e clicar em <a href=\"https:\/\/sistemas.ufmg.br\/siscaef\/home.seam\" target=\"_blank\" rel=\"noreferrer noopener\">Meu Crach\u00e1<\/a><\/p>\n<p><!-- \/wp:paragraph --> <!-- wp:paragraph --><\/p>\n<p>2. Clicar em <em>Clique aqui para acessar seu<\/em> <em>crach\u00e1<\/em><\/p>\n<p><!-- \/wp:paragraph --> <!-- wp:paragraph --><\/p>\n<p>3. Clicar em D<em>esbloquear seu crach\u00e1<\/em> e preencher os n\u00fameros dele no campo dispon\u00edvel<\/p>\n<p><!-- \/wp:paragraph --> <!-- wp:paragraph --><\/p>\n<p>Seu crach\u00e1 estar\u00e1 apto para uso em 24 horas ap\u00f3s o desbloqueio.<\/p>\n<p><!-- \/wp:paragraph --> <!-- wp:paragraph --><\/p>\n<p><!-- \/wp:paragraph --> <!-- wp:heading {\"level\":3} --><\/p>\n<h3>Como solicito a 2\u00aa via em caso de perda?<\/h3>\n<p><!-- \/wp:heading --> <!-- wp:paragraph --><\/p>\n<p>1. Acessar o\u00a0<a href=\"https:\/\/sistemas.ufmg.br\/\" target=\"_blank\" rel=\"noreferrer noopener\">minhaUFMG<\/a>\u00a0e clicar em\u00a0<a href=\"https:\/\/sistemas.ufmg.br\/siscaef\/home.seam\" target=\"_blank\" rel=\"noreferrer noopener\">Meu Crach\u00e1<\/a><\/p>\n<p>2. Clicar em\u00a0<em>Clique aqui para acessar seu<\/em>\u00a0<em>crach\u00e1<\/em><\/p>\n<p>3. Clicar no comando\u00a0<em>Bloquear<\/em>\u00a0e confirmar a opera\u00e7\u00e3o<\/p>\n<p>4. Pagar o boleto (GRU) gerado<\/p>\n<p>5. Anexar comprovante de pagamento e foto 3\u00d74 (caso deseja altera\u00e7\u00e3o)<\/p>\n<p>6. Aguardar e-mail de confirma\u00e7\u00e3o para informar quando e onde retirar<\/p>\n<p><span style=\"color: #000000;\"><strong>Aten\u00e7\u00e3o: <\/strong>Ao solicitar 2\u00b0 via, automaticamente o anterior ser\u00e1 inutiliz\u00e1vel e o processo \u00e9 irrevers\u00edvel.<\/span><\/p>\n<h3>Como solicito a 2\u00aa via em caso de roubo?<\/h3>\n<p>1. Acessar o\u00a0<a href=\"https:\/\/sistemas.ufmg.br\/\" target=\"_blank\" rel=\"noreferrer noopener\">minhaUFMG<\/a>\u00a0e clicar em\u00a0<a href=\"https:\/\/sistemas.ufmg.br\/siscaef\/home.seam\" target=\"_blank\" rel=\"noreferrer noopener\">Meu Crach\u00e1<\/a><\/p>\n<p>2. Clicar em\u00a0<em>Clique aqui para acessar seu<\/em>\u00a0<em>crach\u00e1<\/em><\/p>\n<p>3. Clicar no comando\u00a0<em>Bloquear<\/em>\u00a0e confirmar a opera\u00e7\u00e3o<\/p>\n<p>4. N\u00e3o \u00e9 necess\u00e1rio o pagamento da taxa<\/p>\n<p>5. Anexar o boletim de ocorr\u00eancia<\/p>\n<p>6. Aguardar e-mail de confirma\u00e7\u00e3o para informar quando e onde retirar<\/p>\n<p><span style=\"color: #000000;\"><strong>Aten\u00e7\u00e3o: <\/strong>Ao solicitar 2\u00b0 via, automaticamente o anterior ser\u00e1 inutiliz\u00e1vel e o processo \u00e9 irrevers\u00edvel.<\/span><\/p>\n<h3>E se n\u00e3o possuo acesso ao minhaUFMG?<\/h3>\n<p>Em casos de\u00a0<strong>impedimento<\/strong>\u00a0para realizar o pedido pelo MinhaUFMG, a carteira pode ser solicitada pelo e-mail\u00a0<a href=\"mailto:cracha@pra.ufmg.br\">cracha@pra.ufmg.br<\/a>, com o envio de\u00a0<strong>todos<\/strong>\u00a0os seguintes dados:<\/p>\n<ul class=\"wp-block-list\">\n<li>Nome completo<\/li>\n<li>N\u00famero de matr\u00edcula UFMG<\/li>\n<li>Foto de um documento oficial de identifica\u00e7\u00e3o<\/li>\n<li>Foto 3\u00d74, apenas do rosto, sem bon\u00e9 e sem \u00f3culos escuros<\/li>\n<\/ul>\n <\/div><\/div><\/div><\/div>\n\n\n\n<p><\/p>\n","protected":false},"excerpt":{"rendered":"<p>A Pr\u00f3-reitoria de Administra\u00e7\u00e3o (PRA) emite a carteira de identifica\u00e7\u00e3o [&hellip;]<\/p>\n","protected":false},"author":1,"featured_media":0,"parent":236,"menu_order":3,"comment_status":"closed","ping_status":"closed","template":"","meta":[],"_links":{"self":[{"href":"https:\/\/www.ufmg.br\/viverufmg\/wp-json\/wp\/v2\/pages\/240"}],"collection":[{"href":"https:\/\/www.ufmg.br\/viverufmg\/wp-json\/wp\/v2\/pages"}],"about":[{"href":"https:\/\/www.ufmg.br\/viverufmg\/wp-json\/wp\/v2\/types\/page"}],"author":[{"embeddable":true,"href":"https:\/\/www.ufmg.br\/viverufmg\/wp-json\/wp\/v2\/users\/1"}],"replies":[{"embeddable":true,"href":"https:\/\/www.ufmg.br\/viverufmg\/wp-json\/wp\/v2\/comments?post=240"}],"version-history":[{"count":40,"href":"https:\/\/www.ufmg.br\/viverufmg\/wp-json\/wp\/v2\/pages\/240\/revisions"}],"predecessor-version":[{"id":2343,"href":"https:\/\/www.ufmg.br\/viverufmg\/wp-json\/wp\/v2\/pages\/240\/revisions\/2343"}],"up":[{"embeddable":true,"href":"https:\/\/www.ufmg.br\/viverufmg\/wp-json\/wp\/v2\/pages\/236"}],"wp:attachment":[{"href":"https:\/\/www.ufmg.br\/viverufmg\/wp-json\/wp\/v2\/media?parent=240"}],"curies":[{"name":"wp","href":"https:\/\/api.w.org\/{rel}","templated":true}]}}