{"id":244,"date":"2021-09-01T12:54:55","date_gmt":"2021-09-01T15:54:55","guid":{"rendered":"https:\/\/www.ufmg.br\/viverufmg\/?page_id=244"},"modified":"2023-03-16T17:33:17","modified_gmt":"2023-03-16T20:33:17","slug":"perguntas-frequentes","status":"publish","type":"page","link":"https:\/\/www.ufmg.br\/viverufmg\/primeiros-passos\/perguntas-frequentes\/","title":{"rendered":"Perguntas frequentes"},"content":{"rendered":"\n<div class=\"wp-block-image\"><figure class=\"alignleft size-full is-resized\"><img loading=\"lazy\" src=\"https:\/\/www.ufmg.br\/viverufmg\/wp-content\/uploads\/2023\/03\/Duvidas-02.png\" alt=\"\" class=\"wp-image-1614\" width=\"85\" height=\"180\" srcset=\"https:\/\/www.ufmg.br\/viverufmg\/wp-content\/uploads\/2023\/03\/Duvidas-02.png 468w, https:\/\/www.ufmg.br\/viverufmg\/wp-content\/uploads\/2023\/03\/Duvidas-02-142x300.png 142w\" sizes=\"(max-width: 85px) 100vw, 85px\" \/><\/figure><\/div>\n\n\n<div id=\"sp-ea-245\" class=\"sp-ea-one sp-easy-accordion\" data-ex-icon=\"fa-minus\" data-col-icon=\"fa-plus\"  data-ea-active=\"ea-click\"  data-ea-mode=\"vertical\" data-preloader=\"\"><div class=\"ea-card  sp-ea-single\"><h3 class=\"ea-header\"><a class=\"collapsed\" data-sptoggle=\"spcollapse\" data-sptarget=\"#collapse2450\" href=\"javascript:void(0)\" aria-expanded=\"false\"><i class=\"ea-expand-icon fa fa-plus\"><\/i> Qual \u00e9 a diferen\u00e7a entre o registro e a matr\u00edcula? Os dois s\u00e3o obrigat\u00f3rios?<\/a><\/h3><div class=\"sp-collapse spcollapse spcollapse\" id=\"collapse2450\" data-parent=\"#sp-ea-245\"><div class=\"ea-body\"> <p>O <strong>registro acad\u00eamico<\/strong> \u00e9 um ato acad\u00eamico obrigat\u00f3rio que formaliza a entrada do candidato na UFMG. \u00c9 o momento em que ele fornece seus dados pessoais e acad\u00eamicos para cadastro.<\/p>\n<p>A <strong>matr\u00edcula<\/strong> \u00e9 um ato posterior ao registro. Vale lembrar que a primeira matr\u00edcula \u00e9 autom\u00e1tica para todas as atividades acad\u00eamicas obrigat\u00f3rias do 1\u00ba per\u00edodo letivo curricular do curso. As matr\u00edculas subsequentes ser\u00e3o realizadas pelos pr\u00f3prios alunos em datas determinadas pela Institui\u00e7\u00e3o.<\/p>\n<p>D\u00favidas sobre o registro? <a href=\"https:\/\/www.ufmg.br\/sisu\/registro-e-matricula\/\" target=\"_blank\" rel=\"noopener\">Clique aqui<\/a>.<\/p>\n <\/div><\/div><\/div><div class=\"ea-card  sp-ea-single\"><h3 class=\"ea-header\"><a class=\"collapsed\" data-sptoggle=\"spcollapse\" data-sptarget=\"#collapse2451\" href=\"javascript:void(0)\" aria-expanded=\"false\"><i class=\"ea-expand-icon fa fa-plus\"><\/i> Onde consigo minha folha NIPs?<\/a><\/h3><div class=\"sp-collapse spcollapse spcollapse\" id=\"collapse2451\" data-parent=\"#sp-ea-245\"><div class=\"ea-body\"> <p>Os alunos de gradua\u00e7\u00e3o podem adquirir a 1\u00aa via da folha de N\u00famero de Identifica\u00e7\u00e3o Pessoal (NIPs) atrav\u00e9s do link: <a href=\"https:\/\/sistemas.ufmg.br\/nips\" target=\"_blank\" rel=\"noopener\">sistemas.ufmg.br\/nips<\/a>. Em caso de d\u00favidas, envie para o e-mail <a href=\"mailto:suporte@dti.ufmg.br\">suporte@dti.ufmg.br<\/a>.<\/p>\n <\/div><\/div><\/div><div class=\"ea-card  sp-ea-single\"><h3 class=\"ea-header\"><a class=\"collapsed\" data-sptoggle=\"spcollapse\" data-sptarget=\"#collapse2452\" href=\"javascript:void(0)\" aria-expanded=\"false\"><i class=\"ea-expand-icon fa fa-plus\"><\/i> Estou com problemas para acessar o minhaUFMG ou o Moodle ou a folha NIPs ou o Siga, quem devo procurar?<\/a><\/h3><div class=\"sp-collapse spcollapse spcollapse\" id=\"collapse2452\" data-parent=\"#sp-ea-245\"><div class=\"ea-body\"> <p>Problemas com seu <a href=\"https:\/\/sistemas.ufmg.br\/\">minhaUFMG<\/a>, <a href=\"https:\/\/www.ufmg.br\/dti\/pagina-inicial\/servicos\/#moodleaplicativoparadispositivosmoveis\">Moodle<\/a>, <a href=\"https:\/\/sistemas.ufmg.br\/nips\/home.seam\" target=\"_blank\" rel=\"noopener\">folha NIPs<\/a> e Siga voc\u00ea pode entrar em contato com a Diretoria de Tecnologia da Informa\u00e7\u00e3o da UFMG (<a href=\"https:\/\/www.ufmg.br\/dti\/\" target=\"_blank\" rel=\"noopener\">DTI<\/a>), pelo e-mail <a href=\"mailto:suporte@dti.ufmg.br\">suporte@dti.ufmg.br<\/a>.<\/p>\n <\/div><\/div><\/div><div class=\"ea-card  sp-ea-single\"><h3 class=\"ea-header\"><a class=\"collapsed\" data-sptoggle=\"spcollapse\" data-sptarget=\"#collapse2453\" href=\"javascript:void(0)\" aria-expanded=\"false\"><i class=\"ea-expand-icon fa fa-plus\"><\/i> Onde encontrar informa\u00e7\u00f5es sobre minhas aulas?<\/a><\/h3><div class=\"sp-collapse spcollapse spcollapse\" id=\"collapse2453\" data-parent=\"#sp-ea-245\"><div class=\"ea-body\"> <p>Voc\u00ea pode entrar no <a href=\"https:\/\/virtual.ufmg.br\/minhasturmas\/\" target=\"_blank\" rel=\"noopener\">UFMG Virtual \u2013 Moodle<\/a> ou procurar o <a href=\"https:\/\/www.ufmg.br\/viverufmg\/colegiados\/\" target=\"_blank\" rel=\"noopener\">colegiado do seu curso<\/a>.<\/p>\n <\/div><\/div><\/div><\/div>\n\n\n\n<div class=\"wp-block-image\"><figure class=\"alignright size-full is-resized\"><img loading=\"lazy\" src=\"https:\/\/www.ufmg.br\/viverufmg\/wp-content\/uploads\/2023\/03\/Duvidas.png\" alt=\"\" class=\"wp-image-1589\" width=\"84\" height=\"179\"\/><\/figure><\/div>\n","protected":false},"excerpt":{"rendered":"","protected":false},"author":1,"featured_media":0,"parent":236,"menu_order":5,"comment_status":"closed","ping_status":"closed","template":"","meta":[],"_links":{"self":[{"href":"https:\/\/www.ufmg.br\/viverufmg\/wp-json\/wp\/v2\/pages\/244"}],"collection":[{"href":"https:\/\/www.ufmg.br\/viverufmg\/wp-json\/wp\/v2\/pages"}],"about":[{"href":"https:\/\/www.ufmg.br\/viverufmg\/wp-json\/wp\/v2\/types\/page"}],"author":[{"embeddable":true,"href":"https:\/\/www.ufmg.br\/viverufmg\/wp-json\/wp\/v2\/users\/1"}],"replies":[{"embeddable":true,"href":"https:\/\/www.ufmg.br\/viverufmg\/wp-json\/wp\/v2\/comments?post=244"}],"version-history":[{"count":6,"href":"https:\/\/www.ufmg.br\/viverufmg\/wp-json\/wp\/v2\/pages\/244\/revisions"}],"predecessor-version":[{"id":1615,"href":"https:\/\/www.ufmg.br\/viverufmg\/wp-json\/wp\/v2\/pages\/244\/revisions\/1615"}],"up":[{"embeddable":true,"href":"https:\/\/www.ufmg.br\/viverufmg\/wp-json\/wp\/v2\/pages\/236"}],"wp:attachment":[{"href":"https:\/\/www.ufmg.br\/viverufmg\/wp-json\/wp\/v2\/media?parent=244"}],"curies":[{"name":"wp","href":"https:\/\/api.w.org\/{rel}","templated":true}]}}