{"id":271,"date":"2021-09-01T13:07:43","date_gmt":"2021-09-01T16:07:43","guid":{"rendered":"https:\/\/www.ufmg.br\/viverufmg\/?page_id=271"},"modified":"2024-06-19T12:56:29","modified_gmt":"2024-06-19T15:56:29","slug":"acesso-a-biblioteca","status":"publish","type":"page","link":"https:\/\/www.ufmg.br\/viverufmg\/primeiros-passos\/acesso-a-biblioteca\/","title":{"rendered":"Acesso \u00e0 Biblioteca"},"content":{"rendered":"\n<p>O <a rel=\"noreferrer noopener\" href=\"http:\/\/www.bu.ufmg.br\/\" data-type=\"URL\" data-id=\"www.bu.ufmg.br\/\" target=\"_blank\">Sistema de Bibliotecas da UFMG<\/a> \u00e9 constitu\u00eddo por 26 bibliotecas setoriais que abrigam mais de 1 milh\u00e3o de itens como livros, monografias, teses, disserta\u00e7\u00f5es, partituras, mapas, documentos e obras raras. Al\u00e9m desse acervo, as bibliotecas possuem ambientes de estudos em grupo e cabines individuais. Vale a pena conhecer esses espa\u00e7os e usufruir de tudo que eles tem a oferecer e auxiliar na sua forma\u00e7\u00e3o acad\u00eamica.  <\/p>\n\n\n\n<div class=\"wp-block-image\"><figure class=\"alignright size-large is-resized\"><img loading=\"lazy\" src=\"https:\/\/www.ufmg.br\/viverufmg\/wp-content\/uploads\/2023\/03\/AcessoBiblioteca-365x1024.png\" alt=\"\" class=\"wp-image-1541\" width=\"91\" height=\"256\" srcset=\"https:\/\/www.ufmg.br\/viverufmg\/wp-content\/uploads\/2023\/03\/AcessoBiblioteca-365x1024.png 365w, https:\/\/www.ufmg.br\/viverufmg\/wp-content\/uploads\/2023\/03\/AcessoBiblioteca-107x300.png 107w, https:\/\/www.ufmg.br\/viverufmg\/wp-content\/uploads\/2023\/03\/AcessoBiblioteca.png 412w\" sizes=\"(max-width: 91px) 100vw, 91px\" \/><\/figure><\/div>\n\n\n\n<p>A Biblioteca Universit\u00e1ria (BU) preparou o <a rel=\"noreferrer noopener\" href=\"https:\/\/www.bu.ufmg.br\/bu_atual\/comunicacao\/guia-do-usuario\/\" data-type=\"URL\" data-id=\"https:\/\/www.bu.ufmg.br\/bu_atual\/comunicacao\/guia-do-usuario\/\" target=\"_blank\">Guia do Usu\u00e1rio<\/a> com todas as informa\u00e7\u00f5es sobre como come\u00e7ar a utilizar os servi\u00e7os do Sistema de Bibliotecas.<\/p>\n\n\n\n<p>Voc\u00ea ter\u00e1 acesso ao Sistema de Bibliotecas por meio da sua <a rel=\"noreferrer noopener\" href=\"https:\/\/www.ufmg.br\/viverufmg\/matricula\/carteira-da-ufmg\/\" data-type=\"URL\" data-id=\"https:\/\/www.ufmg.br\/viverufmg\/matricula\/carteira-da-ufmg\/\" target=\"_blank\">Carteira de Identifica\u00e7\u00e3o da UFMG<\/a>. Para efetivar o cadastro, novos usu\u00e1rios do Sistema de Bibliotecas da UFMG devem realizar treinamento on-line e encaminhar o certificado de conclus\u00e3o para a biblioteca da unidade acad\u00eamica. <a rel=\"noreferrer noopener\" href=\"https:\/\/virtual.ufmg.br\/plataforma\/course\/view.php?id=233\" target=\"_blank\" data-type=\"URL\" data-id=\"https:\/\/virtual.ufmg.br\/plataforma\/course\/view.php?id=233\">Clique aqui<\/a> para se inscrever, de forma autom\u00e1tica, no treinamento. <\/p>\n\n\n\n<p>Mais informa\u00e7\u00f5es no <a rel=\"noreferrer noopener\" href=\"http:\/\/www.bu.ufmg.br\/\" target=\"_blank\">site da Biblioteca Universit\u00e1ria<\/a> ou pelo e-mail <a href=\"mailto:dir@bu.ufmg.br\">dir@bu.ufmg.br<\/a>.<\/p>\n\n\n\n<h3>Pesquisa no Acervo<\/h3>\n\n\n\n<p>Quer saber onde encontrar algum livro do seu interesse? Saber se ele faz parte do acervo da UFMG e se est\u00e1 dispon\u00edvel para empr\u00e9stimo ou para consulta no local? <a rel=\"noreferrer noopener\" href=\"https:\/\/catalogobiblioteca.ufmg.br\/pergamum\/biblioteca\/index.php\" data-type=\"URL\" data-id=\"https:\/\/catalogobiblioteca.ufmg.br\/pergamum\/biblioteca\/index.php\" target=\"_blank\">Clique aqui<\/a> e acesse todo o cat\u00e1logo do Sistema de Bibliotecas.  <\/p>\n\n\n\n<h3>Apoio ao Pesquisador<\/h3>\n\n\n\n<p>O Sistema de Bibliotecas mant\u00e9m treinamentos on-line sobre o Portal de Peri\u00f3dicos da Capes, bases de dados e outros assuntos relacionados \u00e0 pesquisa.<\/p>\n\n\n\n<p>Os treinamentos est\u00e3o dispon\u00edveis no canal&nbsp; <a rel=\"noreferrer noopener\" href=\"https:\/\/www.youtube.com\/c\/Suporte%C3%A0PesquisaUFMG\" data-type=\"URL\" data-id=\"https:\/\/www.youtube.com\/c\/Suporte%C3%A0PesquisaUFMG\" target=\"_blank\">Suporte \u00e0 Pesquisa UFMG<\/a>. A Biblioteca Universit\u00e1ria tamb\u00e9m oferece orienta\u00e7\u00e3o para realiza\u00e7\u00e3o de pesquisas por e-mail: <a href=\"mailto:setorperiodicoscapes@bu.ufmg.br\">setorperiodicoscapes@bu.ufmg.br<\/a> ou telefone: (31) 3409-4627.<\/p>\n","protected":false},"excerpt":{"rendered":"<p>O Sistema de Bibliotecas da UFMG \u00e9 constitu\u00eddo por 26 [&hellip;]<\/p>\n","protected":false},"author":1,"featured_media":0,"parent":236,"menu_order":2,"comment_status":"closed","ping_status":"closed","template":"","meta":[],"_links":{"self":[{"href":"https:\/\/www.ufmg.br\/viverufmg\/wp-json\/wp\/v2\/pages\/271"}],"collection":[{"href":"https:\/\/www.ufmg.br\/viverufmg\/wp-json\/wp\/v2\/pages"}],"about":[{"href":"https:\/\/www.ufmg.br\/viverufmg\/wp-json\/wp\/v2\/types\/page"}],"author":[{"embeddable":true,"href":"https:\/\/www.ufmg.br\/viverufmg\/wp-json\/wp\/v2\/users\/1"}],"replies":[{"embeddable":true,"href":"https:\/\/www.ufmg.br\/viverufmg\/wp-json\/wp\/v2\/comments?post=271"}],"version-history":[{"count":42,"href":"https:\/\/www.ufmg.br\/viverufmg\/wp-json\/wp\/v2\/pages\/271\/revisions"}],"predecessor-version":[{"id":2065,"href":"https:\/\/www.ufmg.br\/viverufmg\/wp-json\/wp\/v2\/pages\/271\/revisions\/2065"}],"up":[{"embeddable":true,"href":"https:\/\/www.ufmg.br\/viverufmg\/wp-json\/wp\/v2\/pages\/236"}],"wp:attachment":[{"href":"https:\/\/www.ufmg.br\/viverufmg\/wp-json\/wp\/v2\/media?parent=271"}],"curies":[{"name":"wp","href":"https:\/\/api.w.org\/{rel}","templated":true}]}}