{"id":295,"date":"2021-09-01T13:25:22","date_gmt":"2021-09-01T16:25:22","guid":{"rendered":"https:\/\/www.ufmg.br\/viverufmg\/?page_id=295"},"modified":"2021-09-01T13:25:23","modified_gmt":"2021-09-01T16:25:23","slug":"vida-academica","status":"publish","type":"page","link":"https:\/\/www.ufmg.br\/viverufmg\/vida-academica\/","title":{"rendered":"Vida acad\u00eamica"},"content":{"rendered":"<div id=\"sp-ea-296\" class=\"sp-ea-one sp-easy-accordion\" data-ex-icon=\"fa-minus\" data-col-icon=\"fa-plus\"  data-ea-active=\"ea-click\"  data-ea-mode=\"vertical\" data-preloader=\"\"><div class=\"ea-card ea-expand sp-ea-single\"><h3 class=\"ea-header\"><a class=\"collapsed\" data-sptoggle=\"spcollapse\" data-sptarget=\"#collapse2960\" href=\"javascript:void(0)\" aria-expanded=\"true\"><i class=\"ea-expand-icon fa fa-minus\"><\/i> Forma\u00e7\u00f5es<\/a><\/h3><div class=\"sp-collapse spcollapse collapsed show\" id=\"collapse2960\" data-parent=\"#sp-ea-296\"><div class=\"ea-body\"> No Content <\/div><\/div><\/div><div class=\"ea-card  sp-ea-single\"><h3 class=\"ea-header\"><a class=\"collapsed\" data-sptoggle=\"spcollapse\" data-sptarget=\"#collapse2961\" href=\"javascript:void(0)\" aria-expanded=\"false\"><i class=\"ea-expand-icon fa fa-plus\"><\/i> Est\u00e1gio curricular<\/a><\/h3><div class=\"sp-collapse spcollapse \" id=\"collapse2961\" data-parent=\"#sp-ea-296\"><div class=\"ea-body\"> No Content <\/div><\/div><\/div><div class=\"ea-card  sp-ea-single\"><h3 class=\"ea-header\"><a class=\"collapsed\" data-sptoggle=\"spcollapse\" data-sptarget=\"#collapse2962\" href=\"javascript:void(0)\" aria-expanded=\"false\"><i class=\"ea-expand-icon fa fa-plus\"><\/i> Inicia\u00e7\u00e3o cient\u00edfica<\/a><\/h3><div class=\"sp-collapse spcollapse \" id=\"collapse2962\" data-parent=\"#sp-ea-296\"><div class=\"ea-body\"> No Content <\/div><\/div><\/div><div class=\"ea-card  sp-ea-single\"><h3 class=\"ea-header\"><a class=\"collapsed\" data-sptoggle=\"spcollapse\" data-sptarget=\"#collapse2963\" href=\"javascript:void(0)\" aria-expanded=\"false\"><i class=\"ea-expand-icon fa fa-plus\"><\/i> Empresas juniores<\/a><\/h3><div class=\"sp-collapse spcollapse \" id=\"collapse2963\" data-parent=\"#sp-ea-296\"><div class=\"ea-body\"> No Content <\/div><\/div><\/div><div class=\"ea-card  sp-ea-single\"><h3 class=\"ea-header\"><a class=\"collapsed\" data-sptoggle=\"spcollapse\" data-sptarget=\"#collapse2964\" href=\"javascript:void(0)\" aria-expanded=\"false\"><i class=\"ea-expand-icon fa fa-plus\"><\/i> A\u00e7\u00f5es de extens\u00e3o<\/a><\/h3><div class=\"sp-collapse spcollapse \" id=\"collapse2964\" data-parent=\"#sp-ea-296\"><div class=\"ea-body\"> No Content <\/div><\/div><\/div><div class=\"ea-card  sp-ea-single\"><h3 class=\"ea-header\"><a class=\"collapsed\" data-sptoggle=\"spcollapse\" data-sptarget=\"#collapse2965\" href=\"javascript:void(0)\" aria-expanded=\"false\"><i class=\"ea-expand-icon fa fa-plus\"><\/i> GIZ<\/a><\/h3><div class=\"sp-collapse spcollapse \" id=\"collapse2965\" data-parent=\"#sp-ea-296\"><div class=\"ea-body\"> No Content <\/div><\/div><\/div><div class=\"ea-card  sp-ea-single\"><h3 class=\"ea-header\"><a class=\"collapsed\" data-sptoggle=\"spcollapse\" data-sptarget=\"#collapse2966\" href=\"javascript:void(0)\" aria-expanded=\"false\"><i class=\"ea-expand-icon fa fa-plus\"><\/i> Idiomas<\/a><\/h3><div class=\"sp-collapse spcollapse \" id=\"collapse2966\" data-parent=\"#sp-ea-296\"><div class=\"ea-body\"> No Content <\/div><\/div><\/div><div class=\"ea-card  sp-ea-single\"><h3 class=\"ea-header\"><a class=\"collapsed\" data-sptoggle=\"spcollapse\" data-sptarget=\"#collapse2967\" href=\"javascript:void(0)\" aria-expanded=\"false\"><i class=\"ea-expand-icon fa fa-plus\"><\/i> Normas de ensino<\/a><\/h3><div class=\"sp-collapse spcollapse \" id=\"collapse2967\" data-parent=\"#sp-ea-296\"><div class=\"ea-body\"> No Content <\/div><\/div><\/div><\/div>\n","protected":false},"excerpt":{"rendered":"","protected":false},"author":1,"featured_media":0,"parent":0,"menu_order":0,"comment_status":"closed","ping_status":"closed","template":"","meta":[],"_links":{"self":[{"href":"https:\/\/www.ufmg.br\/viverufmg\/wp-json\/wp\/v2\/pages\/295"}],"collection":[{"href":"https:\/\/www.ufmg.br\/viverufmg\/wp-json\/wp\/v2\/pages"}],"about":[{"href":"https:\/\/www.ufmg.br\/viverufmg\/wp-json\/wp\/v2\/types\/page"}],"author":[{"embeddable":true,"href":"https:\/\/www.ufmg.br\/viverufmg\/wp-json\/wp\/v2\/users\/1"}],"replies":[{"embeddable":true,"href":"https:\/\/www.ufmg.br\/viverufmg\/wp-json\/wp\/v2\/comments?post=295"}],"version-history":[{"count":1,"href":"https:\/\/www.ufmg.br\/viverufmg\/wp-json\/wp\/v2\/pages\/295\/revisions"}],"predecessor-version":[{"id":297,"href":"https:\/\/www.ufmg.br\/viverufmg\/wp-json\/wp\/v2\/pages\/295\/revisions\/297"}],"wp:attachment":[{"href":"https:\/\/www.ufmg.br\/viverufmg\/wp-json\/wp\/v2\/media?parent=295"}],"curies":[{"name":"wp","href":"https:\/\/api.w.org\/{rel}","templated":true}]}}