{"id":304,"date":"2021-09-01T13:30:55","date_gmt":"2021-09-01T16:30:55","guid":{"rendered":"https:\/\/www.ufmg.br\/viverufmg\/?page_id=304"},"modified":"2023-03-17T12:08:13","modified_gmt":"2023-03-17T15:08:13","slug":"direitos-humanos","status":"publish","type":"page","link":"https:\/\/www.ufmg.br\/viverufmg\/vida-academica\/direitos-humanos\/","title":{"rendered":"Direitos Humanos"},"content":{"rendered":"<div id=\"sp-ea-1233\" class=\"sp-ea-one sp-easy-accordion\" data-ex-icon=\"fa-minus\" data-col-icon=\"fa-plus\"  data-ea-active=\"ea-click\"  data-ea-mode=\"vertical\" data-preloader=\"\"><div class=\"ea-card  sp-ea-single\"><h3 class=\"ea-header\"><a class=\"collapsed\" data-sptoggle=\"spcollapse\" data-sptarget=\"#collapse12330\" href=\"javascript:void(0)\" aria-expanded=\"false\"><i class=\"ea-expand-icon fa fa-plus\"><\/i> UFMG diz N\u00c3O aos atos discriminat\u00f3rios e viola\u00e7\u00f5es dos Direitos Humanos <\/a><\/h3><div class=\"sp-collapse spcollapse spcollapse\" id=\"collapse12330\" data-parent=\"#sp-ea-1233\"><div class=\"ea-body\"> <p>A <a href=\"https:\/\/www.google.com\/url?sa=t&rct=j&q=&esrc=s&source=web&cd=&ved=2ahUKEwjn1-e_gvLyAhX_JLkGHbCRA2YQFnoECAMQAQ&url=https%3A%2F%2Fwww2.ufmg.br%2Fsods%2Fcontent%2Fdownload%2F2142%2F15045%2Fversion%2F1%2Ffile%2F09%2BResolu%25C3%25A7%25C3%25A3o%2Bviola%25C3%25A7%25C3%25A3o%2Bdireitos%2Bhumanos%2BFINAL.pdf&usg=AOvVaw0IgBWs9a0-cxzWT0rA6QCC\" target=\"_blank\" rel=\"noreferrer noopener\" data-type=\"URL\" data-id=\"https:\/\/www.google.com\/url?sa=t&rct=j&q=&esrc=s&source=web&cd=&ved=2ahUKEwjn1-e_gvLyAhX_JLkGHbCRA2YQFnoECAMQAQ&url=https%3A%2F%2Fwww2.ufmg.br%2Fsods%2Fcontent%2Fdownload%2F2142%2F15045%2Fversion%2F1%2Ffile%2F09%2BResolu%25C3%25A7%25C3%25A3o%2Bviola%25C3%25A7%25C3%25A3o%2Bdireitos%2Bhumanos%2BFINAL.pdf&usg=AOvVaw0IgBWs9a0-cxzWT0rA6QCC\">resolu\u00e7\u00e3o n\u00ba 09\/2016<\/a>, de 31 de maio de 2016, pro\u00edbe atos praticados contra todo e qualquer membro da comunidade universit\u00e1ria, que recorram ao uso do arb\u00edtrio da viol\u00eancia, incluindo-se a humilha\u00e7\u00e3o e o ass\u00e9dio moral, emocional ou psicol\u00f3gico. Resolu\u00e7\u00f5es s\u00e3o normas jur\u00eddico-administrativas destinadas a regular interesses em uma determinada coletividade.<\/p>\n<p><strong>O que configura viola\u00e7\u00e3o de direitos humanos?<\/strong><\/p>\n<ul>\n<li>Hierarquiza\u00e7\u00e3o, exclus\u00e3o, restri\u00e7\u00e3o ou prefer\u00eancia baseada em ra\u00e7a, cor, descend\u00eancia ou origem \u00e9tnica.<\/li>\n<li>Realiza\u00e7\u00e3o de pr\u00e1ticas e propaga\u00e7\u00e3o de concep\u00e7\u00f5es consideradas ofensivas \u00e0s mulheres, que incentivem a prepot\u00eancia ou superioridade dos homens.<\/li>\n<li>Preconceito e discrimina\u00e7\u00e3o contra pessoas, em raz\u00e3o de idade, defici\u00eancia f\u00edsica ou mental, cren\u00e7a, religi\u00e3o, classe social, origem familiar, nacionalidade, tradi\u00e7\u00f5es e h\u00e1bitos culturais, costumes, indument\u00e1rias, sotaques e express\u00f5es lingu\u00edsticas (regionalismos).<\/li>\n<li>Preconceito e discrimina\u00e7\u00e3o contra pessoas, em raz\u00e3o de orienta\u00e7\u00e3o sexual l\u00e9sbica, homossexual, bissexual ou identidades de g\u00eanero presumidas.<\/li>\n<li>Discrimina\u00e7\u00e3o contra pessoa, em raz\u00e3o dos modos espec\u00edficos de inser\u00e7\u00e3o no \u00e2mbito universit\u00e1rio ou de sua condi\u00e7\u00e3o de calouro(a).<\/li>\n<li>Discrimina\u00e7\u00e3o resultante de ideologia, valores, opini\u00f5es, participa\u00e7\u00e3o em organiza\u00e7\u00f5es e movimentos sociais e sindicais, inser\u00e7\u00e3o pol\u00edtico-partid\u00e1ria, que n\u00e3o contrariem os princ\u00edpios do Estado Democr\u00e1tico de Direito.<\/li>\n<\/ul>\n<p>\u00a0<\/p>\n<table style=\"width: 100%; border-collapse: collapse; background-color: #050505;\">\n<tbody>\n<tr>\n<td style=\"width: 100%;\">\n<h3 style=\"text-align: center;\"><span style=\"font-size: 12pt; color: #ffffff;\"><strong>DENUNCIE: ouvidoria@ufmg.br<\/strong><\/span><\/h3>\n<\/td>\n<\/tr>\n<\/tbody>\n<\/table>\n<p>Ser\u00e1 submetido a penalidades previstas nas normas vigentes na UFMG e na legisla\u00e7\u00e3o aplic\u00e1vel. E as medidas valem para quem participar, de forma direta ou indireta, de pr\u00e1ticas discriminat\u00f3rias ou atos que violem os direitos humanos.<\/p>\n<p>Mais orienta\u00e7\u00f5es pelo (31) 3409-6466 \u2013\u00a0Ouvidoria<\/p>\n <\/div><\/div><\/div><div class=\"ea-card  sp-ea-single\"><h3 class=\"ea-header\"><a class=\"collapsed\" data-sptoggle=\"spcollapse\" data-sptarget=\"#collapse12331\" href=\"javascript:void(0)\" aria-expanded=\"false\"><i class=\"ea-expand-icon fa fa-plus\"><\/i> Nome social na UFMG \u00e9 um direito <\/a><\/h3><div class=\"sp-collapse spcollapse spcollapse\" id=\"collapse12331\" data-parent=\"#sp-ea-1233\"><div class=\"ea-body\"> <p>Integrantes da comunidade universit\u00e1ria cujo nome civil n\u00e3o reflita sua identidade de g\u00eanero podem solicitar o uso e a inclus\u00e3o do seu <a href=\"https:\/\/www.ufmg.br\/nomesocial\/\" target=\"_blank\" rel=\"noreferrer noopener\" data-type=\"URL\" data-id=\"https:\/\/www.ufmg.br\/nomesocial\/\">nome social<\/a> nos registros, documentos e atos da vida acad\u00eamica e profissional. Essa inclus\u00e3o \u00e9 um direito garantido pela <a href=\"https:\/\/www.ufmg.br\/prae\/wp-content\/uploads\/2024\/05\/RESOLUCAO-09-2015-NOME-SOCIAL.pdf\" target=\"_blank\" rel=\"noopener\" data-type=\"URL\" data-id=\"https:\/\/www.ufmg.br\/copeve\/Arquivos\/Documentos\/Resolucao_09_UFMG_07julho2015.pdf\">resolu\u00e7\u00e3o n\u00ba 09\/2015<\/a>, de 7 de julho de 2015.<\/p>\n<p>Estudantes que desejarem requerer o uso do nome social no \u00e2mbito da UFMG\u00a0dever\u00e3o preencher o\u00a0<a href=\"https:\/\/www.ufmg.br\/sisu\/wp-content\/uploads\/2023\/02\/Requerimento_Utilizac%CC%A7a%CC%83o-NOME_SOCIAL.pdf\" target=\"_blank\" rel=\"noopener\">requerimento<\/a> e encaminh\u00e1-lo para <a href=\"secdir@drca.ufmg.br\" target=\"_self\">secdir@drca.ufmg.br<\/a> acompanhado da c\u00f3pia do documento de identidade.<\/p>\n <\/div><\/div><\/div><div class=\"ea-card  sp-ea-single\"><h3 class=\"ea-header\"><a class=\"collapsed\" data-sptoggle=\"spcollapse\" data-sptarget=\"#collapse12332\" href=\"javascript:void(0)\" aria-expanded=\"false\"><i class=\"ea-expand-icon fa fa-plus\"><\/i> Trote \u00e9 PROIBIDO na UFMG<\/a><\/h3><div class=\"sp-collapse spcollapse spcollapse\" id=\"collapse12332\" data-parent=\"#sp-ea-1233\"><div class=\"ea-body\"> <table style=\"height: 42px; width: 100%; border-collapse: collapse; background-color: #000000;\">\n<tbody>\n<tr style=\"height: 56px;\">\n<td style=\"width: 100%; text-align: center; height: 42px;\"><span style=\"color: #ffffff;\"><b>DENUNCIE<\/b><b>: <\/b><strong>ouvidoria@ufmg.br<\/strong><\/span><\/td>\n<\/tr>\n<\/tbody>\n<\/table>\n<p><a href=\"https:\/\/www2.ufmg.br\/drca\/content\/download\/21718\/149017\/file\/Resolu%C3%A7%C3%A3o%20n.06-2014%20trotes.pdf\" target=\"_blank\" rel=\"noreferrer noopener\" data-type=\"URL\" data-id=\"https:\/\/www2.ufmg.br\/drca\/content\/download\/21718\/149017\/file\/Resolu%C3%A7%C3%A3o%20n.06-2014%20trotes.pdf\">Resolu\u00e7\u00e3o n\u00ba 06\/2014<\/a>, de 27 de maio de 2014, <strong>pro\u00edbe expressamente<\/strong> qualquer forma de <a href=\"https:\/\/www.ufmg.br\/trote\/\" target=\"_blank\" rel=\"noreferrer noopener\" data-type=\"URL\" data-id=\"https:\/\/www.ufmg.br\/trote\/\">trote estudantil<\/a>, no \u00e2mbito da UFMG. Assista ao v\u00eddeo e conhe\u00e7a o que \u00e9 considerado trote na UFMG.<\/p>\n<p><iframe title=\"Trote - UFMG\" src=\"\/\/www.youtube.com\/embed\/CgxgcqeW4-w\" width=\"951\" height=\"535\" frameborder=\"0\" allowfullscreen=\"allowfullscreen\"><\/iframe><\/p>\n<table style=\"height: 60px; width: 100%; border-collapse: collapse; background-color: #000000;\">\n<tbody>\n<tr style=\"height: 60px;\">\n<td style=\"width: 100%; text-align: center; height: 60px;\"><span style=\"color: #ffffff;\"><strong>Mais orienta\u00e7\u00f5es pelo (31) 3409-6466 \u2013\u00a0Ouvidoria<\/strong><\/span><\/td>\n<\/tr>\n<\/tbody>\n<\/table>\n<p style=\"text-align: center;\">\n <\/div><\/div><\/div><\/div>\n\n\n\n<div class=\"wp-block-image\"><figure class=\"aligncenter size-large is-resized\"><img loading=\"lazy\" src=\"https:\/\/www.ufmg.br\/viverufmg\/wp-content\/uploads\/2023\/03\/Yaku-932x1024.png\" alt=\"\" class=\"wp-image-1630\" width=\"124\" height=\"136\" srcset=\"https:\/\/www.ufmg.br\/viverufmg\/wp-content\/uploads\/2023\/03\/Yaku-932x1024.png 932w, https:\/\/www.ufmg.br\/viverufmg\/wp-content\/uploads\/2023\/03\/Yaku-273x300.png 273w, https:\/\/www.ufmg.br\/viverufmg\/wp-content\/uploads\/2023\/03\/Yaku-768x844.png 768w, https:\/\/www.ufmg.br\/viverufmg\/wp-content\/uploads\/2023\/03\/Yaku.png 1000w\" sizes=\"(max-width: 124px) 100vw, 124px\" \/><\/figure><\/div>\n","protected":false},"excerpt":{"rendered":"","protected":false},"author":1,"featured_media":0,"parent":295,"menu_order":2,"comment_status":"closed","ping_status":"closed","template":"","meta":[],"_links":{"self":[{"href":"https:\/\/www.ufmg.br\/viverufmg\/wp-json\/wp\/v2\/pages\/304"}],"collection":[{"href":"https:\/\/www.ufmg.br\/viverufmg\/wp-json\/wp\/v2\/pages"}],"about":[{"href":"https:\/\/www.ufmg.br\/viverufmg\/wp-json\/wp\/v2\/types\/page"}],"author":[{"embeddable":true,"href":"https:\/\/www.ufmg.br\/viverufmg\/wp-json\/wp\/v2\/users\/1"}],"replies":[{"embeddable":true,"href":"https:\/\/www.ufmg.br\/viverufmg\/wp-json\/wp\/v2\/comments?post=304"}],"version-history":[{"count":21,"href":"https:\/\/www.ufmg.br\/viverufmg\/wp-json\/wp\/v2\/pages\/304\/revisions"}],"predecessor-version":[{"id":1647,"href":"https:\/\/www.ufmg.br\/viverufmg\/wp-json\/wp\/v2\/pages\/304\/revisions\/1647"}],"up":[{"embeddable":true,"href":"https:\/\/www.ufmg.br\/viverufmg\/wp-json\/wp\/v2\/pages\/295"}],"wp:attachment":[{"href":"https:\/\/www.ufmg.br\/viverufmg\/wp-json\/wp\/v2\/media?parent=304"}],"curies":[{"name":"wp","href":"https:\/\/api.w.org\/{rel}","templated":true}]}}