{"id":443,"date":"2021-09-06T14:10:20","date_gmt":"2021-09-06T17:10:20","guid":{"rendered":"https:\/\/www.ufmg.br\/viverufmg\/?page_id=443"},"modified":"2025-02-24T16:24:13","modified_gmt":"2025-02-24T19:24:13","slug":"quem-pode-pedir","status":"publish","type":"page","link":"https:\/\/www.ufmg.br\/viverufmg\/assistencia-estudantil\/quem-pode-pedir\/","title":{"rendered":"Sobre a Assist\u00eancia Estudantil da UFMG"},"content":{"rendered":"\n<p>Elaborada e coordenada pela <a rel=\"noreferrer noopener\" href=\"https:\/\/www.ufmg.br\/prae\/\" target=\"_blank\">Pr\u00f3-reitoria de Assuntos Estudantis<\/a> (Prae) e executada em parceria com a <a rel=\"noreferrer noopener\" href=\"https:\/\/fump.ufmg.br\/\" data-type=\"URL\" data-id=\"https:\/\/fump.ufmg.br\/\" target=\"_blank\">Funda\u00e7\u00e3o Universit\u00e1ria Mendes Pimentel <\/a>(Fump), a <a rel=\"noreferrer noopener\" href=\"https:\/\/www.ufmg.br\/prae\/assistencia-estudantil\/\" target=\"_blank\">Pol\u00edtica de Perman\u00eancia de Estudantes na UFMG<\/a> colabora para a perman\u00eancia do estudante na Universidade durante toda a gradua\u00e7\u00e3o.<\/p>\n\n\n\n<p>S\u00e3o v\u00e1rias a\u00e7\u00f5es contempladas pela pol\u00edtica, como: acesso \u00e0s <a href=\"https:\/\/fump.ufmg.br\/programa-de-moradia\/\" data-type=\"URL\" data-id=\"https:\/\/fump.ufmg.br\/programa-de-moradia\/\" target=\"_blank\" rel=\"noreferrer noopener\">moradias estudantis<\/a> (tr\u00eas em Belo Horizonte, uma em Montes Claros e tr\u00eas casas pertencentes ao programa de moradias ind\u00edgenas); alimenta\u00e7\u00e3o subsidiada nos <a href=\"https:\/\/fump.ufmg.br\/programa-de-alimentacao\/\" data-type=\"URL\" data-id=\"https:\/\/fump.ufmg.br\/programa-de-alimentacao\/\" target=\"_blank\" rel=\"noreferrer noopener\">restaurantes universit\u00e1rios<\/a> (RUs); oferta de bolsas que ajudam em despesas com transporte, sa\u00fade, compra de material escolar, enriquecimento cultural, expans\u00e3o da forma\u00e7\u00e3o acad\u00eamica, entre muitas outras demandas.<\/p>\n","protected":false},"excerpt":{"rendered":"<p>Elaborada e coordenada pela Pr\u00f3-reitoria de Assuntos Estudantis (Prae) e [&hellip;]<\/p>\n","protected":false},"author":1,"featured_media":0,"parent":290,"menu_order":0,"comment_status":"closed","ping_status":"closed","template":"","meta":[],"_links":{"self":[{"href":"https:\/\/www.ufmg.br\/viverufmg\/wp-json\/wp\/v2\/pages\/443"}],"collection":[{"href":"https:\/\/www.ufmg.br\/viverufmg\/wp-json\/wp\/v2\/pages"}],"about":[{"href":"https:\/\/www.ufmg.br\/viverufmg\/wp-json\/wp\/v2\/types\/page"}],"author":[{"embeddable":true,"href":"https:\/\/www.ufmg.br\/viverufmg\/wp-json\/wp\/v2\/users\/1"}],"replies":[{"embeddable":true,"href":"https:\/\/www.ufmg.br\/viverufmg\/wp-json\/wp\/v2\/comments?post=443"}],"version-history":[{"count":20,"href":"https:\/\/www.ufmg.br\/viverufmg\/wp-json\/wp\/v2\/pages\/443\/revisions"}],"predecessor-version":[{"id":2161,"href":"https:\/\/www.ufmg.br\/viverufmg\/wp-json\/wp\/v2\/pages\/443\/revisions\/2161"}],"up":[{"embeddable":true,"href":"https:\/\/www.ufmg.br\/viverufmg\/wp-json\/wp\/v2\/pages\/290"}],"wp:attachment":[{"href":"https:\/\/www.ufmg.br\/viverufmg\/wp-json\/wp\/v2\/media?parent=443"}],"curies":[{"name":"wp","href":"https:\/\/api.w.org\/{rel}","templated":true}]}}