{"id":451,"date":"2021-09-06T14:15:03","date_gmt":"2021-09-06T17:15:03","guid":{"rendered":"https:\/\/www.ufmg.br\/viverufmg\/?page_id=451"},"modified":"2021-09-14T11:23:05","modified_gmt":"2021-09-14T14:23:05","slug":"programas","status":"publish","type":"page","link":"https:\/\/www.ufmg.br\/viverufmg\/acessibilidade\/programas\/","title":{"rendered":"Principais Programas"},"content":{"rendered":"<div id=\"sp-ea-540\" class=\"sp-ea-one sp-easy-accordion\" data-ex-icon=\"fa-minus\" data-col-icon=\"fa-plus\"  data-ea-active=\"ea-click\"  data-ea-mode=\"vertical\" data-preloader=\"\"><div class=\"ea-card  sp-ea-single\"><h3 class=\"ea-header\"><a class=\"collapsed\" data-sptoggle=\"spcollapse\" data-sptarget=\"#collapse5400\" href=\"javascript:void(0)\" aria-expanded=\"false\"><i class=\"ea-expand-icon fa fa-plus\"><\/i> Alimenta\u00e7\u00e3o<\/a><\/h3><div class=\"sp-collapse spcollapse spcollapse\" id=\"collapse5400\" data-parent=\"#sp-ea-540\"><div class=\"ea-body\"> <p>Cinco Restaurantes Universit\u00e1rios (RUs), os famosos \"bandej\u00f5es\", possuem a capacidade de fornecer, diariamente, mais de 13 mil refei\u00e7\u00f5es balanceadas e saud\u00e1veis. S\u00e3o eles:<\/p>\n<ul>\n<li>Restaurante <a href=\"https:\/\/www.google.com.br\/maps\/place\/Restaurante+Universit%C3%A1rio+Setorial+I+-+UFMG\/@-19.8674732,-43.9665009,1335m\/data=!3m1!1e3!4m9!1m3!3m2!1s0x0000000000000000:0x134cf5a4b9456787!2sRestaurante+Setorial+I!3m4!1s0xa6912b84ff686f:0xbb4f9c210b3b9757!8m2!3d-19.8694882!4d-43.9600341\" target=\"_blank\" rel=\"noopener\">Setorial 1<\/a> e <a href=\"https:\/\/www.google.com.br\/maps\/place\/Restaurante+Universit%C3%A1rio+Setorial+2\/@-19.8700908,-43.9670259,218m\/data=!3m1!1e3!4m5!1m2!2m1!1sRestaurante+Setorial+II!3m1!1s0x0000000000000000:0xd5ea31ac15e4649c!6m1!1e1\" target=\"_blank\" rel=\"noopener\">Setorial 2<\/a>, no campus Pampulha;<\/li>\n<li>Restaurante do <a href=\"https:\/\/www.google.com.br\/maps\/place\/Fump+-+Restaurante+Universit%C3%A1rio+campus+Sa%C3%BAde\/@-19.9250888,-43.9300962,19z\/data=!4m7!1m4!3m3!1s0xa699ec2b3b754b:0x821c6212a36dc4f1!2sAv.+Prof.+Alfredo+Balena,+Belo+Horizonte+-+MG!3b1!3m1!1s0x0000000000000000:0x7d0733f18ccf7c0b\" target=\"_blank\" rel=\"noopener\">Campus Sa\u00fade<\/a>;<\/li>\n<li>Restaurante da <a href=\"https:\/\/www.google.com.br\/maps\/place\/Av.+%C3%81lvares+Cabral,+211+-+Centro,+Belo+Horizonte+-+MG\/@-19.9255524,-43.9390733,17z\/data=!3m1!4b1!4m2!3m1!1s0xa699e6843b08eb:0x79e00f13b28bba5e\" target=\"_blank\" rel=\"noopener\">Faculdade de Direito<\/a>;<\/li>\n<li>Restaurante do <a href=\"https:\/\/www.google.com.br\/maps\/place\/Fump+-+Restaurante+Universit%C3%A1rio+ICA\/@-16.6805773,-43.8456186,16z\/data=!4m5!1m2!2m1!1sAv.+Universit%C3%A1ria,+1000,+Bairro+Universit%C3%A1rio+-+Montes+Claros+-+MG+!3m1!1s0x754aba4d4c63a73:0x14eef294c9e7aaff\" target=\"_blank\" rel=\"noopener\">Campus Montes Claros<\/a>.<\/li>\n<\/ul>\n<p>Estudantes classificados(as) pela Fump recebem refei\u00e7\u00f5es (almo\u00e7o e jantar) gratuitas ou com desconto, a depender do n\u00edvel de sua assist\u00eancia. Os caf\u00e9s da manh\u00e3 s\u00e3o servidos gratuitamente a assistidos(as) n\u00edveis I, II e III, no campus Pampulha (Setorial 2) e nos campi Sa\u00fade e Montes Claros.<\/p>\n<p><a href=\"https:\/\/fump.ufmg.br\/programa-de-alimentacao\/\" target=\"_blank\" rel=\"noopener\">Hor\u00e1rios de funcionamento<\/a> dos RUs, <a href=\"https:\/\/fump.ufmg.br\/cardapio-do-dia\/\" target=\"_blank\" rel=\"noopener\">card\u00e1pios do dia<\/a> e <a href=\"https:\/\/fump.ufmg.br\/programa-de-alimentacao\/\" target=\"_blank\" rel=\"noopener\">pre\u00e7os<\/a> est\u00e3o dispon\u00edveis no <a href=\"https:\/\/fump.ufmg.br\/\" target=\"_blank\" rel=\"noopener\">site da Fump<\/a>.<\/p>\n<p>Conhe\u00e7a um pouco mais sobre os bandej\u00f5es da UFMG no v\u00eddeo a seguir:<\/p>\n<p><iframe src=\"\/\/www.youtube.com\/embed\/QGuqOZnxeC4\" width=\"560\" height=\"314\" allowfullscreen=\"allowfullscreen\"><\/iframe><\/p>\n <\/div><\/div><\/div><div class=\"ea-card  sp-ea-single\"><h3 class=\"ea-header\"><a class=\"collapsed\" data-sptoggle=\"spcollapse\" data-sptarget=\"#collapse5401\" href=\"javascript:void(0)\" aria-expanded=\"false\"><i class=\"ea-expand-icon fa fa-plus\"><\/i> Moradia Universit\u00e1ria<\/a><\/h3><div class=\"sp-collapse spcollapse spcollapse\" id=\"collapse5401\" data-parent=\"#sp-ea-540\"><div class=\"ea-body\"> <p>De acordo com a classifica\u00e7\u00e3o socioecon\u00f4mica e outros crit\u00e9rios estabelecidos pela Institui\u00e7\u00e3o, a UFMG oferece oportunidade de habita\u00e7\u00e3o em moradia universit\u00e1ria para estudantes que n\u00e3o t\u00eam resid\u00eancia em Belo Horizonte (regi\u00e3o metropolitana) e em Montes Claros. S\u00e3o mais de 1,1 mil vagas nas moradias universit\u00e1rias e tr\u00eas casas pertencentes ao programa de moradias ind\u00edgenas.<\/p>\n<p>Os candidatos classificados socioeconomicamente pela Fump nos n\u00edveis I, II e III dever\u00e3o efetuar a inscri\u00e7\u00e3o e agendar entrevista com um assistente social da Fump.<\/p>\n<p>Aos (\u00e0s) estudantes assistidos(as) que esperam pelo processo de sele\u00e7\u00e3o de vagas para as moradias, a UFMG pode oferecer a bolsa aux\u00edlio-moradia.<\/p>\n<p><a href=\"https:\/\/fump.ufmg.br\/inscricoes-para-acesso-as-vagas\/\" target=\"_blank\" rel=\"noopener\">Obtenha aqui mais informa\u00e7\u00f5es sobre os crit\u00e9rios de ocupa\u00e7\u00e3o e o contato com a Fump<\/a>.<\/p>\n <\/div><\/div><\/div><div class=\"ea-card  sp-ea-single\"><h3 class=\"ea-header\"><a class=\"collapsed\" data-sptoggle=\"spcollapse\" data-sptarget=\"#collapse5402\" href=\"javascript:void(0)\" aria-expanded=\"false\"><i class=\"ea-expand-icon fa fa-plus\"><\/i> Assist\u00eancia \u00e0 Sa\u00fade<\/a><\/h3><div class=\"sp-collapse spcollapse spcollapse\" id=\"collapse5402\" data-parent=\"#sp-ea-540\"><div class=\"ea-body\"> <p>Atendimentos m\u00e9dico, odontol\u00f3gico e psicol\u00f3gico s\u00e3o disponibilizados, gratuitamente, a estudantes classificados pela Fump n\u00edvel I, II e III.<\/p>\n<p>Obtenha mais informa\u00e7\u00f5es no <a href=\"https:\/\/fump.ufmg.br\/saude\/\" target=\"_blank\" rel=\"noopener\">site da Fump<\/a>.<\/p>\n<p>Assista o v\u00eddeo a seguir para conhecer um pouco mais sobre a assist\u00eancia \u00e0 sa\u00fade da UFMG.<\/p>\n<p><iframe src=\"\/\/www.youtube.com\/embed\/fklcrxG1GFo\" width=\"560\" height=\"314\" allowfullscreen=\"allowfullscreen\"><\/iframe><\/p>\n <\/div><\/div><\/div><div class=\"ea-card  sp-ea-single\"><h3 class=\"ea-header\"><a class=\"collapsed\" data-sptoggle=\"spcollapse\" data-sptarget=\"#collapse5403\" href=\"javascript:void(0)\" aria-expanded=\"false\"><i class=\"ea-expand-icon fa fa-plus\"><\/i> Suportes Financeiros<\/a><\/h3><div class=\"sp-collapse spcollapse spcollapse\" id=\"collapse5403\" data-parent=\"#sp-ea-540\"><div class=\"ea-body\"> <p>O programa de bolsas serve como complementa\u00e7\u00e3o financeira para aliviar as despesas do estudante. Contribui, principalmente, para a perman\u00eancia do(a) estudante na Universidade, permitindo-lhe a dedica\u00e7\u00e3o \u00e0 vida acad\u00eamica.<\/p>\n<p>Entre <a href=\"https:\/\/fump.ufmg.br\/programas\/\" target=\"_blank\" rel=\"noopener\">os programas dispon\u00edveis<\/a>, destacam-se Aux\u00edlio Transporte, Aux\u00edlio Manuten\u00e7\u00e3o,\u00a0 Aux\u00edlio Moradia, Aux\u00edlio a Estudantes com Filhos, Aux\u00edlio Material Acad\u00eamico, Programa de Forma\u00e7\u00e3o Profissional Complementar, Bolsa Perman\u00eancia, dentre outros.<\/p>\n<p>Acesse o <a href=\"http:\/\/www.fump.ufmg.br\/\" target=\"_blank\" rel=\"noopener\">site da Fump<\/a> para mais informa\u00e7\u00f5es.<\/p>\n <\/div><\/div><\/div><div class=\"ea-card  sp-ea-single\"><h3 class=\"ea-header\"><a class=\"collapsed\" data-sptoggle=\"spcollapse\" data-sptarget=\"#collapse5404\" href=\"javascript:void(0)\" aria-expanded=\"false\"><i class=\"ea-expand-icon fa fa-plus\"><\/i> Acolhimento e Orienta\u00e7\u00e3o<\/a><\/h3><div class=\"sp-collapse spcollapse spcollapse\" id=\"collapse5404\" data-parent=\"#sp-ea-540\"><div class=\"ea-body\"> <p><span style=\"font-weight: 400;\">Precisa de ajuda? A <a href=\"https:\/\/www.ufmg.br\/prae\/\" target=\"_blank\" rel=\"noreferrer noopener\">Pr\u00f3-reitoria de Assuntos Estudantis<\/a> (Prae) oferece <\/span><a href=\"https:\/\/www.ufmg.br\/prae\/setor-de-orientacao-e-acolhimento\/\" target=\"_blank\" rel=\"noopener\"><span style=\"font-weight: 400;\">acolhimento, dialogo e orienta\u00e7\u00e3o a estudantes<\/span><\/a><span style=\"font-weight: 400;\"> nas demandas sobre vida acad\u00eamica, sa\u00fade mental, prote\u00e7\u00e3o social e pertencimento institucional.<\/span><\/p>\n<table style=\"width: 100%; border-collapse: collapse; background-color: #000000;\">\n<tbody>\n<tr>\n<td style=\"width: 100%; text-align: center;\"><strong><a href=\"https:\/\/www.ufmg.br\/prae\/setor-de-orientacao-e-acolhimento\/\" target=\"_blank\" rel=\"noopener\">Setor de Acolhimento e Orienta\u00e7\u00e3o da Prae<\/a>: <\/strong><\/p>\n<p><strong><span style=\"color: #ffffff;\">orientacaoestudantes@prae.ufmg.br<\/span><\/strong><\/td>\n<\/tr>\n<\/tbody>\n<\/table>\n<p style=\"text-align: center;\">\n <\/div><\/div><\/div><div class=\"ea-card  sp-ea-single\"><h3 class=\"ea-header\"><a class=\"collapsed\" data-sptoggle=\"spcollapse\" data-sptarget=\"#collapse5405\" href=\"javascript:void(0)\" aria-expanded=\"false\"><i class=\"ea-expand-icon fa fa-plus\"><\/i> Apoio a Projetos de Estudantes<\/a><\/h3><div class=\"sp-collapse spcollapse spcollapse\" id=\"collapse5405\" data-parent=\"#sp-ea-540\"><div class=\"ea-body\"> <p><span style=\"font-weight: 400;\">A <a href=\"https:\/\/www.ufmg.br\/prae\/\" target=\"_blank\" rel=\"noreferrer noopener\">Pr\u00f3-reitoria de Assuntos Estudantis<\/a> (Prae) estrutura pol\u00edticas de apoio financeiro a estudantes para proposi\u00e7\u00e3o e desenvolvimento de projetos concebidos, organizados e realizados por estudantes de gradua\u00e7\u00e3o para ampliar experi\u00eancias formativas e fortalecer o protagonismo estudantil na Universidade, mediante chamadas espec\u00edficas publicadas via edital, as <\/span><a href=\"https:\/\/www.ufmg.br\/prae\/chamadas\/\" target=\"_blank\" rel=\"noopener\"><span style=\"font-weight: 400;\">Chamadas Prae<\/span><\/a><span style=\"font-weight: 400;\">.<\/span><\/p>\n<p><a href=\"https:\/\/www.ufmg.br\/prae\/diretoria-de-apoio-a-projetos-de-estudantes\/como-obter-apoio-para-os-projetos-estudantis\/\" target=\"_blank\" rel=\"noopener\"><span style=\"font-weight: 400;\">Clique aqui<\/span><\/a><span style=\"font-weight: 400;\"> para mais informa\u00e7\u00f5es.<\/span><\/p>\n <\/div><\/div><\/div><\/div>\n","protected":false},"excerpt":{"rendered":"","protected":false},"author":1,"featured_media":0,"parent":206,"menu_order":0,"comment_status":"closed","ping_status":"closed","template":"","meta":[],"_links":{"self":[{"href":"https:\/\/www.ufmg.br\/viverufmg\/wp-json\/wp\/v2\/pages\/451"}],"collection":[{"href":"https:\/\/www.ufmg.br\/viverufmg\/wp-json\/wp\/v2\/pages"}],"about":[{"href":"https:\/\/www.ufmg.br\/viverufmg\/wp-json\/wp\/v2\/types\/page"}],"author":[{"embeddable":true,"href":"https:\/\/www.ufmg.br\/viverufmg\/wp-json\/wp\/v2\/users\/1"}],"replies":[{"embeddable":true,"href":"https:\/\/www.ufmg.br\/viverufmg\/wp-json\/wp\/v2\/comments?post=451"}],"version-history":[{"count":3,"href":"https:\/\/www.ufmg.br\/viverufmg\/wp-json\/wp\/v2\/pages\/451\/revisions"}],"predecessor-version":[{"id":549,"href":"https:\/\/www.ufmg.br\/viverufmg\/wp-json\/wp\/v2\/pages\/451\/revisions\/549"}],"up":[{"embeddable":true,"href":"https:\/\/www.ufmg.br\/viverufmg\/wp-json\/wp\/v2\/pages\/206"}],"wp:attachment":[{"href":"https:\/\/www.ufmg.br\/viverufmg\/wp-json\/wp\/v2\/media?parent=451"}],"curies":[{"name":"wp","href":"https:\/\/api.w.org\/{rel}","templated":true}]}}