{"id":464,"date":"2021-09-06T14:33:52","date_gmt":"2021-09-06T17:33:52","guid":{"rendered":"https:\/\/www.ufmg.br\/viverufmg\/?page_id=464"},"modified":"2026-02-05T10:34:14","modified_gmt":"2026-02-05T13:34:14","slug":"glossario-ufmg","status":"publish","type":"page","link":"https:\/\/www.ufmg.br\/viverufmg\/glossario-ufmg\/","title":{"rendered":"Gloss\u00e1rio UFMG"},"content":{"rendered":"\n<div class=\"wp-block-columns\">\n<div class=\"wp-block-column\">\n<figure class=\"wp-block-image size-large is-resized\"><img loading=\"lazy\" src=\"https:\/\/www.ufmg.br\/viverufmg\/wp-content\/uploads\/2023\/03\/Glossario-1024x561.png\" alt=\"\" class=\"wp-image-1508\" width=\"303\" height=\"163\"\/><\/figure>\n<\/div>\n\n\n\n<div class=\"wp-block-column\"><\/div>\n<\/div>\n\n\n\n<p>BC \u2013 <a rel=\"noreferrer noopener\" href=\"https:\/\/www.bu.ufmg.br\/bu_atual\/biblioteca\/biblioteca-central\/\" target=\"_blank\">Biblioteca Central<\/a><\/p>\n\n\n\n<p><br>BU \u2013 <a rel=\"noreferrer noopener\" href=\"https:\/\/www.bu.ufmg.br\/bu_atual\/\" target=\"_blank\">Biblioteca Universit\u00e1ria<\/a><\/p>\n\n\n\n<p><br>CA \u2013 <a rel=\"noreferrer noopener\" href=\"https:\/\/www.ufmg.br\/viverufmg\/vida-academica\/representacao-estudantil\/\" target=\"_blank\">Centro Acad\u00eamico<\/a><\/p>\n\n\n\n<p><br>CAC  \u2013  <a rel=\"noreferrer noopener\" href=\"https:\/\/www.ufmg.br\/cac\/\" target=\"_blank\">Coordenadoria de Assuntos Comunit\u00e1rios<\/a><\/p>\n\n\n\n<p><br>CAD 1 \u2013 <a rel=\"noreferrer noopener\" href=\"https:\/\/www.google.com\/search?q=centro+de+atividades+did%C3%A1ticas+1+-+cad+1&amp;client=firefox-b-d&amp;tbm=lcl&amp;ei=sv8gYrvNFsjT1sQPr9iI6AI&amp;oq=centro+de+atividades+did%C3%A1ticas+1+-+cad+1&amp;gs_l=psy-ab.3..38.7079.11025.0.11433.9.9.0.0.0.0.193.1235.0j7.7.0....0...1c.1.64.psy-ab..2.7.1231....0.zeqM-k196Po#rlfi=hd:;si:;mv:[[-19.865024233972395,-43.962088361207584],[-19.870069365982005,-43.971315160218815],null,[-19.867546820043433,-43.9667017607132],17]\" target=\"_blank\">Centro de Atividades Did\u00e1ticas 1 (Ci\u00eancias Naturais)<\/a><\/p>\n\n\n\n<p><br>CAD 2 \u2013 <a rel=\"noreferrer noopener\" href=\"https:\/\/www.google.com\/search?q=centro+de+atividades+did%C3%A1ticas+2+-+cad+2&amp;client=firefox-b-d&amp;tbm=lcl&amp;ei=vv8gYoGNLYDU1sQPqJeToAo&amp;oq=centro+de+atividades+did%C3%A1ticas+2+-+cad+2&amp;gs_l=psy-ab.3..38.51348.54192.0.54678.4.4.0.0.0.0.217.578.0j2j1.3.0....0...1c.1.64.psy-ab..1.1.217....0.0J0DPOe2_6s\" target=\"_blank\">Centro de Atividades Did\u00e1ticas 2 (Ci\u00eancias Humanas)<\/a><\/p>\n\n\n\n<p><br>CAD 3 \u2013 <a rel=\"noreferrer noopener\" href=\"https:\/\/www.google.com\/search?q=centro+de+atividades+did%C3%A1ticas+3+-+cad+3&amp;client=firefox-b-d&amp;tbm=lcl&amp;ei=9v8gYrLlFL3N1sQPlJa9mA4&amp;oq=centro+de+atividades+did%C3%A1ticas+3+-+cad+3&amp;gs_l=psy-ab.3..38.23537.25699.0.26518.4.4.0.0.0.0.200.377.0j1j1.2.0....0...1c..64.psy-ab..2.1.200....0.mC25cg4UCXg\" target=\"_blank\">Centro de Atividades Did\u00e1ticas 3 (Ci\u00eancias Exatas)<\/a><br><\/p>\n\n\n\n<p><br>Cepe \u2013 <a rel=\"noreferrer noopener\" href=\"https:\/\/www2.ufmg.br\/sods\/Sods\/CEPE\" target=\"_blank\">Conselho de Ensino, Pesquisa e Extens\u00e3o<\/a><\/p>\n\n\n\n<p><br>CEU \u2013 <a href=\"https:\/\/www.ufmg.br\/ceu\/app\/site\/index\" target=\"_blank\" rel=\"noreferrer noopener\">Centro Esportivo Universit\u00e1rio<\/a><\/p>\n\n\n\n<p><br>CP \u2013 <a rel=\"noreferrer noopener\" href=\"https:\/\/www.cp.ufmg.br\/\" target=\"_blank\">Centro Pedag\u00f3gico UFMG<\/a><\/p>\n\n\n\n<p><br>Coltec \u2013 <a rel=\"noreferrer noopener\" href=\"https:\/\/www.coltec.ufmg.br\/coltec-ufmg\/\" target=\"_blank\">Col\u00e9gio T\u00e9cnico UFMG<\/a><\/p>\n\n\n\n<p><br>CTE \u2013 <a rel=\"noreferrer noopener\" href=\"http:\/\/cte.ufmg.br\/cte\/\" target=\"_blank\">Centro de Treinamento Esportivo<\/a><\/p>\n\n\n\n<p><br>CTIT  \u2013  <a rel=\"noreferrer noopener\" href=\"http:\/\/www.ctit.ufmg.br\/\" target=\"_blank\">Coordenadoria de Transfer\u00eancia e Inova\u00e7\u00e3o Tecnol\u00f3gica<\/a><\/p>\n\n\n\n<p><br>DA \u2013 <a rel=\"noreferrer noopener\" href=\"https:\/\/www.ufmg.br\/viverufmg\/vida-academica\/representacao-estudantil\/\" target=\"_blank\">Diret\u00f3rio Acad\u00eamico<\/a><\/p>\n\n\n\n<p><br>DAI  \u2013  <a rel=\"noreferrer noopener\" href=\"https:\/\/www.ufmg.br\/dai\/\" target=\"_blank\">Diretoria de Avalia\u00e7\u00e3o Institucional<\/a><\/p>\n\n\n\n<p><br>Dast \u2013 <a rel=\"noreferrer noopener\" href=\"https:\/\/www.ufmg.br\/prorh\/dast\/\" target=\"_blank\">Departamento de Aten\u00e7\u00e3o \u00e0 Sa\u00fade do Trabalhador<\/a><br><br><\/p>\n\n\n\n<p>DEDD  \u2013  <a href=\"https:\/\/www.ufmg.br\/dedd\/\" target=\"_blank\" rel=\"noreferrer noopener\">Diretoria de Educa\u00e7\u00e3o a Dist\u00e2ncia e Educa\u00e7\u00e3o Digital<\/a><br><br><br>DRCA \u2013 <a rel=\"noreferrer noopener\" href=\"https:\/\/www2.ufmg.br\/drca\/\" target=\"_blank\">Departamento de Registro e Controle Acad\u00eamico<\/a><br><\/p>\n\n\n\n<p><br>DRI \u2013 <a rel=\"noreferrer noopener\" href=\"https:\/\/www.ufmg.br\/dri\/\" target=\"_blank\">Diretoria de Rela\u00e7\u00f5es Internacionais<\/a><\/p>\n\n\n\n<p><br>DTI \u2013 <a rel=\"noreferrer noopener\" href=\"https:\/\/www.ufmg.br\/dti\/\" target=\"_blank\">Diretoria de Tecnologia da Informa\u00e7\u00e3o<\/a><\/p>\n\n\n\n<p><br>EA \u2013 <a rel=\"noreferrer noopener\" href=\"https:\/\/sites.arq.ufmg.br\/ea\/\" target=\"_blank\">Escola de Arquitetura<\/a><\/p>\n\n\n\n<p><br>EBA \u2013 <a rel=\"noreferrer noopener\" href=\"https:\/\/www.eba.ufmg.br\/\" target=\"_blank\">Escola de Belas Artes<\/a><\/p>\n\n\n\n<p><br>ECI \u2013 <a rel=\"noreferrer noopener\" href=\"http:\/\/eci.ufmg.br\/\" target=\"_blank\">Escola de Ci\u00eancia da Informa\u00e7\u00e3o<\/a><\/p>\n\n\n\n<p><br>EEFFTO \u2013 <a rel=\"noreferrer noopener\" href=\"http:\/\/www.eeffto.ufmg.br\/eeffto\/\" target=\"_blank\">Escola de Educa\u00e7\u00e3o F\u00edsica, Fisioterapia e Terapia Ocupacional<\/a><\/p>\n\n\n\n<p><br>Extens\u00e3o  \u2013  <a rel=\"noreferrer noopener\" href=\"https:\/\/www.ufmg.br\/proex\/extensao-na-ufmg\/\" target=\"_blank\">Extens\u00e3o Universit\u00e1ria<\/a> (a\u00e7\u00f5es da Universidade, juntamente com sua comunidade interna, que possibilitam compartilhar com toda a sociedade o conhecimento adquirido por meio dos ensinos e das pesquisas desenvolvidas na Institui\u00e7\u00e3o)<\/p>\n\n\n\n<p><br>Face \u2013 <a rel=\"noreferrer noopener\" href=\"https:\/\/www.face.ufmg.br\/\" target=\"_blank\">Faculdade de Ci\u00eancias Econ\u00f4micas<\/a><\/p>\n\n\n\n<p><br>FAE \u2013 <a rel=\"noreferrer noopener\" href=\"https:\/\/www.fae.ufmg.br\/\" target=\"_blank\">Faculdade de Educa\u00e7\u00e3o <\/a><\/p>\n\n\n\n<p><br>Fafar \u2013 <a rel=\"noreferrer noopener\" href=\"https:\/\/www.farmacia.ufmg.br\" target=\"_blank\">Faculdade de Farm\u00e1cia<\/a><\/p>\n\n\n\n<p><br>Fafich \u2013 <a rel=\"noreferrer noopener\" href=\"https:\/\/www.fafich.ufmg.br\/\" target=\"_blank\">Faculdade de Filosofia e Ci\u00eancias Humanas<\/a><\/p>\n\n\n\n<p><br>Fale \u2013 <a rel=\"noreferrer noopener\" href=\"https:\/\/grad.letras.ufmg.br\/\" target=\"_blank\">Faculdade de Letras<\/a><\/p>\n\n\n\n<p><br>FAO \u2013 <a rel=\"noreferrer noopener\" href=\"https:\/\/www.odonto.ufmg.br\/\" target=\"_blank\">Faculdade de Odontologia<\/a><\/p>\n\n\n\n<p><br>Fump \u2013 <a rel=\"noreferrer noopener\" href=\"https:\/\/www.fump.ufmg.br\/\" target=\"_blank\">Funda\u00e7\u00e3o Mendes Pimentel<\/a><\/p>\n\n\n\n<p><br>Fundep \u2013 <a rel=\"noreferrer noopener\" href=\"https:\/\/www.fundep.ufmg.br\/\" target=\"_blank\">Funda\u00e7\u00e3o de Desenvolvimento da Pesquisa<\/a><\/p>\n\n\n\n<p><br>GIZ \u2013 <a rel=\"noreferrer noopener\" href=\"https:\/\/www.ufmg.br\/giz\/\" target=\"_blank\">Diretoria de Inova\u00e7\u00e3o e Metodologia de Ensino<\/a><\/p>\n\n\n\n<p><br>IC \u2013 Inicia\u00e7\u00e3o Cient\u00edfica (modalidade de pesquisa acad\u00eamica desenvolvida por alunos de gradua\u00e7\u00e3o)<\/p>\n\n\n\n<p><br>ICA \u2013 <a rel=\"noreferrer noopener\" href=\"https:\/\/www.ica.ufmg.br\/\" target=\"_blank\">Instituto de Ci\u00eancias Agr\u00e1rias<\/a><\/p>\n\n\n\n<p><br>ICB \u2013 <a rel=\"noreferrer noopener\" href=\"https:\/\/www.icb.ufmg.br\/\" target=\"_blank\">Instituto de Ci\u00eancias Biol\u00f3gicas<\/a><\/p>\n\n\n\n<p><br>Icex \u2013 <a rel=\"noreferrer noopener\" href=\"https:\/\/www.icex.ufmg.br\/\" target=\"_blank\">Instituto de Ci\u00eancias Exatas <\/a><\/p>\n\n\n\n<p><br>ICV &#8211; Inicia\u00e7\u00e3o Cient\u00edfica Volunt\u00e1ria (modalidade de pesquisa acad\u00eamica desenvolvida por alunos de gradua\u00e7\u00e3o de forma volunt\u00e1ria) <\/p>\n\n\n\n<p><br>IGC \u2013 <a rel=\"noreferrer noopener\" href=\"http:\/\/www.igc.ufmg.br\/\" target=\"_blank\">Instituto de Geoci\u00eancias<\/a><\/p>\n\n\n\n<p><br>IEAT \u2013 <a rel=\"noreferrer noopener\" href=\"https:\/\/www.ufmg.br\/ieat\" target=\"_blank\">Instituto de Estudos Avan\u00e7ados Transdisciplinares<\/a><\/p>\n\n\n\n<p><br>HC \u2013 <a rel=\"noreferrer noopener\" href=\"https:\/\/www.gov.br\/ebserh\/pt-br\/hospitais-universitarios\/regiao-sudeste\/hc-ufmg\" target=\"_blank\">Hospital das Cl\u00ednicas<\/a><\/p>\n\n\n\n<p><br>HRTN \u2013 <a rel=\"noreferrer noopener\" href=\"https:\/\/www.hrtn.fundep.ufmg.br\/\" target=\"_blank\">Hospital Risoleta Tolentino Neves<\/a><\/p>\n\n\n\n<p><br>LCC \u2013 <a rel=\"noreferrer noopener\" href=\"https:\/\/www.lcc.ufmg.br\/\" target=\"_blank\">Laborat\u00f3rio de Computa\u00e7\u00e3o Cient\u00edfica<\/a>  <\/p>\n\n\n\n<p><br>NAI \u2013  <a rel=\"noreferrer noopener\" href=\"https:\/\/www.ufmg.br\/nai\/\" target=\"_blank\">N\u00facleo de Acessibilidade e Inclus\u00e3o<\/a> <\/p>\n\n\n\n<p><br>NIPs \u2013 <a rel=\"noreferrer noopener\" href=\"https:\/\/www.ufmg.br\/dti\/pagina-inicial\/servicos\/nips-geracao-de-carta-de-nips\/\" target=\"_blank\">N\u00fameros de Identifica\u00e7\u00e3o Pessoal<\/a><\/p>\n\n\n\n<p><br>NSG \u2013 <a rel=\"noreferrer noopener\" href=\"https:\/\/www.youtube.com\/watch?v=91xQGUsjkro\" target=\"_blank\">Nota Semestral Global<\/a> <\/p>\n\n\n\n<p><br>PDU  \u2013 <a rel=\"noreferrer noopener\" href=\"https:\/\/www.ufmg.br\/giz\/percurso-discente-universitario\/\" target=\"_blank\">Percurso Discente Universit\u00e1rio<\/a><\/p>\n\n\n\n<p><br>Per\u00edodo letivo \u2013 popularmente conhecido como semestre letivo <\/p>\n\n\n\n<p><br>PRA \u2013 <a href=\"https:\/\/www.ufmg.br\/pra\/\" target=\"_blank\" rel=\"noreferrer noopener\">Pr\u00f3-reitoria de Administra\u00e7\u00e3o<\/a><\/p>\n\n\n\n<p><br>Prae \u2013 <a rel=\"noreferrer noopener\" href=\"https:\/\/www.ufmg.br\/prae\/\" target=\"_blank\">Pr\u00f3-reitoria de Assuntos Estudantis<\/a><\/p>\n\n\n\n<p><br>PrInt \u2013 <a rel=\"noreferrer noopener\" href=\"https:\/\/www.ufmg.br\/prpg\/capes-print\/\" target=\"_blank\">Programa Institucional de Internacionaliza\u00e7\u00e3o<\/a><\/p>\n\n\n\n<p><br>Procult \u2013 <a href=\"https:\/\/www.ufmg.br\/procult\/\" data-type=\"URL\" data-id=\"https:\/\/www.ufmg.br\/procult\/\" target=\"_blank\" rel=\"noreferrer noopener\">Pr\u00f3-reitoria de Cultura <\/a><\/p>\n\n\n\n<p><br>Proex \u2013 <a rel=\"noreferrer noopener\" href=\"https:\/\/www.ufmg.br\/proex\/\" target=\"_blank\">Pr\u00f3-reitoria de Extens\u00e3o <\/a><\/p>\n\n\n\n<p><br>Prograd  \u2013  <a rel=\"noreferrer noopener\" href=\"https:\/\/www.ufmg.br\/prograd\/\" target=\"_blank\">Pr\u00f3-reitoria de Gradua\u00e7\u00e3o<\/a><\/p>\n\n\n\n<p><br>Proplan &#8211; <a rel=\"noreferrer noopener\" href=\"https:\/\/www.ufmg.br\/proplan\/\" target=\"_blank\">Pr\u00f3-reitoria de Planejamento e Desenvolvimento<\/a><\/p>\n\n\n\n<p><br>PRORH \u2013 <a rel=\"noreferrer noopener\" href=\"https:\/\/www.ufmg.br\/prorh\/\" target=\"_blank\">Pr\u00f3-reitoria de Recursos Humanos<\/a><\/p>\n\n\n\n<p><br>PRPG \u2013 <a rel=\"noreferrer noopener\" href=\"https:\/\/www.ufmg.br\/prpg\/\" target=\"_blank\">Pr\u00f3-reitoria de P\u00f3s-Gradua\u00e7\u00e3o<\/a><\/p>\n\n\n\n<p><br>PRPq \u2013 <a rel=\"noreferrer noopener\" href=\"https:\/\/www.ufmg.br\/prpq\/\" target=\"_blank\">Pr\u00f3-reitoria de Pesquisa<\/a><\/p>\n\n\n\n<p><br>RUs \u2013  <a href=\"https:\/\/fump.ufmg.br\/programa-de-alimentacao\/\" data-type=\"URL\" data-id=\"https:\/\/fump.ufmg.br\/programa-de-alimentacao\/\" target=\"_blank\" rel=\"noreferrer noopener\">Restaurantes Universit\u00e1rios<\/a> <\/p>\n\n\n\n<p><br>SIEX \u2013 <a rel=\"noreferrer noopener\" href=\"https:\/\/sistemas.ufmg.br\/siex\/PrincipalVisitante.do\" target=\"_blank\">Sistema de Informa\u00e7\u00e3o da Extens\u00e3o<\/a><\/p>\n\n\n\n<p><br>Siga \u2013 <a rel=\"noreferrer noopener\" href=\"https:\/\/www.ufmg.br\/viverufmg\/primeiros-passos\/acessos-aos-sistemas\/\" target=\"_blank\">Sistema Integrado de Gest\u00e3o Acad\u00eamica<\/a><\/p>\n\n\n\n<p><br>SODS \u2013 <a rel=\"noreferrer noopener\" href=\"https:\/\/www2.ufmg.br\/sods\/Sods\/Secretaria\" target=\"_blank\">Secretaria dos \u00d3rg\u00e3os de Delibera\u00e7\u00e3o Superior<\/a><\/p>\n\n\n\n<p><br>TU \u2013 <a rel=\"noreferrer noopener\" href=\"http:\/\/www.coltec.ufmg.br\/tu\/#!\/\" target=\"_blank\">Teatro Universit\u00e1rio UFMG<\/a><\/p>\n","protected":false},"excerpt":{"rendered":"<p>BC \u2013 Biblioteca Central BU \u2013 Biblioteca Universit\u00e1ria CA \u2013 [&hellip;]<\/p>\n","protected":false},"author":1,"featured_media":0,"parent":0,"menu_order":0,"comment_status":"closed","ping_status":"closed","template":"","meta":[],"_links":{"self":[{"href":"https:\/\/www.ufmg.br\/viverufmg\/wp-json\/wp\/v2\/pages\/464"}],"collection":[{"href":"https:\/\/www.ufmg.br\/viverufmg\/wp-json\/wp\/v2\/pages"}],"about":[{"href":"https:\/\/www.ufmg.br\/viverufmg\/wp-json\/wp\/v2\/types\/page"}],"author":[{"embeddable":true,"href":"https:\/\/www.ufmg.br\/viverufmg\/wp-json\/wp\/v2\/users\/1"}],"replies":[{"embeddable":true,"href":"https:\/\/www.ufmg.br\/viverufmg\/wp-json\/wp\/v2\/comments?post=464"}],"version-history":[{"count":70,"href":"https:\/\/www.ufmg.br\/viverufmg\/wp-json\/wp\/v2\/pages\/464\/revisions"}],"predecessor-version":[{"id":2345,"href":"https:\/\/www.ufmg.br\/viverufmg\/wp-json\/wp\/v2\/pages\/464\/revisions\/2345"}],"wp:attachment":[{"href":"https:\/\/www.ufmg.br\/viverufmg\/wp-json\/wp\/v2\/media?parent=464"}],"curies":[{"name":"wp","href":"https:\/\/api.w.org\/{rel}","templated":true}]}}