{"id":470,"date":"2021-09-06T14:57:39","date_gmt":"2021-09-06T17:57:39","guid":{"rendered":"https:\/\/www.ufmg.br\/viverufmg\/?page_id=470"},"modified":"2025-08-14T09:50:42","modified_gmt":"2025-08-14T12:50:42","slug":"unidades-academicas","status":"publish","type":"page","link":"https:\/\/www.ufmg.br\/viverufmg\/conheca-a-ufmg\/unidades-academicas\/","title":{"rendered":"Unidades acad\u00eamicas"},"content":{"rendered":"\n<p>O ensino na UFMG \u00e9 ofertado pelas suas 20 diferentes <a rel=\"noreferrer noopener\" href=\"https:\/\/ufmg.br\/cursos\/unidades-academicas\" data-type=\"URL\" data-id=\"https:\/\/ufmg.br\/cursos\/unidades-academicas\" target=\"_blank\">unidades acad\u00eamicas<\/a>, que se organizam em departamentos e cursos. As \u00fanicas exce\u00e7\u00f5es s\u00e3o a Faculdade de Letras e o Instituto de Ci\u00eancias Agr\u00e1rias, em Montes Claros, que n\u00e3o t\u00eam departamentos. Todas as unidades s\u00e3o sedes dos 97 <a rel=\"noreferrer noopener\" href=\"https:\/\/ufmg.br\/cursos\/graduacao\/\" data-type=\"URL\" data-id=\"https:\/\/ufmg.br\/cursos\/graduacao\/\" target=\"_blank\">cursos de gradua\u00e7\u00e3o<\/a> da UFMG. Al\u00e9m disso, a Universidade possui duas Unidades Especiais: a <a rel=\"noreferrer noopener\" href=\"https:\/\/www.cp.ufmg.br\/ebap\/direcao-da-ebap\/\" target=\"_blank\">Escola de Educa\u00e7\u00e3o B\u00e1sica e Profissional (Ebap)<\/a> e o <a rel=\"noreferrer noopener\" href=\"https:\/\/www.gov.br\/ebserh\/pt-br\/hospitais-universitarios\/regiao-sudeste\/hc-ufmg\" target=\"_blank\">Hospital das Cl\u00ednicas (HC-UFMG)<\/a>.<\/p>\n\n\n\n<p>Para entender um pouco mais o funcionamento das unidades:<\/p>\n\n\n\n<ul><li>A unidade acad\u00eamica \u00e9 administrada pela Congrega\u00e7\u00e3o e tem como dirigente m\u00e1ximo o(a) diretor(a);<\/li><li>Os departamentos, por sua vez, t\u00eam como inst\u00e2ncia decis\u00f3ria a C\u00e2mara Departamental, que \u00e9 presidida pelo(a) chefe de departamento;<\/li><li>Nos espa\u00e7os dos departamentos \u00e9 que s\u00e3o desenvolvidas as atividades acad\u00eamicas que comp\u00f5em o curr\u00edculo dos cursos da UFMG (exceto no caso da Faculdade de Letras e do Instituto de Ci\u00eancias Agr\u00e1rias, como j\u00e1 foi dito);<\/li><li>O departamento \u00e9 que indica os(as) professores(as) respons\u00e1veis por ministrar cada disciplina. Contudo, quem planeja e autoriza as atividades propostas s\u00e3o os colegiados de cada curso.<\/li><\/ul>\n\n\n\n<p><\/p>\n\n\n\n<p>Neste in\u00edcio de conviv\u00eancia com a UFMG, o \u00f3rg\u00e3o que mais merece sua aten\u00e7\u00e3o \u00e9 o colegiado de curso, composto de representantes de professores(as) e estudantes. \u00c9 ele que vai determinar, num primeiro momento, as quest\u00f5es relacionadas com o percurso do(a) estudante na Universidade.<\/p>\n\n\n\n<p>Veja aqui a <a href=\"https:\/\/ufmg.br\/cursos\/unidades-academicas\" data-type=\"URL\" data-id=\"https:\/\/ufmg.br\/cursos\/unidades-academicas\" target=\"_blank\" rel=\"noreferrer noopener\">rela\u00e7\u00e3o de todas as unidades acad\u00eamicas<\/a>.<\/p>\n","protected":false},"excerpt":{"rendered":"<p>O ensino na UFMG \u00e9 ofertado pelas suas 20 diferentes [&hellip;]<\/p>\n","protected":false},"author":1,"featured_media":0,"parent":299,"menu_order":0,"comment_status":"closed","ping_status":"closed","template":"","meta":[],"_links":{"self":[{"href":"https:\/\/www.ufmg.br\/viverufmg\/wp-json\/wp\/v2\/pages\/470"}],"collection":[{"href":"https:\/\/www.ufmg.br\/viverufmg\/wp-json\/wp\/v2\/pages"}],"about":[{"href":"https:\/\/www.ufmg.br\/viverufmg\/wp-json\/wp\/v2\/types\/page"}],"author":[{"embeddable":true,"href":"https:\/\/www.ufmg.br\/viverufmg\/wp-json\/wp\/v2\/users\/1"}],"replies":[{"embeddable":true,"href":"https:\/\/www.ufmg.br\/viverufmg\/wp-json\/wp\/v2\/comments?post=470"}],"version-history":[{"count":10,"href":"https:\/\/www.ufmg.br\/viverufmg\/wp-json\/wp\/v2\/pages\/470\/revisions"}],"predecessor-version":[{"id":2326,"href":"https:\/\/www.ufmg.br\/viverufmg\/wp-json\/wp\/v2\/pages\/470\/revisions\/2326"}],"up":[{"embeddable":true,"href":"https:\/\/www.ufmg.br\/viverufmg\/wp-json\/wp\/v2\/pages\/299"}],"wp:attachment":[{"href":"https:\/\/www.ufmg.br\/viverufmg\/wp-json\/wp\/v2\/media?parent=470"}],"curies":[{"name":"wp","href":"https:\/\/api.w.org\/{rel}","templated":true}]}}