{"id":476,"date":"2021-09-06T15:13:59","date_gmt":"2021-09-06T18:13:59","guid":{"rendered":"https:\/\/www.ufmg.br\/viverufmg\/?page_id=476"},"modified":"2023-03-17T12:01:43","modified_gmt":"2023-03-17T15:01:43","slug":"normas-e-resolucoes","status":"publish","type":"page","link":"https:\/\/www.ufmg.br\/viverufmg\/vida-academica\/normas-e-resolucoes\/","title":{"rendered":"Orienta\u00e7\u00f5es e Dicas Acad\u00eamicas"},"content":{"rendered":"\n<div class=\"wp-block-image\"><figure class=\"aligncenter size-full is-resized\"><img loading=\"lazy\" src=\"https:\/\/www.ufmg.br\/viverufmg\/wp-content\/uploads\/2023\/03\/helis-grande.png\" alt=\"\" class=\"wp-image-1640\" width=\"146\" height=\"145\" srcset=\"https:\/\/www.ufmg.br\/viverufmg\/wp-content\/uploads\/2023\/03\/helis-grande.png 1000w, https:\/\/www.ufmg.br\/viverufmg\/wp-content\/uploads\/2023\/03\/helis-grande-300x298.png 300w, https:\/\/www.ufmg.br\/viverufmg\/wp-content\/uploads\/2023\/03\/helis-grande-450x450.png 450w, https:\/\/www.ufmg.br\/viverufmg\/wp-content\/uploads\/2023\/03\/helis-grande-768x763.png 768w\" sizes=\"(max-width: 146px) 100vw, 146px\" \/><\/figure><\/div>\n\n\n<div id=\"sp-ea-657\" class=\"sp-ea-one sp-easy-accordion\" data-ex-icon=\"fa-minus\" data-col-icon=\"fa-plus\"  data-ea-active=\"ea-click\"  data-ea-mode=\"vertical\" data-preloader=\"\"><div class=\"ea-card  sp-ea-single\"><h3 class=\"ea-header\"><a class=\"collapsed\" data-sptoggle=\"spcollapse\" data-sptarget=\"#collapse6570\" href=\"javascript:void(0)\" aria-expanded=\"false\"><i class=\"ea-expand-icon fa fa-plus\"><\/i> Normas Gerais de Gradua\u00e7\u00e3o<\/a><\/h3><div class=\"sp-collapse spcollapse spcollapse\" id=\"collapse6570\" data-parent=\"#sp-ea-657\"><div class=\"ea-body\"> <p><!-- wp:paragraph --><\/p>\n<p>As <a href=\"https:\/\/www.ufmg.br\/prograd\/normas-gerais-de-graduacao-e-resolucoes\/\" target=\"_blank\" rel=\"noopener\">Normas Gerais de Gradua\u00e7\u00e3o<\/a> (NGG) regulamentam os cursos de gradua\u00e7\u00e3o e orientam sobre quest\u00f5es como a estrutura curricular, a gest\u00e3o dos cursos, a matr\u00edcula, o trancamento, o desempenho acad\u00eamico, entre outras.<\/p>\n<p><!-- \/wp:paragraph --> <!-- wp:paragraph --><\/p>\n<p>Para mais informa\u00e7\u00f5es acesse o site da <a href=\"https:\/\/www.ufmg.br\/prograd\/normas-gerais-de-graduacao-e-resolucoes\/\" target=\"_blank\" rel=\"noreferrer noopener\" data-type=\"URL\" data-id=\"https:\/\/www2.ufmg.br\/prograd\/prograd\/Pro-Reitoria-de-Graduacao\/Publicacoes\/Normas-Gerais-de-Graduacao\">Pr\u00f3-reitoria de Gradua\u00e7\u00e3o<\/a> (Prograd). L\u00e1 voc\u00ea tamb\u00e9m consegue assistir uma s\u00e9rie de cinco v\u00eddeos que explicam algumas das normas.<\/p>\n<p><!-- \/wp:paragraph --><\/p>\n <\/div><\/div><\/div><div class=\"ea-card  sp-ea-single\"><h3 class=\"ea-header\"><a class=\"collapsed\" data-sptoggle=\"spcollapse\" data-sptarget=\"#collapse6571\" href=\"javascript:void(0)\" aria-expanded=\"false\"><i class=\"ea-expand-icon fa fa-plus\"><\/i> Matr\u00edcula<\/a><\/h3><div class=\"sp-collapse spcollapse spcollapse\" id=\"collapse6571\" data-parent=\"#sp-ea-657\"><div class=\"ea-body\"> <p><!-- wp:paragraph --><\/p>\n<p>A solicita\u00e7\u00e3o online de matr\u00edcula \u00e9 feita todo semestre (per\u00edodo letivo) pelo(a) estudante, por meio do <a href=\"https:\/\/sistemas.ufmg.br\/\" target=\"_blank\" rel=\"noreferrer noopener\" data-type=\"URL\" data-id=\"https:\/\/sistemas.ufmg.br\/\">sistema minhaUFMG<\/a> ou do aplicativo SigaUFMG, dispon\u00edvel para <a href=\"https:\/\/play.google.com\/store\/apps\/details?id=br.ufmg.ddp.cecom.academico.sigaufmg\" target=\"_blank\" rel=\"noreferrer noopener\" data-type=\"URL\" data-id=\"https:\/\/play.google.com\/store\/apps\/details?id=br.ufmg.ddp.cecom.academico.sigaufmg\">Android<\/a> e <a href=\"https:\/\/apps.apple.com\/br\/app\/siga-ufmg\/id1456022680\" target=\"_blank\" rel=\"noreferrer noopener\" data-type=\"URL\" data-id=\"https:\/\/apps.apple.com\/br\/app\/siga-ufmg\/id1456022680\">IOS<\/a>. A matr\u00edcula do primeiro per\u00edodo letivo (semestre) do(a) aluno(a) \u00e9 autom\u00e1tica e realizada ap\u00f3s o registro acad\u00eamico. As disciplinas do primeiro ciclo acad\u00eamico s\u00e3o compostas por atividades obrigat\u00f3rias.<\/p>\n<p><!-- \/wp:paragraph --> <!-- wp:paragraph --><\/p>\n<p>Sendo assim, a partir da matr\u00edcula do segundo per\u00edodo, o(a) estudante pode decidir algumas das disciplinas que ir\u00e1 cursar. A escolha se d\u00e1 entre as disciplinas optativas tanto de seu curso (n\u00facleo espec\u00edfico) quanto de outras gradua\u00e7\u00f5es (n\u00facleo geral, complementar e avan\u00e7ado). Por esse motivo, o percurso universit\u00e1rio n\u00e3o \u00e9 igual para todos os(as) estudantes de um mesmo curso. Isso acontece por essa liberdade de escolha de algumas disciplinas, segundo interesses pessoais e prioridades.<\/p>\n<p><!-- \/wp:paragraph --> <!-- wp:paragraph --><\/p>\n<p><strong>Fique atento:<\/strong> Durante seu primeiro ciclo acad\u00eamico, consulte o Colegiado para compreender cada uma das op\u00e7\u00f5es poss\u00edveis de atividades curriculares. Dessa forma, quando for realizar a matr\u00edcula do segundo per\u00edodo, estar\u00e1 ciente das possibilidades existentes, optando pelo percurso acad\u00eamico que julgar mais interessante para sua forma\u00e7\u00e3o. Existem alguns pr\u00e9-requisitos que devem ser respeitados no requerimento de matr\u00edcula. Al\u00e9m de levar em conta a sequ\u00eancia de atividades previstas no seu curr\u00edculo, preste aten\u00e7\u00e3o nos limites m\u00ednimo e m\u00e1ximo de cr\u00e9ditos que devem ser cursados em cada per\u00edodo letivo.<\/p>\n<p><!-- \/wp:paragraph --> <!-- wp:paragraph --><\/p>\n<p>Em caso de d\u00favidas, <span style=\"font-weight: 400;\">procure o <\/span><a href=\"https:\/\/www.ufmg.br\/a-universidade\/estrutura-organizacional\/colegiados-de-curso\/\" target=\"_blank\" rel=\"noopener\"><span style=\"font-weight: 400;\">colegiado<\/span><\/a>.<\/p>\n<p><!-- \/wp:paragraph --><\/p>\n <\/div><\/div><\/div><div class=\"ea-card  sp-ea-single\"><h3 class=\"ea-header\"><a class=\"collapsed\" data-sptoggle=\"spcollapse\" data-sptarget=\"#collapse6572\" href=\"javascript:void(0)\" aria-expanded=\"false\"><i class=\"ea-expand-icon fa fa-plus\"><\/i> Integraliza\u00e7\u00e3o de cr\u00e9ditos<\/a><\/h3><div class=\"sp-collapse spcollapse spcollapse\" id=\"collapse6572\" data-parent=\"#sp-ea-657\"><div class=\"ea-body\"> <p><!-- wp:paragraph --><\/p>\n<p>Cada atividade acad\u00eamica curricular realizada durante o seu percurso vale uma determinada quantidade de cr\u00e9ditos, que se acumulam ao longo da gradua\u00e7\u00e3o.<\/p>\n<p><!-- \/wp:paragraph --> <!-- wp:paragraph --><\/p>\n<p>Al\u00e9m dos cr\u00e9ditos adquiridos por meio do cumprimento das disciplinas previstas na sua grade curricular, voc\u00ea conquista outros participando de atividades acad\u00eamicas complementares, de eventos cient\u00edficos e culturais, de pesquisas de est\u00e1gios profissionais, de projetos de extens\u00e3o, entre outras possibilidades. Consulte <a href=\"https:\/\/www.ufmg.br\/a-universidade\/estrutura-organizacional\/colegiados-de-curso\/\">seu colegiado<\/a> para entender como os cr\u00e9ditos s\u00e3o distribu\u00eddos em seu curso.<\/p>\n<p><!-- \/wp:paragraph --><\/p>\n <\/div><\/div><\/div><div class=\"ea-card  sp-ea-single\"><h3 class=\"ea-header\"><a class=\"collapsed\" data-sptoggle=\"spcollapse\" data-sptarget=\"#collapse6573\" href=\"javascript:void(0)\" aria-expanded=\"false\"><i class=\"ea-expand-icon fa fa-plus\"><\/i> Recursos<\/a><\/h3><div class=\"sp-collapse spcollapse spcollapse\" id=\"collapse6573\" data-parent=\"#sp-ea-657\"><div class=\"ea-body\"> <p><!-- wp:paragraph --><\/p>\n<p>Em muitos casos, estudantes podem se sentir prejudicados(as) nas decis\u00f5es que s\u00e3o tomadas com base nas legisla\u00e7\u00f5es acad\u00eamicas. Todos(as) possuem o direito de recorrer de uma decis\u00e3o, por meio de recurso.<\/p>\n<p>O prazo para recurso \u00e9 de at\u00e9 10 (dez) dias corridos, contados a partir do momento em que o(a) estudante teve ci\u00eancia da tal decis\u00e3o ou da sua divulga\u00e7\u00e3o p\u00fablica nos seguintes \u00f3rg\u00e3os:<\/p>\n<p><!-- \/wp:paragraph --> <!-- wp:list --><\/p>\n<ul>\n<li>Colegiado de Curso;<\/li>\n<li>Congrega\u00e7\u00e3o da Unidade Acad\u00eamica;<\/li>\n<li>C\u00e2mara de Gradua\u00e7\u00e3o ou Conselho de Ensino, Pesquisa e Extens\u00e3o.<\/li>\n<\/ul>\n<p><!-- \/wp:list --> <!-- wp:paragraph --><\/p>\n<p>Mais informa\u00e7\u00f5es sobre o tema voc\u00ea encontra no <a href=\"https:\/\/www3.ufmg.br\/storage\/8\/9\/b\/c\/89bc85d7afcf2c72d027669d151c23c4_16691715886978_671566498.pdf\" target=\"_blank\" rel=\"noopener\">Regimento Geral da Universidade<\/a> e na <a href=\"https:\/\/www2.ufmg.br\/sods\/content\/download\/1163\/10238\/version\/2\/file\/Resolu%C3%A7%C3%A3o+13-2010.pdf\" target=\"_blank\" rel=\"noopener\">Resolu\u00e7\u00e3o do Conselho Universit\u00e1rio n\u00ba 13\/2010<\/a>.<\/p>\n<p><!-- \/wp:paragraph --><\/p>\n <\/div><\/div><\/div><div class=\"ea-card  sp-ea-single\"><h3 class=\"ea-header\"><a class=\"collapsed\" data-sptoggle=\"spcollapse\" data-sptarget=\"#collapse6574\" href=\"javascript:void(0)\" aria-expanded=\"false\"><i class=\"ea-expand-icon fa fa-plus\"><\/i> Est\u00e1gio curricular<\/a><\/h3><div class=\"sp-collapse spcollapse spcollapse\" id=\"collapse6574\" data-parent=\"#sp-ea-657\"><div class=\"ea-body\"> <p>\u00c9 uma atividade acad\u00eamica curricular, obrigat\u00f3ria ou n\u00e3o, que complementa e aprimora a forma\u00e7\u00e3o acad\u00eamica do(a) estudante. Na UFMG, \u00e9 a <a href=\"https:\/\/www.ufmg.br\/prograd\/arquivos\/estagio\/resEstagio.pdf\" target=\"_blank\" rel=\"noopener\">Resolu\u00e7\u00e3o Cepe n\u00ba 02\/2009<\/a>, que regulamenta o est\u00e1gio em cursos de gradua\u00e7\u00e3o. Mais informa\u00e7\u00f5es se encontram dispon\u00edveis no <a href=\"https:\/\/www.ufmg.br\/prograd\/estagio-2\/\" target=\"_blank\" rel=\"noopener\">site da Prograd<\/a>.<\/p>\n <\/div><\/div><\/div><div class=\"ea-card  sp-ea-single\"><h3 class=\"ea-header\"><a class=\"collapsed\" data-sptoggle=\"spcollapse\" data-sptarget=\"#collapse6575\" href=\"javascript:void(0)\" aria-expanded=\"false\"><i class=\"ea-expand-icon fa fa-plus\"><\/i> Forma\u00e7\u00e3o Avan\u00e7ada<\/a><\/h3><div class=\"sp-collapse spcollapse spcollapse\" id=\"collapse6575\" data-parent=\"#sp-ea-657\"><div class=\"ea-body\"> <p><span style=\"font-weight: 400;\">J\u00e1 pensou cursar disciplinas do mestrado ou doutorado enquanto estiver fazendo a sua gradua\u00e7\u00e3o? Na UFMG, isso \u00e9 poss\u00edvel. Quem sabe esse n\u00e3o \u00e9 o pontap\u00e9 inicial para pensar numa futura p\u00f3s-gradua\u00e7\u00e3o? E o estudante pode ainda integralizar parte dos cr\u00e9ditos no percurso acad\u00eamico. A oferta dos grupos de disciplinas de <\/span><a href=\"https:\/\/www2.ufmg.br\/sods\/content\/download\/1991\/14387\/version\/1\/file\/18rescepe2014.pdf\"><span style=\"font-weight: 400;\">forma\u00e7\u00e3o avan\u00e7ada<\/span><\/a><span style=\"font-weight: 400;\"> \u00e9 regulamentada pelos <\/span><a href=\"https:\/\/www.ufmg.br\/viverufmg\/colegiados\/\"><span style=\"font-weight: 400;\">colegiados<\/span><\/a><span style=\"font-weight: 400;\"> de gradua\u00e7\u00e3o e de p\u00f3s-gradua\u00e7\u00e3o de cada curso.<\/span><\/p>\n <\/div><\/div><\/div><div class=\"ea-card  sp-ea-single\"><h3 class=\"ea-header\"><a class=\"collapsed\" data-sptoggle=\"spcollapse\" data-sptarget=\"#collapse6576\" href=\"javascript:void(0)\" aria-expanded=\"false\"><i class=\"ea-expand-icon fa fa-plus\"><\/i> Forma\u00e7\u00e3o em Extens\u00e3o Universit\u00e1ria<\/a><\/h3><div class=\"sp-collapse spcollapse spcollapse\" id=\"collapse6576\" data-parent=\"#sp-ea-657\"><div class=\"ea-body\"> <p><span style=\"font-weight: 400;\">Outra oportunidade para a integraliza\u00e7\u00e3o de cr\u00e9ditos est\u00e1 na <\/span><a href=\"https:\/\/www.ufmg.br\/prograd\/formacoes\/\"><span style=\"font-weight: 400;\">forma\u00e7\u00e3o em extens\u00e3o universit\u00e1ria<\/span><\/a><span style=\"font-weight: 400;\">. Por <\/span><a href=\"https:\/\/normativasconselhos.mec.gov.br\/normativa\/pdf\/CNE_RES_CNECESN72018.pdf\"><span style=\"font-weight: 400;\">lei<\/span><\/a><span style=\"font-weight: 400;\">, 10% dos cr\u00e9ditos exigidos para a integraliza\u00e7\u00e3o de cursos de gradua\u00e7\u00e3o devem ser obtidos por meio da participa\u00e7\u00e3o de estudantes em <\/span><a href=\"https:\/\/www.ufmg.br\/proex\/formacao-em-extensao-e-regulamentada-na-universidade\/\"><span style=\"font-weight: 400;\">a\u00e7\u00f5es de extens\u00e3o universit\u00e1ria<\/span><\/a><span style=\"font-weight: 400;\">. D<\/span>essa forma, estudantes vivenciam as realidades regionais, nas dimens\u00f5es social, cultural, ambiental e econ\u00f4mica.<\/p>\n <\/div><\/div><\/div><div class=\"ea-card  sp-ea-single\"><h3 class=\"ea-header\"><a class=\"collapsed\" data-sptoggle=\"spcollapse\" data-sptarget=\"#collapse6577\" href=\"javascript:void(0)\" aria-expanded=\"false\"><i class=\"ea-expand-icon fa fa-plus\"><\/i> Forma\u00e7\u00f5es Transversais<\/a><\/h3><div class=\"sp-collapse spcollapse spcollapse\" id=\"collapse6577\" data-parent=\"#sp-ea-657\"><div class=\"ea-body\"> <p><span style=\"font-weight: 400;\">Trata-se de um tipo especial de forma\u00e7\u00e3o complementar com o objetivo de desenvolver no(a) estudante senso cr\u00edtico por meio de um estudo aprofundado de importantes tem\u00e1ticas da sociedade. S\u00e3o ofertadas nove <\/span><a href=\"https:\/\/www.ufmg.br\/prograd\/formacao-transversal\/\"><span style=\"font-weight: 400;\">forma\u00e7\u00f5es transversais<\/span><\/a><span style=\"font-weight: 400;\">:<\/span><\/p>\n<p>\u2022 Acessibilidade e Inclus\u00e3o<br \/>\n\u2022 Culturas em Movimento e Processos Criativos<br \/>\n\u2022 Direitos Humanos<br \/>\n\u2022 Divulga\u00e7\u00e3o Cient\u00edfica<br \/>\n\u2022 Empreendedorismo e Inova\u00e7\u00e3o<br \/>\n\u2022 Estudos Internacionais<br \/>\n\u2022 G\u00eanero e Sexualidade \u2013 Perspectivas Queer\/LGBTI<br \/>\n\u2022 Rela\u00e7\u00f5es \u00c9tnico-raciais, Hist\u00f3ria da \u00c1frica e Cultura Afro-brasileira<br \/>\n\u2022 Saberes Tradicionais<\/p>\n<p><span style=\"font-weight: 400;\">Para mais informa\u00e7\u00f5es, procure a Secretaria das Forma\u00e7\u00f5es Transversais, pelo telefone: (31) 3409-6590 ou por email: <\/span><a href=\"mailto:transversal@prograd.ufmg.br\"><span style=\"font-weight: 400;\">transversal@prograd.ufmg.br<\/span><\/a><span style=\"font-weight: 400;\">.<\/span><\/p>\n <\/div><\/div><\/div><div class=\"ea-card  sp-ea-single\"><h3 class=\"ea-header\"><a class=\"collapsed\" data-sptoggle=\"spcollapse\" data-sptarget=\"#collapse6578\" href=\"javascript:void(0)\" aria-expanded=\"false\"><i class=\"ea-expand-icon fa fa-plus\"><\/i> Percurso Discente Universit\u00e1rio (PDU)<\/a><\/h3><div class=\"sp-collapse spcollapse spcollapse\" id=\"collapse6578\" data-parent=\"#sp-ea-657\"><div class=\"ea-body\"> <p><span style=\"font-weight: 400;\">A Diretoria de Inova\u00e7\u00e3o e Metodologias de Ensino, conhecida como <\/span><a href=\"https:\/\/www.ufmg.br\/giz\/\"><span style=\"font-weight: 400;\">GIZ<\/span><\/a><span style=\"font-weight: 400;\">, oferece o Percurso Discente Universit\u00e1rio (<\/span><a href=\"https:\/\/www.ufmg.br\/giz\/percurso-discente-universitario\/\"><span style=\"font-weight: 400;\">PDU<\/span><\/a><span style=\"font-weight: 400;\">), que visa aprimorar as habilidades do(a) estudante de gradua\u00e7\u00e3o no desenvolvimento de sua autonomia na vida acad\u00eamica, por meio de oficinas e minicursos que contribuem com a forma\u00e7\u00e3o acad\u00eamica do(a) estudante rec\u00e9m-chegado(a).<\/span><\/p>\n<p><span style=\"font-weight: 400;\">Acesse o <\/span><a href=\"https:\/\/www.ufmg.br\/giz\/percurso-discente-universitario\/\"><span style=\"font-weight: 400;\">site do GIZ<\/span><\/a><span style=\"font-weight: 400;\"> para conhecer melhor as oportunidades.<\/span><\/p>\n <\/div><\/div><\/div><\/div>\n","protected":false},"excerpt":{"rendered":"","protected":false},"author":1,"featured_media":0,"parent":295,"menu_order":0,"comment_status":"closed","ping_status":"closed","template":"","meta":[],"_links":{"self":[{"href":"https:\/\/www.ufmg.br\/viverufmg\/wp-json\/wp\/v2\/pages\/476"}],"collection":[{"href":"https:\/\/www.ufmg.br\/viverufmg\/wp-json\/wp\/v2\/pages"}],"about":[{"href":"https:\/\/www.ufmg.br\/viverufmg\/wp-json\/wp\/v2\/types\/page"}],"author":[{"embeddable":true,"href":"https:\/\/www.ufmg.br\/viverufmg\/wp-json\/wp\/v2\/users\/1"}],"replies":[{"embeddable":true,"href":"https:\/\/www.ufmg.br\/viverufmg\/wp-json\/wp\/v2\/comments?post=476"}],"version-history":[{"count":25,"href":"https:\/\/www.ufmg.br\/viverufmg\/wp-json\/wp\/v2\/pages\/476\/revisions"}],"predecessor-version":[{"id":1641,"href":"https:\/\/www.ufmg.br\/viverufmg\/wp-json\/wp\/v2\/pages\/476\/revisions\/1641"}],"up":[{"embeddable":true,"href":"https:\/\/www.ufmg.br\/viverufmg\/wp-json\/wp\/v2\/pages\/295"}],"wp:attachment":[{"href":"https:\/\/www.ufmg.br\/viverufmg\/wp-json\/wp\/v2\/media?parent=476"}],"curies":[{"name":"wp","href":"https:\/\/api.w.org\/{rel}","templated":true}]}}