{"id":479,"date":"2021-09-06T15:22:39","date_gmt":"2021-09-06T18:22:39","guid":{"rendered":"https:\/\/www.ufmg.br\/viverufmg\/?page_id=479"},"modified":"2026-02-05T10:48:33","modified_gmt":"2026-02-05T13:48:33","slug":"mobilidade-academica","status":"publish","type":"page","link":"https:\/\/www.ufmg.br\/viverufmg\/mobilidade-academica\/","title":{"rendered":"Mobilidade Acad\u00eamica (Interc\u00e2mbios)"},"content":{"rendered":"\n<p>Sendo estudante da UFMG, voc\u00ea pode realizar a mobilidade acad\u00eamica, popularmente chamada de interc\u00e2mbio acad\u00eamico. H\u00e1 v\u00e1rios programas da Universidade que possibilitam interc\u00e2mbios em institui\u00e7\u00f5es de ensino superior no Brasil e no exterior. \u00c9 uma oportunidade \u00fanica de enriquecimento cultural e cient\u00edfico.<\/p>\n\n\n\n<p>Para informa\u00e7\u00f5es sobre <strong>mobilidade<\/strong> <strong>internacional<\/strong>, os programas existentes, o edital unificado para o processo de sele\u00e7\u00e3o, dentre outras, acesse o <a rel=\"noreferrer noopener\" href=\"https:\/\/www.ufmg.br\/dri\/graduacao\/\" data-type=\"URL\" data-id=\"https:\/\/www.ufmg.br\/dri\/graduacao\/\" target=\"_blank\">site da DRI<\/a>.<\/p>\n\n\n\n<p>Sobre <strong>mobilidade nacional<\/strong>, acesse o <a rel=\"noreferrer noopener\" href=\"https:\/\/www.ufmg.br\/prograd\/mobilidade-academica\/\" data-type=\"URL\" target=\"_blank\">portal da Prograd<\/a>.<\/p>\n\n\n\n<div class=\"wp-block-image\"><figure class=\"aligncenter size-full is-resized\"><img loading=\"lazy\" src=\"https:\/\/www.ufmg.br\/viverufmg\/wp-content\/uploads\/2023\/03\/Mobilidade-academica.png\" alt=\"\" class=\"wp-image-1619\" width=\"500\" height=\"222\" srcset=\"https:\/\/www.ufmg.br\/viverufmg\/wp-content\/uploads\/2023\/03\/Mobilidade-academica.png 1000w, https:\/\/www.ufmg.br\/viverufmg\/wp-content\/uploads\/2023\/03\/Mobilidade-academica-300x133.png 300w, https:\/\/www.ufmg.br\/viverufmg\/wp-content\/uploads\/2023\/03\/Mobilidade-academica-768x340.png 768w\" sizes=\"(max-width: 500px) 100vw, 500px\" \/><\/figure><\/div>\n\n\n\n<p> A mobilidade acad\u00eamica \u00e9 proporcionada pela <a rel=\"noreferrer noopener\" href=\"https:\/\/www.ufmg.br\/prograd\/mobilidade-academica\/\" data-type=\"URL\" target=\"_blank\">Pr\u00f3-reitoria de Gradua\u00e7\u00e3o<\/a> (Prograd), <a rel=\"noreferrer noopener\" href=\"https:\/\/www.ufmg.br\/dri\/graduacao\/\" data-type=\"URL\" data-id=\"https:\/\/www.ufmg.br\/dri\/graduacao\/\" target=\"_blank\">Diretoria de Rela\u00e7\u00f5es Internacionais<\/a> (DRI) e <a href=\"https:\/\/fump.ufmg.br\/\" data-type=\"URL\" target=\"_blank\" rel=\"noreferrer noopener\">Funda\u00e7\u00e3o Universit\u00e1ria Mendes Pimentel<\/a> (Fump).<\/p>\n","protected":false},"excerpt":{"rendered":"<p>Sendo estudante da UFMG, voc\u00ea pode realizar a mobilidade acad\u00eamica, [&hellip;]<\/p>\n","protected":false},"author":1,"featured_media":0,"parent":0,"menu_order":0,"comment_status":"closed","ping_status":"closed","template":"","meta":[],"_links":{"self":[{"href":"https:\/\/www.ufmg.br\/viverufmg\/wp-json\/wp\/v2\/pages\/479"}],"collection":[{"href":"https:\/\/www.ufmg.br\/viverufmg\/wp-json\/wp\/v2\/pages"}],"about":[{"href":"https:\/\/www.ufmg.br\/viverufmg\/wp-json\/wp\/v2\/types\/page"}],"author":[{"embeddable":true,"href":"https:\/\/www.ufmg.br\/viverufmg\/wp-json\/wp\/v2\/users\/1"}],"replies":[{"embeddable":true,"href":"https:\/\/www.ufmg.br\/viverufmg\/wp-json\/wp\/v2\/comments?post=479"}],"version-history":[{"count":16,"href":"https:\/\/www.ufmg.br\/viverufmg\/wp-json\/wp\/v2\/pages\/479\/revisions"}],"predecessor-version":[{"id":2346,"href":"https:\/\/www.ufmg.br\/viverufmg\/wp-json\/wp\/v2\/pages\/479\/revisions\/2346"}],"wp:attachment":[{"href":"https:\/\/www.ufmg.br\/viverufmg\/wp-json\/wp\/v2\/media?parent=479"}],"curies":[{"name":"wp","href":"https:\/\/api.w.org\/{rel}","templated":true}]}}