{"id":671,"date":"2021-09-09T16:26:37","date_gmt":"2021-09-09T19:26:37","guid":{"rendered":"https:\/\/www.ufmg.br\/viverufmg\/?page_id=671"},"modified":"2023-03-16T15:14:53","modified_gmt":"2023-03-16T18:14:53","slug":"urgencia-e-emergencia-no-campus","status":"publish","type":"page","link":"https:\/\/www.ufmg.br\/viverufmg\/vida-academica\/urgencia-e-emergencia-no-campus\/","title":{"rendered":"Urg\u00eancia e emerg\u00eancia"},"content":{"rendered":"\n<div class=\"wp-block-image\"><figure class=\"aligncenter size-large is-resized\"><img loading=\"lazy\" src=\"https:\/\/www.ufmg.br\/viverufmg\/wp-content\/uploads\/2023\/03\/ceiba.png\" alt=\"\" class=\"wp-image-1603\" width=\"167\" height=\"131\" srcset=\"https:\/\/www.ufmg.br\/viverufmg\/wp-content\/uploads\/2023\/03\/ceiba.png 1000w, https:\/\/www.ufmg.br\/viverufmg\/wp-content\/uploads\/2023\/03\/ceiba-300x235.png 300w, https:\/\/www.ufmg.br\/viverufmg\/wp-content\/uploads\/2023\/03\/ceiba-768x601.png 768w\" sizes=\"(max-width: 167px) 100vw, 167px\" \/><\/figure><\/div>\n\n\n\n<div id=\"sp-ea-1057\" class=\"sp-ea-one sp-easy-accordion\" data-ex-icon=\"fa-minus\" data-col-icon=\"fa-plus\"  data-ea-active=\"ea-click\"  data-ea-mode=\"vertical\" data-preloader=\"\"><div class=\"ea-card  sp-ea-single\"><h3 class=\"ea-header\"><a class=\"collapsed\" data-sptoggle=\"spcollapse\" data-sptarget=\"#collapse10570\" href=\"javascript:void(0)\" aria-expanded=\"false\"><i class=\"ea-expand-icon fa fa-plus\"><\/i> Belo Horizonte<\/a><\/h3><div class=\"sp-collapse spcollapse spcollapse\" id=\"collapse10570\" data-parent=\"#sp-ea-1057\"><div class=\"ea-body\"> <p>Veja o fluxograma abaixo para entender como agir em casos de urg\u00eancia e emerg\u00eancia no campus Pampulha, campus Sa\u00fade, Faculdade de Direito e Escola de Arquitetura:<\/p>\n<p><img class=\"alignnone wp-image-1053 size-full\" src=\"https:\/\/www.ufmg.br\/viverufmg\/wp-content\/uploads\/2022\/03\/Dast-novo-BH.jpg\" alt=\"\" width=\"756\" height=\"1078\" \/><\/p>\n<p>Estudantes, servidores e quaisquer pessoas dentro das depend\u00eancias da UFMG em Belo Horizonte podem solicitar o apoio do Departamento de Aten\u00e7\u00e3o \u00e0 Sa\u00fade do Trabalhador (<a href=\"https:\/\/www.ufmg.br\/prorh\/a-prorh\/estrutura-2\/dast-departamento-de-atencao-a-saude-do-trabalhador\/\" target=\"_blank\" rel=\"noreferrer noopener\">DAST<\/a>), \u00f3rg\u00e3o que possui equipe de sa\u00fade capacitada para acolher, realizar os primeiros atendimentos ou orientar sobre encaminhamentos.<\/p>\n<p><strong>Dast Campus Pampulha<\/strong><br \/>\nAvenida Ant\u00f4nio Carlos, 6627, Unidade Administrativa II, Pampulha<br \/>\nSegunda \u00e0 sexta, 7h \u00e0s 22h<br \/>\n(31) 3409-4499 ou (31) 3409-4315<\/p>\n<p><strong>Dast Regi\u00e3o Central de BH<\/strong> (atendimento ao campus Sa\u00fade, Faculdade de Direito e Escola de Arquitetura)<br \/>\nAlameda \u00c1lvaro Celso, 175, 7\u00ba andar, Santa Efig\u00eania<br \/>\nSegunda \u00e0 sexta, 7h \u00e0s 19h<br \/>\n(31) 3307-9564<\/p>\n <\/div><\/div><\/div><div class=\"ea-card  sp-ea-single\"><h3 class=\"ea-header\"><a class=\"collapsed\" data-sptoggle=\"spcollapse\" data-sptarget=\"#collapse10571\" href=\"javascript:void(0)\" aria-expanded=\"false\"><i class=\"ea-expand-icon fa fa-plus\"><\/i> Montes Claros<\/a><\/h3><div class=\"sp-collapse spcollapse spcollapse\" id=\"collapse10571\" data-parent=\"#sp-ea-1057\"><div class=\"ea-body\"> <p>Veja o fluxograma abaixo para entender como agir em casos de urg\u00eancia e emerg\u00eancia no campus Montes Claros:<\/p>\n<p><img class=\"alignnone wp-image-1659\" src=\"https:\/\/www.ufmg.br\/viverufmg\/wp-content\/uploads\/2022\/03\/Folheto_SEMANA-DO-SERVIDOR-UFMG_MOC-02-1.jpg\" alt=\"\" width=\"812\" height=\"1139\" \/><\/p>\n<p>Estudantes, servidores e quaisquer pessoas dentro das depend\u00eancias da UFMG em Montes Claros podem solicitar o apoio da Se\u00e7\u00e3o de Sa\u00fade do Trabalhador, que possui equipe de sa\u00fade capacitada para acolher e orientar as demandas por atendimento \u00e0s intercorr\u00eancias de car\u00e1ter agudo e de baixa complexidade que n\u00e3o necessitam de procedimentos terap\u00eauticos.<\/p>\n<p><b>Se\u00e7\u00e3o de Sa\u00fade do Trabalhador<br \/>\n<\/b><span style=\"font-weight: 400;\">Avenida Universit\u00e1ria, 1000, Universit\u00e1rio<br \/>\n<\/span><span style=\"font-weight: 400;\">Segunda, 7h \u00e0s 12h e de 13h \u00e0s 19h<br \/>\n<\/span><span style=\"font-weight: 400;\">Ter\u00e7a, 8h \u00e0s 12h e de 13h \u00e0s 21h<br \/>\n<\/span><span style=\"font-weight: 400;\">Quarta, 7h \u00e0s 13h e de 14h \u00e0s 18h<br \/>\n<\/span><span style=\"font-weight: 400;\">Quinta e Sexta, 7h \u00e0s 12h e de 14h \u00e0s 18h<br \/>\n<\/span><span style=\"font-weight: 400;\">(<\/span><span style=\"font-weight: 400;\">39) 2101-7979<\/span><\/p>\n <\/div><\/div><\/div><div class=\"ea-card  sp-ea-single\"><h3 class=\"ea-header\"><a class=\"collapsed\" data-sptoggle=\"spcollapse\" data-sptarget=\"#collapse10572\" href=\"javascript:void(0)\" aria-expanded=\"false\"><i class=\"ea-expand-icon fa fa-plus\"><\/i> Seguran\u00e7a nos Campi<\/a><\/h3><div class=\"sp-collapse spcollapse spcollapse\" id=\"collapse10572\" data-parent=\"#sp-ea-1057\"><div class=\"ea-body\"> <p><a href=\"https:\/\/www.ufmg.br\/servicos\/seguranca-nos-campi\/\" target=\"_blank\" rel=\"noopener\">Saiba como fazer contato<\/a>\u00a0com\u00a0os servi\u00e7os de seguran\u00e7a existentes nos campi da UFMG.<\/p>\n <\/div><\/div><\/div><div class=\"ea-card  sp-ea-single\"><h3 class=\"ea-header\"><a class=\"collapsed\" data-sptoggle=\"spcollapse\" data-sptarget=\"#collapse10573\" href=\"javascript:void(0)\" aria-expanded=\"false\"><i class=\"ea-expand-icon fa fa-plus\"><\/i> SAMU<\/a><\/h3><div class=\"sp-collapse spcollapse spcollapse\" id=\"collapse10573\" data-parent=\"#sp-ea-1057\"><div class=\"ea-body\"> <p>Ligue <strong>192<\/strong><\/p>\n <\/div><\/div><\/div><div class=\"ea-card  sp-ea-single\"><h3 class=\"ea-header\"><a class=\"collapsed\" data-sptoggle=\"spcollapse\" data-sptarget=\"#collapse10574\" href=\"javascript:void(0)\" aria-expanded=\"false\"><i class=\"ea-expand-icon fa fa-plus\"><\/i> Corpo de Bombeiros<\/a><\/h3><div class=\"sp-collapse spcollapse spcollapse\" id=\"collapse10574\" data-parent=\"#sp-ea-1057\"><div class=\"ea-body\"> <p>Ligue <strong>193<\/strong><\/p>\n <\/div><\/div><\/div><\/div>\n","protected":false},"excerpt":{"rendered":"","protected":false},"author":1,"featured_media":0,"parent":295,"menu_order":0,"comment_status":"closed","ping_status":"closed","template":"","meta":[],"_links":{"self":[{"href":"https:\/\/www.ufmg.br\/viverufmg\/wp-json\/wp\/v2\/pages\/671"}],"collection":[{"href":"https:\/\/www.ufmg.br\/viverufmg\/wp-json\/wp\/v2\/pages"}],"about":[{"href":"https:\/\/www.ufmg.br\/viverufmg\/wp-json\/wp\/v2\/types\/page"}],"author":[{"embeddable":true,"href":"https:\/\/www.ufmg.br\/viverufmg\/wp-json\/wp\/v2\/users\/1"}],"replies":[{"embeddable":true,"href":"https:\/\/www.ufmg.br\/viverufmg\/wp-json\/wp\/v2\/comments?post=671"}],"version-history":[{"count":18,"href":"https:\/\/www.ufmg.br\/viverufmg\/wp-json\/wp\/v2\/pages\/671\/revisions"}],"predecessor-version":[{"id":1607,"href":"https:\/\/www.ufmg.br\/viverufmg\/wp-json\/wp\/v2\/pages\/671\/revisions\/1607"}],"up":[{"embeddable":true,"href":"https:\/\/www.ufmg.br\/viverufmg\/wp-json\/wp\/v2\/pages\/295"}],"wp:attachment":[{"href":"https:\/\/www.ufmg.br\/viverufmg\/wp-json\/wp\/v2\/media?parent=671"}],"curies":[{"name":"wp","href":"https:\/\/api.w.org\/{rel}","templated":true}]}}